{"id":9560,"date":"2024-05-24T05:09:25","date_gmt":"2024-05-24T10:09:25","guid":{"rendered":"https:\/\/www.emattressoutlet.com\/?post_type=product&#038;p=9560"},"modified":"2024-09-05T05:59:49","modified_gmt":"2024-09-05T10:59:49","slug":"mattress-premium-package","status":"publish","type":"product","link":"https:\/\/mybambu.emattressoutlet.com\/es\/producto\/mattress-premium-package\/","title":{"rendered":"Mattress Premium Package"},"content":{"rendered":"<p style=\"padding-left: 40px;\">Productos incluidos en el paquete:<\/p>\n<ul>\n<li><a href=\"https:\/\/www.emattressoutlet.com\/product\/aurora-luxe-cooling-by-brooklyn-bedding\/\" target=\"_blank\" rel=\"noopener\">Aurora Luxe Cooling by Brooklyn Bedding<\/a><\/li>\n<li><a href=\"https:\/\/www.emattressoutlet.com\/product\/five-5ided-icetech-mattress-protector\/\" target=\"_blank\" rel=\"noopener\">Protector de Colch\u00f3n Five 5ided\u00ae IceTech\u2122<\/a><\/li>\n<li><a href=\"https:\/\/www.emattressoutlet.com\/product\/tencel-sheet-set\/\" target=\"_blank\" rel=\"noopener\">Juego de S\u00e1banas TENCEL\u00ae<\/a><\/li>\n<li>2 x <a href=\"https:\/\/www.emattressoutlet.com\/product\/carboncool-lt-omniphase-pillow\/\" target=\"_blank\" rel=\"noopener\">Almohada CarbonCool\u2122 LT + Omniphase\u00ae<\/a><\/li>\n<\/ul>","protected":false},"excerpt":{"rendered":"<p>\u00a1Abr\u00edguese y ahorre con el paquete premium de colchones! Estamos combinando el Aurora Luxe Cooling premium de Brooklyn Bedding con el paquete refrescante (juego de s\u00e1banas Tencel, (2) almohadas CarbonCool-LT-Omniphase y protector de colch\u00f3n Five 5ided\u00ae mejorado con Tencel\u00ae y Omniphase\u00ae). Elija entre cuatro elegantes colores con nuestro juego de s\u00e1banas TENCEL\u00ae, famoso por sus propiedades transpirables y que absorben la humedad. Experimente la m\u00e1xima frescura con la almohada CarbonCool-LT-Omniphase, que cuenta con tecnolog\u00eda innovadora para regular la temperatura y promover el flujo de aire para un sue\u00f1o reparador. Adem\u00e1s, proteja su colch\u00f3n con nuestro protector de colch\u00f3n Fine 5ided\u00ae mejorado con Tencel\u00ae y Omniphase\u00ae, que ofrece un control avanzado de la humedad y resistencia a los al\u00e9rgenos. Mant\u00e9ngase fresco y duerma profundamente con el paquete refrescante, todo en nuestros colchones refrescantes. \u00a1Por fin puede dormir fresco y c\u00f3modamente por la noche!<\/p>","protected":false},"featured_media":9564,"comment_status":"open","ping_status":"closed","template":"","meta":{"inline_featured_image":false,"iawp_total_views":6},"pwb-brand":[81,62],"product_brand":[],"product_cat":[141],"product_tag":[177],"class_list":{"0":"post-9560","1":"product","2":"type-product","3":"status-publish","4":"has-post-thumbnail","6":"pwb-brand-brooklyn-bedding","7":"pwb-brand-malouf","8":"product_cat-package","9":"product_tag-small-parcel","11":"first","12":"instock","13":"sale","14":"taxable","15":"shipping-taxable","16":"purchasable","17":"product-type-variable","18":"has-default-attributes"},"supplier_id":null,"supplier_sku":"","barcode":null,"atum_controlled":true,"out_stock_date":null,"out_stock_threshold":null,"inheritable":false,"inbound_stock":0,"stock_on_hold":2,"sold_today":0,"sales_last_days":0,"reserved_stock":0,"customer_returns":0,"warehouse_damage":0,"lost_in_post":0,"other_logs":0,"out_stock_days":null,"lost_sales":0,"has_location":false,"update_date":"2025-05-02T01:09:56","atum_locations":[],"atum_stock_status":"instock","restock_status":false,"low_stock_amount":"","sales_update_date":"2024-09-26T15:56:11","calc_backorders":null,"yoast_head":"<!-- This site is optimized with the Yoast SEO plugin v26.1.1 - https:\/\/yoast.com\/wordpress\/plugins\/seo\/ -->\n<title>Mattress Premium Package - MyBambu.eMattressOutlet.com | Best Prices-Top Brands-Fast and Free Delivery<\/title>\n<meta name=\"robots\" content=\"noindex, follow, max-snippet:-1, max-image-preview:large, max-video-preview:-1\" \/>\n<meta property=\"og:locale\" content=\"es_MX\" \/>\n<meta property=\"og:type\" content=\"article\" \/>\n<meta property=\"og:title\" content=\"Mattress Premium Package - MyBambu.eMattressOutlet.com | Best Prices-Top Brands-Fast and Free Delivery\" \/>\n<meta property=\"og:description\" content=\"Bundle up and save with the Mattress Premium Package!\u00a0 We are pairing up the premium Brooklyn Bedding \u00a0Aurora Luxe Cooling with the Cooling Bundle (Tencel Sheet Set, (2) CarbonCool-LT-Omniphase Pillows, and\u00a0 Five 5ided\u00ae Mattress Protector enhanced with Tencel\u00ae and Omniphase\u00ae)\u00a0\u00a0 Choose from four stylish colors with our TENCEL\u00ae Sheet Set, renowned for its breathable and moisture-wicking properties. Experience ultimate cooling with the CarbonCool-LT-Omniphase Pillow, featuring innovative technology to regulate temperature and promote airflow for a restful sleep. Plus, protect your mattress with our Fine 5ided\u00ae Mattress Protector enhanced with Tencel\u00ae and Omniphase\u00ae, offering advanced moisture control and allergen resistance. Stay cool and sleep soundly with the Cooling Bundle all on our cooling mattresses.\u00a0 Finally you can sleep cool and comfortably at night!\" \/>\n<meta property=\"og:url\" content=\"https:\/\/mybambu.emattressoutlet.com\/es\/producto\/mattress-premium-package\/\" \/>\n<meta property=\"og:site_name\" content=\"MyBambu.eMattressOutlet.com | Best Prices-Top Brands-Fast and Free Delivery\" \/>\n<meta property=\"article:publisher\" content=\"https:\/\/www.facebook.com\/people\/Emattress-Outlet\/61559474578674\/\" \/>\n<meta property=\"article:modified_time\" content=\"2024-09-05T10:59:49+00:00\" \/>\n<meta property=\"og:image\" content=\"https:\/\/mybambu.emattressoutlet.com\/wp-content\/uploads\/2024\/05\/Mattress-Premium-Package-02.jpg\" \/>\n\t<meta property=\"og:image:width\" content=\"1000\" \/>\n\t<meta property=\"og:image:height\" content=\"500\" \/>\n\t<meta property=\"og:image:type\" content=\"image\/jpeg\" \/>\n<meta name=\"twitter:card\" content=\"summary_large_image\" \/>\n<meta name=\"twitter:site\" content=\"@eMattressOutlet\" \/>\n<script type=\"application\/ld+json\" class=\"yoast-schema-graph\">{\"@context\":\"https:\/\/schema.org\",\"@graph\":[{\"@type\":\"WebPage\",\"@id\":\"https:\/\/mybambu.emattressoutlet.com\/product\/mattress-premium-package\/\",\"url\":\"https:\/\/mybambu.emattressoutlet.com\/product\/mattress-premium-package\/\",\"name\":\"Mattress Premium Package - MyBambu.eMattressOutlet.com | Best Prices-Top Brands-Fast and Free Delivery\",\"isPartOf\":{\"@id\":\"https:\/\/mybambu.emattressoutlet.com\/#website\"},\"primaryImageOfPage\":{\"@id\":\"https:\/\/mybambu.emattressoutlet.com\/product\/mattress-premium-package\/#primaryimage\"},\"image\":{\"@id\":\"https:\/\/mybambu.emattressoutlet.com\/product\/mattress-premium-package\/#primaryimage\"},\"thumbnailUrl\":\"https:\/\/mybambu.emattressoutlet.com\/wp-content\/uploads\/2024\/05\/Mattress-Premium-Package-02.jpg\",\"datePublished\":\"2024-05-24T10:09:25+00:00\",\"dateModified\":\"2024-09-05T10:59:49+00:00\",\"breadcrumb\":{\"@id\":\"https:\/\/mybambu.emattressoutlet.com\/product\/mattress-premium-package\/#breadcrumb\"},\"inLanguage\":\"es\",\"potentialAction\":[{\"@type\":\"ReadAction\",\"target\":[\"https:\/\/mybambu.emattressoutlet.com\/product\/mattress-premium-package\/\"]}]},{\"@type\":\"ImageObject\",\"inLanguage\":\"es\",\"@id\":\"https:\/\/mybambu.emattressoutlet.com\/product\/mattress-premium-package\/#primaryimage\",\"url\":\"https:\/\/mybambu.emattressoutlet.com\/wp-content\/uploads\/2024\/05\/Mattress-Premium-Package-02.jpg\",\"contentUrl\":\"https:\/\/mybambu.emattressoutlet.com\/wp-content\/uploads\/2024\/05\/Mattress-Premium-Package-02.jpg\",\"width\":1000,\"height\":500},{\"@type\":\"BreadcrumbList\",\"@id\":\"https:\/\/mybambu.emattressoutlet.com\/product\/mattress-premium-package\/#breadcrumb\",\"itemListElement\":[{\"@type\":\"ListItem\",\"position\":1,\"name\":\"Home\",\"item\":\"https:\/\/mybambu.emattressoutlet.com\/\"},{\"@type\":\"ListItem\",\"position\":2,\"name\":\"Shop\",\"item\":\"https:\/\/mybambu.emattressoutlet.com\/shop\/\"},{\"@type\":\"ListItem\",\"position\":3,\"name\":\"Mattress Premium Package\"}]},{\"@type\":\"WebSite\",\"@id\":\"https:\/\/mybambu.emattressoutlet.com\/#website\",\"url\":\"https:\/\/mybambu.emattressoutlet.com\/\",\"name\":\"MyBambu.eMattressOutlet.com | Best Prices-Top Brands-Fast and Free Delivery\",\"description\":\"MyBambu.eMattressOutlet.com has the best sales on mattresses, beds, adjustable bases, bedding and more from top brands.\",\"publisher\":{\"@id\":\"https:\/\/mybambu.emattressoutlet.com\/#organization\"},\"potentialAction\":[{\"@type\":\"SearchAction\",\"target\":{\"@type\":\"EntryPoint\",\"urlTemplate\":\"https:\/\/mybambu.emattressoutlet.com\/?s={search_term_string}\"},\"query-input\":{\"@type\":\"PropertyValueSpecification\",\"valueRequired\":true,\"valueName\":\"search_term_string\"}}],\"inLanguage\":\"es\"},{\"@type\":\"Organization\",\"@id\":\"https:\/\/mybambu.emattressoutlet.com\/#organization\",\"name\":\"MyBambu.eMattressOutlet.com | Best Prices-Top Brands-Fast and Free Delivery\",\"url\":\"https:\/\/mybambu.emattressoutlet.com\/\",\"logo\":{\"@type\":\"ImageObject\",\"inLanguage\":\"es\",\"@id\":\"https:\/\/mybambu.emattressoutlet.com\/#\/schema\/logo\/image\/\",\"url\":\"https:\/\/mybambu.emattressoutlet.com\/wp-content\/uploads\/2024\/02\/Logo-eMatress-Blue.svg\",\"contentUrl\":\"https:\/\/mybambu.emattressoutlet.com\/wp-content\/uploads\/2024\/02\/Logo-eMatress-Blue.svg\",\"width\":393,\"height\":169,\"caption\":\"MyBambu.eMattressOutlet.com | Best Prices-Top Brands-Fast and Free Delivery\"},\"image\":{\"@id\":\"https:\/\/mybambu.emattressoutlet.com\/#\/schema\/logo\/image\/\"},\"sameAs\":[\"https:\/\/www.facebook.com\/people\/Emattress-Outlet\/61559474578674\/\",\"https:\/\/x.com\/eMattressOutlet\",\"https:\/\/www.instagram.com\/emattressoutlet\/\",\"https:\/\/www.linkedin.com\/company\/emattress-outlet\/\"]}]}<\/script>\n<!-- \/ Yoast SEO plugin. -->","yoast_head_json":{"title":"Mattress Premium Package - MyBambu.eMattressOutlet.com | Best Prices-Top Brands-Fast and Free Delivery","robots":{"index":"noindex","follow":"follow","max-snippet":"max-snippet:-1","max-image-preview":"max-image-preview:large","max-video-preview":"max-video-preview:-1"},"og_locale":"es_MX","og_type":"article","og_title":"Mattress Premium Package - MyBambu.eMattressOutlet.com | Best Prices-Top Brands-Fast and Free Delivery","og_description":"Bundle up and save with the Mattress Premium Package!\u00a0 We are pairing up the premium Brooklyn Bedding \u00a0Aurora Luxe Cooling with the Cooling Bundle (Tencel Sheet Set, (2) CarbonCool-LT-Omniphase Pillows, and\u00a0 Five 5ided\u00ae Mattress Protector enhanced with Tencel\u00ae and Omniphase\u00ae)\u00a0\u00a0 Choose from four stylish colors with our TENCEL\u00ae Sheet Set, renowned for its breathable and moisture-wicking properties. Experience ultimate cooling with the CarbonCool-LT-Omniphase Pillow, featuring innovative technology to regulate temperature and promote airflow for a restful sleep. Plus, protect your mattress with our Fine 5ided\u00ae Mattress Protector enhanced with Tencel\u00ae and Omniphase\u00ae, offering advanced moisture control and allergen resistance. Stay cool and sleep soundly with the Cooling Bundle all on our cooling mattresses.\u00a0 Finally you can sleep cool and comfortably at night!","og_url":"https:\/\/mybambu.emattressoutlet.com\/es\/producto\/mattress-premium-package\/","og_site_name":"MyBambu.eMattressOutlet.com | Best Prices-Top Brands-Fast and Free Delivery","article_publisher":"https:\/\/www.facebook.com\/people\/Emattress-Outlet\/61559474578674\/","article_modified_time":"2024-09-05T10:59:49+00:00","og_image":[{"width":1000,"height":500,"url":"https:\/\/mybambu.emattressoutlet.com\/wp-content\/uploads\/2024\/05\/Mattress-Premium-Package-02.jpg","type":"image\/jpeg"}],"twitter_card":"summary_large_image","twitter_site":"@eMattressOutlet","schema":{"@context":"https:\/\/schema.org","@graph":[{"@type":"WebPage","@id":"https:\/\/mybambu.emattressoutlet.com\/product\/mattress-premium-package\/","url":"https:\/\/mybambu.emattressoutlet.com\/product\/mattress-premium-package\/","name":"Mattress Premium Package - MyBambu.eMattressOutlet.com | Best Prices-Top Brands-Fast and Free Delivery","isPartOf":{"@id":"https:\/\/mybambu.emattressoutlet.com\/#website"},"primaryImageOfPage":{"@id":"https:\/\/mybambu.emattressoutlet.com\/product\/mattress-premium-package\/#primaryimage"},"image":{"@id":"https:\/\/mybambu.emattressoutlet.com\/product\/mattress-premium-package\/#primaryimage"},"thumbnailUrl":"https:\/\/mybambu.emattressoutlet.com\/wp-content\/uploads\/2024\/05\/Mattress-Premium-Package-02.jpg","datePublished":"2024-05-24T10:09:25+00:00","dateModified":"2024-09-05T10:59:49+00:00","breadcrumb":{"@id":"https:\/\/mybambu.emattressoutlet.com\/product\/mattress-premium-package\/#breadcrumb"},"inLanguage":"es","potentialAction":[{"@type":"ReadAction","target":["https:\/\/mybambu.emattressoutlet.com\/product\/mattress-premium-package\/"]}]},{"@type":"ImageObject","inLanguage":"es","@id":"https:\/\/mybambu.emattressoutlet.com\/product\/mattress-premium-package\/#primaryimage","url":"https:\/\/mybambu.emattressoutlet.com\/wp-content\/uploads\/2024\/05\/Mattress-Premium-Package-02.jpg","contentUrl":"https:\/\/mybambu.emattressoutlet.com\/wp-content\/uploads\/2024\/05\/Mattress-Premium-Package-02.jpg","width":1000,"height":500},{"@type":"BreadcrumbList","@id":"https:\/\/mybambu.emattressoutlet.com\/product\/mattress-premium-package\/#breadcrumb","itemListElement":[{"@type":"ListItem","position":1,"name":"Home","item":"https:\/\/mybambu.emattressoutlet.com\/"},{"@type":"ListItem","position":2,"name":"Shop","item":"https:\/\/mybambu.emattressoutlet.com\/shop\/"},{"@type":"ListItem","position":3,"name":"Mattress Premium Package"}]},{"@type":"WebSite","@id":"https:\/\/mybambu.emattressoutlet.com\/#website","url":"https:\/\/mybambu.emattressoutlet.com\/","name":"MyBambu.eMattressOutlet.com | Best Prices-Top Brands-Fast and Free Delivery","description":"MyBambu.eMattressOutlet.com has the best sales on mattresses, beds, adjustable bases, bedding and more from top brands.","publisher":{"@id":"https:\/\/mybambu.emattressoutlet.com\/#organization"},"potentialAction":[{"@type":"SearchAction","target":{"@type":"EntryPoint","urlTemplate":"https:\/\/mybambu.emattressoutlet.com\/?s={search_term_string}"},"query-input":{"@type":"PropertyValueSpecification","valueRequired":true,"valueName":"search_term_string"}}],"inLanguage":"es"},{"@type":"Organization","@id":"https:\/\/mybambu.emattressoutlet.com\/#organization","name":"MyBambu.eMattressOutlet.com | Best Prices-Top Brands-Fast and Free Delivery","url":"https:\/\/mybambu.emattressoutlet.com\/","logo":{"@type":"ImageObject","inLanguage":"es","@id":"https:\/\/mybambu.emattressoutlet.com\/#\/schema\/logo\/image\/","url":"https:\/\/mybambu.emattressoutlet.com\/wp-content\/uploads\/2024\/02\/Logo-eMatress-Blue.svg","contentUrl":"https:\/\/mybambu.emattressoutlet.com\/wp-content\/uploads\/2024\/02\/Logo-eMatress-Blue.svg","width":393,"height":169,"caption":"MyBambu.eMattressOutlet.com | Best Prices-Top Brands-Fast and Free Delivery"},"image":{"@id":"https:\/\/mybambu.emattressoutlet.com\/#\/schema\/logo\/image\/"},"sameAs":["https:\/\/www.facebook.com\/people\/Emattress-Outlet\/61559474578674\/","https:\/\/x.com\/eMattressOutlet","https:\/\/www.instagram.com\/emattressoutlet\/","https:\/\/www.linkedin.com\/company\/emattress-outlet\/"]}]}},"brands":[{"id":81,"name":"Brooklyn Bedding","slug":"brooklyn-bedding"},{"id":62,"name":"Malouf","slug":"malouf"}],"_links":{"self":[{"href":"https:\/\/mybambu.emattressoutlet.com\/es\/wp-json\/wp\/v2\/product\/9560","targetHints":{"allow":["GET"]}}],"collection":[{"href":"https:\/\/mybambu.emattressoutlet.com\/es\/wp-json\/wp\/v2\/product"}],"about":[{"href":"https:\/\/mybambu.emattressoutlet.com\/es\/wp-json\/wp\/v2\/types\/product"}],"replies":[{"embeddable":true,"href":"https:\/\/mybambu.emattressoutlet.com\/es\/wp-json\/wp\/v2\/comments?post=9560"}],"version-history":[{"count":1,"href":"https:\/\/mybambu.emattressoutlet.com\/es\/wp-json\/wp\/v2\/product\/9560\/revisions"}],"predecessor-version":[{"id":9590,"href":"https:\/\/mybambu.emattressoutlet.com\/es\/wp-json\/wp\/v2\/product\/9560\/revisions\/9590"}],"wp:featuredmedia":[{"embeddable":true,"href":"https:\/\/mybambu.emattressoutlet.com\/es\/wp-json\/wp\/v2\/media\/9564"}],"wp:attachment":[{"href":"https:\/\/mybambu.emattressoutlet.com\/es\/wp-json\/wp\/v2\/media?parent=9560"}],"wp:term":[{"taxonomy":"pwb-brand","embeddable":true,"href":"https:\/\/mybambu.emattressoutlet.com\/es\/wp-json\/wp\/v2\/pwb-brand?post=9560"},{"taxonomy":"product_brand","embeddable":true,"href":"https:\/\/mybambu.emattressoutlet.com\/es\/wp-json\/wp\/v2\/product_brand?post=9560"},{"taxonomy":"product_cat","embeddable":true,"href":"https:\/\/mybambu.emattressoutlet.com\/es\/wp-json\/wp\/v2\/product_cat?post=9560"},{"taxonomy":"product_tag","embeddable":true,"href":"https:\/\/mybambu.emattressoutlet.com\/es\/wp-json\/wp\/v2\/product_tag?post=9560"}],"curies":[{"name":"wp","href":"https:\/\/api.w.org\/{rel}","templated":true}]}}