{"id":8126,"date":"2024-04-29T11:53:41","date_gmt":"2024-04-29T16:53:41","guid":{"rendered":"https:\/\/www.emattressoutlet.com\/?post_type=product&#038;p=8126"},"modified":"2025-04-08T10:59:34","modified_gmt":"2025-04-08T15:59:34","slug":"black-x-class-mattress","status":"publish","type":"product","link":"https:\/\/mybambu.emattressoutlet.com\/es\/producto\/black-x-class-mattress\/","title":{"rendered":"Colch\u00f3n Black X-Class"},"content":{"rendered":"<ul>\n<li style=\"text-align: justify;\">BlackICE\u2122 con tecnolog\u00eda de refrigeraci\u00f3n de origen vegetal. El sistema de refrigeraci\u00f3n m\u00e1s avanzado, con hasta un 18 % m\u00e1s de potencia de refrigeraci\u00f3n* y una capa adicional de gesti\u00f3n de la temperatura<\/li>\n<li>Capa de confort confeccionada con cachemira, alpaca y seda para garantizar el flujo de aire y la transpirabilidad.<\/li>\n<li>Espuma viscoel\u00e1stica AirCool\u00ae que canaliza el flujo de aire para brindar un alivio de presi\u00f3n mejorado y fresco.<\/li>\n<li>\u00bfAutorrespuesta? L\u00e1tex que alivia los puntos de presi\u00f3n de forma reactiva<\/li>\n<li>Tecnolog\u00eda Zoned T3 Pocketed Coil\u00ae que proporciona soporte espec\u00edfico, como nuestro sistema de soporte de primera calidad<\/li>\n<li>La tecnolog\u00eda Zoned T3 Pocketed Coil\u00ae absorbe energ\u00eda para reducir la transferencia de movimiento, al mismo tiempo que proporciona soporte espec\u00edfico donde m\u00e1s lo necesita.<\/li>\n<li>La espuma viscoel\u00e1stica en gel de la marca Major S y la espuma viscoel\u00e1stica AirCool\u00ae brindan un alivio de presi\u00f3n avanzado y a\u00edslan sus movimientos para no molestar a su compa\u00f1ero de sue\u00f1o.<\/li>\n<li>El colch\u00f3n de resortes Major S Brand Black tiene una parte superior alta y acolchada que proporciona una sensaci\u00f3n de elevaci\u00f3n por encima del colch\u00f3n.<\/li>\n<li>Nuestros colchones de marca \u201ctal como est\u00e1n\u201d incluyen excedentes de f\u00e1brica, producci\u00f3n limitada, modelos de piso, pruebas de comodidad, imperfecciones menores, art\u00edculos rayados, productos discontinuados y productos intercambiados. Los fabricantes inspeccionan minuciosamente estos colchones y entregan solo aquellos que se consideran aptos para la reventa en nuestras instalaciones. Estos productos se someten a nuestro proceso de certificaci\u00f3n interna y, una vez certificados, se venden y se entregan.<\/li>\n<\/ul>","protected":false},"excerpt":{"rendered":"<p>Los colchones As Is tienen un precio muy inferior al de los principales minoristas. Compare el precio con los de los minoristas de colchones m\u00e1s importantes para ver grandes ahorros. El X Class Black Hybrid utiliza materiales de primera calidad, tecnolog\u00eda de enfriamiento avanzada y una superficie de espuma viscoel\u00e1stica suave que se adapta al cuerpo para brindar una experiencia de sue\u00f1o de primera clase que lo har\u00e1 sentir vigorizado.<\/p>","protected":false},"featured_media":16421,"comment_status":"open","ping_status":"closed","template":"","meta":{"inline_featured_image":false,"iawp_total_views":30},"pwb-brand":[105],"product_brand":[],"product_cat":[32,23,34],"product_tag":[58,55,346,176,371],"class_list":{"0":"post-8126","1":"product","2":"type-product","3":"status-publish","4":"has-post-thumbnail","6":"pwb-brand-major-s-brand","7":"product_cat-luxury","8":"product_cat-mattress","9":"product_cat-todays-top-deals","10":"product_tag-as-is","11":"product_tag-best-seller","12":"product_tag-black-week-deal","13":"product_tag-large-parcel","14":"product_tag-up-to-1500","15":"product_shipping_class-metro","17":"first","18":"instock","19":"sale","20":"taxable","21":"shipping-taxable","22":"purchasable","23":"product-type-variable","24":"has-default-attributes"},"supplier_id":null,"supplier_sku":"","barcode":null,"atum_controlled":true,"out_stock_date":null,"out_stock_threshold":null,"inheritable":true,"inbound_stock":0,"stock_on_hold":12,"sold_today":0,"sales_last_days":0,"reserved_stock":0,"customer_returns":0,"warehouse_damage":0,"lost_in_post":0,"other_logs":0,"out_stock_days":null,"lost_sales":0,"has_location":false,"update_date":"2025-09-02T00:19:25","atum_locations":[],"atum_stock_status":"instock","restock_status":false,"low_stock_amount":"","sales_update_date":"2024-08-30T08:03:12","calc_backorders":null,"yoast_head":"<!-- This site is optimized with the Yoast SEO plugin v26.1.1 - https:\/\/yoast.com\/wordpress\/plugins\/seo\/ -->\n<title>Black X-Class Mattress - MyBambu.eMattressOutlet.com | Best Prices-Top Brands-Fast and Free Delivery<\/title>\n<meta name=\"robots\" content=\"noindex, follow, max-snippet:-1, max-image-preview:large, max-video-preview:-1\" \/>\n<meta property=\"og:locale\" content=\"es_MX\" \/>\n<meta property=\"og:type\" content=\"article\" \/>\n<meta property=\"og:title\" content=\"Black X-Class Mattress - MyBambu.eMattressOutlet.com | Best Prices-Top Brands-Fast and Free Delivery\" \/>\n<meta property=\"og:description\" content=\"As Is Mattress are marked well below major retailers price, compare the price to the largest mattress retailers to see major savings. The X Class Black Hybrid uses premium materials, advanced cooling technology, and a smooth, body-contouring memory foam top combine for a first class sleep experience that leaves you feeling invigorated.\" \/>\n<meta property=\"og:url\" content=\"https:\/\/mybambu.emattressoutlet.com\/es\/producto\/black-x-class-mattress\/\" \/>\n<meta property=\"og:site_name\" content=\"MyBambu.eMattressOutlet.com | Best Prices-Top Brands-Fast and Free Delivery\" \/>\n<meta property=\"article:publisher\" content=\"https:\/\/www.facebook.com\/people\/Emattress-Outlet\/61559474578674\/\" \/>\n<meta property=\"article:modified_time\" content=\"2025-04-08T15:59:34+00:00\" \/>\n<meta property=\"og:image\" content=\"https:\/\/mybambu.emattressoutlet.com\/wp-content\/uploads\/2024\/04\/Major-Brand-Black-Class-Mattress-01.webp\" \/>\n\t<meta property=\"og:image:width\" content=\"1200\" \/>\n\t<meta property=\"og:image:height\" content=\"600\" \/>\n\t<meta property=\"og:image:type\" content=\"image\/webp\" \/>\n<meta name=\"twitter:card\" content=\"summary_large_image\" \/>\n<meta name=\"twitter:site\" content=\"@eMattressOutlet\" \/>\n<meta name=\"twitter:label1\" content=\"Tiempo de lectura\" \/>\n\t<meta name=\"twitter:data1\" content=\"1 minuto\" \/>\n<script type=\"application\/ld+json\" class=\"yoast-schema-graph\">{\"@context\":\"https:\/\/schema.org\",\"@graph\":[{\"@type\":\"WebPage\",\"@id\":\"https:\/\/mybambu.emattressoutlet.com\/product\/black-x-class-mattress\/\",\"url\":\"https:\/\/mybambu.emattressoutlet.com\/product\/black-x-class-mattress\/\",\"name\":\"Black X-Class Mattress - MyBambu.eMattressOutlet.com | Best Prices-Top Brands-Fast and Free Delivery\",\"isPartOf\":{\"@id\":\"https:\/\/mybambu.emattressoutlet.com\/#website\"},\"primaryImageOfPage\":{\"@id\":\"https:\/\/mybambu.emattressoutlet.com\/product\/black-x-class-mattress\/#primaryimage\"},\"image\":{\"@id\":\"https:\/\/mybambu.emattressoutlet.com\/product\/black-x-class-mattress\/#primaryimage\"},\"thumbnailUrl\":\"https:\/\/mybambu.emattressoutlet.com\/wp-content\/uploads\/2024\/04\/Major-Brand-Black-Class-Mattress-01.webp\",\"datePublished\":\"2024-04-29T16:53:41+00:00\",\"dateModified\":\"2025-04-08T15:59:34+00:00\",\"breadcrumb\":{\"@id\":\"https:\/\/mybambu.emattressoutlet.com\/product\/black-x-class-mattress\/#breadcrumb\"},\"inLanguage\":\"es\",\"potentialAction\":[{\"@type\":\"ReadAction\",\"target\":[\"https:\/\/mybambu.emattressoutlet.com\/product\/black-x-class-mattress\/\"]}]},{\"@type\":\"ImageObject\",\"inLanguage\":\"es\",\"@id\":\"https:\/\/mybambu.emattressoutlet.com\/product\/black-x-class-mattress\/#primaryimage\",\"url\":\"https:\/\/mybambu.emattressoutlet.com\/wp-content\/uploads\/2024\/04\/Major-Brand-Black-Class-Mattress-01.webp\",\"contentUrl\":\"https:\/\/mybambu.emattressoutlet.com\/wp-content\/uploads\/2024\/04\/Major-Brand-Black-Class-Mattress-01.webp\",\"width\":1200,\"height\":600},{\"@type\":\"BreadcrumbList\",\"@id\":\"https:\/\/mybambu.emattressoutlet.com\/product\/black-x-class-mattress\/#breadcrumb\",\"itemListElement\":[{\"@type\":\"ListItem\",\"position\":1,\"name\":\"Home\",\"item\":\"https:\/\/mybambu.emattressoutlet.com\/\"},{\"@type\":\"ListItem\",\"position\":2,\"name\":\"Shop\",\"item\":\"https:\/\/mybambu.emattressoutlet.com\/shop\/\"},{\"@type\":\"ListItem\",\"position\":3,\"name\":\"Black X-Class Mattress\"}]},{\"@type\":\"WebSite\",\"@id\":\"https:\/\/mybambu.emattressoutlet.com\/#website\",\"url\":\"https:\/\/mybambu.emattressoutlet.com\/\",\"name\":\"MyBambu.eMattressOutlet.com | Best Prices-Top Brands-Fast and Free Delivery\",\"description\":\"MyBambu.eMattressOutlet.com has the best sales on mattresses, beds, adjustable bases, bedding and more from top brands.\",\"publisher\":{\"@id\":\"https:\/\/mybambu.emattressoutlet.com\/#organization\"},\"potentialAction\":[{\"@type\":\"SearchAction\",\"target\":{\"@type\":\"EntryPoint\",\"urlTemplate\":\"https:\/\/mybambu.emattressoutlet.com\/?s={search_term_string}\"},\"query-input\":{\"@type\":\"PropertyValueSpecification\",\"valueRequired\":true,\"valueName\":\"search_term_string\"}}],\"inLanguage\":\"es\"},{\"@type\":\"Organization\",\"@id\":\"https:\/\/mybambu.emattressoutlet.com\/#organization\",\"name\":\"MyBambu.eMattressOutlet.com | Best Prices-Top Brands-Fast and Free Delivery\",\"url\":\"https:\/\/mybambu.emattressoutlet.com\/\",\"logo\":{\"@type\":\"ImageObject\",\"inLanguage\":\"es\",\"@id\":\"https:\/\/mybambu.emattressoutlet.com\/#\/schema\/logo\/image\/\",\"url\":\"https:\/\/mybambu.emattressoutlet.com\/wp-content\/uploads\/2024\/02\/Logo-eMatress-Blue.svg\",\"contentUrl\":\"https:\/\/mybambu.emattressoutlet.com\/wp-content\/uploads\/2024\/02\/Logo-eMatress-Blue.svg\",\"width\":393,\"height\":169,\"caption\":\"MyBambu.eMattressOutlet.com | Best Prices-Top Brands-Fast and Free Delivery\"},\"image\":{\"@id\":\"https:\/\/mybambu.emattressoutlet.com\/#\/schema\/logo\/image\/\"},\"sameAs\":[\"https:\/\/www.facebook.com\/people\/Emattress-Outlet\/61559474578674\/\",\"https:\/\/x.com\/eMattressOutlet\",\"https:\/\/www.instagram.com\/emattressoutlet\/\",\"https:\/\/www.linkedin.com\/company\/emattress-outlet\/\"]}]}<\/script>\n<!-- \/ Yoast SEO plugin. -->","yoast_head_json":{"title":"Black X-Class Mattress - MyBambu.eMattressOutlet.com | Best Prices-Top Brands-Fast and Free Delivery","robots":{"index":"noindex","follow":"follow","max-snippet":"max-snippet:-1","max-image-preview":"max-image-preview:large","max-video-preview":"max-video-preview:-1"},"og_locale":"es_MX","og_type":"article","og_title":"Black X-Class Mattress - MyBambu.eMattressOutlet.com | Best Prices-Top Brands-Fast and Free Delivery","og_description":"As Is Mattress are marked well below major retailers price, compare the price to the largest mattress retailers to see major savings. The X Class Black Hybrid uses premium materials, advanced cooling technology, and a smooth, body-contouring memory foam top combine for a first class sleep experience that leaves you feeling invigorated.","og_url":"https:\/\/mybambu.emattressoutlet.com\/es\/producto\/black-x-class-mattress\/","og_site_name":"MyBambu.eMattressOutlet.com | Best Prices-Top Brands-Fast and Free Delivery","article_publisher":"https:\/\/www.facebook.com\/people\/Emattress-Outlet\/61559474578674\/","article_modified_time":"2025-04-08T15:59:34+00:00","og_image":[{"width":1200,"height":600,"url":"https:\/\/mybambu.emattressoutlet.com\/wp-content\/uploads\/2024\/04\/Major-Brand-Black-Class-Mattress-01.webp","type":"image\/webp"}],"twitter_card":"summary_large_image","twitter_site":"@eMattressOutlet","twitter_misc":{"Tiempo de lectura":"1 minuto"},"schema":{"@context":"https:\/\/schema.org","@graph":[{"@type":"WebPage","@id":"https:\/\/mybambu.emattressoutlet.com\/product\/black-x-class-mattress\/","url":"https:\/\/mybambu.emattressoutlet.com\/product\/black-x-class-mattress\/","name":"Black X-Class Mattress - MyBambu.eMattressOutlet.com | Best Prices-Top Brands-Fast and Free Delivery","isPartOf":{"@id":"https:\/\/mybambu.emattressoutlet.com\/#website"},"primaryImageOfPage":{"@id":"https:\/\/mybambu.emattressoutlet.com\/product\/black-x-class-mattress\/#primaryimage"},"image":{"@id":"https:\/\/mybambu.emattressoutlet.com\/product\/black-x-class-mattress\/#primaryimage"},"thumbnailUrl":"https:\/\/mybambu.emattressoutlet.com\/wp-content\/uploads\/2024\/04\/Major-Brand-Black-Class-Mattress-01.webp","datePublished":"2024-04-29T16:53:41+00:00","dateModified":"2025-04-08T15:59:34+00:00","breadcrumb":{"@id":"https:\/\/mybambu.emattressoutlet.com\/product\/black-x-class-mattress\/#breadcrumb"},"inLanguage":"es","potentialAction":[{"@type":"ReadAction","target":["https:\/\/mybambu.emattressoutlet.com\/product\/black-x-class-mattress\/"]}]},{"@type":"ImageObject","inLanguage":"es","@id":"https:\/\/mybambu.emattressoutlet.com\/product\/black-x-class-mattress\/#primaryimage","url":"https:\/\/mybambu.emattressoutlet.com\/wp-content\/uploads\/2024\/04\/Major-Brand-Black-Class-Mattress-01.webp","contentUrl":"https:\/\/mybambu.emattressoutlet.com\/wp-content\/uploads\/2024\/04\/Major-Brand-Black-Class-Mattress-01.webp","width":1200,"height":600},{"@type":"BreadcrumbList","@id":"https:\/\/mybambu.emattressoutlet.com\/product\/black-x-class-mattress\/#breadcrumb","itemListElement":[{"@type":"ListItem","position":1,"name":"Home","item":"https:\/\/mybambu.emattressoutlet.com\/"},{"@type":"ListItem","position":2,"name":"Shop","item":"https:\/\/mybambu.emattressoutlet.com\/shop\/"},{"@type":"ListItem","position":3,"name":"Black X-Class Mattress"}]},{"@type":"WebSite","@id":"https:\/\/mybambu.emattressoutlet.com\/#website","url":"https:\/\/mybambu.emattressoutlet.com\/","name":"MyBambu.eMattressOutlet.com | Best Prices-Top Brands-Fast and Free Delivery","description":"MyBambu.eMattressOutlet.com has the best sales on mattresses, beds, adjustable bases, bedding and more from top brands.","publisher":{"@id":"https:\/\/mybambu.emattressoutlet.com\/#organization"},"potentialAction":[{"@type":"SearchAction","target":{"@type":"EntryPoint","urlTemplate":"https:\/\/mybambu.emattressoutlet.com\/?s={search_term_string}"},"query-input":{"@type":"PropertyValueSpecification","valueRequired":true,"valueName":"search_term_string"}}],"inLanguage":"es"},{"@type":"Organization","@id":"https:\/\/mybambu.emattressoutlet.com\/#organization","name":"MyBambu.eMattressOutlet.com | Best Prices-Top Brands-Fast and Free Delivery","url":"https:\/\/mybambu.emattressoutlet.com\/","logo":{"@type":"ImageObject","inLanguage":"es","@id":"https:\/\/mybambu.emattressoutlet.com\/#\/schema\/logo\/image\/","url":"https:\/\/mybambu.emattressoutlet.com\/wp-content\/uploads\/2024\/02\/Logo-eMatress-Blue.svg","contentUrl":"https:\/\/mybambu.emattressoutlet.com\/wp-content\/uploads\/2024\/02\/Logo-eMatress-Blue.svg","width":393,"height":169,"caption":"MyBambu.eMattressOutlet.com | Best Prices-Top Brands-Fast and Free Delivery"},"image":{"@id":"https:\/\/mybambu.emattressoutlet.com\/#\/schema\/logo\/image\/"},"sameAs":["https:\/\/www.facebook.com\/people\/Emattress-Outlet\/61559474578674\/","https:\/\/x.com\/eMattressOutlet","https:\/\/www.instagram.com\/emattressoutlet\/","https:\/\/www.linkedin.com\/company\/emattress-outlet\/"]}]}},"brands":[{"id":105,"name":"Major S Brand","slug":"major-s-brand"}],"_links":{"self":[{"href":"https:\/\/mybambu.emattressoutlet.com\/es\/wp-json\/wp\/v2\/product\/8126","targetHints":{"allow":["GET"]}}],"collection":[{"href":"https:\/\/mybambu.emattressoutlet.com\/es\/wp-json\/wp\/v2\/product"}],"about":[{"href":"https:\/\/mybambu.emattressoutlet.com\/es\/wp-json\/wp\/v2\/types\/product"}],"replies":[{"embeddable":true,"href":"https:\/\/mybambu.emattressoutlet.com\/es\/wp-json\/wp\/v2\/comments?post=8126"}],"version-history":[{"count":8,"href":"https:\/\/mybambu.emattressoutlet.com\/es\/wp-json\/wp\/v2\/product\/8126\/revisions"}],"predecessor-version":[{"id":20420,"href":"https:\/\/mybambu.emattressoutlet.com\/es\/wp-json\/wp\/v2\/product\/8126\/revisions\/20420"}],"wp:featuredmedia":[{"embeddable":true,"href":"https:\/\/mybambu.emattressoutlet.com\/es\/wp-json\/wp\/v2\/media\/16421"}],"wp:attachment":[{"href":"https:\/\/mybambu.emattressoutlet.com\/es\/wp-json\/wp\/v2\/media?parent=8126"}],"wp:term":[{"taxonomy":"pwb-brand","embeddable":true,"href":"https:\/\/mybambu.emattressoutlet.com\/es\/wp-json\/wp\/v2\/pwb-brand?post=8126"},{"taxonomy":"product_brand","embeddable":true,"href":"https:\/\/mybambu.emattressoutlet.com\/es\/wp-json\/wp\/v2\/product_brand?post=8126"},{"taxonomy":"product_cat","embeddable":true,"href":"https:\/\/mybambu.emattressoutlet.com\/es\/wp-json\/wp\/v2\/product_cat?post=8126"},{"taxonomy":"product_tag","embeddable":true,"href":"https:\/\/mybambu.emattressoutlet.com\/es\/wp-json\/wp\/v2\/product_tag?post=8126"}],"curies":[{"name":"wp","href":"https:\/\/api.w.org\/{rel}","templated":true}]}}