{"id":8113,"date":"2024-04-29T11:53:39","date_gmt":"2024-04-29T16:53:39","guid":{"rendered":"https:\/\/www.emattressoutlet.com\/?post_type=product&#038;p=8113"},"modified":"2025-04-08T10:59:45","modified_gmt":"2025-04-08T15:59:45","slug":"lux-estate-mattress","status":"publish","type":"product","link":"https:\/\/mybambu.emattressoutlet.com\/es\/producto\/lux-estate-mattress\/","title":{"rendered":"Colch\u00f3n Lux Estate"},"content":{"rendered":"<ul>\n<li style=\"text-align: justify;\">Los resortes internos Intellicoil\u00ae con soporte PrecisionEdge\u2122 ofrecen un nivel \u00fanico de soporte para cada tipo de durmiente al responder a distintos tipos de presi\u00f3n.<\/li>\n<li>Funda de TENCEL(R) de origen sustentable mejorada con fibras refrescantes Se siente fresco al tacto desde el momento en que te acuestas en la ciudad gracias al uso de TENCEL(R) de origen sustentable y fibras refrescantes mejoradas.<\/li>\n<li>Capas de confort de espuma viscoel\u00e1stica TEMPUR-Indulge(TM) Desarrolladas por los expertos en sue\u00f1o de Tempur-Pedic(R), estas capas se adaptan a las curvas de su cuerpo para ayudar a brindar alivio de la presi\u00f3n y comodidad y soporte durante toda la noche.<\/li>\n<li>Capas de confort de l\u00e1tex de soporte Proporcionan una combinaci\u00f3n perfecta de alivio de presi\u00f3n, durabilidad y una sensaci\u00f3n \u00fanica de ligereza y soporte.<\/li>\n<li>Sistema AirVent Un sistema de resortes internos ventilados y AirVents permite que el aire salga del colch\u00f3n, lo que aumenta el flujo de aire y aleja el aire caliente del cuerpo durante toda la noche.<\/li>\n<li>Capa de soporte Pillow Top Una capa de micro bobinas flexibles ubicadas directamente debajo de la parte superior de la almohada, la capa de soporte Pillow Top agrega durabilidad para ayudar a que su colch\u00f3n \u201cS\u201d Brand(R) mantenga su nivel de comodidad, soporte y forma durante los a\u00f1os venideros.<\/li>\n<li>Hecho a mano y anudado a mano por maestros artesanos certificados<\/li>\n<li>Nuestros colchones de marca \u201ctal como est\u00e1n\u201d incluyen excedentes de f\u00e1brica, producci\u00f3n limitada, modelos de piso, pruebas de comodidad, imperfecciones menores, art\u00edculos rayados, productos discontinuados y productos intercambiados. Los fabricantes inspeccionan minuciosamente estos colchones y entregan solo aquellos que se consideran aptos para la reventa en nuestras instalaciones. Estos productos se someten a nuestro proceso de certificaci\u00f3n interna y, una vez certificados, se venden y se entregan.<\/li>\n<\/ul>","protected":false},"excerpt":{"rendered":"<p>Los colchones \"en el estado en que se encuentran\" se comercializan a precios muy por debajo de los de los principales minoristas. Compare el precio con los de los minoristas de colchones m\u00e1s importantes para ver grandes ahorros. El Lux Estate cuenta con una cubierta mejorada que se siente fresca al tacto, adem\u00e1s de espuma viscoel\u00e1stica TEMPUR-Indulge\u2122, una espuma de primera calidad dise\u00f1ada por los cient\u00edficos del sue\u00f1o de una de las principales marcas. Nuestros colchones de marca \"en el estado en que se encuentran\" incluyen excedentes de f\u00e1brica, producci\u00f3n limitada, modelos de piso, pruebas de comodidad, imperfecciones menores, art\u00edculos rayados, productos discontinuados e intercambiados. Los fabricantes inspeccionan minuciosamente estos colchones y entregan solo aquellos que se consideran adecuados para la reventa en nuestras instalaciones. Estos productos se someten a nuestro proceso de certificaci\u00f3n interna y, una vez certificados, se venden y se entregan.<\/p>","protected":false},"featured_media":21125,"comment_status":"open","ping_status":"closed","template":"","meta":{"inline_featured_image":false,"iawp_total_views":41},"pwb-brand":[105],"product_brand":[],"product_cat":[32,23,34],"product_tag":[58,55,346,175,176,95,371],"class_list":{"0":"post-8113","1":"product","2":"type-product","3":"status-publish","4":"has-post-thumbnail","6":"pwb-brand-major-s-brand","7":"product_cat-luxury","8":"product_cat-mattress","9":"product_cat-todays-top-deals","10":"product_tag-as-is","11":"product_tag-best-seller","12":"product_tag-black-week-deal","13":"product_tag-flash-sale","14":"product_tag-large-parcel","15":"product_tag-metro","16":"product_tag-up-to-1500","17":"product_shipping_class-metro","19":"first","20":"instock","21":"sale","22":"taxable","23":"shipping-taxable","24":"purchasable","25":"product-type-variable","26":"has-default-attributes"},"supplier_id":null,"supplier_sku":"","barcode":null,"atum_controlled":true,"out_stock_date":null,"out_stock_threshold":null,"inheritable":true,"inbound_stock":0,"stock_on_hold":9,"sold_today":0,"sales_last_days":0,"reserved_stock":0,"customer_returns":0,"warehouse_damage":0,"lost_in_post":0,"other_logs":0,"out_stock_days":null,"lost_sales":0,"has_location":false,"update_date":"2025-11-06T07:51:47","atum_locations":[],"atum_stock_status":"instock","restock_status":false,"low_stock_amount":"","sales_update_date":"2024-08-30T08:03:12","calc_backorders":null,"yoast_head":"<!-- This site is optimized with the Yoast SEO plugin v26.1.1 - https:\/\/yoast.com\/wordpress\/plugins\/seo\/ -->\n<title>Lux Estate Mattress - MyBambu.eMattressOutlet.com | Best Prices-Top Brands-Fast and Free Delivery<\/title>\n<meta name=\"robots\" content=\"noindex, follow, max-snippet:-1, max-image-preview:large, max-video-preview:-1\" \/>\n<meta property=\"og:locale\" content=\"es_MX\" \/>\n<meta property=\"og:type\" content=\"article\" \/>\n<meta property=\"og:title\" content=\"Lux Estate Mattress - MyBambu.eMattressOutlet.com | Best Prices-Top Brands-Fast and Free Delivery\" \/>\n<meta property=\"og:description\" content=\"As Is Mattress are marked well below major retailers price, compare the price to the largest mattress retailers to see major savings. The Lux Estate features an enhanced cool-to-the-touch cover, plus TEMPUR-Indulge\u2122 Memory Foam \u2013 a premium foam engineered by the sleep scientists at a Major S Brand. Our branded &quot;As Is&quot; mattresses encompass factory overstocks, limited production, floor models, comfort trials, minor blemishes, scuffed items, discontinued, and exchanged products. Manufacturers thoroughly inspect these mattresses, delivering only those deemed suitable for resale to our facility. These goods undergo our internal certification process, and once certified, they are sold and delivered.\" \/>\n<meta property=\"og:url\" content=\"https:\/\/mybambu.emattressoutlet.com\/es\/producto\/lux-estate-mattress\/\" \/>\n<meta property=\"og:site_name\" content=\"MyBambu.eMattressOutlet.com | Best Prices-Top Brands-Fast and Free Delivery\" \/>\n<meta property=\"article:publisher\" content=\"https:\/\/www.facebook.com\/people\/Emattress-Outlet\/61559474578674\/\" \/>\n<meta property=\"article:modified_time\" content=\"2025-04-08T15:59:45+00:00\" \/>\n<meta property=\"og:image\" content=\"https:\/\/mybambu.emattressoutlet.com\/wp-content\/uploads\/2024\/04\/Lux-Estate-Mattress-01-low.webp\" \/>\n\t<meta property=\"og:image:width\" content=\"1000\" \/>\n\t<meta property=\"og:image:height\" content=\"500\" \/>\n\t<meta property=\"og:image:type\" content=\"image\/webp\" \/>\n<meta name=\"twitter:card\" content=\"summary_large_image\" \/>\n<meta name=\"twitter:site\" content=\"@eMattressOutlet\" \/>\n<meta name=\"twitter:label1\" content=\"Tiempo de lectura\" \/>\n\t<meta name=\"twitter:data1\" content=\"1 minuto\" \/>\n<script type=\"application\/ld+json\" class=\"yoast-schema-graph\">{\"@context\":\"https:\/\/schema.org\",\"@graph\":[{\"@type\":\"WebPage\",\"@id\":\"https:\/\/mybambu.emattressoutlet.com\/product\/lux-estate-mattress\/\",\"url\":\"https:\/\/mybambu.emattressoutlet.com\/product\/lux-estate-mattress\/\",\"name\":\"Lux Estate Mattress - MyBambu.eMattressOutlet.com | Best Prices-Top Brands-Fast and Free Delivery\",\"isPartOf\":{\"@id\":\"https:\/\/mybambu.emattressoutlet.com\/#website\"},\"primaryImageOfPage\":{\"@id\":\"https:\/\/mybambu.emattressoutlet.com\/product\/lux-estate-mattress\/#primaryimage\"},\"image\":{\"@id\":\"https:\/\/mybambu.emattressoutlet.com\/product\/lux-estate-mattress\/#primaryimage\"},\"thumbnailUrl\":\"https:\/\/mybambu.emattressoutlet.com\/wp-content\/uploads\/2024\/04\/Lux-Estate-Mattress-01-low.webp\",\"datePublished\":\"2024-04-29T16:53:39+00:00\",\"dateModified\":\"2025-04-08T15:59:45+00:00\",\"breadcrumb\":{\"@id\":\"https:\/\/mybambu.emattressoutlet.com\/product\/lux-estate-mattress\/#breadcrumb\"},\"inLanguage\":\"es\",\"potentialAction\":[{\"@type\":\"ReadAction\",\"target\":[\"https:\/\/mybambu.emattressoutlet.com\/product\/lux-estate-mattress\/\"]}]},{\"@type\":\"ImageObject\",\"inLanguage\":\"es\",\"@id\":\"https:\/\/mybambu.emattressoutlet.com\/product\/lux-estate-mattress\/#primaryimage\",\"url\":\"https:\/\/mybambu.emattressoutlet.com\/wp-content\/uploads\/2024\/04\/Lux-Estate-Mattress-01-low.webp\",\"contentUrl\":\"https:\/\/mybambu.emattressoutlet.com\/wp-content\/uploads\/2024\/04\/Lux-Estate-Mattress-01-low.webp\",\"width\":1000,\"height\":500},{\"@type\":\"BreadcrumbList\",\"@id\":\"https:\/\/mybambu.emattressoutlet.com\/product\/lux-estate-mattress\/#breadcrumb\",\"itemListElement\":[{\"@type\":\"ListItem\",\"position\":1,\"name\":\"Home\",\"item\":\"https:\/\/mybambu.emattressoutlet.com\/\"},{\"@type\":\"ListItem\",\"position\":2,\"name\":\"Shop\",\"item\":\"https:\/\/mybambu.emattressoutlet.com\/shop\/\"},{\"@type\":\"ListItem\",\"position\":3,\"name\":\"Lux Estate Mattress\"}]},{\"@type\":\"WebSite\",\"@id\":\"https:\/\/mybambu.emattressoutlet.com\/#website\",\"url\":\"https:\/\/mybambu.emattressoutlet.com\/\",\"name\":\"MyBambu.eMattressOutlet.com | Best Prices-Top Brands-Fast and Free Delivery\",\"description\":\"MyBambu.eMattressOutlet.com has the best sales on mattresses, beds, adjustable bases, bedding and more from top brands.\",\"publisher\":{\"@id\":\"https:\/\/mybambu.emattressoutlet.com\/#organization\"},\"potentialAction\":[{\"@type\":\"SearchAction\",\"target\":{\"@type\":\"EntryPoint\",\"urlTemplate\":\"https:\/\/mybambu.emattressoutlet.com\/?s={search_term_string}\"},\"query-input\":{\"@type\":\"PropertyValueSpecification\",\"valueRequired\":true,\"valueName\":\"search_term_string\"}}],\"inLanguage\":\"es\"},{\"@type\":\"Organization\",\"@id\":\"https:\/\/mybambu.emattressoutlet.com\/#organization\",\"name\":\"MyBambu.eMattressOutlet.com | Best Prices-Top Brands-Fast and Free Delivery\",\"url\":\"https:\/\/mybambu.emattressoutlet.com\/\",\"logo\":{\"@type\":\"ImageObject\",\"inLanguage\":\"es\",\"@id\":\"https:\/\/mybambu.emattressoutlet.com\/#\/schema\/logo\/image\/\",\"url\":\"https:\/\/mybambu.emattressoutlet.com\/wp-content\/uploads\/2024\/02\/Logo-eMatress-Blue.svg\",\"contentUrl\":\"https:\/\/mybambu.emattressoutlet.com\/wp-content\/uploads\/2024\/02\/Logo-eMatress-Blue.svg\",\"width\":393,\"height\":169,\"caption\":\"MyBambu.eMattressOutlet.com | Best Prices-Top Brands-Fast and Free Delivery\"},\"image\":{\"@id\":\"https:\/\/mybambu.emattressoutlet.com\/#\/schema\/logo\/image\/\"},\"sameAs\":[\"https:\/\/www.facebook.com\/people\/Emattress-Outlet\/61559474578674\/\",\"https:\/\/x.com\/eMattressOutlet\",\"https:\/\/www.instagram.com\/emattressoutlet\/\",\"https:\/\/www.linkedin.com\/company\/emattress-outlet\/\"]}]}<\/script>\n<!-- \/ Yoast SEO plugin. -->","yoast_head_json":{"title":"Lux Estate Mattress - MyBambu.eMattressOutlet.com | Best Prices-Top Brands-Fast and Free Delivery","robots":{"index":"noindex","follow":"follow","max-snippet":"max-snippet:-1","max-image-preview":"max-image-preview:large","max-video-preview":"max-video-preview:-1"},"og_locale":"es_MX","og_type":"article","og_title":"Lux Estate Mattress - MyBambu.eMattressOutlet.com | Best Prices-Top Brands-Fast and Free Delivery","og_description":"As Is Mattress are marked well below major retailers price, compare the price to the largest mattress retailers to see major savings. The Lux Estate features an enhanced cool-to-the-touch cover, plus TEMPUR-Indulge\u2122 Memory Foam \u2013 a premium foam engineered by the sleep scientists at a Major S Brand. Our branded \"As Is\" mattresses encompass factory overstocks, limited production, floor models, comfort trials, minor blemishes, scuffed items, discontinued, and exchanged products. Manufacturers thoroughly inspect these mattresses, delivering only those deemed suitable for resale to our facility. These goods undergo our internal certification process, and once certified, they are sold and delivered.","og_url":"https:\/\/mybambu.emattressoutlet.com\/es\/producto\/lux-estate-mattress\/","og_site_name":"MyBambu.eMattressOutlet.com | Best Prices-Top Brands-Fast and Free Delivery","article_publisher":"https:\/\/www.facebook.com\/people\/Emattress-Outlet\/61559474578674\/","article_modified_time":"2025-04-08T15:59:45+00:00","og_image":[{"width":1000,"height":500,"url":"https:\/\/mybambu.emattressoutlet.com\/wp-content\/uploads\/2024\/04\/Lux-Estate-Mattress-01-low.webp","type":"image\/webp"}],"twitter_card":"summary_large_image","twitter_site":"@eMattressOutlet","twitter_misc":{"Tiempo de lectura":"1 minuto"},"schema":{"@context":"https:\/\/schema.org","@graph":[{"@type":"WebPage","@id":"https:\/\/mybambu.emattressoutlet.com\/product\/lux-estate-mattress\/","url":"https:\/\/mybambu.emattressoutlet.com\/product\/lux-estate-mattress\/","name":"Lux Estate Mattress - MyBambu.eMattressOutlet.com | Best Prices-Top Brands-Fast and Free Delivery","isPartOf":{"@id":"https:\/\/mybambu.emattressoutlet.com\/#website"},"primaryImageOfPage":{"@id":"https:\/\/mybambu.emattressoutlet.com\/product\/lux-estate-mattress\/#primaryimage"},"image":{"@id":"https:\/\/mybambu.emattressoutlet.com\/product\/lux-estate-mattress\/#primaryimage"},"thumbnailUrl":"https:\/\/mybambu.emattressoutlet.com\/wp-content\/uploads\/2024\/04\/Lux-Estate-Mattress-01-low.webp","datePublished":"2024-04-29T16:53:39+00:00","dateModified":"2025-04-08T15:59:45+00:00","breadcrumb":{"@id":"https:\/\/mybambu.emattressoutlet.com\/product\/lux-estate-mattress\/#breadcrumb"},"inLanguage":"es","potentialAction":[{"@type":"ReadAction","target":["https:\/\/mybambu.emattressoutlet.com\/product\/lux-estate-mattress\/"]}]},{"@type":"ImageObject","inLanguage":"es","@id":"https:\/\/mybambu.emattressoutlet.com\/product\/lux-estate-mattress\/#primaryimage","url":"https:\/\/mybambu.emattressoutlet.com\/wp-content\/uploads\/2024\/04\/Lux-Estate-Mattress-01-low.webp","contentUrl":"https:\/\/mybambu.emattressoutlet.com\/wp-content\/uploads\/2024\/04\/Lux-Estate-Mattress-01-low.webp","width":1000,"height":500},{"@type":"BreadcrumbList","@id":"https:\/\/mybambu.emattressoutlet.com\/product\/lux-estate-mattress\/#breadcrumb","itemListElement":[{"@type":"ListItem","position":1,"name":"Home","item":"https:\/\/mybambu.emattressoutlet.com\/"},{"@type":"ListItem","position":2,"name":"Shop","item":"https:\/\/mybambu.emattressoutlet.com\/shop\/"},{"@type":"ListItem","position":3,"name":"Lux Estate Mattress"}]},{"@type":"WebSite","@id":"https:\/\/mybambu.emattressoutlet.com\/#website","url":"https:\/\/mybambu.emattressoutlet.com\/","name":"MyBambu.eMattressOutlet.com | Best Prices-Top Brands-Fast and Free Delivery","description":"MyBambu.eMattressOutlet.com has the best sales on mattresses, beds, adjustable bases, bedding and more from top brands.","publisher":{"@id":"https:\/\/mybambu.emattressoutlet.com\/#organization"},"potentialAction":[{"@type":"SearchAction","target":{"@type":"EntryPoint","urlTemplate":"https:\/\/mybambu.emattressoutlet.com\/?s={search_term_string}"},"query-input":{"@type":"PropertyValueSpecification","valueRequired":true,"valueName":"search_term_string"}}],"inLanguage":"es"},{"@type":"Organization","@id":"https:\/\/mybambu.emattressoutlet.com\/#organization","name":"MyBambu.eMattressOutlet.com | Best Prices-Top Brands-Fast and Free Delivery","url":"https:\/\/mybambu.emattressoutlet.com\/","logo":{"@type":"ImageObject","inLanguage":"es","@id":"https:\/\/mybambu.emattressoutlet.com\/#\/schema\/logo\/image\/","url":"https:\/\/mybambu.emattressoutlet.com\/wp-content\/uploads\/2024\/02\/Logo-eMatress-Blue.svg","contentUrl":"https:\/\/mybambu.emattressoutlet.com\/wp-content\/uploads\/2024\/02\/Logo-eMatress-Blue.svg","width":393,"height":169,"caption":"MyBambu.eMattressOutlet.com | Best Prices-Top Brands-Fast and Free Delivery"},"image":{"@id":"https:\/\/mybambu.emattressoutlet.com\/#\/schema\/logo\/image\/"},"sameAs":["https:\/\/www.facebook.com\/people\/Emattress-Outlet\/61559474578674\/","https:\/\/x.com\/eMattressOutlet","https:\/\/www.instagram.com\/emattressoutlet\/","https:\/\/www.linkedin.com\/company\/emattress-outlet\/"]}]}},"brands":[{"id":105,"name":"Major S Brand","slug":"major-s-brand"}],"_links":{"self":[{"href":"https:\/\/mybambu.emattressoutlet.com\/es\/wp-json\/wp\/v2\/product\/8113","targetHints":{"allow":["GET"]}}],"collection":[{"href":"https:\/\/mybambu.emattressoutlet.com\/es\/wp-json\/wp\/v2\/product"}],"about":[{"href":"https:\/\/mybambu.emattressoutlet.com\/es\/wp-json\/wp\/v2\/types\/product"}],"replies":[{"embeddable":true,"href":"https:\/\/mybambu.emattressoutlet.com\/es\/wp-json\/wp\/v2\/comments?post=8113"}],"version-history":[{"count":5,"href":"https:\/\/mybambu.emattressoutlet.com\/es\/wp-json\/wp\/v2\/product\/8113\/revisions"}],"predecessor-version":[{"id":32933,"href":"https:\/\/mybambu.emattressoutlet.com\/es\/wp-json\/wp\/v2\/product\/8113\/revisions\/32933"}],"wp:featuredmedia":[{"embeddable":true,"href":"https:\/\/mybambu.emattressoutlet.com\/es\/wp-json\/wp\/v2\/media\/21125"}],"wp:attachment":[{"href":"https:\/\/mybambu.emattressoutlet.com\/es\/wp-json\/wp\/v2\/media?parent=8113"}],"wp:term":[{"taxonomy":"pwb-brand","embeddable":true,"href":"https:\/\/mybambu.emattressoutlet.com\/es\/wp-json\/wp\/v2\/pwb-brand?post=8113"},{"taxonomy":"product_brand","embeddable":true,"href":"https:\/\/mybambu.emattressoutlet.com\/es\/wp-json\/wp\/v2\/product_brand?post=8113"},{"taxonomy":"product_cat","embeddable":true,"href":"https:\/\/mybambu.emattressoutlet.com\/es\/wp-json\/wp\/v2\/product_cat?post=8113"},{"taxonomy":"product_tag","embeddable":true,"href":"https:\/\/mybambu.emattressoutlet.com\/es\/wp-json\/wp\/v2\/product_tag?post=8113"}],"curies":[{"name":"wp","href":"https:\/\/api.w.org\/{rel}","templated":true}]}}