{"id":7351,"date":"2024-04-12T10:04:10","date_gmt":"2024-04-12T15:04:10","guid":{"rendered":"https:\/\/www.emattressoutlet.com\/?post_type=product&#038;p=7351"},"modified":"2025-04-08T10:57:45","modified_gmt":"2025-04-08T15:57:45","slug":"brooklyn-bedding-14-sedona-elite","status":"publish","type":"product","link":"https:\/\/mybambu.emattressoutlet.com\/es\/producto\/brooklyn-bedding-14-sedona-elite\/","title":{"rendered":"Brooklyn Bedding 14&#8243; Sedona Elite"},"content":{"rendered":"<ul>\n<li style=\"text-align: justify;\">SENSACI\u00d3N MEDIA UNIVERSAL: Nuestras capas superiores ultra lujosas son acogedoras y refrescantes, y ofrecen un ritual nocturno de rejuvenecimiento que se siente como unas vacaciones en un resort.<\/li>\n<li>CAMA EN CAJA: Empaquetada en rollo para facilitar su traslado a su habitaci\u00f3n (espere hasta 72 horas para que el colch\u00f3n alcance su expansi\u00f3n completa)<\/li>\n<li>ESPUMA CERTIFICADA POR CERTIPUR EE. UU.; Ensamblada en Arizona<\/li>\n<li>ESPUMA CON INFUSI\u00d3N DE COBRE: Nuestras espumas ofrecen m\u00e1s que una suavidad duradera. Una infusi\u00f3n de cobre de vanguardia le brinda beneficios antimicrobianos y refrescantes.<\/li>\n<li>SIN PREOCUPACIONES: garant\u00eda de 10 a\u00f1os<\/li>\n<\/ul>","protected":false},"excerpt":{"rendered":"<p>El colch\u00f3n Sedona Elite de Brooklyn Bedding representa nuestro colch\u00f3n artesanal m\u00e1s lujoso que ofrece un sue\u00f1o estilo resort a trav\u00e9s de una combinaci\u00f3n excepcional de espumas de primera calidad y un sistema de resortes patentado de alta gama. Las cuatro capas superiores de espuma crean un cuarteto de \u00e9lite de beneficios de comodidad, soporte y enfriamiento. Un panel superior de punto, tejido con hilos de enfriamiento avanzados, aleja el calor del cuerpo para mantener una temperatura \u00f3ptima para dormir. Es el tipo de sue\u00f1o incre\u00edblemente c\u00f3modo que normalmente solo puedes obtener en un hotel de cinco estrellas, entregado directamente a tu hogar.<\/p>","protected":false},"featured_media":19470,"comment_status":"open","ping_status":"closed","template":"","meta":{"inline_featured_image":false,"iawp_total_views":12},"pwb-brand":[81],"product_brand":[],"product_cat":[349,32,23],"product_tag":[348,175,177,371],"class_list":{"0":"post-7351","1":"product","2":"type-product","3":"status-publish","4":"has-post-thumbnail","6":"pwb-brand-brooklyn-bedding","7":"product_cat-black-friday-30","8":"product_cat-luxury","9":"product_cat-mattress","10":"product_tag-black-friday-extra-30","11":"product_tag-flash-sale","12":"product_tag-small-parcel","13":"product_tag-up-to-1500","14":"product_shipping_class-fedes-loadup","16":"first","17":"instock","18":"sale","19":"taxable","20":"shipping-taxable","21":"purchasable","22":"product-type-variable","23":"has-default-attributes"},"supplier_id":null,"supplier_sku":"","barcode":null,"atum_controlled":true,"out_stock_date":null,"out_stock_threshold":null,"inheritable":true,"inbound_stock":0,"stock_on_hold":1,"sold_today":0,"sales_last_days":0,"reserved_stock":0,"customer_returns":0,"warehouse_damage":0,"lost_in_post":0,"other_logs":0,"out_stock_days":null,"lost_sales":0,"has_location":false,"update_date":"2025-06-19T05:52:57","atum_locations":[],"atum_stock_status":"instock","restock_status":false,"low_stock_amount":"","sales_update_date":"2024-08-30T08:03:14","calc_backorders":null,"yoast_head":"<!-- This site is optimized with the Yoast SEO plugin v26.1.1 - https:\/\/yoast.com\/wordpress\/plugins\/seo\/ -->\n<title>Brooklyn Bedding 14&quot; Sedona Elite - MyBambu.eMattressOutlet.com | Best Prices-Top Brands-Fast and Free Delivery<\/title>\n<meta name=\"robots\" content=\"noindex, follow, max-snippet:-1, max-image-preview:large, max-video-preview:-1\" \/>\n<meta property=\"og:locale\" content=\"es_MX\" \/>\n<meta property=\"og:type\" content=\"article\" \/>\n<meta property=\"og:title\" content=\"Brooklyn Bedding 14&quot; Sedona Elite - MyBambu.eMattressOutlet.com | Best Prices-Top Brands-Fast and Free Delivery\" \/>\n<meta property=\"og:description\" content=\"The Sedona Elite by Brooklyn Bedding represents our most luxurious, handcrafted mattress offering resort style sleep through an exceptional pairing of premium quality foams and a proprietary, high-end coil system. The top four foam layers create an elite quad of comfort, support and cooling benefits. A top knit panel, woven with advanced cooling yarns, draws heat away from the body to maintain optimal sleep temperature. It&#039;s the kind of insanely comfortable slumber you can typically only get at a five-star hotel, delivered directly to your home.\" \/>\n<meta property=\"og:url\" content=\"https:\/\/mybambu.emattressoutlet.com\/es\/producto\/brooklyn-bedding-14-sedona-elite\/\" \/>\n<meta property=\"og:site_name\" content=\"MyBambu.eMattressOutlet.com | Best Prices-Top Brands-Fast and Free Delivery\" \/>\n<meta property=\"article:publisher\" content=\"https:\/\/www.facebook.com\/people\/Emattress-Outlet\/61559474578674\/\" \/>\n<meta property=\"article:modified_time\" content=\"2025-04-08T15:57:45+00:00\" \/>\n<meta property=\"og:image\" content=\"https:\/\/mybambu.emattressoutlet.com\/wp-content\/uploads\/2024\/04\/Brooklyn-Bedding-14-Sedona-Elite-01.webp\" \/>\n\t<meta property=\"og:image:width\" content=\"1200\" \/>\n\t<meta property=\"og:image:height\" content=\"600\" \/>\n\t<meta property=\"og:image:type\" content=\"image\/webp\" \/>\n<meta name=\"twitter:card\" content=\"summary_large_image\" \/>\n<meta name=\"twitter:site\" content=\"@eMattressOutlet\" \/>\n<script type=\"application\/ld+json\" class=\"yoast-schema-graph\">{\"@context\":\"https:\/\/schema.org\",\"@graph\":[{\"@type\":\"WebPage\",\"@id\":\"https:\/\/mybambu.emattressoutlet.com\/product\/brooklyn-bedding-14-sedona-elite\/\",\"url\":\"https:\/\/mybambu.emattressoutlet.com\/product\/brooklyn-bedding-14-sedona-elite\/\",\"name\":\"Brooklyn Bedding 14\\\" Sedona Elite - MyBambu.eMattressOutlet.com | Best Prices-Top Brands-Fast and Free Delivery\",\"isPartOf\":{\"@id\":\"https:\/\/mybambu.emattressoutlet.com\/#website\"},\"primaryImageOfPage\":{\"@id\":\"https:\/\/mybambu.emattressoutlet.com\/product\/brooklyn-bedding-14-sedona-elite\/#primaryimage\"},\"image\":{\"@id\":\"https:\/\/mybambu.emattressoutlet.com\/product\/brooklyn-bedding-14-sedona-elite\/#primaryimage\"},\"thumbnailUrl\":\"https:\/\/mybambu.emattressoutlet.com\/wp-content\/uploads\/2024\/04\/Brooklyn-Bedding-14-Sedona-Elite-01.webp\",\"datePublished\":\"2024-04-12T15:04:10+00:00\",\"dateModified\":\"2025-04-08T15:57:45+00:00\",\"breadcrumb\":{\"@id\":\"https:\/\/mybambu.emattressoutlet.com\/product\/brooklyn-bedding-14-sedona-elite\/#breadcrumb\"},\"inLanguage\":\"es\",\"potentialAction\":[{\"@type\":\"ReadAction\",\"target\":[\"https:\/\/mybambu.emattressoutlet.com\/product\/brooklyn-bedding-14-sedona-elite\/\"]}]},{\"@type\":\"ImageObject\",\"inLanguage\":\"es\",\"@id\":\"https:\/\/mybambu.emattressoutlet.com\/product\/brooklyn-bedding-14-sedona-elite\/#primaryimage\",\"url\":\"https:\/\/mybambu.emattressoutlet.com\/wp-content\/uploads\/2024\/04\/Brooklyn-Bedding-14-Sedona-Elite-01.webp\",\"contentUrl\":\"https:\/\/mybambu.emattressoutlet.com\/wp-content\/uploads\/2024\/04\/Brooklyn-Bedding-14-Sedona-Elite-01.webp\",\"width\":1200,\"height\":600},{\"@type\":\"BreadcrumbList\",\"@id\":\"https:\/\/mybambu.emattressoutlet.com\/product\/brooklyn-bedding-14-sedona-elite\/#breadcrumb\",\"itemListElement\":[{\"@type\":\"ListItem\",\"position\":1,\"name\":\"Home\",\"item\":\"https:\/\/mybambu.emattressoutlet.com\/\"},{\"@type\":\"ListItem\",\"position\":2,\"name\":\"Shop\",\"item\":\"https:\/\/mybambu.emattressoutlet.com\/shop\/\"},{\"@type\":\"ListItem\",\"position\":3,\"name\":\"Brooklyn Bedding 14&#8243; Sedona Elite\"}]},{\"@type\":\"WebSite\",\"@id\":\"https:\/\/mybambu.emattressoutlet.com\/#website\",\"url\":\"https:\/\/mybambu.emattressoutlet.com\/\",\"name\":\"MyBambu.eMattressOutlet.com | Best Prices-Top Brands-Fast and Free Delivery\",\"description\":\"MyBambu.eMattressOutlet.com has the best sales on mattresses, beds, adjustable bases, bedding and more from top brands.\",\"publisher\":{\"@id\":\"https:\/\/mybambu.emattressoutlet.com\/#organization\"},\"potentialAction\":[{\"@type\":\"SearchAction\",\"target\":{\"@type\":\"EntryPoint\",\"urlTemplate\":\"https:\/\/mybambu.emattressoutlet.com\/?s={search_term_string}\"},\"query-input\":{\"@type\":\"PropertyValueSpecification\",\"valueRequired\":true,\"valueName\":\"search_term_string\"}}],\"inLanguage\":\"es\"},{\"@type\":\"Organization\",\"@id\":\"https:\/\/mybambu.emattressoutlet.com\/#organization\",\"name\":\"MyBambu.eMattressOutlet.com | Best Prices-Top Brands-Fast and Free Delivery\",\"url\":\"https:\/\/mybambu.emattressoutlet.com\/\",\"logo\":{\"@type\":\"ImageObject\",\"inLanguage\":\"es\",\"@id\":\"https:\/\/mybambu.emattressoutlet.com\/#\/schema\/logo\/image\/\",\"url\":\"https:\/\/mybambu.emattressoutlet.com\/wp-content\/uploads\/2024\/02\/Logo-eMatress-Blue.svg\",\"contentUrl\":\"https:\/\/mybambu.emattressoutlet.com\/wp-content\/uploads\/2024\/02\/Logo-eMatress-Blue.svg\",\"width\":393,\"height\":169,\"caption\":\"MyBambu.eMattressOutlet.com | Best Prices-Top Brands-Fast and Free Delivery\"},\"image\":{\"@id\":\"https:\/\/mybambu.emattressoutlet.com\/#\/schema\/logo\/image\/\"},\"sameAs\":[\"https:\/\/www.facebook.com\/people\/Emattress-Outlet\/61559474578674\/\",\"https:\/\/x.com\/eMattressOutlet\",\"https:\/\/www.instagram.com\/emattressoutlet\/\",\"https:\/\/www.linkedin.com\/company\/emattress-outlet\/\"]}]}<\/script>\n<!-- \/ Yoast SEO plugin. -->","yoast_head_json":{"title":"Brooklyn Bedding 14\" Sedona Elite - MyBambu.eMattressOutlet.com | Best Prices-Top Brands-Fast and Free Delivery","robots":{"index":"noindex","follow":"follow","max-snippet":"max-snippet:-1","max-image-preview":"max-image-preview:large","max-video-preview":"max-video-preview:-1"},"og_locale":"es_MX","og_type":"article","og_title":"Brooklyn Bedding 14\" Sedona Elite - MyBambu.eMattressOutlet.com | Best Prices-Top Brands-Fast and Free Delivery","og_description":"The Sedona Elite by Brooklyn Bedding represents our most luxurious, handcrafted mattress offering resort style sleep through an exceptional pairing of premium quality foams and a proprietary, high-end coil system. The top four foam layers create an elite quad of comfort, support and cooling benefits. A top knit panel, woven with advanced cooling yarns, draws heat away from the body to maintain optimal sleep temperature. It's the kind of insanely comfortable slumber you can typically only get at a five-star hotel, delivered directly to your home.","og_url":"https:\/\/mybambu.emattressoutlet.com\/es\/producto\/brooklyn-bedding-14-sedona-elite\/","og_site_name":"MyBambu.eMattressOutlet.com | Best Prices-Top Brands-Fast and Free Delivery","article_publisher":"https:\/\/www.facebook.com\/people\/Emattress-Outlet\/61559474578674\/","article_modified_time":"2025-04-08T15:57:45+00:00","og_image":[{"width":1200,"height":600,"url":"https:\/\/mybambu.emattressoutlet.com\/wp-content\/uploads\/2024\/04\/Brooklyn-Bedding-14-Sedona-Elite-01.webp","type":"image\/webp"}],"twitter_card":"summary_large_image","twitter_site":"@eMattressOutlet","schema":{"@context":"https:\/\/schema.org","@graph":[{"@type":"WebPage","@id":"https:\/\/mybambu.emattressoutlet.com\/product\/brooklyn-bedding-14-sedona-elite\/","url":"https:\/\/mybambu.emattressoutlet.com\/product\/brooklyn-bedding-14-sedona-elite\/","name":"Brooklyn Bedding 14\" Sedona Elite - MyBambu.eMattressOutlet.com | Best Prices-Top Brands-Fast and Free Delivery","isPartOf":{"@id":"https:\/\/mybambu.emattressoutlet.com\/#website"},"primaryImageOfPage":{"@id":"https:\/\/mybambu.emattressoutlet.com\/product\/brooklyn-bedding-14-sedona-elite\/#primaryimage"},"image":{"@id":"https:\/\/mybambu.emattressoutlet.com\/product\/brooklyn-bedding-14-sedona-elite\/#primaryimage"},"thumbnailUrl":"https:\/\/mybambu.emattressoutlet.com\/wp-content\/uploads\/2024\/04\/Brooklyn-Bedding-14-Sedona-Elite-01.webp","datePublished":"2024-04-12T15:04:10+00:00","dateModified":"2025-04-08T15:57:45+00:00","breadcrumb":{"@id":"https:\/\/mybambu.emattressoutlet.com\/product\/brooklyn-bedding-14-sedona-elite\/#breadcrumb"},"inLanguage":"es","potentialAction":[{"@type":"ReadAction","target":["https:\/\/mybambu.emattressoutlet.com\/product\/brooklyn-bedding-14-sedona-elite\/"]}]},{"@type":"ImageObject","inLanguage":"es","@id":"https:\/\/mybambu.emattressoutlet.com\/product\/brooklyn-bedding-14-sedona-elite\/#primaryimage","url":"https:\/\/mybambu.emattressoutlet.com\/wp-content\/uploads\/2024\/04\/Brooklyn-Bedding-14-Sedona-Elite-01.webp","contentUrl":"https:\/\/mybambu.emattressoutlet.com\/wp-content\/uploads\/2024\/04\/Brooklyn-Bedding-14-Sedona-Elite-01.webp","width":1200,"height":600},{"@type":"BreadcrumbList","@id":"https:\/\/mybambu.emattressoutlet.com\/product\/brooklyn-bedding-14-sedona-elite\/#breadcrumb","itemListElement":[{"@type":"ListItem","position":1,"name":"Home","item":"https:\/\/mybambu.emattressoutlet.com\/"},{"@type":"ListItem","position":2,"name":"Shop","item":"https:\/\/mybambu.emattressoutlet.com\/shop\/"},{"@type":"ListItem","position":3,"name":"Brooklyn Bedding 14&#8243; Sedona Elite"}]},{"@type":"WebSite","@id":"https:\/\/mybambu.emattressoutlet.com\/#website","url":"https:\/\/mybambu.emattressoutlet.com\/","name":"MyBambu.eMattressOutlet.com | Best Prices-Top Brands-Fast and Free Delivery","description":"MyBambu.eMattressOutlet.com has the best sales on mattresses, beds, adjustable bases, bedding and more from top brands.","publisher":{"@id":"https:\/\/mybambu.emattressoutlet.com\/#organization"},"potentialAction":[{"@type":"SearchAction","target":{"@type":"EntryPoint","urlTemplate":"https:\/\/mybambu.emattressoutlet.com\/?s={search_term_string}"},"query-input":{"@type":"PropertyValueSpecification","valueRequired":true,"valueName":"search_term_string"}}],"inLanguage":"es"},{"@type":"Organization","@id":"https:\/\/mybambu.emattressoutlet.com\/#organization","name":"MyBambu.eMattressOutlet.com | Best Prices-Top Brands-Fast and Free Delivery","url":"https:\/\/mybambu.emattressoutlet.com\/","logo":{"@type":"ImageObject","inLanguage":"es","@id":"https:\/\/mybambu.emattressoutlet.com\/#\/schema\/logo\/image\/","url":"https:\/\/mybambu.emattressoutlet.com\/wp-content\/uploads\/2024\/02\/Logo-eMatress-Blue.svg","contentUrl":"https:\/\/mybambu.emattressoutlet.com\/wp-content\/uploads\/2024\/02\/Logo-eMatress-Blue.svg","width":393,"height":169,"caption":"MyBambu.eMattressOutlet.com | Best Prices-Top Brands-Fast and Free Delivery"},"image":{"@id":"https:\/\/mybambu.emattressoutlet.com\/#\/schema\/logo\/image\/"},"sameAs":["https:\/\/www.facebook.com\/people\/Emattress-Outlet\/61559474578674\/","https:\/\/x.com\/eMattressOutlet","https:\/\/www.instagram.com\/emattressoutlet\/","https:\/\/www.linkedin.com\/company\/emattress-outlet\/"]}]}},"brands":[{"id":81,"name":"Brooklyn Bedding","slug":"brooklyn-bedding"}],"_links":{"self":[{"href":"https:\/\/mybambu.emattressoutlet.com\/es\/wp-json\/wp\/v2\/product\/7351","targetHints":{"allow":["GET"]}}],"collection":[{"href":"https:\/\/mybambu.emattressoutlet.com\/es\/wp-json\/wp\/v2\/product"}],"about":[{"href":"https:\/\/mybambu.emattressoutlet.com\/es\/wp-json\/wp\/v2\/types\/product"}],"replies":[{"embeddable":true,"href":"https:\/\/mybambu.emattressoutlet.com\/es\/wp-json\/wp\/v2\/comments?post=7351"}],"version-history":[{"count":5,"href":"https:\/\/mybambu.emattressoutlet.com\/es\/wp-json\/wp\/v2\/product\/7351\/revisions"}],"predecessor-version":[{"id":7876,"href":"https:\/\/mybambu.emattressoutlet.com\/es\/wp-json\/wp\/v2\/product\/7351\/revisions\/7876"}],"wp:featuredmedia":[{"embeddable":true,"href":"https:\/\/mybambu.emattressoutlet.com\/es\/wp-json\/wp\/v2\/media\/19470"}],"wp:attachment":[{"href":"https:\/\/mybambu.emattressoutlet.com\/es\/wp-json\/wp\/v2\/media?parent=7351"}],"wp:term":[{"taxonomy":"pwb-brand","embeddable":true,"href":"https:\/\/mybambu.emattressoutlet.com\/es\/wp-json\/wp\/v2\/pwb-brand?post=7351"},{"taxonomy":"product_brand","embeddable":true,"href":"https:\/\/mybambu.emattressoutlet.com\/es\/wp-json\/wp\/v2\/product_brand?post=7351"},{"taxonomy":"product_cat","embeddable":true,"href":"https:\/\/mybambu.emattressoutlet.com\/es\/wp-json\/wp\/v2\/product_cat?post=7351"},{"taxonomy":"product_tag","embeddable":true,"href":"https:\/\/mybambu.emattressoutlet.com\/es\/wp-json\/wp\/v2\/product_tag?post=7351"}],"curies":[{"name":"wp","href":"https:\/\/api.w.org\/{rel}","templated":true}]}}