{"id":7293,"date":"2024-04-12T10:03:43","date_gmt":"2024-04-12T15:03:43","guid":{"rendered":"https:\/\/www.emattressoutlet.com\/?post_type=product&#038;p=7293"},"modified":"2025-04-08T10:50:11","modified_gmt":"2025-04-08T15:50:11","slug":"brooklyn-bedding-titan-11-hybrid-for-plus-size-sleepers","status":"publish","type":"product","link":"https:\/\/mybambu.emattressoutlet.com\/es\/producto\/brooklyn-bedding-titan-11-hybrid-for-plus-size-sleepers\/","title":{"rendered":"Brooklyn Bedding Titan Hybrid Para Personas de Talla Grande"},"content":{"rendered":"<ul>\n<li style=\"text-align: justify;\">AISLAMIENTO DE MOVIMIENTO: Duerma toda la noche con espirales que se mueven de forma independiente para resistir la transferencia de movimiento de su compa\u00f1ero de sue\u00f1o.<\/li>\n<li>ACTUALIZACI\u00d3N OPCIONAL: Seleccione una cubierta de enfriamiento cosida hecha de fibras de PE de alta tecnolog\u00eda<\/li>\n<li>CAMA EN CAJA: Empaquetada en rollo para facilitar su traslado a su habitaci\u00f3n (espere hasta 72 horas para que el colch\u00f3n alcance su expansi\u00f3n completa)<\/li>\n<li>ESPUMA CERTIFICADA POR CERTIPUR EE. UU.; Ensamblada en Arizona<\/li>\n<li>SIN PREOCUPACIONES: garant\u00eda de 10 a\u00f1os<\/li>\n<\/ul>","protected":false},"excerpt":{"rendered":"<p>El sue\u00f1o de las personas de talla grande merece una soluci\u00f3n de talla grande. El colch\u00f3n h\u00edbrido Titan Plus de Brooklyn Bedding ofrece una soluci\u00f3n \u00fanica para dormir que ofrece el sue\u00f1o m\u00e1s c\u00f3modo, duradero y con mayor soporte disponible. Ya sea que sea grande, alto o muy fuerte, nuestras capas de espuma de alta calidad le brindar\u00e1n el m\u00e1ximo alivio de los puntos de presi\u00f3n para aliviar los dolores y molestias, y nuestros resortes AscensionX\u00ae de 6 pulgadas le brindar\u00e1n elevaci\u00f3n adicional, contorno adicional y durabilidad adicional. Adem\u00e1s, disfrute de la refrigeraci\u00f3n avanzada de nuestra espuma viscoel\u00e1stica con gel especial. (Disponible con una cubierta de refrigeraci\u00f3n cosida opcional de fibras de polietileno de alta tecnolog\u00eda).<\/p>","protected":false},"featured_media":21198,"comment_status":"open","ping_status":"closed","template":"","meta":{"inline_featured_image":false,"iawp_total_views":66},"pwb-brand":[81],"product_brand":[],"product_cat":[349,23,33],"product_tag":[348,175,177,370],"class_list":{"0":"post-7293","1":"product","2":"type-product","3":"status-publish","4":"has-post-thumbnail","6":"pwb-brand-brooklyn-bedding","7":"product_cat-black-friday-30","8":"product_cat-mattress","9":"product_cat-value","10":"product_tag-black-friday-extra-30","11":"product_tag-flash-sale","12":"product_tag-small-parcel","13":"product_tag-up-to-750","14":"product_shipping_class-fedes-loadup","16":"first","17":"instock","18":"sale","19":"taxable","20":"shipping-taxable","21":"purchasable","22":"product-type-variable","23":"has-default-attributes"},"supplier_id":null,"supplier_sku":"","barcode":null,"atum_controlled":true,"out_stock_date":null,"out_stock_threshold":null,"inheritable":true,"inbound_stock":0,"stock_on_hold":12,"sold_today":0,"sales_last_days":0,"reserved_stock":0,"customer_returns":0,"warehouse_damage":0,"lost_in_post":0,"other_logs":0,"out_stock_days":null,"lost_sales":0,"has_location":false,"update_date":"2026-03-01T02:37:30","atum_locations":[],"atum_stock_status":"instock","restock_status":false,"low_stock_amount":"","sales_update_date":"2024-08-30T08:03:15","calc_backorders":null,"yoast_head":"<!-- This site is optimized with the Yoast SEO plugin v26.1.1 - https:\/\/yoast.com\/wordpress\/plugins\/seo\/ -->\n<title>Brooklyn Bedding Titan Hybrid for Plus Size Sleepers - MyBambu.eMattressOutlet.com | Best Prices-Top Brands-Fast and Free Delivery<\/title>\n<meta name=\"robots\" content=\"noindex, follow, max-snippet:-1, max-image-preview:large, max-video-preview:-1\" \/>\n<meta property=\"og:locale\" content=\"es_MX\" \/>\n<meta property=\"og:type\" content=\"article\" \/>\n<meta property=\"og:title\" content=\"Brooklyn Bedding Titan Hybrid for Plus Size Sleepers - MyBambu.eMattressOutlet.com | Best Prices-Top Brands-Fast and Free Delivery\" \/>\n<meta property=\"og:description\" content=\"Plus size sleep deserves a plus size solution. The Titan Plus Hybrid by Brooklyn Bedding provides a one-of-a-kind sleep solution that is the most supportive, durable, and comfortable sleep available. Whether you are big, tall, or powerfully strong, our high-quality foam layers will give you the ultimate pressure point relief to soothe aches and pains?and our 6 inch AscensionX\u00ae coils will give you extra lift, extra contouring, and extra durability. Plus, enjoy advanced cooling from our specialty gel memory foam. (Available with an optional sewn-on cooling cover from high tech PE fibers.)\" \/>\n<meta property=\"og:url\" content=\"https:\/\/mybambu.emattressoutlet.com\/es\/producto\/brooklyn-bedding-titan-11-hybrid-for-plus-size-sleepers\/\" \/>\n<meta property=\"og:site_name\" content=\"MyBambu.eMattressOutlet.com | Best Prices-Top Brands-Fast and Free Delivery\" \/>\n<meta property=\"article:publisher\" content=\"https:\/\/www.facebook.com\/people\/Emattress-Outlet\/61559474578674\/\" \/>\n<meta property=\"article:modified_time\" content=\"2025-04-08T15:50:11+00:00\" \/>\n<meta property=\"og:image\" content=\"https:\/\/mybambu.emattressoutlet.com\/wp-content\/uploads\/2024\/04\/Brooklyn-Bedding-Titan-11-Hybrid-for-Plus-Size-Sleepers-01-low.webp\" \/>\n\t<meta property=\"og:image:width\" content=\"1000\" \/>\n\t<meta property=\"og:image:height\" content=\"500\" \/>\n\t<meta property=\"og:image:type\" content=\"image\/webp\" \/>\n<meta name=\"twitter:card\" content=\"summary_large_image\" \/>\n<meta name=\"twitter:site\" content=\"@eMattressOutlet\" \/>\n<script type=\"application\/ld+json\" class=\"yoast-schema-graph\">{\"@context\":\"https:\/\/schema.org\",\"@graph\":[{\"@type\":\"WebPage\",\"@id\":\"https:\/\/mybambu.emattressoutlet.com\/product\/brooklyn-bedding-titan-11-hybrid-for-plus-size-sleepers\/\",\"url\":\"https:\/\/mybambu.emattressoutlet.com\/product\/brooklyn-bedding-titan-11-hybrid-for-plus-size-sleepers\/\",\"name\":\"Brooklyn Bedding Titan Hybrid for Plus Size Sleepers - MyBambu.eMattressOutlet.com | Best Prices-Top Brands-Fast and Free Delivery\",\"isPartOf\":{\"@id\":\"https:\/\/mybambu.emattressoutlet.com\/#website\"},\"primaryImageOfPage\":{\"@id\":\"https:\/\/mybambu.emattressoutlet.com\/product\/brooklyn-bedding-titan-11-hybrid-for-plus-size-sleepers\/#primaryimage\"},\"image\":{\"@id\":\"https:\/\/mybambu.emattressoutlet.com\/product\/brooklyn-bedding-titan-11-hybrid-for-plus-size-sleepers\/#primaryimage\"},\"thumbnailUrl\":\"https:\/\/mybambu.emattressoutlet.com\/wp-content\/uploads\/2024\/04\/Brooklyn-Bedding-Titan-11-Hybrid-for-Plus-Size-Sleepers-01-low.webp\",\"datePublished\":\"2024-04-12T15:03:43+00:00\",\"dateModified\":\"2025-04-08T15:50:11+00:00\",\"breadcrumb\":{\"@id\":\"https:\/\/mybambu.emattressoutlet.com\/product\/brooklyn-bedding-titan-11-hybrid-for-plus-size-sleepers\/#breadcrumb\"},\"inLanguage\":\"es\",\"potentialAction\":[{\"@type\":\"ReadAction\",\"target\":[\"https:\/\/mybambu.emattressoutlet.com\/product\/brooklyn-bedding-titan-11-hybrid-for-plus-size-sleepers\/\"]}]},{\"@type\":\"ImageObject\",\"inLanguage\":\"es\",\"@id\":\"https:\/\/mybambu.emattressoutlet.com\/product\/brooklyn-bedding-titan-11-hybrid-for-plus-size-sleepers\/#primaryimage\",\"url\":\"https:\/\/mybambu.emattressoutlet.com\/wp-content\/uploads\/2024\/04\/Brooklyn-Bedding-Titan-11-Hybrid-for-Plus-Size-Sleepers-01-low.webp\",\"contentUrl\":\"https:\/\/mybambu.emattressoutlet.com\/wp-content\/uploads\/2024\/04\/Brooklyn-Bedding-Titan-11-Hybrid-for-Plus-Size-Sleepers-01-low.webp\",\"width\":1000,\"height\":500},{\"@type\":\"BreadcrumbList\",\"@id\":\"https:\/\/mybambu.emattressoutlet.com\/product\/brooklyn-bedding-titan-11-hybrid-for-plus-size-sleepers\/#breadcrumb\",\"itemListElement\":[{\"@type\":\"ListItem\",\"position\":1,\"name\":\"Home\",\"item\":\"https:\/\/mybambu.emattressoutlet.com\/\"},{\"@type\":\"ListItem\",\"position\":2,\"name\":\"Shop\",\"item\":\"https:\/\/mybambu.emattressoutlet.com\/shop\/\"},{\"@type\":\"ListItem\",\"position\":3,\"name\":\"Brooklyn Bedding Titan Hybrid for Plus Size Sleepers\"}]},{\"@type\":\"WebSite\",\"@id\":\"https:\/\/mybambu.emattressoutlet.com\/#website\",\"url\":\"https:\/\/mybambu.emattressoutlet.com\/\",\"name\":\"MyBambu.eMattressOutlet.com | Best Prices-Top Brands-Fast and Free Delivery\",\"description\":\"MyBambu.eMattressOutlet.com has the best sales on mattresses, beds, adjustable bases, bedding and more from top brands.\",\"publisher\":{\"@id\":\"https:\/\/mybambu.emattressoutlet.com\/#organization\"},\"potentialAction\":[{\"@type\":\"SearchAction\",\"target\":{\"@type\":\"EntryPoint\",\"urlTemplate\":\"https:\/\/mybambu.emattressoutlet.com\/?s={search_term_string}\"},\"query-input\":{\"@type\":\"PropertyValueSpecification\",\"valueRequired\":true,\"valueName\":\"search_term_string\"}}],\"inLanguage\":\"es\"},{\"@type\":\"Organization\",\"@id\":\"https:\/\/mybambu.emattressoutlet.com\/#organization\",\"name\":\"MyBambu.eMattressOutlet.com | Best Prices-Top Brands-Fast and Free Delivery\",\"url\":\"https:\/\/mybambu.emattressoutlet.com\/\",\"logo\":{\"@type\":\"ImageObject\",\"inLanguage\":\"es\",\"@id\":\"https:\/\/mybambu.emattressoutlet.com\/#\/schema\/logo\/image\/\",\"url\":\"https:\/\/mybambu.emattressoutlet.com\/wp-content\/uploads\/2024\/02\/Logo-eMatress-Blue.svg\",\"contentUrl\":\"https:\/\/mybambu.emattressoutlet.com\/wp-content\/uploads\/2024\/02\/Logo-eMatress-Blue.svg\",\"width\":393,\"height\":169,\"caption\":\"MyBambu.eMattressOutlet.com | Best Prices-Top Brands-Fast and Free Delivery\"},\"image\":{\"@id\":\"https:\/\/mybambu.emattressoutlet.com\/#\/schema\/logo\/image\/\"},\"sameAs\":[\"https:\/\/www.facebook.com\/people\/Emattress-Outlet\/61559474578674\/\",\"https:\/\/x.com\/eMattressOutlet\",\"https:\/\/www.instagram.com\/emattressoutlet\/\",\"https:\/\/www.linkedin.com\/company\/emattress-outlet\/\"]}]}<\/script>\n<!-- \/ Yoast SEO plugin. -->","yoast_head_json":{"title":"Brooklyn Bedding Titan Hybrid for Plus Size Sleepers - MyBambu.eMattressOutlet.com | Best Prices-Top Brands-Fast and Free Delivery","robots":{"index":"noindex","follow":"follow","max-snippet":"max-snippet:-1","max-image-preview":"max-image-preview:large","max-video-preview":"max-video-preview:-1"},"og_locale":"es_MX","og_type":"article","og_title":"Brooklyn Bedding Titan Hybrid for Plus Size Sleepers - MyBambu.eMattressOutlet.com | Best Prices-Top Brands-Fast and Free Delivery","og_description":"Plus size sleep deserves a plus size solution. The Titan Plus Hybrid by Brooklyn Bedding provides a one-of-a-kind sleep solution that is the most supportive, durable, and comfortable sleep available. Whether you are big, tall, or powerfully strong, our high-quality foam layers will give you the ultimate pressure point relief to soothe aches and pains?and our 6 inch AscensionX\u00ae coils will give you extra lift, extra contouring, and extra durability. Plus, enjoy advanced cooling from our specialty gel memory foam. (Available with an optional sewn-on cooling cover from high tech PE fibers.)","og_url":"https:\/\/mybambu.emattressoutlet.com\/es\/producto\/brooklyn-bedding-titan-11-hybrid-for-plus-size-sleepers\/","og_site_name":"MyBambu.eMattressOutlet.com | Best Prices-Top Brands-Fast and Free Delivery","article_publisher":"https:\/\/www.facebook.com\/people\/Emattress-Outlet\/61559474578674\/","article_modified_time":"2025-04-08T15:50:11+00:00","og_image":[{"width":1000,"height":500,"url":"https:\/\/mybambu.emattressoutlet.com\/wp-content\/uploads\/2024\/04\/Brooklyn-Bedding-Titan-11-Hybrid-for-Plus-Size-Sleepers-01-low.webp","type":"image\/webp"}],"twitter_card":"summary_large_image","twitter_site":"@eMattressOutlet","schema":{"@context":"https:\/\/schema.org","@graph":[{"@type":"WebPage","@id":"https:\/\/mybambu.emattressoutlet.com\/product\/brooklyn-bedding-titan-11-hybrid-for-plus-size-sleepers\/","url":"https:\/\/mybambu.emattressoutlet.com\/product\/brooklyn-bedding-titan-11-hybrid-for-plus-size-sleepers\/","name":"Brooklyn Bedding Titan Hybrid for Plus Size Sleepers - MyBambu.eMattressOutlet.com | Best Prices-Top Brands-Fast and Free Delivery","isPartOf":{"@id":"https:\/\/mybambu.emattressoutlet.com\/#website"},"primaryImageOfPage":{"@id":"https:\/\/mybambu.emattressoutlet.com\/product\/brooklyn-bedding-titan-11-hybrid-for-plus-size-sleepers\/#primaryimage"},"image":{"@id":"https:\/\/mybambu.emattressoutlet.com\/product\/brooklyn-bedding-titan-11-hybrid-for-plus-size-sleepers\/#primaryimage"},"thumbnailUrl":"https:\/\/mybambu.emattressoutlet.com\/wp-content\/uploads\/2024\/04\/Brooklyn-Bedding-Titan-11-Hybrid-for-Plus-Size-Sleepers-01-low.webp","datePublished":"2024-04-12T15:03:43+00:00","dateModified":"2025-04-08T15:50:11+00:00","breadcrumb":{"@id":"https:\/\/mybambu.emattressoutlet.com\/product\/brooklyn-bedding-titan-11-hybrid-for-plus-size-sleepers\/#breadcrumb"},"inLanguage":"es","potentialAction":[{"@type":"ReadAction","target":["https:\/\/mybambu.emattressoutlet.com\/product\/brooklyn-bedding-titan-11-hybrid-for-plus-size-sleepers\/"]}]},{"@type":"ImageObject","inLanguage":"es","@id":"https:\/\/mybambu.emattressoutlet.com\/product\/brooklyn-bedding-titan-11-hybrid-for-plus-size-sleepers\/#primaryimage","url":"https:\/\/mybambu.emattressoutlet.com\/wp-content\/uploads\/2024\/04\/Brooklyn-Bedding-Titan-11-Hybrid-for-Plus-Size-Sleepers-01-low.webp","contentUrl":"https:\/\/mybambu.emattressoutlet.com\/wp-content\/uploads\/2024\/04\/Brooklyn-Bedding-Titan-11-Hybrid-for-Plus-Size-Sleepers-01-low.webp","width":1000,"height":500},{"@type":"BreadcrumbList","@id":"https:\/\/mybambu.emattressoutlet.com\/product\/brooklyn-bedding-titan-11-hybrid-for-plus-size-sleepers\/#breadcrumb","itemListElement":[{"@type":"ListItem","position":1,"name":"Home","item":"https:\/\/mybambu.emattressoutlet.com\/"},{"@type":"ListItem","position":2,"name":"Shop","item":"https:\/\/mybambu.emattressoutlet.com\/shop\/"},{"@type":"ListItem","position":3,"name":"Brooklyn Bedding Titan Hybrid for Plus Size Sleepers"}]},{"@type":"WebSite","@id":"https:\/\/mybambu.emattressoutlet.com\/#website","url":"https:\/\/mybambu.emattressoutlet.com\/","name":"MyBambu.eMattressOutlet.com | Best Prices-Top Brands-Fast and Free Delivery","description":"MyBambu.eMattressOutlet.com has the best sales on mattresses, beds, adjustable bases, bedding and more from top brands.","publisher":{"@id":"https:\/\/mybambu.emattressoutlet.com\/#organization"},"potentialAction":[{"@type":"SearchAction","target":{"@type":"EntryPoint","urlTemplate":"https:\/\/mybambu.emattressoutlet.com\/?s={search_term_string}"},"query-input":{"@type":"PropertyValueSpecification","valueRequired":true,"valueName":"search_term_string"}}],"inLanguage":"es"},{"@type":"Organization","@id":"https:\/\/mybambu.emattressoutlet.com\/#organization","name":"MyBambu.eMattressOutlet.com | Best Prices-Top Brands-Fast and Free Delivery","url":"https:\/\/mybambu.emattressoutlet.com\/","logo":{"@type":"ImageObject","inLanguage":"es","@id":"https:\/\/mybambu.emattressoutlet.com\/#\/schema\/logo\/image\/","url":"https:\/\/mybambu.emattressoutlet.com\/wp-content\/uploads\/2024\/02\/Logo-eMatress-Blue.svg","contentUrl":"https:\/\/mybambu.emattressoutlet.com\/wp-content\/uploads\/2024\/02\/Logo-eMatress-Blue.svg","width":393,"height":169,"caption":"MyBambu.eMattressOutlet.com | Best Prices-Top Brands-Fast and Free Delivery"},"image":{"@id":"https:\/\/mybambu.emattressoutlet.com\/#\/schema\/logo\/image\/"},"sameAs":["https:\/\/www.facebook.com\/people\/Emattress-Outlet\/61559474578674\/","https:\/\/x.com\/eMattressOutlet","https:\/\/www.instagram.com\/emattressoutlet\/","https:\/\/www.linkedin.com\/company\/emattress-outlet\/"]}]}},"brands":[{"id":81,"name":"Brooklyn Bedding","slug":"brooklyn-bedding"}],"_links":{"self":[{"href":"https:\/\/mybambu.emattressoutlet.com\/es\/wp-json\/wp\/v2\/product\/7293","targetHints":{"allow":["GET"]}}],"collection":[{"href":"https:\/\/mybambu.emattressoutlet.com\/es\/wp-json\/wp\/v2\/product"}],"about":[{"href":"https:\/\/mybambu.emattressoutlet.com\/es\/wp-json\/wp\/v2\/types\/product"}],"replies":[{"embeddable":true,"href":"https:\/\/mybambu.emattressoutlet.com\/es\/wp-json\/wp\/v2\/comments?post=7293"}],"version-history":[{"count":3,"href":"https:\/\/mybambu.emattressoutlet.com\/es\/wp-json\/wp\/v2\/product\/7293\/revisions"}],"predecessor-version":[{"id":10946,"href":"https:\/\/mybambu.emattressoutlet.com\/es\/wp-json\/wp\/v2\/product\/7293\/revisions\/10946"}],"wp:featuredmedia":[{"embeddable":true,"href":"https:\/\/mybambu.emattressoutlet.com\/es\/wp-json\/wp\/v2\/media\/21198"}],"wp:attachment":[{"href":"https:\/\/mybambu.emattressoutlet.com\/es\/wp-json\/wp\/v2\/media?parent=7293"}],"wp:term":[{"taxonomy":"pwb-brand","embeddable":true,"href":"https:\/\/mybambu.emattressoutlet.com\/es\/wp-json\/wp\/v2\/pwb-brand?post=7293"},{"taxonomy":"product_brand","embeddable":true,"href":"https:\/\/mybambu.emattressoutlet.com\/es\/wp-json\/wp\/v2\/product_brand?post=7293"},{"taxonomy":"product_cat","embeddable":true,"href":"https:\/\/mybambu.emattressoutlet.com\/es\/wp-json\/wp\/v2\/product_cat?post=7293"},{"taxonomy":"product_tag","embeddable":true,"href":"https:\/\/mybambu.emattressoutlet.com\/es\/wp-json\/wp\/v2\/product_tag?post=7293"}],"curies":[{"name":"wp","href":"https:\/\/api.w.org\/{rel}","templated":true}]}}