{"id":6808,"date":"2024-04-12T09:58:41","date_gmt":"2024-04-12T14:58:41","guid":{"rendered":"https:\/\/www.emattressoutlet.com\/?post_type=product&#038;p=6808"},"modified":"2024-10-18T08:15:09","modified_gmt":"2024-10-18T13:15:09","slug":"five-5ided-icetech-mattress-protector","status":"publish","type":"product","link":"https:\/\/mybambu.emattressoutlet.com\/es\/producto\/five-5ided-icetech-mattress-protector\/","title":{"rendered":"Protector de Colch\u00f3n Five 5ided\u00ae IceTech\u2122"},"content":{"rendered":"<ul>\n<li style=\"text-align: justify;\">Protector de colch\u00f3n Five 5ided\u00ae IceTech\u2122.<\/li>\n<li>El protector de colch\u00f3n Five 5ided\u00ae IceTech\u2122 ofrece protecci\u00f3n impermeable confiable y tecnolog\u00eda de enfriamiento. El innovador tejido IceTech\u2122 disipa continuamente el calor corporal para un clima de sue\u00f1o confortable. La barrera H2Pro\u00ae certificada por laboratorio protege la parte superior y los costados de los colchones contra l\u00edquidos, manchas, \u00e1caros del polvo y al\u00e9rgenos, al mismo tiempo que permite que el aire circule para una transpirabilidad c\u00f3moda. El protector ajustado tiene un dise\u00f1o Universal Fit\u2122 con bolsillos profundos y un el\u00e1stico premium de 1.5\u2033 en el dobladillo del fald\u00f3n para un ajuste suave y seguro en colchones de 6\u2033 a 22\u2033 de profundidad.<\/li>\n<li>Tejido refrescante IceTech\u2122<\/li>\n<li>Barrera impermeable y transpirable<\/li>\n<li>Bloquea al\u00e9rgenos y \u00e1caros del polvo.<\/li>\n<li>La tela IceTech\u2122 disipa continuamente el calor corporal para crear un clima de sue\u00f1o fresco.<\/li>\n<li>La membrana H2Pro\u00ae certificada en laboratorio es transpirable y silenciosa.<\/li>\n<li>La tela transpirable no agrega volumen ni cambia la comodidad del colch\u00f3n.<\/li>\n<\/ul>","protected":false},"excerpt":{"rendered":"<p>El protector de colch\u00f3n Five 5ided\u00ae IceTech\u2122 ofrece protecci\u00f3n impermeable confiable y tecnolog\u00eda de enfriamiento. El innovador tejido IceTech\u2122 disipa continuamente el calor corporal para un clima de sue\u00f1o confortable. La barrera H2Pro\u00ae certificada por laboratorio protege la parte superior y los costados de los colchones contra l\u00edquidos, manchas, \u00e1caros del polvo y al\u00e9rgenos, al mismo tiempo que permite que el aire circule para una transpirabilidad c\u00f3moda. El protector ajustado tiene un dise\u00f1o Universal Fit\u2122 con bolsillos profundos y un el\u00e1stico premium de 1.5\u2033 en el dobladillo del fald\u00f3n para un ajuste suave y seguro en colchones de 6\u2033 a 22\u2033 de profundidad.<\/p>","protected":false},"featured_media":17375,"comment_status":"open","ping_status":"closed","template":"","meta":{"inline_featured_image":false,"iawp_total_views":13},"pwb-brand":[62],"product_brand":[],"product_cat":[36,70],"product_tag":[175,177],"class_list":{"0":"post-6808","1":"product","2":"type-product","3":"status-publish","4":"has-post-thumbnail","6":"pwb-brand-malouf","7":"product_cat-bedding","8":"product_cat-mattress-and-pillow-protectors","9":"product_tag-flash-sale","10":"product_tag-small-parcel","11":"product_shipping_class-fedes-loadup","13":"first","14":"instock","15":"sale","16":"taxable","17":"shipping-taxable","18":"purchasable","19":"product-type-variable"},"supplier_id":null,"supplier_sku":"","barcode":null,"atum_controlled":true,"out_stock_date":null,"out_stock_threshold":null,"inheritable":true,"inbound_stock":null,"stock_on_hold":3,"sold_today":0,"sales_last_days":0,"reserved_stock":null,"customer_returns":null,"warehouse_damage":null,"lost_in_post":null,"other_logs":null,"out_stock_days":null,"lost_sales":0,"has_location":false,"update_date":"2025-11-01T04:00:30","atum_locations":[],"atum_stock_status":"instock","restock_status":false,"low_stock_amount":"","sales_update_date":null,"calc_backorders":null,"yoast_head":"<!-- This site is optimized with the Yoast SEO plugin v26.1.1 - https:\/\/yoast.com\/wordpress\/plugins\/seo\/ -->\n<title>Five 5ided\u00ae IceTech\u2122 Mattress Protector - MyBambu.eMattressOutlet.com | Best Prices-Top Brands-Fast and Free Delivery<\/title>\n<meta name=\"robots\" content=\"noindex, follow, max-snippet:-1, max-image-preview:large, max-video-preview:-1\" \/>\n<meta property=\"og:locale\" content=\"es_MX\" \/>\n<meta property=\"og:type\" content=\"article\" \/>\n<meta property=\"og:title\" content=\"Five 5ided\u00ae IceTech\u2122 Mattress Protector - MyBambu.eMattressOutlet.com | Best Prices-Top Brands-Fast and Free Delivery\" \/>\n<meta property=\"og:description\" content=\"The Five 5ided\u00ae IceTech\u2122 Mattress Protector offers reliable waterproof protection and cooling technology. Innovative IceTech\u2122 fabric continually dissipates body heat for a comfortable sleep climate. The lab-certified H2Pro\u00ae barrier protects the top and sides of mattresses from fluids, stains, dust mites and allergens while allowing air to permeate for comfortable breathability. Fitted protector has a Universal Fit\u2122 design with deep pockets and a premium 1.5&quot; elastic in the skirt hem for a smooth, secure fit on mattress depths from 6&quot; to 22&quot;.\" \/>\n<meta property=\"og:url\" content=\"https:\/\/mybambu.emattressoutlet.com\/es\/producto\/five-5ided-icetech-mattress-protector\/\" \/>\n<meta property=\"og:site_name\" content=\"MyBambu.eMattressOutlet.com | Best Prices-Top Brands-Fast and Free Delivery\" \/>\n<meta property=\"article:publisher\" content=\"https:\/\/www.facebook.com\/people\/Emattress-Outlet\/61559474578674\/\" \/>\n<meta property=\"article:modified_time\" content=\"2024-10-18T13:15:09+00:00\" \/>\n<meta property=\"og:image\" content=\"https:\/\/mybambu.emattressoutlet.com\/wp-content\/uploads\/2024\/04\/Five-5ided-IceTech-Mattress-Protector-01.webp\" \/>\n\t<meta property=\"og:image:width\" content=\"2000\" \/>\n\t<meta property=\"og:image:height\" content=\"1000\" \/>\n\t<meta property=\"og:image:type\" content=\"image\/webp\" \/>\n<meta name=\"twitter:card\" content=\"summary_large_image\" \/>\n<meta name=\"twitter:site\" content=\"@eMattressOutlet\" \/>\n<meta name=\"twitter:label1\" content=\"Tiempo de lectura\" \/>\n\t<meta name=\"twitter:data1\" content=\"1 minuto\" \/>\n<script type=\"application\/ld+json\" class=\"yoast-schema-graph\">{\"@context\":\"https:\/\/schema.org\",\"@graph\":[{\"@type\":\"WebPage\",\"@id\":\"https:\/\/mybambu.emattressoutlet.com\/product\/five-5ided-icetech-mattress-protector\/\",\"url\":\"https:\/\/mybambu.emattressoutlet.com\/product\/five-5ided-icetech-mattress-protector\/\",\"name\":\"Five 5ided\u00ae IceTech\u2122 Mattress Protector - MyBambu.eMattressOutlet.com | Best Prices-Top Brands-Fast and Free Delivery\",\"isPartOf\":{\"@id\":\"https:\/\/mybambu.emattressoutlet.com\/#website\"},\"primaryImageOfPage\":{\"@id\":\"https:\/\/mybambu.emattressoutlet.com\/product\/five-5ided-icetech-mattress-protector\/#primaryimage\"},\"image\":{\"@id\":\"https:\/\/mybambu.emattressoutlet.com\/product\/five-5ided-icetech-mattress-protector\/#primaryimage\"},\"thumbnailUrl\":\"https:\/\/mybambu.emattressoutlet.com\/wp-content\/uploads\/2024\/04\/Five-5ided-IceTech-Mattress-Protector-01.webp\",\"datePublished\":\"2024-04-12T14:58:41+00:00\",\"dateModified\":\"2024-10-18T13:15:09+00:00\",\"breadcrumb\":{\"@id\":\"https:\/\/mybambu.emattressoutlet.com\/product\/five-5ided-icetech-mattress-protector\/#breadcrumb\"},\"inLanguage\":\"es\",\"potentialAction\":[{\"@type\":\"ReadAction\",\"target\":[\"https:\/\/mybambu.emattressoutlet.com\/product\/five-5ided-icetech-mattress-protector\/\"]}]},{\"@type\":\"ImageObject\",\"inLanguage\":\"es\",\"@id\":\"https:\/\/mybambu.emattressoutlet.com\/product\/five-5ided-icetech-mattress-protector\/#primaryimage\",\"url\":\"https:\/\/mybambu.emattressoutlet.com\/wp-content\/uploads\/2024\/04\/Five-5ided-IceTech-Mattress-Protector-01.webp\",\"contentUrl\":\"https:\/\/mybambu.emattressoutlet.com\/wp-content\/uploads\/2024\/04\/Five-5ided-IceTech-Mattress-Protector-01.webp\",\"width\":2000,\"height\":1000},{\"@type\":\"BreadcrumbList\",\"@id\":\"https:\/\/mybambu.emattressoutlet.com\/product\/five-5ided-icetech-mattress-protector\/#breadcrumb\",\"itemListElement\":[{\"@type\":\"ListItem\",\"position\":1,\"name\":\"Home\",\"item\":\"https:\/\/mybambu.emattressoutlet.com\/\"},{\"@type\":\"ListItem\",\"position\":2,\"name\":\"Shop\",\"item\":\"https:\/\/mybambu.emattressoutlet.com\/shop\/\"},{\"@type\":\"ListItem\",\"position\":3,\"name\":\"Five 5ided\u00ae IceTech\u2122 Mattress Protector\"}]},{\"@type\":\"WebSite\",\"@id\":\"https:\/\/mybambu.emattressoutlet.com\/#website\",\"url\":\"https:\/\/mybambu.emattressoutlet.com\/\",\"name\":\"MyBambu.eMattressOutlet.com | Best Prices-Top Brands-Fast and Free Delivery\",\"description\":\"MyBambu.eMattressOutlet.com has the best sales on mattresses, beds, adjustable bases, bedding and more from top brands.\",\"publisher\":{\"@id\":\"https:\/\/mybambu.emattressoutlet.com\/#organization\"},\"potentialAction\":[{\"@type\":\"SearchAction\",\"target\":{\"@type\":\"EntryPoint\",\"urlTemplate\":\"https:\/\/mybambu.emattressoutlet.com\/?s={search_term_string}\"},\"query-input\":{\"@type\":\"PropertyValueSpecification\",\"valueRequired\":true,\"valueName\":\"search_term_string\"}}],\"inLanguage\":\"es\"},{\"@type\":\"Organization\",\"@id\":\"https:\/\/mybambu.emattressoutlet.com\/#organization\",\"name\":\"MyBambu.eMattressOutlet.com | Best Prices-Top Brands-Fast and Free Delivery\",\"url\":\"https:\/\/mybambu.emattressoutlet.com\/\",\"logo\":{\"@type\":\"ImageObject\",\"inLanguage\":\"es\",\"@id\":\"https:\/\/mybambu.emattressoutlet.com\/#\/schema\/logo\/image\/\",\"url\":\"https:\/\/mybambu.emattressoutlet.com\/wp-content\/uploads\/2024\/02\/Logo-eMatress-Blue.svg\",\"contentUrl\":\"https:\/\/mybambu.emattressoutlet.com\/wp-content\/uploads\/2024\/02\/Logo-eMatress-Blue.svg\",\"width\":393,\"height\":169,\"caption\":\"MyBambu.eMattressOutlet.com | Best Prices-Top Brands-Fast and Free Delivery\"},\"image\":{\"@id\":\"https:\/\/mybambu.emattressoutlet.com\/#\/schema\/logo\/image\/\"},\"sameAs\":[\"https:\/\/www.facebook.com\/people\/Emattress-Outlet\/61559474578674\/\",\"https:\/\/x.com\/eMattressOutlet\",\"https:\/\/www.instagram.com\/emattressoutlet\/\",\"https:\/\/www.linkedin.com\/company\/emattress-outlet\/\"]}]}<\/script>\n<!-- \/ Yoast SEO plugin. -->","yoast_head_json":{"title":"Five 5ided\u00ae IceTech\u2122 Mattress Protector - MyBambu.eMattressOutlet.com | Best Prices-Top Brands-Fast and Free Delivery","robots":{"index":"noindex","follow":"follow","max-snippet":"max-snippet:-1","max-image-preview":"max-image-preview:large","max-video-preview":"max-video-preview:-1"},"og_locale":"es_MX","og_type":"article","og_title":"Five 5ided\u00ae IceTech\u2122 Mattress Protector - MyBambu.eMattressOutlet.com | Best Prices-Top Brands-Fast and Free Delivery","og_description":"The Five 5ided\u00ae IceTech\u2122 Mattress Protector offers reliable waterproof protection and cooling technology. Innovative IceTech\u2122 fabric continually dissipates body heat for a comfortable sleep climate. The lab-certified H2Pro\u00ae barrier protects the top and sides of mattresses from fluids, stains, dust mites and allergens while allowing air to permeate for comfortable breathability. Fitted protector has a Universal Fit\u2122 design with deep pockets and a premium 1.5\" elastic in the skirt hem for a smooth, secure fit on mattress depths from 6\" to 22\".","og_url":"https:\/\/mybambu.emattressoutlet.com\/es\/producto\/five-5ided-icetech-mattress-protector\/","og_site_name":"MyBambu.eMattressOutlet.com | Best Prices-Top Brands-Fast and Free Delivery","article_publisher":"https:\/\/www.facebook.com\/people\/Emattress-Outlet\/61559474578674\/","article_modified_time":"2024-10-18T13:15:09+00:00","og_image":[{"width":2000,"height":1000,"url":"https:\/\/mybambu.emattressoutlet.com\/wp-content\/uploads\/2024\/04\/Five-5ided-IceTech-Mattress-Protector-01.webp","type":"image\/webp"}],"twitter_card":"summary_large_image","twitter_site":"@eMattressOutlet","twitter_misc":{"Tiempo de lectura":"1 minuto"},"schema":{"@context":"https:\/\/schema.org","@graph":[{"@type":"WebPage","@id":"https:\/\/mybambu.emattressoutlet.com\/product\/five-5ided-icetech-mattress-protector\/","url":"https:\/\/mybambu.emattressoutlet.com\/product\/five-5ided-icetech-mattress-protector\/","name":"Five 5ided\u00ae IceTech\u2122 Mattress Protector - MyBambu.eMattressOutlet.com | Best Prices-Top Brands-Fast and Free Delivery","isPartOf":{"@id":"https:\/\/mybambu.emattressoutlet.com\/#website"},"primaryImageOfPage":{"@id":"https:\/\/mybambu.emattressoutlet.com\/product\/five-5ided-icetech-mattress-protector\/#primaryimage"},"image":{"@id":"https:\/\/mybambu.emattressoutlet.com\/product\/five-5ided-icetech-mattress-protector\/#primaryimage"},"thumbnailUrl":"https:\/\/mybambu.emattressoutlet.com\/wp-content\/uploads\/2024\/04\/Five-5ided-IceTech-Mattress-Protector-01.webp","datePublished":"2024-04-12T14:58:41+00:00","dateModified":"2024-10-18T13:15:09+00:00","breadcrumb":{"@id":"https:\/\/mybambu.emattressoutlet.com\/product\/five-5ided-icetech-mattress-protector\/#breadcrumb"},"inLanguage":"es","potentialAction":[{"@type":"ReadAction","target":["https:\/\/mybambu.emattressoutlet.com\/product\/five-5ided-icetech-mattress-protector\/"]}]},{"@type":"ImageObject","inLanguage":"es","@id":"https:\/\/mybambu.emattressoutlet.com\/product\/five-5ided-icetech-mattress-protector\/#primaryimage","url":"https:\/\/mybambu.emattressoutlet.com\/wp-content\/uploads\/2024\/04\/Five-5ided-IceTech-Mattress-Protector-01.webp","contentUrl":"https:\/\/mybambu.emattressoutlet.com\/wp-content\/uploads\/2024\/04\/Five-5ided-IceTech-Mattress-Protector-01.webp","width":2000,"height":1000},{"@type":"BreadcrumbList","@id":"https:\/\/mybambu.emattressoutlet.com\/product\/five-5ided-icetech-mattress-protector\/#breadcrumb","itemListElement":[{"@type":"ListItem","position":1,"name":"Home","item":"https:\/\/mybambu.emattressoutlet.com\/"},{"@type":"ListItem","position":2,"name":"Shop","item":"https:\/\/mybambu.emattressoutlet.com\/shop\/"},{"@type":"ListItem","position":3,"name":"Five 5ided\u00ae IceTech\u2122 Mattress Protector"}]},{"@type":"WebSite","@id":"https:\/\/mybambu.emattressoutlet.com\/#website","url":"https:\/\/mybambu.emattressoutlet.com\/","name":"MyBambu.eMattressOutlet.com | Best Prices-Top Brands-Fast and Free Delivery","description":"MyBambu.eMattressOutlet.com has the best sales on mattresses, beds, adjustable bases, bedding and more from top brands.","publisher":{"@id":"https:\/\/mybambu.emattressoutlet.com\/#organization"},"potentialAction":[{"@type":"SearchAction","target":{"@type":"EntryPoint","urlTemplate":"https:\/\/mybambu.emattressoutlet.com\/?s={search_term_string}"},"query-input":{"@type":"PropertyValueSpecification","valueRequired":true,"valueName":"search_term_string"}}],"inLanguage":"es"},{"@type":"Organization","@id":"https:\/\/mybambu.emattressoutlet.com\/#organization","name":"MyBambu.eMattressOutlet.com | Best Prices-Top Brands-Fast and Free Delivery","url":"https:\/\/mybambu.emattressoutlet.com\/","logo":{"@type":"ImageObject","inLanguage":"es","@id":"https:\/\/mybambu.emattressoutlet.com\/#\/schema\/logo\/image\/","url":"https:\/\/mybambu.emattressoutlet.com\/wp-content\/uploads\/2024\/02\/Logo-eMatress-Blue.svg","contentUrl":"https:\/\/mybambu.emattressoutlet.com\/wp-content\/uploads\/2024\/02\/Logo-eMatress-Blue.svg","width":393,"height":169,"caption":"MyBambu.eMattressOutlet.com | Best Prices-Top Brands-Fast and Free Delivery"},"image":{"@id":"https:\/\/mybambu.emattressoutlet.com\/#\/schema\/logo\/image\/"},"sameAs":["https:\/\/www.facebook.com\/people\/Emattress-Outlet\/61559474578674\/","https:\/\/x.com\/eMattressOutlet","https:\/\/www.instagram.com\/emattressoutlet\/","https:\/\/www.linkedin.com\/company\/emattress-outlet\/"]}]}},"brands":[{"id":62,"name":"Malouf","slug":"malouf"}],"_links":{"self":[{"href":"https:\/\/mybambu.emattressoutlet.com\/es\/wp-json\/wp\/v2\/product\/6808","targetHints":{"allow":["GET"]}}],"collection":[{"href":"https:\/\/mybambu.emattressoutlet.com\/es\/wp-json\/wp\/v2\/product"}],"about":[{"href":"https:\/\/mybambu.emattressoutlet.com\/es\/wp-json\/wp\/v2\/types\/product"}],"replies":[{"embeddable":true,"href":"https:\/\/mybambu.emattressoutlet.com\/es\/wp-json\/wp\/v2\/comments?post=6808"}],"version-history":[{"count":3,"href":"https:\/\/mybambu.emattressoutlet.com\/es\/wp-json\/wp\/v2\/product\/6808\/revisions"}],"predecessor-version":[{"id":7401,"href":"https:\/\/mybambu.emattressoutlet.com\/es\/wp-json\/wp\/v2\/product\/6808\/revisions\/7401"}],"wp:featuredmedia":[{"embeddable":true,"href":"https:\/\/mybambu.emattressoutlet.com\/es\/wp-json\/wp\/v2\/media\/17375"}],"wp:attachment":[{"href":"https:\/\/mybambu.emattressoutlet.com\/es\/wp-json\/wp\/v2\/media?parent=6808"}],"wp:term":[{"taxonomy":"pwb-brand","embeddable":true,"href":"https:\/\/mybambu.emattressoutlet.com\/es\/wp-json\/wp\/v2\/pwb-brand?post=6808"},{"taxonomy":"product_brand","embeddable":true,"href":"https:\/\/mybambu.emattressoutlet.com\/es\/wp-json\/wp\/v2\/product_brand?post=6808"},{"taxonomy":"product_cat","embeddable":true,"href":"https:\/\/mybambu.emattressoutlet.com\/es\/wp-json\/wp\/v2\/product_cat?post=6808"},{"taxonomy":"product_tag","embeddable":true,"href":"https:\/\/mybambu.emattressoutlet.com\/es\/wp-json\/wp\/v2\/product_tag?post=6808"}],"curies":[{"name":"wp","href":"https:\/\/api.w.org\/{rel}","templated":true}]}}