{"id":6805,"date":"2024-04-12T09:58:40","date_gmt":"2024-04-12T14:58:40","guid":{"rendered":"https:\/\/www.emattressoutlet.com\/?post_type=product&#038;p=6805"},"modified":"2025-09-09T22:53:27","modified_gmt":"2025-09-10T03:53:27","slug":"pr1me-smooth-pillow-protector","status":"publish","type":"product","link":"https:\/\/mybambu.emattressoutlet.com\/es\/producto\/pr1me-smooth-pillow-protector\/","title":{"rendered":"Protector de Colch\u00f3n PR1ME\u00ae Smooth"},"content":{"rendered":"<ul>\n<li style=\"text-align: justify;\">Incluye DOS protectores de almohada con cierre de cremallera; se adapta universalmente a todas las profundidades de almohada.<\/li>\n<li>Barrera 100% impermeable.<\/li>\n<li>La membrana H2PRO\u00ae certificada en laboratorio permite el paso del aire pero repele los l\u00edquidos.<\/li>\n<li>Incluye dos protectores de almohada con cierre de cremallera.<\/li>\n<li>Se adapta a todas las profundidades de almohada.<\/li>\n<li>La superficie de poli\u00e9ster hipoalerg\u00e9nica, transpirable y suave es silenciosa, no cambiar\u00e1 la sensaci\u00f3n de su almohada y absorbe la humedad de forma natural.<\/li>\n<li>Ideal para personas con asma, eczema y alergias: libre de vinilo, PVC y ftalatos.<\/li>\n<\/ul>","protected":false},"excerpt":{"rendered":"<p>El protector de almohada Pr1me\u00ae Smooth lo protege a usted y a su almohada con una capa 100 % impermeable que lo protege contra todos los derrames de l\u00edquidos. La tela suave y lisa est\u00e1 respaldada por una membrana de poliuretano transpirable que permite que el aire pase mientras bloquea eficazmente los l\u00edquidos, los \u00e1caros del polvo y los al\u00e9rgenos. Con un dise\u00f1o de funda de almohada y un extremo con cierre, este protector se coloca f\u00e1cilmente y se ajusta sin moverse ni amontonarse. Se puede quitar f\u00e1cilmente y lavar a m\u00e1quina para mantener su entorno de sue\u00f1o limpio y fresco. Lo mejor de todo es que el protector SLEEP TITE PR1ME\u00ae Smooth es m\u00e1s fresco y silencioso, lo que le brinda protecci\u00f3n completa sin cambiar la sensaci\u00f3n de su almohada.<\/p>","protected":false},"featured_media":15436,"comment_status":"open","ping_status":"closed","template":"","meta":{"inline_featured_image":false,"iawp_total_views":9},"pwb-brand":[62],"product_brand":[],"product_cat":[36,70],"product_tag":[175,177],"class_list":{"0":"post-6805","1":"product","2":"type-product","3":"status-publish","4":"has-post-thumbnail","6":"pwb-brand-malouf","7":"product_cat-bedding","8":"product_cat-mattress-and-pillow-protectors","9":"product_tag-flash-sale","10":"product_tag-small-parcel","11":"product_shipping_class-fedes-loadup","13":"first","14":"instock","15":"sale","16":"taxable","17":"shipping-taxable","18":"purchasable","19":"product-type-variable"},"supplier_id":null,"supplier_sku":"","barcode":null,"atum_controlled":true,"out_stock_date":null,"out_stock_threshold":null,"inheritable":true,"inbound_stock":null,"stock_on_hold":0,"sold_today":0,"sales_last_days":0,"reserved_stock":null,"customer_returns":null,"warehouse_damage":null,"lost_in_post":null,"other_logs":null,"out_stock_days":null,"lost_sales":0,"has_location":false,"update_date":"2026-02-16T21:06:13","atum_locations":[],"atum_stock_status":"instock","restock_status":false,"low_stock_amount":"","sales_update_date":null,"calc_backorders":null,"yoast_head":"<!-- This site is optimized with the Yoast SEO plugin v26.1.1 - https:\/\/yoast.com\/wordpress\/plugins\/seo\/ -->\n<title>PR1ME\u00ae Smooth Pillow Protector - MyBambu.eMattressOutlet.com | Best Prices-Top Brands-Fast and Free Delivery<\/title>\n<meta name=\"robots\" content=\"noindex, follow, max-snippet:-1, max-image-preview:large, max-video-preview:-1\" \/>\n<meta property=\"og:locale\" content=\"es_MX\" \/>\n<meta property=\"og:type\" content=\"article\" \/>\n<meta property=\"og:title\" content=\"PR1ME\u00ae Smooth Pillow Protector - MyBambu.eMattressOutlet.com | Best Prices-Top Brands-Fast and Free Delivery\" \/>\n<meta property=\"og:description\" content=\"The Pr1me\u00ae Smooth Pillow Protector protects you and your pillow with a 100% waterproof layer that guards against all liquid spills. Soft, smooth fabric is backed by a breathable polyurethane membrane that allows airs to pass while effectively blocKing fluids, dust mites and allergens. With a pillowcase design and zippered end, this protector goes on easily and fits without shifting or bunching. It can be easily removed and machine washed to keep your sleep environment clean and fresh. Best of all, the SLEEP TITE PR1ME\u00ae Smooth protector is cooler and quieter, giving you complete protection without changing the feel of your pillow.\" \/>\n<meta property=\"og:url\" content=\"https:\/\/mybambu.emattressoutlet.com\/es\/producto\/pr1me-smooth-pillow-protector\/\" \/>\n<meta property=\"og:site_name\" content=\"MyBambu.eMattressOutlet.com | Best Prices-Top Brands-Fast and Free Delivery\" \/>\n<meta property=\"article:publisher\" content=\"https:\/\/www.facebook.com\/people\/Emattress-Outlet\/61559474578674\/\" \/>\n<meta property=\"article:modified_time\" content=\"2025-09-10T03:53:27+00:00\" \/>\n<meta property=\"og:image\" content=\"https:\/\/mybambu.emattressoutlet.com\/wp-content\/uploads\/2024\/04\/PR1ME-Smooth-Pillow-Protector-01.jpg\" \/>\n\t<meta property=\"og:image:width\" content=\"2000\" \/>\n\t<meta property=\"og:image:height\" content=\"1000\" \/>\n\t<meta property=\"og:image:type\" content=\"image\/jpeg\" \/>\n<meta name=\"twitter:card\" content=\"summary_large_image\" \/>\n<meta name=\"twitter:site\" content=\"@eMattressOutlet\" \/>\n<script type=\"application\/ld+json\" class=\"yoast-schema-graph\">{\"@context\":\"https:\/\/schema.org\",\"@graph\":[{\"@type\":\"WebPage\",\"@id\":\"https:\/\/mybambu.emattressoutlet.com\/product\/pr1me-smooth-pillow-protector\/\",\"url\":\"https:\/\/mybambu.emattressoutlet.com\/product\/pr1me-smooth-pillow-protector\/\",\"name\":\"PR1ME\u00ae Smooth Pillow Protector - MyBambu.eMattressOutlet.com | Best Prices-Top Brands-Fast and Free Delivery\",\"isPartOf\":{\"@id\":\"https:\/\/mybambu.emattressoutlet.com\/#website\"},\"primaryImageOfPage\":{\"@id\":\"https:\/\/mybambu.emattressoutlet.com\/product\/pr1me-smooth-pillow-protector\/#primaryimage\"},\"image\":{\"@id\":\"https:\/\/mybambu.emattressoutlet.com\/product\/pr1me-smooth-pillow-protector\/#primaryimage\"},\"thumbnailUrl\":\"https:\/\/mybambu.emattressoutlet.com\/wp-content\/uploads\/2024\/04\/PR1ME-Smooth-Pillow-Protector-01.jpg\",\"datePublished\":\"2024-04-12T14:58:40+00:00\",\"dateModified\":\"2025-09-10T03:53:27+00:00\",\"breadcrumb\":{\"@id\":\"https:\/\/mybambu.emattressoutlet.com\/product\/pr1me-smooth-pillow-protector\/#breadcrumb\"},\"inLanguage\":\"es\",\"potentialAction\":[{\"@type\":\"ReadAction\",\"target\":[\"https:\/\/mybambu.emattressoutlet.com\/product\/pr1me-smooth-pillow-protector\/\"]}]},{\"@type\":\"ImageObject\",\"inLanguage\":\"es\",\"@id\":\"https:\/\/mybambu.emattressoutlet.com\/product\/pr1me-smooth-pillow-protector\/#primaryimage\",\"url\":\"https:\/\/mybambu.emattressoutlet.com\/wp-content\/uploads\/2024\/04\/PR1ME-Smooth-Pillow-Protector-01.jpg\",\"contentUrl\":\"https:\/\/mybambu.emattressoutlet.com\/wp-content\/uploads\/2024\/04\/PR1ME-Smooth-Pillow-Protector-01.jpg\",\"width\":2000,\"height\":1000},{\"@type\":\"BreadcrumbList\",\"@id\":\"https:\/\/mybambu.emattressoutlet.com\/product\/pr1me-smooth-pillow-protector\/#breadcrumb\",\"itemListElement\":[{\"@type\":\"ListItem\",\"position\":1,\"name\":\"Home\",\"item\":\"https:\/\/mybambu.emattressoutlet.com\/\"},{\"@type\":\"ListItem\",\"position\":2,\"name\":\"Shop\",\"item\":\"https:\/\/mybambu.emattressoutlet.com\/shop\/\"},{\"@type\":\"ListItem\",\"position\":3,\"name\":\"PR1ME\u00ae Smooth Pillow Protector\"}]},{\"@type\":\"WebSite\",\"@id\":\"https:\/\/mybambu.emattressoutlet.com\/#website\",\"url\":\"https:\/\/mybambu.emattressoutlet.com\/\",\"name\":\"MyBambu.eMattressOutlet.com | Best Prices-Top Brands-Fast and Free Delivery\",\"description\":\"MyBambu.eMattressOutlet.com has the best sales on mattresses, beds, adjustable bases, bedding and more from top brands.\",\"publisher\":{\"@id\":\"https:\/\/mybambu.emattressoutlet.com\/#organization\"},\"potentialAction\":[{\"@type\":\"SearchAction\",\"target\":{\"@type\":\"EntryPoint\",\"urlTemplate\":\"https:\/\/mybambu.emattressoutlet.com\/?s={search_term_string}\"},\"query-input\":{\"@type\":\"PropertyValueSpecification\",\"valueRequired\":true,\"valueName\":\"search_term_string\"}}],\"inLanguage\":\"es\"},{\"@type\":\"Organization\",\"@id\":\"https:\/\/mybambu.emattressoutlet.com\/#organization\",\"name\":\"MyBambu.eMattressOutlet.com | Best Prices-Top Brands-Fast and Free Delivery\",\"url\":\"https:\/\/mybambu.emattressoutlet.com\/\",\"logo\":{\"@type\":\"ImageObject\",\"inLanguage\":\"es\",\"@id\":\"https:\/\/mybambu.emattressoutlet.com\/#\/schema\/logo\/image\/\",\"url\":\"https:\/\/mybambu.emattressoutlet.com\/wp-content\/uploads\/2024\/02\/Logo-eMatress-Blue.svg\",\"contentUrl\":\"https:\/\/mybambu.emattressoutlet.com\/wp-content\/uploads\/2024\/02\/Logo-eMatress-Blue.svg\",\"width\":393,\"height\":169,\"caption\":\"MyBambu.eMattressOutlet.com | Best Prices-Top Brands-Fast and Free Delivery\"},\"image\":{\"@id\":\"https:\/\/mybambu.emattressoutlet.com\/#\/schema\/logo\/image\/\"},\"sameAs\":[\"https:\/\/www.facebook.com\/people\/Emattress-Outlet\/61559474578674\/\",\"https:\/\/x.com\/eMattressOutlet\",\"https:\/\/www.instagram.com\/emattressoutlet\/\",\"https:\/\/www.linkedin.com\/company\/emattress-outlet\/\"]}]}<\/script>\n<!-- \/ Yoast SEO plugin. -->","yoast_head_json":{"title":"PR1ME\u00ae Smooth Pillow Protector - MyBambu.eMattressOutlet.com | Best Prices-Top Brands-Fast and Free Delivery","robots":{"index":"noindex","follow":"follow","max-snippet":"max-snippet:-1","max-image-preview":"max-image-preview:large","max-video-preview":"max-video-preview:-1"},"og_locale":"es_MX","og_type":"article","og_title":"PR1ME\u00ae Smooth Pillow Protector - MyBambu.eMattressOutlet.com | Best Prices-Top Brands-Fast and Free Delivery","og_description":"The Pr1me\u00ae Smooth Pillow Protector protects you and your pillow with a 100% waterproof layer that guards against all liquid spills. Soft, smooth fabric is backed by a breathable polyurethane membrane that allows airs to pass while effectively blocKing fluids, dust mites and allergens. With a pillowcase design and zippered end, this protector goes on easily and fits without shifting or bunching. It can be easily removed and machine washed to keep your sleep environment clean and fresh. Best of all, the SLEEP TITE PR1ME\u00ae Smooth protector is cooler and quieter, giving you complete protection without changing the feel of your pillow.","og_url":"https:\/\/mybambu.emattressoutlet.com\/es\/producto\/pr1me-smooth-pillow-protector\/","og_site_name":"MyBambu.eMattressOutlet.com | Best Prices-Top Brands-Fast and Free Delivery","article_publisher":"https:\/\/www.facebook.com\/people\/Emattress-Outlet\/61559474578674\/","article_modified_time":"2025-09-10T03:53:27+00:00","og_image":[{"width":2000,"height":1000,"url":"https:\/\/mybambu.emattressoutlet.com\/wp-content\/uploads\/2024\/04\/PR1ME-Smooth-Pillow-Protector-01.jpg","type":"image\/jpeg"}],"twitter_card":"summary_large_image","twitter_site":"@eMattressOutlet","schema":{"@context":"https:\/\/schema.org","@graph":[{"@type":"WebPage","@id":"https:\/\/mybambu.emattressoutlet.com\/product\/pr1me-smooth-pillow-protector\/","url":"https:\/\/mybambu.emattressoutlet.com\/product\/pr1me-smooth-pillow-protector\/","name":"PR1ME\u00ae Smooth Pillow Protector - MyBambu.eMattressOutlet.com | Best Prices-Top Brands-Fast and Free Delivery","isPartOf":{"@id":"https:\/\/mybambu.emattressoutlet.com\/#website"},"primaryImageOfPage":{"@id":"https:\/\/mybambu.emattressoutlet.com\/product\/pr1me-smooth-pillow-protector\/#primaryimage"},"image":{"@id":"https:\/\/mybambu.emattressoutlet.com\/product\/pr1me-smooth-pillow-protector\/#primaryimage"},"thumbnailUrl":"https:\/\/mybambu.emattressoutlet.com\/wp-content\/uploads\/2024\/04\/PR1ME-Smooth-Pillow-Protector-01.jpg","datePublished":"2024-04-12T14:58:40+00:00","dateModified":"2025-09-10T03:53:27+00:00","breadcrumb":{"@id":"https:\/\/mybambu.emattressoutlet.com\/product\/pr1me-smooth-pillow-protector\/#breadcrumb"},"inLanguage":"es","potentialAction":[{"@type":"ReadAction","target":["https:\/\/mybambu.emattressoutlet.com\/product\/pr1me-smooth-pillow-protector\/"]}]},{"@type":"ImageObject","inLanguage":"es","@id":"https:\/\/mybambu.emattressoutlet.com\/product\/pr1me-smooth-pillow-protector\/#primaryimage","url":"https:\/\/mybambu.emattressoutlet.com\/wp-content\/uploads\/2024\/04\/PR1ME-Smooth-Pillow-Protector-01.jpg","contentUrl":"https:\/\/mybambu.emattressoutlet.com\/wp-content\/uploads\/2024\/04\/PR1ME-Smooth-Pillow-Protector-01.jpg","width":2000,"height":1000},{"@type":"BreadcrumbList","@id":"https:\/\/mybambu.emattressoutlet.com\/product\/pr1me-smooth-pillow-protector\/#breadcrumb","itemListElement":[{"@type":"ListItem","position":1,"name":"Home","item":"https:\/\/mybambu.emattressoutlet.com\/"},{"@type":"ListItem","position":2,"name":"Shop","item":"https:\/\/mybambu.emattressoutlet.com\/shop\/"},{"@type":"ListItem","position":3,"name":"PR1ME\u00ae Smooth Pillow Protector"}]},{"@type":"WebSite","@id":"https:\/\/mybambu.emattressoutlet.com\/#website","url":"https:\/\/mybambu.emattressoutlet.com\/","name":"MyBambu.eMattressOutlet.com | Best Prices-Top Brands-Fast and Free Delivery","description":"MyBambu.eMattressOutlet.com has the best sales on mattresses, beds, adjustable bases, bedding and more from top brands.","publisher":{"@id":"https:\/\/mybambu.emattressoutlet.com\/#organization"},"potentialAction":[{"@type":"SearchAction","target":{"@type":"EntryPoint","urlTemplate":"https:\/\/mybambu.emattressoutlet.com\/?s={search_term_string}"},"query-input":{"@type":"PropertyValueSpecification","valueRequired":true,"valueName":"search_term_string"}}],"inLanguage":"es"},{"@type":"Organization","@id":"https:\/\/mybambu.emattressoutlet.com\/#organization","name":"MyBambu.eMattressOutlet.com | Best Prices-Top Brands-Fast and Free Delivery","url":"https:\/\/mybambu.emattressoutlet.com\/","logo":{"@type":"ImageObject","inLanguage":"es","@id":"https:\/\/mybambu.emattressoutlet.com\/#\/schema\/logo\/image\/","url":"https:\/\/mybambu.emattressoutlet.com\/wp-content\/uploads\/2024\/02\/Logo-eMatress-Blue.svg","contentUrl":"https:\/\/mybambu.emattressoutlet.com\/wp-content\/uploads\/2024\/02\/Logo-eMatress-Blue.svg","width":393,"height":169,"caption":"MyBambu.eMattressOutlet.com | Best Prices-Top Brands-Fast and Free Delivery"},"image":{"@id":"https:\/\/mybambu.emattressoutlet.com\/#\/schema\/logo\/image\/"},"sameAs":["https:\/\/www.facebook.com\/people\/Emattress-Outlet\/61559474578674\/","https:\/\/x.com\/eMattressOutlet","https:\/\/www.instagram.com\/emattressoutlet\/","https:\/\/www.linkedin.com\/company\/emattress-outlet\/"]}]}},"brands":[{"id":62,"name":"Malouf","slug":"malouf"}],"_links":{"self":[{"href":"https:\/\/mybambu.emattressoutlet.com\/es\/wp-json\/wp\/v2\/product\/6805","targetHints":{"allow":["GET"]}}],"collection":[{"href":"https:\/\/mybambu.emattressoutlet.com\/es\/wp-json\/wp\/v2\/product"}],"about":[{"href":"https:\/\/mybambu.emattressoutlet.com\/es\/wp-json\/wp\/v2\/types\/product"}],"replies":[{"embeddable":true,"href":"https:\/\/mybambu.emattressoutlet.com\/es\/wp-json\/wp\/v2\/comments?post=6805"}],"version-history":[{"count":4,"href":"https:\/\/mybambu.emattressoutlet.com\/es\/wp-json\/wp\/v2\/product\/6805\/revisions"}],"predecessor-version":[{"id":7404,"href":"https:\/\/mybambu.emattressoutlet.com\/es\/wp-json\/wp\/v2\/product\/6805\/revisions\/7404"}],"wp:featuredmedia":[{"embeddable":true,"href":"https:\/\/mybambu.emattressoutlet.com\/es\/wp-json\/wp\/v2\/media\/15436"}],"wp:attachment":[{"href":"https:\/\/mybambu.emattressoutlet.com\/es\/wp-json\/wp\/v2\/media?parent=6805"}],"wp:term":[{"taxonomy":"pwb-brand","embeddable":true,"href":"https:\/\/mybambu.emattressoutlet.com\/es\/wp-json\/wp\/v2\/pwb-brand?post=6805"},{"taxonomy":"product_brand","embeddable":true,"href":"https:\/\/mybambu.emattressoutlet.com\/es\/wp-json\/wp\/v2\/product_brand?post=6805"},{"taxonomy":"product_cat","embeddable":true,"href":"https:\/\/mybambu.emattressoutlet.com\/es\/wp-json\/wp\/v2\/product_cat?post=6805"},{"taxonomy":"product_tag","embeddable":true,"href":"https:\/\/mybambu.emattressoutlet.com\/es\/wp-json\/wp\/v2\/product_tag?post=6805"}],"curies":[{"name":"wp","href":"https:\/\/api.w.org\/{rel}","templated":true}]}}