{"id":6735,"date":"2024-04-12T09:58:17","date_gmt":"2024-04-12T14:58:17","guid":{"rendered":"https:\/\/www.emattressoutlet.com\/?post_type=product&#038;p=6735"},"modified":"2025-09-09T22:02:22","modified_gmt":"2025-09-10T03:02:22","slug":"zoned-dough-cbd-oil-pillow","status":"publish","type":"product","link":"https:\/\/mybambu.emattressoutlet.com\/es\/producto\/zoned-dough-cbd-oil-pillow\/","title":{"rendered":"Zoned Dough\u2122 + CBD Oil Pillow"},"content":{"rendered":"<ul>\n<li style=\"text-align: justify;\">Incluye rociador de aceite de CBD de cultivo org\u00e1nico.<\/li>\n<li>Funda de algod\u00f3n 100% natural.<\/li>\n<li>Con una infusi\u00f3n de CBD y un relajante aroma a salvia.<\/li>\n<li>La espuma viscoel\u00e1stica Dough\u00ae es m\u00e1s suave y brinda mayor apoyo.<\/li>\n<li>La infusi\u00f3n pura de CBD puede ayudar a calmar los sentidos y promover un sue\u00f1o m\u00e1s profundo y reparador; Incluye 4 ml de rociador de aceite de CBD puro de cultivo org\u00e1nico para rociar sobre la funda de la almohada.<\/li>\n<li>El dise\u00f1o Zoned Technology\u00ae acuna la cabeza mientras sostiene el cuello.<\/li>\n<li>Ventilado para mayor flujo de aire y transpirabilidad.<\/li>\n<li>La garant\u00eda de 5 a\u00f1os garantiza una construcci\u00f3n de alta calidad.<\/li>\n<\/ul>","protected":false},"excerpt":{"rendered":"<p>El CBD puede ayudar a controlar la inquietud, el dolor y el estr\u00e9s, todos los cuales afectan la calidad del sue\u00f1o. Al abordar una de esas causas fundamentales, el CBD puede mejorar su sue\u00f1o. Cada almohada de nuestra l\u00ednea de CBD incluye una infusi\u00f3n de CBD y un relajante aroma a salvia, un refrescante rociador de CBD y una funda de algod\u00f3n natural.<br \/>\nEl CBD se infunde en nuestra Zoned Dough\u2122, nuestra espuma viscoel\u00e1stica premium, y se combina con nuestra exclusiva tecnolog\u00eda de zonificaci\u00f3n. Tiene m\u00e1s capacidad de respuesta, brinda un apoyo excepcional y alivia el dolor y los puntos de presi\u00f3n en la cabeza y el cuello. Luego, nuestro equipo de desarrollo de productos identific\u00f3 un aroma calmante de Clary Sage que se combinar\u00eda con CBD para una noche de sue\u00f1o reparador de m\u00faltiples capas. Para realzar los efectos calmantes de la infusi\u00f3n, hemos incluido un spritzer con CBD cultivado org\u00e1nicamente en nuestra granja en Denver, CO.<\/p>","protected":false},"featured_media":17271,"comment_status":"open","ping_status":"closed","template":"","meta":{"inline_featured_image":false,"iawp_total_views":33},"pwb-brand":[62],"product_brand":[],"product_cat":[36,72],"product_tag":[175,177],"class_list":{"0":"post-6735","1":"product","2":"type-product","3":"status-publish","4":"has-post-thumbnail","6":"pwb-brand-malouf","7":"product_cat-bedding","8":"product_cat-pillows","9":"product_tag-flash-sale","10":"product_tag-small-parcel","11":"product_shipping_class-fedes-loadup","13":"first","14":"instock","15":"sale","16":"taxable","17":"shipping-taxable","18":"purchasable","19":"product-type-variable","20":"has-default-attributes"},"supplier_id":null,"supplier_sku":"","barcode":null,"atum_controlled":true,"out_stock_date":null,"out_stock_threshold":null,"inheritable":true,"inbound_stock":null,"stock_on_hold":0,"sold_today":0,"sales_last_days":0,"reserved_stock":null,"customer_returns":null,"warehouse_damage":null,"lost_in_post":null,"other_logs":null,"out_stock_days":null,"lost_sales":0,"has_location":false,"update_date":"2025-10-16T22:33:41","atum_locations":[],"atum_stock_status":"instock","restock_status":false,"low_stock_amount":"","sales_update_date":null,"calc_backorders":null,"yoast_head":"<!-- This site is optimized with the Yoast SEO plugin v26.1.1 - https:\/\/yoast.com\/wordpress\/plugins\/seo\/ -->\n<title>Zoned Dough\u2122 + CBD Oil Pillow - MyBambu.eMattressOutlet.com | Best Prices-Top Brands-Fast and Free Delivery<\/title>\n<meta name=\"robots\" content=\"noindex, follow, max-snippet:-1, max-image-preview:large, max-video-preview:-1\" \/>\n<meta property=\"og:locale\" content=\"es_MX\" \/>\n<meta property=\"og:type\" content=\"article\" \/>\n<meta property=\"og:title\" content=\"Zoned Dough\u2122 + CBD Oil Pillow - MyBambu.eMattressOutlet.com | Best Prices-Top Brands-Fast and Free Delivery\" \/>\n<meta property=\"og:description\" content=\"CBD may help manage restlessness, pain, and stress\u2014which all affect your quality of sleep. By addressing one of those root causes, CBD can improve your sleep. Each pillow in our CBD line includes a CBD infusion and a soothing sage scent, a refreshing CBD spritzer, and a natural cotton cover. CBD is infused into our Zoned Dough\u2122, our premium memory foam, and combined with our unique zoning technology. It\u2019s more responsive, exceptionally supportive, and relieves pain and pressure points on the head and neck. Then, our product development team identified a calming Clary Sage scent would pair with CBD for a multilayered restorative night\u2019s sleep. To heighten the soothing effects of the infusion, we\u2019ve included a spritzer featuring organically grown CBD from our farm in Denver, CO.\" \/>\n<meta property=\"og:url\" content=\"https:\/\/mybambu.emattressoutlet.com\/es\/producto\/zoned-dough-cbd-oil-pillow\/\" \/>\n<meta property=\"og:site_name\" content=\"MyBambu.eMattressOutlet.com | Best Prices-Top Brands-Fast and Free Delivery\" \/>\n<meta property=\"article:publisher\" content=\"https:\/\/www.facebook.com\/people\/Emattress-Outlet\/61559474578674\/\" \/>\n<meta property=\"article:modified_time\" content=\"2025-09-10T03:02:22+00:00\" \/>\n<meta property=\"og:image\" content=\"https:\/\/mybambu.emattressoutlet.com\/wp-content\/uploads\/2024\/04\/Zoned-Dough-CBD-Oil-Pillow-01.webp\" \/>\n\t<meta property=\"og:image:width\" content=\"2000\" \/>\n\t<meta property=\"og:image:height\" content=\"1000\" \/>\n\t<meta property=\"og:image:type\" content=\"image\/webp\" \/>\n<meta name=\"twitter:card\" content=\"summary_large_image\" \/>\n<meta name=\"twitter:site\" content=\"@eMattressOutlet\" \/>\n<script type=\"application\/ld+json\" class=\"yoast-schema-graph\">{\"@context\":\"https:\/\/schema.org\",\"@graph\":[{\"@type\":\"WebPage\",\"@id\":\"https:\/\/mybambu.emattressoutlet.com\/product\/zoned-dough-cbd-oil-pillow\/\",\"url\":\"https:\/\/mybambu.emattressoutlet.com\/product\/zoned-dough-cbd-oil-pillow\/\",\"name\":\"Zoned Dough\u2122 + CBD Oil Pillow - MyBambu.eMattressOutlet.com | Best Prices-Top Brands-Fast and Free Delivery\",\"isPartOf\":{\"@id\":\"https:\/\/mybambu.emattressoutlet.com\/#website\"},\"primaryImageOfPage\":{\"@id\":\"https:\/\/mybambu.emattressoutlet.com\/product\/zoned-dough-cbd-oil-pillow\/#primaryimage\"},\"image\":{\"@id\":\"https:\/\/mybambu.emattressoutlet.com\/product\/zoned-dough-cbd-oil-pillow\/#primaryimage\"},\"thumbnailUrl\":\"https:\/\/mybambu.emattressoutlet.com\/wp-content\/uploads\/2024\/04\/Zoned-Dough-CBD-Oil-Pillow-01.webp\",\"datePublished\":\"2024-04-12T14:58:17+00:00\",\"dateModified\":\"2025-09-10T03:02:22+00:00\",\"breadcrumb\":{\"@id\":\"https:\/\/mybambu.emattressoutlet.com\/product\/zoned-dough-cbd-oil-pillow\/#breadcrumb\"},\"inLanguage\":\"es\",\"potentialAction\":[{\"@type\":\"ReadAction\",\"target\":[\"https:\/\/mybambu.emattressoutlet.com\/product\/zoned-dough-cbd-oil-pillow\/\"]}]},{\"@type\":\"ImageObject\",\"inLanguage\":\"es\",\"@id\":\"https:\/\/mybambu.emattressoutlet.com\/product\/zoned-dough-cbd-oil-pillow\/#primaryimage\",\"url\":\"https:\/\/mybambu.emattressoutlet.com\/wp-content\/uploads\/2024\/04\/Zoned-Dough-CBD-Oil-Pillow-01.webp\",\"contentUrl\":\"https:\/\/mybambu.emattressoutlet.com\/wp-content\/uploads\/2024\/04\/Zoned-Dough-CBD-Oil-Pillow-01.webp\",\"width\":2000,\"height\":1000},{\"@type\":\"BreadcrumbList\",\"@id\":\"https:\/\/mybambu.emattressoutlet.com\/product\/zoned-dough-cbd-oil-pillow\/#breadcrumb\",\"itemListElement\":[{\"@type\":\"ListItem\",\"position\":1,\"name\":\"Home\",\"item\":\"https:\/\/mybambu.emattressoutlet.com\/\"},{\"@type\":\"ListItem\",\"position\":2,\"name\":\"Shop\",\"item\":\"https:\/\/mybambu.emattressoutlet.com\/shop\/\"},{\"@type\":\"ListItem\",\"position\":3,\"name\":\"Zoned Dough\u2122 + CBD Oil Pillow\"}]},{\"@type\":\"WebSite\",\"@id\":\"https:\/\/mybambu.emattressoutlet.com\/#website\",\"url\":\"https:\/\/mybambu.emattressoutlet.com\/\",\"name\":\"MyBambu.eMattressOutlet.com | Best Prices-Top Brands-Fast and Free Delivery\",\"description\":\"MyBambu.eMattressOutlet.com has the best sales on mattresses, beds, adjustable bases, bedding and more from top brands.\",\"publisher\":{\"@id\":\"https:\/\/mybambu.emattressoutlet.com\/#organization\"},\"potentialAction\":[{\"@type\":\"SearchAction\",\"target\":{\"@type\":\"EntryPoint\",\"urlTemplate\":\"https:\/\/mybambu.emattressoutlet.com\/?s={search_term_string}\"},\"query-input\":{\"@type\":\"PropertyValueSpecification\",\"valueRequired\":true,\"valueName\":\"search_term_string\"}}],\"inLanguage\":\"es\"},{\"@type\":\"Organization\",\"@id\":\"https:\/\/mybambu.emattressoutlet.com\/#organization\",\"name\":\"MyBambu.eMattressOutlet.com | Best Prices-Top Brands-Fast and Free Delivery\",\"url\":\"https:\/\/mybambu.emattressoutlet.com\/\",\"logo\":{\"@type\":\"ImageObject\",\"inLanguage\":\"es\",\"@id\":\"https:\/\/mybambu.emattressoutlet.com\/#\/schema\/logo\/image\/\",\"url\":\"https:\/\/mybambu.emattressoutlet.com\/wp-content\/uploads\/2024\/02\/Logo-eMatress-Blue.svg\",\"contentUrl\":\"https:\/\/mybambu.emattressoutlet.com\/wp-content\/uploads\/2024\/02\/Logo-eMatress-Blue.svg\",\"width\":393,\"height\":169,\"caption\":\"MyBambu.eMattressOutlet.com | Best Prices-Top Brands-Fast and Free Delivery\"},\"image\":{\"@id\":\"https:\/\/mybambu.emattressoutlet.com\/#\/schema\/logo\/image\/\"},\"sameAs\":[\"https:\/\/www.facebook.com\/people\/Emattress-Outlet\/61559474578674\/\",\"https:\/\/x.com\/eMattressOutlet\",\"https:\/\/www.instagram.com\/emattressoutlet\/\",\"https:\/\/www.linkedin.com\/company\/emattress-outlet\/\"]}]}<\/script>\n<!-- \/ Yoast SEO plugin. -->","yoast_head_json":{"title":"Zoned Dough\u2122 + CBD Oil Pillow - MyBambu.eMattressOutlet.com | Best Prices-Top Brands-Fast and Free Delivery","robots":{"index":"noindex","follow":"follow","max-snippet":"max-snippet:-1","max-image-preview":"max-image-preview:large","max-video-preview":"max-video-preview:-1"},"og_locale":"es_MX","og_type":"article","og_title":"Zoned Dough\u2122 + CBD Oil Pillow - MyBambu.eMattressOutlet.com | Best Prices-Top Brands-Fast and Free Delivery","og_description":"CBD may help manage restlessness, pain, and stress\u2014which all affect your quality of sleep. By addressing one of those root causes, CBD can improve your sleep. Each pillow in our CBD line includes a CBD infusion and a soothing sage scent, a refreshing CBD spritzer, and a natural cotton cover. CBD is infused into our Zoned Dough\u2122, our premium memory foam, and combined with our unique zoning technology. It\u2019s more responsive, exceptionally supportive, and relieves pain and pressure points on the head and neck. Then, our product development team identified a calming Clary Sage scent would pair with CBD for a multilayered restorative night\u2019s sleep. To heighten the soothing effects of the infusion, we\u2019ve included a spritzer featuring organically grown CBD from our farm in Denver, CO.","og_url":"https:\/\/mybambu.emattressoutlet.com\/es\/producto\/zoned-dough-cbd-oil-pillow\/","og_site_name":"MyBambu.eMattressOutlet.com | Best Prices-Top Brands-Fast and Free Delivery","article_publisher":"https:\/\/www.facebook.com\/people\/Emattress-Outlet\/61559474578674\/","article_modified_time":"2025-09-10T03:02:22+00:00","og_image":[{"width":2000,"height":1000,"url":"https:\/\/mybambu.emattressoutlet.com\/wp-content\/uploads\/2024\/04\/Zoned-Dough-CBD-Oil-Pillow-01.webp","type":"image\/webp"}],"twitter_card":"summary_large_image","twitter_site":"@eMattressOutlet","schema":{"@context":"https:\/\/schema.org","@graph":[{"@type":"WebPage","@id":"https:\/\/mybambu.emattressoutlet.com\/product\/zoned-dough-cbd-oil-pillow\/","url":"https:\/\/mybambu.emattressoutlet.com\/product\/zoned-dough-cbd-oil-pillow\/","name":"Zoned Dough\u2122 + CBD Oil Pillow - MyBambu.eMattressOutlet.com | Best Prices-Top Brands-Fast and Free Delivery","isPartOf":{"@id":"https:\/\/mybambu.emattressoutlet.com\/#website"},"primaryImageOfPage":{"@id":"https:\/\/mybambu.emattressoutlet.com\/product\/zoned-dough-cbd-oil-pillow\/#primaryimage"},"image":{"@id":"https:\/\/mybambu.emattressoutlet.com\/product\/zoned-dough-cbd-oil-pillow\/#primaryimage"},"thumbnailUrl":"https:\/\/mybambu.emattressoutlet.com\/wp-content\/uploads\/2024\/04\/Zoned-Dough-CBD-Oil-Pillow-01.webp","datePublished":"2024-04-12T14:58:17+00:00","dateModified":"2025-09-10T03:02:22+00:00","breadcrumb":{"@id":"https:\/\/mybambu.emattressoutlet.com\/product\/zoned-dough-cbd-oil-pillow\/#breadcrumb"},"inLanguage":"es","potentialAction":[{"@type":"ReadAction","target":["https:\/\/mybambu.emattressoutlet.com\/product\/zoned-dough-cbd-oil-pillow\/"]}]},{"@type":"ImageObject","inLanguage":"es","@id":"https:\/\/mybambu.emattressoutlet.com\/product\/zoned-dough-cbd-oil-pillow\/#primaryimage","url":"https:\/\/mybambu.emattressoutlet.com\/wp-content\/uploads\/2024\/04\/Zoned-Dough-CBD-Oil-Pillow-01.webp","contentUrl":"https:\/\/mybambu.emattressoutlet.com\/wp-content\/uploads\/2024\/04\/Zoned-Dough-CBD-Oil-Pillow-01.webp","width":2000,"height":1000},{"@type":"BreadcrumbList","@id":"https:\/\/mybambu.emattressoutlet.com\/product\/zoned-dough-cbd-oil-pillow\/#breadcrumb","itemListElement":[{"@type":"ListItem","position":1,"name":"Home","item":"https:\/\/mybambu.emattressoutlet.com\/"},{"@type":"ListItem","position":2,"name":"Shop","item":"https:\/\/mybambu.emattressoutlet.com\/shop\/"},{"@type":"ListItem","position":3,"name":"Zoned Dough\u2122 + CBD Oil Pillow"}]},{"@type":"WebSite","@id":"https:\/\/mybambu.emattressoutlet.com\/#website","url":"https:\/\/mybambu.emattressoutlet.com\/","name":"MyBambu.eMattressOutlet.com | Best Prices-Top Brands-Fast and Free Delivery","description":"MyBambu.eMattressOutlet.com has the best sales on mattresses, beds, adjustable bases, bedding and more from top brands.","publisher":{"@id":"https:\/\/mybambu.emattressoutlet.com\/#organization"},"potentialAction":[{"@type":"SearchAction","target":{"@type":"EntryPoint","urlTemplate":"https:\/\/mybambu.emattressoutlet.com\/?s={search_term_string}"},"query-input":{"@type":"PropertyValueSpecification","valueRequired":true,"valueName":"search_term_string"}}],"inLanguage":"es"},{"@type":"Organization","@id":"https:\/\/mybambu.emattressoutlet.com\/#organization","name":"MyBambu.eMattressOutlet.com | Best Prices-Top Brands-Fast and Free Delivery","url":"https:\/\/mybambu.emattressoutlet.com\/","logo":{"@type":"ImageObject","inLanguage":"es","@id":"https:\/\/mybambu.emattressoutlet.com\/#\/schema\/logo\/image\/","url":"https:\/\/mybambu.emattressoutlet.com\/wp-content\/uploads\/2024\/02\/Logo-eMatress-Blue.svg","contentUrl":"https:\/\/mybambu.emattressoutlet.com\/wp-content\/uploads\/2024\/02\/Logo-eMatress-Blue.svg","width":393,"height":169,"caption":"MyBambu.eMattressOutlet.com | Best Prices-Top Brands-Fast and Free Delivery"},"image":{"@id":"https:\/\/mybambu.emattressoutlet.com\/#\/schema\/logo\/image\/"},"sameAs":["https:\/\/www.facebook.com\/people\/Emattress-Outlet\/61559474578674\/","https:\/\/x.com\/eMattressOutlet","https:\/\/www.instagram.com\/emattressoutlet\/","https:\/\/www.linkedin.com\/company\/emattress-outlet\/"]}]}},"brands":[{"id":62,"name":"Malouf","slug":"malouf"}],"_links":{"self":[{"href":"https:\/\/mybambu.emattressoutlet.com\/es\/wp-json\/wp\/v2\/product\/6735","targetHints":{"allow":["GET"]}}],"collection":[{"href":"https:\/\/mybambu.emattressoutlet.com\/es\/wp-json\/wp\/v2\/product"}],"about":[{"href":"https:\/\/mybambu.emattressoutlet.com\/es\/wp-json\/wp\/v2\/types\/product"}],"replies":[{"embeddable":true,"href":"https:\/\/mybambu.emattressoutlet.com\/es\/wp-json\/wp\/v2\/comments?post=6735"}],"version-history":[{"count":3,"href":"https:\/\/mybambu.emattressoutlet.com\/es\/wp-json\/wp\/v2\/product\/6735\/revisions"}],"predecessor-version":[{"id":7409,"href":"https:\/\/mybambu.emattressoutlet.com\/es\/wp-json\/wp\/v2\/product\/6735\/revisions\/7409"}],"wp:featuredmedia":[{"embeddable":true,"href":"https:\/\/mybambu.emattressoutlet.com\/es\/wp-json\/wp\/v2\/media\/17271"}],"wp:attachment":[{"href":"https:\/\/mybambu.emattressoutlet.com\/es\/wp-json\/wp\/v2\/media?parent=6735"}],"wp:term":[{"taxonomy":"pwb-brand","embeddable":true,"href":"https:\/\/mybambu.emattressoutlet.com\/es\/wp-json\/wp\/v2\/pwb-brand?post=6735"},{"taxonomy":"product_brand","embeddable":true,"href":"https:\/\/mybambu.emattressoutlet.com\/es\/wp-json\/wp\/v2\/product_brand?post=6735"},{"taxonomy":"product_cat","embeddable":true,"href":"https:\/\/mybambu.emattressoutlet.com\/es\/wp-json\/wp\/v2\/product_cat?post=6735"},{"taxonomy":"product_tag","embeddable":true,"href":"https:\/\/mybambu.emattressoutlet.com\/es\/wp-json\/wp\/v2\/product_tag?post=6735"}],"curies":[{"name":"wp","href":"https:\/\/api.w.org\/{rel}","templated":true}]}}