{"id":6575,"date":"2024-04-12T09:57:27","date_gmt":"2024-04-12T14:57:27","guid":{"rendered":"https:\/\/www.emattressoutlet.com\/?post_type=product&#038;p=6575"},"modified":"2025-09-09T23:06:56","modified_gmt":"2025-09-10T04:06:56","slug":"carboncool-lt-omniphase-pillow","status":"publish","type":"product","link":"https:\/\/mybambu.emattressoutlet.com\/es\/producto\/carboncool-lt-omniphase-pillow\/","title":{"rendered":"Almohada CarbonCool\u2122 LT + Omniphase\u00ae"},"content":{"rendered":"<ul>\n<li style=\"text-align: justify;\">La espuma con carbono aleja el calor del cuerpo.<\/li>\n<li>El material de cambio de fase OmniPhase\u00ae absorbe y disipa el calor<\/li>\n<li>Ventilado para mayor flujo de aire y transpirabilidad.<\/li>\n<li>La espuma viscoel\u00e1stica suave y de apoyo alivia los puntos de presi\u00f3n.<\/li>\n<li>La funda extra\u00edble de malla TENCEL\u00ae ayuda a mantener temperaturas \u00f3ptimas para dormir<\/li>\n<li>Una parte de la compra ayuda a combatir la explotaci\u00f3n sexual infantil<\/li>\n<li>La garant\u00eda de 5 a\u00f1os garantiza una construcci\u00f3n de alta calidad.<\/li>\n<\/ul>","protected":false},"excerpt":{"rendered":"<p>La tecnolog\u00eda de enfriamiento de almohadas m\u00e1s avanzada disponible, el material de cambio de fase Omniphase\u00ae, proporciona una regulaci\u00f3n continua de la temperatura con ventilaci\u00f3n para un flujo de aire superior. Las mol\u00e9culas de cambio de fase capturan y liberan calor seg\u00fan sea necesario para mantener la temperatura \u00f3ptima del sue\u00f1o durante toda la noche. Para mejorar las propiedades refrescantes, el carb\u00f3n activado infundido en la espuma crea una v\u00eda para filtrar el calor lejos de la cabeza, la cara y el cuello. Ahora puedes disfrutar de los beneficios de la espuma viscoel\u00e1stica para aliviar la presi\u00f3n mientras duermes a la temperatura perfecta. Por \u00faltimo, una cubierta de malla TENCEL\u00ae crea una superficie suave y lisa que ayuda a controlar la humedad y al mismo tiempo permite la m\u00e1xima exposici\u00f3n al revestimiento Omniphase\u00ae.<\/p>","protected":false},"featured_media":17042,"comment_status":"open","ping_status":"closed","template":"","meta":{"inline_featured_image":false,"iawp_total_views":10},"pwb-brand":[62],"product_brand":[],"product_cat":[36,72],"product_tag":[175,177],"class_list":{"0":"post-6575","1":"product","2":"type-product","3":"status-publish","4":"has-post-thumbnail","6":"pwb-brand-malouf","7":"product_cat-bedding","8":"product_cat-pillows","9":"product_tag-flash-sale","10":"product_tag-small-parcel","11":"product_shipping_class-fedex","13":"first","14":"instock","15":"sale","16":"taxable","17":"shipping-taxable","18":"purchasable","19":"product-type-variable"},"supplier_id":null,"supplier_sku":"","barcode":null,"atum_controlled":true,"out_stock_date":null,"out_stock_threshold":null,"inheritable":true,"inbound_stock":0,"stock_on_hold":15,"sold_today":0,"sales_last_days":0,"reserved_stock":0,"customer_returns":0,"warehouse_damage":0,"lost_in_post":0,"other_logs":0,"out_stock_days":null,"lost_sales":0,"has_location":false,"update_date":"2026-02-16T21:06:13","atum_locations":[],"atum_stock_status":"instock","restock_status":false,"low_stock_amount":"","sales_update_date":"2024-07-17T09:34:48","calc_backorders":null,"yoast_head":"<!-- This site is optimized with the Yoast SEO plugin v26.1.1 - https:\/\/yoast.com\/wordpress\/plugins\/seo\/ -->\n<title>CarbonCool\u2122 LT + Omniphase\u00ae Pillow - MyBambu.eMattressOutlet.com | Best Prices-Top Brands-Fast and Free Delivery<\/title>\n<meta name=\"robots\" content=\"noindex, follow, max-snippet:-1, max-image-preview:large, max-video-preview:-1\" \/>\n<meta property=\"og:locale\" content=\"es_MX\" \/>\n<meta property=\"og:type\" content=\"article\" \/>\n<meta property=\"og:title\" content=\"CarbonCool\u2122 LT + Omniphase\u00ae Pillow - MyBambu.eMattressOutlet.com | Best Prices-Top Brands-Fast and Free Delivery\" \/>\n<meta property=\"og:description\" content=\"The most advanced pillow-cooling technology available, Omniphase\u00ae phase change material provides continual temperature regulation with ventilation for superior airflow. Phase change molecules capture and release heat as needed to maintain the optimum sleep temperature throughout the night. To further the cooling properties, activated carbon infused in the foam creates a pathway to filter heat away from the head, face, and neck. Now you can enjoy the pressure-relieving benefits of memory foam while sleeping at the perfect temperature. Lastly, a TENCEL\u00ae mesh cover creates a soft, smooth surface that helps control humidity while allowing maximum exposure to the Omniphase\u00ae coating.\" \/>\n<meta property=\"og:url\" content=\"https:\/\/mybambu.emattressoutlet.com\/es\/producto\/carboncool-lt-omniphase-pillow\/\" \/>\n<meta property=\"og:site_name\" content=\"MyBambu.eMattressOutlet.com | Best Prices-Top Brands-Fast and Free Delivery\" \/>\n<meta property=\"article:publisher\" content=\"https:\/\/www.facebook.com\/people\/Emattress-Outlet\/61559474578674\/\" \/>\n<meta property=\"article:modified_time\" content=\"2025-09-10T04:06:56+00:00\" \/>\n<meta property=\"og:image\" content=\"https:\/\/mybambu.emattressoutlet.com\/wp-content\/uploads\/2024\/04\/CarbonCool-LT-Omniphase-Pillow-01.webp\" \/>\n\t<meta property=\"og:image:width\" content=\"2000\" \/>\n\t<meta property=\"og:image:height\" content=\"1000\" \/>\n\t<meta property=\"og:image:type\" content=\"image\/webp\" \/>\n<meta name=\"twitter:card\" content=\"summary_large_image\" \/>\n<meta name=\"twitter:site\" content=\"@eMattressOutlet\" \/>\n<script type=\"application\/ld+json\" class=\"yoast-schema-graph\">{\"@context\":\"https:\/\/schema.org\",\"@graph\":[{\"@type\":\"WebPage\",\"@id\":\"https:\/\/mybambu.emattressoutlet.com\/product\/carboncool-lt-omniphase-pillow\/\",\"url\":\"https:\/\/mybambu.emattressoutlet.com\/product\/carboncool-lt-omniphase-pillow\/\",\"name\":\"CarbonCool\u2122 LT + Omniphase\u00ae Pillow - MyBambu.eMattressOutlet.com | Best Prices-Top Brands-Fast and Free Delivery\",\"isPartOf\":{\"@id\":\"https:\/\/mybambu.emattressoutlet.com\/#website\"},\"primaryImageOfPage\":{\"@id\":\"https:\/\/mybambu.emattressoutlet.com\/product\/carboncool-lt-omniphase-pillow\/#primaryimage\"},\"image\":{\"@id\":\"https:\/\/mybambu.emattressoutlet.com\/product\/carboncool-lt-omniphase-pillow\/#primaryimage\"},\"thumbnailUrl\":\"https:\/\/mybambu.emattressoutlet.com\/wp-content\/uploads\/2024\/04\/CarbonCool-LT-Omniphase-Pillow-01.webp\",\"datePublished\":\"2024-04-12T14:57:27+00:00\",\"dateModified\":\"2025-09-10T04:06:56+00:00\",\"breadcrumb\":{\"@id\":\"https:\/\/mybambu.emattressoutlet.com\/product\/carboncool-lt-omniphase-pillow\/#breadcrumb\"},\"inLanguage\":\"es\",\"potentialAction\":[{\"@type\":\"ReadAction\",\"target\":[\"https:\/\/mybambu.emattressoutlet.com\/product\/carboncool-lt-omniphase-pillow\/\"]}]},{\"@type\":\"ImageObject\",\"inLanguage\":\"es\",\"@id\":\"https:\/\/mybambu.emattressoutlet.com\/product\/carboncool-lt-omniphase-pillow\/#primaryimage\",\"url\":\"https:\/\/mybambu.emattressoutlet.com\/wp-content\/uploads\/2024\/04\/CarbonCool-LT-Omniphase-Pillow-01.webp\",\"contentUrl\":\"https:\/\/mybambu.emattressoutlet.com\/wp-content\/uploads\/2024\/04\/CarbonCool-LT-Omniphase-Pillow-01.webp\",\"width\":2000,\"height\":1000},{\"@type\":\"BreadcrumbList\",\"@id\":\"https:\/\/mybambu.emattressoutlet.com\/product\/carboncool-lt-omniphase-pillow\/#breadcrumb\",\"itemListElement\":[{\"@type\":\"ListItem\",\"position\":1,\"name\":\"Home\",\"item\":\"https:\/\/mybambu.emattressoutlet.com\/\"},{\"@type\":\"ListItem\",\"position\":2,\"name\":\"Shop\",\"item\":\"https:\/\/mybambu.emattressoutlet.com\/shop\/\"},{\"@type\":\"ListItem\",\"position\":3,\"name\":\"CarbonCool\u2122 LT + Omniphase\u00ae Pillow\"}]},{\"@type\":\"WebSite\",\"@id\":\"https:\/\/mybambu.emattressoutlet.com\/#website\",\"url\":\"https:\/\/mybambu.emattressoutlet.com\/\",\"name\":\"MyBambu.eMattressOutlet.com | Best Prices-Top Brands-Fast and Free Delivery\",\"description\":\"MyBambu.eMattressOutlet.com has the best sales on mattresses, beds, adjustable bases, bedding and more from top brands.\",\"publisher\":{\"@id\":\"https:\/\/mybambu.emattressoutlet.com\/#organization\"},\"potentialAction\":[{\"@type\":\"SearchAction\",\"target\":{\"@type\":\"EntryPoint\",\"urlTemplate\":\"https:\/\/mybambu.emattressoutlet.com\/?s={search_term_string}\"},\"query-input\":{\"@type\":\"PropertyValueSpecification\",\"valueRequired\":true,\"valueName\":\"search_term_string\"}}],\"inLanguage\":\"es\"},{\"@type\":\"Organization\",\"@id\":\"https:\/\/mybambu.emattressoutlet.com\/#organization\",\"name\":\"MyBambu.eMattressOutlet.com | Best Prices-Top Brands-Fast and Free Delivery\",\"url\":\"https:\/\/mybambu.emattressoutlet.com\/\",\"logo\":{\"@type\":\"ImageObject\",\"inLanguage\":\"es\",\"@id\":\"https:\/\/mybambu.emattressoutlet.com\/#\/schema\/logo\/image\/\",\"url\":\"https:\/\/mybambu.emattressoutlet.com\/wp-content\/uploads\/2024\/02\/Logo-eMatress-Blue.svg\",\"contentUrl\":\"https:\/\/mybambu.emattressoutlet.com\/wp-content\/uploads\/2024\/02\/Logo-eMatress-Blue.svg\",\"width\":393,\"height\":169,\"caption\":\"MyBambu.eMattressOutlet.com | Best Prices-Top Brands-Fast and Free Delivery\"},\"image\":{\"@id\":\"https:\/\/mybambu.emattressoutlet.com\/#\/schema\/logo\/image\/\"},\"sameAs\":[\"https:\/\/www.facebook.com\/people\/Emattress-Outlet\/61559474578674\/\",\"https:\/\/x.com\/eMattressOutlet\",\"https:\/\/www.instagram.com\/emattressoutlet\/\",\"https:\/\/www.linkedin.com\/company\/emattress-outlet\/\"]}]}<\/script>\n<!-- \/ Yoast SEO plugin. -->","yoast_head_json":{"title":"CarbonCool\u2122 LT + Omniphase\u00ae Pillow - MyBambu.eMattressOutlet.com | Best Prices-Top Brands-Fast and Free Delivery","robots":{"index":"noindex","follow":"follow","max-snippet":"max-snippet:-1","max-image-preview":"max-image-preview:large","max-video-preview":"max-video-preview:-1"},"og_locale":"es_MX","og_type":"article","og_title":"CarbonCool\u2122 LT + Omniphase\u00ae Pillow - MyBambu.eMattressOutlet.com | Best Prices-Top Brands-Fast and Free Delivery","og_description":"The most advanced pillow-cooling technology available, Omniphase\u00ae phase change material provides continual temperature regulation with ventilation for superior airflow. Phase change molecules capture and release heat as needed to maintain the optimum sleep temperature throughout the night. To further the cooling properties, activated carbon infused in the foam creates a pathway to filter heat away from the head, face, and neck. Now you can enjoy the pressure-relieving benefits of memory foam while sleeping at the perfect temperature. Lastly, a TENCEL\u00ae mesh cover creates a soft, smooth surface that helps control humidity while allowing maximum exposure to the Omniphase\u00ae coating.","og_url":"https:\/\/mybambu.emattressoutlet.com\/es\/producto\/carboncool-lt-omniphase-pillow\/","og_site_name":"MyBambu.eMattressOutlet.com | Best Prices-Top Brands-Fast and Free Delivery","article_publisher":"https:\/\/www.facebook.com\/people\/Emattress-Outlet\/61559474578674\/","article_modified_time":"2025-09-10T04:06:56+00:00","og_image":[{"width":2000,"height":1000,"url":"https:\/\/mybambu.emattressoutlet.com\/wp-content\/uploads\/2024\/04\/CarbonCool-LT-Omniphase-Pillow-01.webp","type":"image\/webp"}],"twitter_card":"summary_large_image","twitter_site":"@eMattressOutlet","schema":{"@context":"https:\/\/schema.org","@graph":[{"@type":"WebPage","@id":"https:\/\/mybambu.emattressoutlet.com\/product\/carboncool-lt-omniphase-pillow\/","url":"https:\/\/mybambu.emattressoutlet.com\/product\/carboncool-lt-omniphase-pillow\/","name":"CarbonCool\u2122 LT + Omniphase\u00ae Pillow - MyBambu.eMattressOutlet.com | Best Prices-Top Brands-Fast and Free Delivery","isPartOf":{"@id":"https:\/\/mybambu.emattressoutlet.com\/#website"},"primaryImageOfPage":{"@id":"https:\/\/mybambu.emattressoutlet.com\/product\/carboncool-lt-omniphase-pillow\/#primaryimage"},"image":{"@id":"https:\/\/mybambu.emattressoutlet.com\/product\/carboncool-lt-omniphase-pillow\/#primaryimage"},"thumbnailUrl":"https:\/\/mybambu.emattressoutlet.com\/wp-content\/uploads\/2024\/04\/CarbonCool-LT-Omniphase-Pillow-01.webp","datePublished":"2024-04-12T14:57:27+00:00","dateModified":"2025-09-10T04:06:56+00:00","breadcrumb":{"@id":"https:\/\/mybambu.emattressoutlet.com\/product\/carboncool-lt-omniphase-pillow\/#breadcrumb"},"inLanguage":"es","potentialAction":[{"@type":"ReadAction","target":["https:\/\/mybambu.emattressoutlet.com\/product\/carboncool-lt-omniphase-pillow\/"]}]},{"@type":"ImageObject","inLanguage":"es","@id":"https:\/\/mybambu.emattressoutlet.com\/product\/carboncool-lt-omniphase-pillow\/#primaryimage","url":"https:\/\/mybambu.emattressoutlet.com\/wp-content\/uploads\/2024\/04\/CarbonCool-LT-Omniphase-Pillow-01.webp","contentUrl":"https:\/\/mybambu.emattressoutlet.com\/wp-content\/uploads\/2024\/04\/CarbonCool-LT-Omniphase-Pillow-01.webp","width":2000,"height":1000},{"@type":"BreadcrumbList","@id":"https:\/\/mybambu.emattressoutlet.com\/product\/carboncool-lt-omniphase-pillow\/#breadcrumb","itemListElement":[{"@type":"ListItem","position":1,"name":"Home","item":"https:\/\/mybambu.emattressoutlet.com\/"},{"@type":"ListItem","position":2,"name":"Shop","item":"https:\/\/mybambu.emattressoutlet.com\/shop\/"},{"@type":"ListItem","position":3,"name":"CarbonCool\u2122 LT + Omniphase\u00ae Pillow"}]},{"@type":"WebSite","@id":"https:\/\/mybambu.emattressoutlet.com\/#website","url":"https:\/\/mybambu.emattressoutlet.com\/","name":"MyBambu.eMattressOutlet.com | Best Prices-Top Brands-Fast and Free Delivery","description":"MyBambu.eMattressOutlet.com has the best sales on mattresses, beds, adjustable bases, bedding and more from top brands.","publisher":{"@id":"https:\/\/mybambu.emattressoutlet.com\/#organization"},"potentialAction":[{"@type":"SearchAction","target":{"@type":"EntryPoint","urlTemplate":"https:\/\/mybambu.emattressoutlet.com\/?s={search_term_string}"},"query-input":{"@type":"PropertyValueSpecification","valueRequired":true,"valueName":"search_term_string"}}],"inLanguage":"es"},{"@type":"Organization","@id":"https:\/\/mybambu.emattressoutlet.com\/#organization","name":"MyBambu.eMattressOutlet.com | Best Prices-Top Brands-Fast and Free Delivery","url":"https:\/\/mybambu.emattressoutlet.com\/","logo":{"@type":"ImageObject","inLanguage":"es","@id":"https:\/\/mybambu.emattressoutlet.com\/#\/schema\/logo\/image\/","url":"https:\/\/mybambu.emattressoutlet.com\/wp-content\/uploads\/2024\/02\/Logo-eMatress-Blue.svg","contentUrl":"https:\/\/mybambu.emattressoutlet.com\/wp-content\/uploads\/2024\/02\/Logo-eMatress-Blue.svg","width":393,"height":169,"caption":"MyBambu.eMattressOutlet.com | Best Prices-Top Brands-Fast and Free Delivery"},"image":{"@id":"https:\/\/mybambu.emattressoutlet.com\/#\/schema\/logo\/image\/"},"sameAs":["https:\/\/www.facebook.com\/people\/Emattress-Outlet\/61559474578674\/","https:\/\/x.com\/eMattressOutlet","https:\/\/www.instagram.com\/emattressoutlet\/","https:\/\/www.linkedin.com\/company\/emattress-outlet\/"]}]}},"brands":[{"id":62,"name":"Malouf","slug":"malouf"}],"_links":{"self":[{"href":"https:\/\/mybambu.emattressoutlet.com\/es\/wp-json\/wp\/v2\/product\/6575","targetHints":{"allow":["GET"]}}],"collection":[{"href":"https:\/\/mybambu.emattressoutlet.com\/es\/wp-json\/wp\/v2\/product"}],"about":[{"href":"https:\/\/mybambu.emattressoutlet.com\/es\/wp-json\/wp\/v2\/types\/product"}],"replies":[{"embeddable":true,"href":"https:\/\/mybambu.emattressoutlet.com\/es\/wp-json\/wp\/v2\/comments?post=6575"}],"version-history":[{"count":3,"href":"https:\/\/mybambu.emattressoutlet.com\/es\/wp-json\/wp\/v2\/product\/6575\/revisions"}],"predecessor-version":[{"id":19930,"href":"https:\/\/mybambu.emattressoutlet.com\/es\/wp-json\/wp\/v2\/product\/6575\/revisions\/19930"}],"wp:featuredmedia":[{"embeddable":true,"href":"https:\/\/mybambu.emattressoutlet.com\/es\/wp-json\/wp\/v2\/media\/17042"}],"wp:attachment":[{"href":"https:\/\/mybambu.emattressoutlet.com\/es\/wp-json\/wp\/v2\/media?parent=6575"}],"wp:term":[{"taxonomy":"pwb-brand","embeddable":true,"href":"https:\/\/mybambu.emattressoutlet.com\/es\/wp-json\/wp\/v2\/pwb-brand?post=6575"},{"taxonomy":"product_brand","embeddable":true,"href":"https:\/\/mybambu.emattressoutlet.com\/es\/wp-json\/wp\/v2\/product_brand?post=6575"},{"taxonomy":"product_cat","embeddable":true,"href":"https:\/\/mybambu.emattressoutlet.com\/es\/wp-json\/wp\/v2\/product_cat?post=6575"},{"taxonomy":"product_tag","embeddable":true,"href":"https:\/\/mybambu.emattressoutlet.com\/es\/wp-json\/wp\/v2\/product_tag?post=6575"}],"curies":[{"name":"wp","href":"https:\/\/api.w.org\/{rel}","templated":true}]}}