{"id":6505,"date":"2024-04-12T09:57:05","date_gmt":"2024-04-12T14:57:05","guid":{"rendered":"https:\/\/www.emattressoutlet.com\/?post_type=product&#038;p=6505"},"modified":"2024-10-14T10:15:01","modified_gmt":"2024-10-14T15:15:01","slug":"thin-deck-upholstered-platform-bed-frame","status":"publish","type":"product","link":"https:\/\/mybambu.emattressoutlet.com\/es\/producto\/thin-deck-upholstered-platform-bed-frame\/","title":{"rendered":"Thin Deck Upholstered Platform Bed Frame"},"content":{"rendered":"<ul>\n<li style=\"text-align: justify;\">Estructura de acero 100% s\u00f3lido con elegante tapizado en color carb\u00f3n.<\/li>\n<li>Funciona como marco de plataforma o tablero Bunkie.<\/li>\n<li>Patas ajustables de 3\u2033, 3\u2033 y 6\u2033 para una altura de plataforma de hasta 14 pulgadas<\/li>\n<li>Se pliega por la mitad para un almacenamiento y transporte c\u00f3modos.<\/li>\n<li>F\u00e1cil montaje con todo el hardware incluido.<\/li>\n<li>Capacidad de peso de 800 libras<\/li>\n<li>Se adapta a tama\u00f1os de colchones est\u00e1ndar.<\/li>\n<\/ul>","protected":false},"excerpt":{"rendered":"<p>Este marco estilo plataforma tiene un dise\u00f1o de acero s\u00f3lido y est\u00e1 terminado con una tela inspirada en el lino. El Upholstered Highrise\u2122 se puede usar como un marco de plataforma con 12 pulgadas de espacio libre debajo de la cama, o como una plataforma para literas simplemente quitando las patas ajustables. El marco de la cama se pliega por la mitad para facilitar su transporte y se ensambla en unos pocos y sencillos pasos.<\/p>","protected":false},"featured_media":16537,"comment_status":"open","ping_status":"closed","template":"","meta":{"inline_featured_image":false,"iawp_total_views":21},"pwb-brand":[62],"product_brand":[],"product_cat":[69,37],"product_tag":[175,176],"class_list":{"0":"post-6505","1":"product","2":"type-product","3":"status-publish","4":"has-post-thumbnail","6":"pwb-brand-malouf","7":"product_cat-bed-bases-bed-bases","8":"product_cat-bed-bases","9":"product_tag-flash-sale","10":"product_tag-large-parcel","11":"product_shipping_class-fedes-loadup","13":"first","14":"instock","15":"sale","16":"taxable","17":"shipping-taxable","18":"purchasable","19":"product-type-variable","20":"has-default-attributes"},"supplier_id":null,"supplier_sku":"","barcode":null,"atum_controlled":true,"out_stock_date":null,"out_stock_threshold":null,"inheritable":true,"inbound_stock":null,"stock_on_hold":8,"sold_today":0,"sales_last_days":0,"reserved_stock":null,"customer_returns":null,"warehouse_damage":null,"lost_in_post":null,"other_logs":null,"out_stock_days":null,"lost_sales":0,"has_location":false,"update_date":"2025-10-01T21:26:57","atum_locations":[],"atum_stock_status":"instock","restock_status":false,"low_stock_amount":"","sales_update_date":null,"calc_backorders":null,"yoast_head":"<!-- This site is optimized with the Yoast SEO plugin v26.1.1 - https:\/\/yoast.com\/wordpress\/plugins\/seo\/ -->\n<title>Thin Deck Upholstered Platform Bed Frame - MyBambu.eMattressOutlet.com | Best Prices-Top Brands-Fast and Free Delivery<\/title>\n<meta name=\"robots\" content=\"noindex, follow, max-snippet:-1, max-image-preview:large, max-video-preview:-1\" \/>\n<meta property=\"og:locale\" content=\"es_MX\" \/>\n<meta property=\"og:type\" content=\"article\" \/>\n<meta property=\"og:title\" content=\"Thin Deck Upholstered Platform Bed Frame - MyBambu.eMattressOutlet.com | Best Prices-Top Brands-Fast and Free Delivery\" \/>\n<meta property=\"og:description\" content=\"This platform-style frame has a solid steel design and is finished with a linen-inspired fabric. The Upholstered Highrise\u2122 can be used as a platform frame with 12 inches of underbed clearance, or as a Bunkie board by simply removing the adjustable legs. The bed frame folds in half for easy transportation and assembles in a few easy steps.\" \/>\n<meta property=\"og:url\" content=\"https:\/\/mybambu.emattressoutlet.com\/es\/producto\/thin-deck-upholstered-platform-bed-frame\/\" \/>\n<meta property=\"og:site_name\" content=\"MyBambu.eMattressOutlet.com | Best Prices-Top Brands-Fast and Free Delivery\" \/>\n<meta property=\"article:publisher\" content=\"https:\/\/www.facebook.com\/people\/Emattress-Outlet\/61559474578674\/\" \/>\n<meta property=\"article:modified_time\" content=\"2024-10-14T15:15:01+00:00\" \/>\n<meta property=\"og:image\" content=\"https:\/\/mybambu.emattressoutlet.com\/wp-content\/uploads\/2024\/04\/Thin-Deck-Upholstered-Platform-Bed-Frame-01.webp\" \/>\n\t<meta property=\"og:image:width\" content=\"2000\" \/>\n\t<meta property=\"og:image:height\" content=\"1000\" \/>\n\t<meta property=\"og:image:type\" content=\"image\/webp\" \/>\n<meta name=\"twitter:card\" content=\"summary_large_image\" \/>\n<meta name=\"twitter:site\" content=\"@eMattressOutlet\" \/>\n<script type=\"application\/ld+json\" class=\"yoast-schema-graph\">{\"@context\":\"https:\/\/schema.org\",\"@graph\":[{\"@type\":\"WebPage\",\"@id\":\"https:\/\/mybambu.emattressoutlet.com\/product\/thin-deck-upholstered-platform-bed-frame\/\",\"url\":\"https:\/\/mybambu.emattressoutlet.com\/product\/thin-deck-upholstered-platform-bed-frame\/\",\"name\":\"Thin Deck Upholstered Platform Bed Frame - MyBambu.eMattressOutlet.com | Best Prices-Top Brands-Fast and Free Delivery\",\"isPartOf\":{\"@id\":\"https:\/\/mybambu.emattressoutlet.com\/#website\"},\"primaryImageOfPage\":{\"@id\":\"https:\/\/mybambu.emattressoutlet.com\/product\/thin-deck-upholstered-platform-bed-frame\/#primaryimage\"},\"image\":{\"@id\":\"https:\/\/mybambu.emattressoutlet.com\/product\/thin-deck-upholstered-platform-bed-frame\/#primaryimage\"},\"thumbnailUrl\":\"https:\/\/mybambu.emattressoutlet.com\/wp-content\/uploads\/2024\/04\/Thin-Deck-Upholstered-Platform-Bed-Frame-01.webp\",\"datePublished\":\"2024-04-12T14:57:05+00:00\",\"dateModified\":\"2024-10-14T15:15:01+00:00\",\"breadcrumb\":{\"@id\":\"https:\/\/mybambu.emattressoutlet.com\/product\/thin-deck-upholstered-platform-bed-frame\/#breadcrumb\"},\"inLanguage\":\"es\",\"potentialAction\":[{\"@type\":\"ReadAction\",\"target\":[\"https:\/\/mybambu.emattressoutlet.com\/product\/thin-deck-upholstered-platform-bed-frame\/\"]}]},{\"@type\":\"ImageObject\",\"inLanguage\":\"es\",\"@id\":\"https:\/\/mybambu.emattressoutlet.com\/product\/thin-deck-upholstered-platform-bed-frame\/#primaryimage\",\"url\":\"https:\/\/mybambu.emattressoutlet.com\/wp-content\/uploads\/2024\/04\/Thin-Deck-Upholstered-Platform-Bed-Frame-01.webp\",\"contentUrl\":\"https:\/\/mybambu.emattressoutlet.com\/wp-content\/uploads\/2024\/04\/Thin-Deck-Upholstered-Platform-Bed-Frame-01.webp\",\"width\":2000,\"height\":1000},{\"@type\":\"BreadcrumbList\",\"@id\":\"https:\/\/mybambu.emattressoutlet.com\/product\/thin-deck-upholstered-platform-bed-frame\/#breadcrumb\",\"itemListElement\":[{\"@type\":\"ListItem\",\"position\":1,\"name\":\"Home\",\"item\":\"https:\/\/mybambu.emattressoutlet.com\/\"},{\"@type\":\"ListItem\",\"position\":2,\"name\":\"Shop\",\"item\":\"https:\/\/mybambu.emattressoutlet.com\/shop\/\"},{\"@type\":\"ListItem\",\"position\":3,\"name\":\"Thin Deck Upholstered Platform Bed Frame\"}]},{\"@type\":\"WebSite\",\"@id\":\"https:\/\/mybambu.emattressoutlet.com\/#website\",\"url\":\"https:\/\/mybambu.emattressoutlet.com\/\",\"name\":\"MyBambu.eMattressOutlet.com | Best Prices-Top Brands-Fast and Free Delivery\",\"description\":\"MyBambu.eMattressOutlet.com has the best sales on mattresses, beds, adjustable bases, bedding and more from top brands.\",\"publisher\":{\"@id\":\"https:\/\/mybambu.emattressoutlet.com\/#organization\"},\"potentialAction\":[{\"@type\":\"SearchAction\",\"target\":{\"@type\":\"EntryPoint\",\"urlTemplate\":\"https:\/\/mybambu.emattressoutlet.com\/?s={search_term_string}\"},\"query-input\":{\"@type\":\"PropertyValueSpecification\",\"valueRequired\":true,\"valueName\":\"search_term_string\"}}],\"inLanguage\":\"es\"},{\"@type\":\"Organization\",\"@id\":\"https:\/\/mybambu.emattressoutlet.com\/#organization\",\"name\":\"MyBambu.eMattressOutlet.com | Best Prices-Top Brands-Fast and Free Delivery\",\"url\":\"https:\/\/mybambu.emattressoutlet.com\/\",\"logo\":{\"@type\":\"ImageObject\",\"inLanguage\":\"es\",\"@id\":\"https:\/\/mybambu.emattressoutlet.com\/#\/schema\/logo\/image\/\",\"url\":\"https:\/\/mybambu.emattressoutlet.com\/wp-content\/uploads\/2024\/02\/Logo-eMatress-Blue.svg\",\"contentUrl\":\"https:\/\/mybambu.emattressoutlet.com\/wp-content\/uploads\/2024\/02\/Logo-eMatress-Blue.svg\",\"width\":393,\"height\":169,\"caption\":\"MyBambu.eMattressOutlet.com | Best Prices-Top Brands-Fast and Free Delivery\"},\"image\":{\"@id\":\"https:\/\/mybambu.emattressoutlet.com\/#\/schema\/logo\/image\/\"},\"sameAs\":[\"https:\/\/www.facebook.com\/people\/Emattress-Outlet\/61559474578674\/\",\"https:\/\/x.com\/eMattressOutlet\",\"https:\/\/www.instagram.com\/emattressoutlet\/\",\"https:\/\/www.linkedin.com\/company\/emattress-outlet\/\"]}]}<\/script>\n<!-- \/ Yoast SEO plugin. -->","yoast_head_json":{"title":"Thin Deck Upholstered Platform Bed Frame - MyBambu.eMattressOutlet.com | Best Prices-Top Brands-Fast and Free Delivery","robots":{"index":"noindex","follow":"follow","max-snippet":"max-snippet:-1","max-image-preview":"max-image-preview:large","max-video-preview":"max-video-preview:-1"},"og_locale":"es_MX","og_type":"article","og_title":"Thin Deck Upholstered Platform Bed Frame - MyBambu.eMattressOutlet.com | Best Prices-Top Brands-Fast and Free Delivery","og_description":"This platform-style frame has a solid steel design and is finished with a linen-inspired fabric. The Upholstered Highrise\u2122 can be used as a platform frame with 12 inches of underbed clearance, or as a Bunkie board by simply removing the adjustable legs. The bed frame folds in half for easy transportation and assembles in a few easy steps.","og_url":"https:\/\/mybambu.emattressoutlet.com\/es\/producto\/thin-deck-upholstered-platform-bed-frame\/","og_site_name":"MyBambu.eMattressOutlet.com | Best Prices-Top Brands-Fast and Free Delivery","article_publisher":"https:\/\/www.facebook.com\/people\/Emattress-Outlet\/61559474578674\/","article_modified_time":"2024-10-14T15:15:01+00:00","og_image":[{"width":2000,"height":1000,"url":"https:\/\/mybambu.emattressoutlet.com\/wp-content\/uploads\/2024\/04\/Thin-Deck-Upholstered-Platform-Bed-Frame-01.webp","type":"image\/webp"}],"twitter_card":"summary_large_image","twitter_site":"@eMattressOutlet","schema":{"@context":"https:\/\/schema.org","@graph":[{"@type":"WebPage","@id":"https:\/\/mybambu.emattressoutlet.com\/product\/thin-deck-upholstered-platform-bed-frame\/","url":"https:\/\/mybambu.emattressoutlet.com\/product\/thin-deck-upholstered-platform-bed-frame\/","name":"Thin Deck Upholstered Platform Bed Frame - MyBambu.eMattressOutlet.com | Best Prices-Top Brands-Fast and Free Delivery","isPartOf":{"@id":"https:\/\/mybambu.emattressoutlet.com\/#website"},"primaryImageOfPage":{"@id":"https:\/\/mybambu.emattressoutlet.com\/product\/thin-deck-upholstered-platform-bed-frame\/#primaryimage"},"image":{"@id":"https:\/\/mybambu.emattressoutlet.com\/product\/thin-deck-upholstered-platform-bed-frame\/#primaryimage"},"thumbnailUrl":"https:\/\/mybambu.emattressoutlet.com\/wp-content\/uploads\/2024\/04\/Thin-Deck-Upholstered-Platform-Bed-Frame-01.webp","datePublished":"2024-04-12T14:57:05+00:00","dateModified":"2024-10-14T15:15:01+00:00","breadcrumb":{"@id":"https:\/\/mybambu.emattressoutlet.com\/product\/thin-deck-upholstered-platform-bed-frame\/#breadcrumb"},"inLanguage":"es","potentialAction":[{"@type":"ReadAction","target":["https:\/\/mybambu.emattressoutlet.com\/product\/thin-deck-upholstered-platform-bed-frame\/"]}]},{"@type":"ImageObject","inLanguage":"es","@id":"https:\/\/mybambu.emattressoutlet.com\/product\/thin-deck-upholstered-platform-bed-frame\/#primaryimage","url":"https:\/\/mybambu.emattressoutlet.com\/wp-content\/uploads\/2024\/04\/Thin-Deck-Upholstered-Platform-Bed-Frame-01.webp","contentUrl":"https:\/\/mybambu.emattressoutlet.com\/wp-content\/uploads\/2024\/04\/Thin-Deck-Upholstered-Platform-Bed-Frame-01.webp","width":2000,"height":1000},{"@type":"BreadcrumbList","@id":"https:\/\/mybambu.emattressoutlet.com\/product\/thin-deck-upholstered-platform-bed-frame\/#breadcrumb","itemListElement":[{"@type":"ListItem","position":1,"name":"Home","item":"https:\/\/mybambu.emattressoutlet.com\/"},{"@type":"ListItem","position":2,"name":"Shop","item":"https:\/\/mybambu.emattressoutlet.com\/shop\/"},{"@type":"ListItem","position":3,"name":"Thin Deck Upholstered Platform Bed Frame"}]},{"@type":"WebSite","@id":"https:\/\/mybambu.emattressoutlet.com\/#website","url":"https:\/\/mybambu.emattressoutlet.com\/","name":"MyBambu.eMattressOutlet.com | Best Prices-Top Brands-Fast and Free Delivery","description":"MyBambu.eMattressOutlet.com has the best sales on mattresses, beds, adjustable bases, bedding and more from top brands.","publisher":{"@id":"https:\/\/mybambu.emattressoutlet.com\/#organization"},"potentialAction":[{"@type":"SearchAction","target":{"@type":"EntryPoint","urlTemplate":"https:\/\/mybambu.emattressoutlet.com\/?s={search_term_string}"},"query-input":{"@type":"PropertyValueSpecification","valueRequired":true,"valueName":"search_term_string"}}],"inLanguage":"es"},{"@type":"Organization","@id":"https:\/\/mybambu.emattressoutlet.com\/#organization","name":"MyBambu.eMattressOutlet.com | Best Prices-Top Brands-Fast and Free Delivery","url":"https:\/\/mybambu.emattressoutlet.com\/","logo":{"@type":"ImageObject","inLanguage":"es","@id":"https:\/\/mybambu.emattressoutlet.com\/#\/schema\/logo\/image\/","url":"https:\/\/mybambu.emattressoutlet.com\/wp-content\/uploads\/2024\/02\/Logo-eMatress-Blue.svg","contentUrl":"https:\/\/mybambu.emattressoutlet.com\/wp-content\/uploads\/2024\/02\/Logo-eMatress-Blue.svg","width":393,"height":169,"caption":"MyBambu.eMattressOutlet.com | Best Prices-Top Brands-Fast and Free Delivery"},"image":{"@id":"https:\/\/mybambu.emattressoutlet.com\/#\/schema\/logo\/image\/"},"sameAs":["https:\/\/www.facebook.com\/people\/Emattress-Outlet\/61559474578674\/","https:\/\/x.com\/eMattressOutlet","https:\/\/www.instagram.com\/emattressoutlet\/","https:\/\/www.linkedin.com\/company\/emattress-outlet\/"]}]}},"brands":[{"id":62,"name":"Malouf","slug":"malouf"}],"_links":{"self":[{"href":"https:\/\/mybambu.emattressoutlet.com\/es\/wp-json\/wp\/v2\/product\/6505","targetHints":{"allow":["GET"]}}],"collection":[{"href":"https:\/\/mybambu.emattressoutlet.com\/es\/wp-json\/wp\/v2\/product"}],"about":[{"href":"https:\/\/mybambu.emattressoutlet.com\/es\/wp-json\/wp\/v2\/types\/product"}],"replies":[{"embeddable":true,"href":"https:\/\/mybambu.emattressoutlet.com\/es\/wp-json\/wp\/v2\/comments?post=6505"}],"version-history":[{"count":4,"href":"https:\/\/mybambu.emattressoutlet.com\/es\/wp-json\/wp\/v2\/product\/6505\/revisions"}],"predecessor-version":[{"id":10956,"href":"https:\/\/mybambu.emattressoutlet.com\/es\/wp-json\/wp\/v2\/product\/6505\/revisions\/10956"}],"wp:featuredmedia":[{"embeddable":true,"href":"https:\/\/mybambu.emattressoutlet.com\/es\/wp-json\/wp\/v2\/media\/16537"}],"wp:attachment":[{"href":"https:\/\/mybambu.emattressoutlet.com\/es\/wp-json\/wp\/v2\/media?parent=6505"}],"wp:term":[{"taxonomy":"pwb-brand","embeddable":true,"href":"https:\/\/mybambu.emattressoutlet.com\/es\/wp-json\/wp\/v2\/pwb-brand?post=6505"},{"taxonomy":"product_brand","embeddable":true,"href":"https:\/\/mybambu.emattressoutlet.com\/es\/wp-json\/wp\/v2\/product_brand?post=6505"},{"taxonomy":"product_cat","embeddable":true,"href":"https:\/\/mybambu.emattressoutlet.com\/es\/wp-json\/wp\/v2\/product_cat?post=6505"},{"taxonomy":"product_tag","embeddable":true,"href":"https:\/\/mybambu.emattressoutlet.com\/es\/wp-json\/wp\/v2\/product_tag?post=6505"}],"curies":[{"name":"wp","href":"https:\/\/api.w.org\/{rel}","templated":true}]}}