{"id":6476,"date":"2024-04-12T09:56:54","date_gmt":"2024-04-12T14:56:54","guid":{"rendered":"https:\/\/www.emattressoutlet.com\/?post_type=product&#038;p=6476"},"modified":"2024-12-05T11:18:00","modified_gmt":"2024-12-05T17:18:00","slug":"ice-cloud-cool-sync-mattress","status":"publish","type":"product","link":"https:\/\/mybambu.emattressoutlet.com\/es\/producto\/ice-cloud-cool-sync-mattress\/","title":{"rendered":"Colch\u00f3n Ice Cloud Cool Sync"},"content":{"rendered":"<ul>\n<li style=\"text-align: justify;\">La espuma de felpa CoolSync\u2122 se adapta suavemente al cuerpo y equilibra la temperatura del sue\u00f1o con una infusi\u00f3n de gel refrescante.<\/li>\n<li>La espuma CoolSync\u2122 est\u00e1 recubierta con tecnolog\u00eda de cambio de fase OmniPhase\u2122 que absorbe y disipa activamente el calor.<\/li>\n<li>La espuma de transici\u00f3n de carb\u00f3n de bamb\u00fa ayuda a eliminar el exceso de humedad y a mantener un ambiente de sue\u00f1o fresco.<\/li>\n<li>Las bobinas de acero revestidas individualmente est\u00e1n divididas en zonas para ofrecer soporte especializado a los puntos de presi\u00f3n comunes.<\/li>\n<li>La espuma de base de soporte proporciona una base estable y al mismo tiempo permanece flexible para su uso con una base de cama ajustable.<\/li>\n<li>La cubierta suave con tecnolog\u00eda HyperChill\u2122 ofrece una sensaci\u00f3n de enfriamiento instant\u00e1neo que contribuye a un sue\u00f1o rejuvenecedor.<\/li>\n<li>La espuma est\u00e1 certificada por CertiPUR-US\u00ae para cumplir con los m\u00e1s altos est\u00e1ndares.<\/li>\n<\/ul>","protected":false},"excerpt":{"rendered":"<p>El colch\u00f3n Ice Cloud\u2122 es el m\u00e1s fresco que jam\u00e1s hayamos tenido, literalmente. A quienes duermen boca arriba o de costado y les gusta dormir en un entorno con temperatura controlada y capas de confort de primera calidad les encantar\u00e1 el colch\u00f3n Ice Cloud\u2122. Nuestro colch\u00f3n h\u00edbrido CoolSync\u2122 cuenta con capas de espuma viscoel\u00e1stica CoolSync\u2122 que se adaptan al contorno y material de cambio de fase OmniPhase\u2122 que refresca activamente. Seg\u00fan las pruebas realizadas por el Centro de investigaci\u00f3n Malouf, el colch\u00f3n Ice Cloud\u2122 es siete grados m\u00e1s fresco y mejora las tasas de enfriamiento en un 10 por ciento debido a la regulaci\u00f3n mejorada de la temperatura que proporciona OmniPhase\u2122.* Los resortes embolsados \u200b\u200bpor zonas ofrecen soporte espec\u00edfico para los puntos de presi\u00f3n comunes, y la funda HyperChill\u2122 ofrece un efecto de enfriamiento instant\u00e1neo. Todos los colchones Malouf\u2122 llegan enrollados y comprimidos en una caja.<\/p>","protected":false},"featured_media":19441,"comment_status":"open","ping_status":"closed","template":"","meta":{"inline_featured_image":false,"iawp_total_views":9},"pwb-brand":[62],"product_brand":[],"product_cat":[349,32,23],"product_tag":[348,175,177],"class_list":{"0":"post-6476","1":"product","2":"type-product","3":"status-publish","4":"has-post-thumbnail","6":"pwb-brand-malouf","7":"product_cat-black-friday-30","8":"product_cat-luxury","9":"product_cat-mattress","10":"product_tag-black-friday-extra-30","11":"product_tag-flash-sale","12":"product_tag-small-parcel","13":"product_shipping_class-fedes-loadup","15":"first","16":"instock","17":"sale","18":"taxable","19":"shipping-taxable","20":"purchasable","21":"product-type-variable","22":"has-default-attributes"},"supplier_id":null,"supplier_sku":"","barcode":null,"atum_controlled":true,"out_stock_date":null,"out_stock_threshold":null,"inheritable":true,"inbound_stock":null,"stock_on_hold":0,"sold_today":1,"sales_last_days":1,"reserved_stock":null,"customer_returns":null,"warehouse_damage":null,"lost_in_post":null,"other_logs":null,"out_stock_days":null,"lost_sales":0,"has_location":false,"update_date":"2024-12-05T17:18:01","atum_locations":[],"atum_stock_status":"instock","restock_status":false,"low_stock_amount":"","sales_update_date":null,"calc_backorders":null,"yoast_head":"<!-- This site is optimized with the Yoast SEO plugin v26.1.1 - https:\/\/yoast.com\/wordpress\/plugins\/seo\/ -->\n<title>Ice Cloud Cool Sync Mattress - MyBambu.eMattressOutlet.com | Best Prices-Top Brands-Fast and Free Delivery<\/title>\n<meta name=\"robots\" content=\"noindex, follow, max-snippet:-1, max-image-preview:large, max-video-preview:-1\" \/>\n<meta property=\"og:locale\" content=\"es_MX\" \/>\n<meta property=\"og:type\" content=\"article\" \/>\n<meta property=\"og:title\" content=\"Ice Cloud Cool Sync Mattress - MyBambu.eMattressOutlet.com | Best Prices-Top Brands-Fast and Free Delivery\" \/>\n<meta property=\"og:description\" content=\"The Ice Cloud\u2122 is our coolest mattress ever\u2014literally. Back and side sleepers who like a temperature-controlled sleep environment with premium comfort layers will love the Ice Cloud\u2122 Mattress. Our CoolSync\u2122 hybrid mattress features layers of contouring CoolSync\u2122 memory foam with actively cooling OmniPhase\u2122 phase change material. According to testing by the Malouf Research Center, the Ice Cloud\u2122 mattress sleeps seven degrees cooler and improves cooling rates by 10 percent due to improved temperature regulation provided by OmniPhase\u2122.* The zoned pocket coils offer targeted support to common pressure points, and the HyperChill\u2122 cover offers an instant cooling effect. All Malouf\u2122 mattresses arrive rolled and compressed in a box.\" \/>\n<meta property=\"og:url\" content=\"https:\/\/mybambu.emattressoutlet.com\/es\/producto\/ice-cloud-cool-sync-mattress\/\" \/>\n<meta property=\"og:site_name\" content=\"MyBambu.eMattressOutlet.com | Best Prices-Top Brands-Fast and Free Delivery\" \/>\n<meta property=\"article:publisher\" content=\"https:\/\/www.facebook.com\/people\/Emattress-Outlet\/61559474578674\/\" \/>\n<meta property=\"article:modified_time\" content=\"2024-12-05T17:18:00+00:00\" \/>\n<meta property=\"og:image\" content=\"https:\/\/mybambu.emattressoutlet.com\/wp-content\/uploads\/2024\/04\/Ice-Cloud-Cool-Sync-Mattress-01.webp\" \/>\n\t<meta property=\"og:image:width\" content=\"1200\" \/>\n\t<meta property=\"og:image:height\" content=\"600\" \/>\n\t<meta property=\"og:image:type\" content=\"image\/webp\" \/>\n<meta name=\"twitter:card\" content=\"summary_large_image\" \/>\n<meta name=\"twitter:site\" content=\"@eMattressOutlet\" \/>\n<meta name=\"twitter:label1\" content=\"Tiempo de lectura\" \/>\n\t<meta name=\"twitter:data1\" content=\"1 minuto\" \/>\n<script type=\"application\/ld+json\" class=\"yoast-schema-graph\">{\"@context\":\"https:\/\/schema.org\",\"@graph\":[{\"@type\":\"WebPage\",\"@id\":\"https:\/\/mybambu.emattressoutlet.com\/product\/ice-cloud-cool-sync-mattress\/\",\"url\":\"https:\/\/mybambu.emattressoutlet.com\/product\/ice-cloud-cool-sync-mattress\/\",\"name\":\"Ice Cloud Cool Sync Mattress - MyBambu.eMattressOutlet.com | Best Prices-Top Brands-Fast and Free Delivery\",\"isPartOf\":{\"@id\":\"https:\/\/mybambu.emattressoutlet.com\/#website\"},\"primaryImageOfPage\":{\"@id\":\"https:\/\/mybambu.emattressoutlet.com\/product\/ice-cloud-cool-sync-mattress\/#primaryimage\"},\"image\":{\"@id\":\"https:\/\/mybambu.emattressoutlet.com\/product\/ice-cloud-cool-sync-mattress\/#primaryimage\"},\"thumbnailUrl\":\"https:\/\/mybambu.emattressoutlet.com\/wp-content\/uploads\/2024\/04\/Ice-Cloud-Cool-Sync-Mattress-01.webp\",\"datePublished\":\"2024-04-12T14:56:54+00:00\",\"dateModified\":\"2024-12-05T17:18:00+00:00\",\"breadcrumb\":{\"@id\":\"https:\/\/mybambu.emattressoutlet.com\/product\/ice-cloud-cool-sync-mattress\/#breadcrumb\"},\"inLanguage\":\"es\",\"potentialAction\":[{\"@type\":\"ReadAction\",\"target\":[\"https:\/\/mybambu.emattressoutlet.com\/product\/ice-cloud-cool-sync-mattress\/\"]}]},{\"@type\":\"ImageObject\",\"inLanguage\":\"es\",\"@id\":\"https:\/\/mybambu.emattressoutlet.com\/product\/ice-cloud-cool-sync-mattress\/#primaryimage\",\"url\":\"https:\/\/mybambu.emattressoutlet.com\/wp-content\/uploads\/2024\/04\/Ice-Cloud-Cool-Sync-Mattress-01.webp\",\"contentUrl\":\"https:\/\/mybambu.emattressoutlet.com\/wp-content\/uploads\/2024\/04\/Ice-Cloud-Cool-Sync-Mattress-01.webp\",\"width\":1200,\"height\":600},{\"@type\":\"BreadcrumbList\",\"@id\":\"https:\/\/mybambu.emattressoutlet.com\/product\/ice-cloud-cool-sync-mattress\/#breadcrumb\",\"itemListElement\":[{\"@type\":\"ListItem\",\"position\":1,\"name\":\"Home\",\"item\":\"https:\/\/mybambu.emattressoutlet.com\/\"},{\"@type\":\"ListItem\",\"position\":2,\"name\":\"Shop\",\"item\":\"https:\/\/mybambu.emattressoutlet.com\/shop\/\"},{\"@type\":\"ListItem\",\"position\":3,\"name\":\"Ice Cloud Cool Sync Mattress\"}]},{\"@type\":\"WebSite\",\"@id\":\"https:\/\/mybambu.emattressoutlet.com\/#website\",\"url\":\"https:\/\/mybambu.emattressoutlet.com\/\",\"name\":\"MyBambu.eMattressOutlet.com | Best Prices-Top Brands-Fast and Free Delivery\",\"description\":\"MyBambu.eMattressOutlet.com has the best sales on mattresses, beds, adjustable bases, bedding and more from top brands.\",\"publisher\":{\"@id\":\"https:\/\/mybambu.emattressoutlet.com\/#organization\"},\"potentialAction\":[{\"@type\":\"SearchAction\",\"target\":{\"@type\":\"EntryPoint\",\"urlTemplate\":\"https:\/\/mybambu.emattressoutlet.com\/?s={search_term_string}\"},\"query-input\":{\"@type\":\"PropertyValueSpecification\",\"valueRequired\":true,\"valueName\":\"search_term_string\"}}],\"inLanguage\":\"es\"},{\"@type\":\"Organization\",\"@id\":\"https:\/\/mybambu.emattressoutlet.com\/#organization\",\"name\":\"MyBambu.eMattressOutlet.com | Best Prices-Top Brands-Fast and Free Delivery\",\"url\":\"https:\/\/mybambu.emattressoutlet.com\/\",\"logo\":{\"@type\":\"ImageObject\",\"inLanguage\":\"es\",\"@id\":\"https:\/\/mybambu.emattressoutlet.com\/#\/schema\/logo\/image\/\",\"url\":\"https:\/\/mybambu.emattressoutlet.com\/wp-content\/uploads\/2024\/02\/Logo-eMatress-Blue.svg\",\"contentUrl\":\"https:\/\/mybambu.emattressoutlet.com\/wp-content\/uploads\/2024\/02\/Logo-eMatress-Blue.svg\",\"width\":393,\"height\":169,\"caption\":\"MyBambu.eMattressOutlet.com | Best Prices-Top Brands-Fast and Free Delivery\"},\"image\":{\"@id\":\"https:\/\/mybambu.emattressoutlet.com\/#\/schema\/logo\/image\/\"},\"sameAs\":[\"https:\/\/www.facebook.com\/people\/Emattress-Outlet\/61559474578674\/\",\"https:\/\/x.com\/eMattressOutlet\",\"https:\/\/www.instagram.com\/emattressoutlet\/\",\"https:\/\/www.linkedin.com\/company\/emattress-outlet\/\"]}]}<\/script>\n<!-- \/ Yoast SEO plugin. -->","yoast_head_json":{"title":"Ice Cloud Cool Sync Mattress - MyBambu.eMattressOutlet.com | Best Prices-Top Brands-Fast and Free Delivery","robots":{"index":"noindex","follow":"follow","max-snippet":"max-snippet:-1","max-image-preview":"max-image-preview:large","max-video-preview":"max-video-preview:-1"},"og_locale":"es_MX","og_type":"article","og_title":"Ice Cloud Cool Sync Mattress - MyBambu.eMattressOutlet.com | Best Prices-Top Brands-Fast and Free Delivery","og_description":"The Ice Cloud\u2122 is our coolest mattress ever\u2014literally. Back and side sleepers who like a temperature-controlled sleep environment with premium comfort layers will love the Ice Cloud\u2122 Mattress. Our CoolSync\u2122 hybrid mattress features layers of contouring CoolSync\u2122 memory foam with actively cooling OmniPhase\u2122 phase change material. According to testing by the Malouf Research Center, the Ice Cloud\u2122 mattress sleeps seven degrees cooler and improves cooling rates by 10 percent due to improved temperature regulation provided by OmniPhase\u2122.* The zoned pocket coils offer targeted support to common pressure points, and the HyperChill\u2122 cover offers an instant cooling effect. All Malouf\u2122 mattresses arrive rolled and compressed in a box.","og_url":"https:\/\/mybambu.emattressoutlet.com\/es\/producto\/ice-cloud-cool-sync-mattress\/","og_site_name":"MyBambu.eMattressOutlet.com | Best Prices-Top Brands-Fast and Free Delivery","article_publisher":"https:\/\/www.facebook.com\/people\/Emattress-Outlet\/61559474578674\/","article_modified_time":"2024-12-05T17:18:00+00:00","og_image":[{"width":1200,"height":600,"url":"https:\/\/mybambu.emattressoutlet.com\/wp-content\/uploads\/2024\/04\/Ice-Cloud-Cool-Sync-Mattress-01.webp","type":"image\/webp"}],"twitter_card":"summary_large_image","twitter_site":"@eMattressOutlet","twitter_misc":{"Tiempo de lectura":"1 minuto"},"schema":{"@context":"https:\/\/schema.org","@graph":[{"@type":"WebPage","@id":"https:\/\/mybambu.emattressoutlet.com\/product\/ice-cloud-cool-sync-mattress\/","url":"https:\/\/mybambu.emattressoutlet.com\/product\/ice-cloud-cool-sync-mattress\/","name":"Ice Cloud Cool Sync Mattress - MyBambu.eMattressOutlet.com | Best Prices-Top Brands-Fast and Free Delivery","isPartOf":{"@id":"https:\/\/mybambu.emattressoutlet.com\/#website"},"primaryImageOfPage":{"@id":"https:\/\/mybambu.emattressoutlet.com\/product\/ice-cloud-cool-sync-mattress\/#primaryimage"},"image":{"@id":"https:\/\/mybambu.emattressoutlet.com\/product\/ice-cloud-cool-sync-mattress\/#primaryimage"},"thumbnailUrl":"https:\/\/mybambu.emattressoutlet.com\/wp-content\/uploads\/2024\/04\/Ice-Cloud-Cool-Sync-Mattress-01.webp","datePublished":"2024-04-12T14:56:54+00:00","dateModified":"2024-12-05T17:18:00+00:00","breadcrumb":{"@id":"https:\/\/mybambu.emattressoutlet.com\/product\/ice-cloud-cool-sync-mattress\/#breadcrumb"},"inLanguage":"es","potentialAction":[{"@type":"ReadAction","target":["https:\/\/mybambu.emattressoutlet.com\/product\/ice-cloud-cool-sync-mattress\/"]}]},{"@type":"ImageObject","inLanguage":"es","@id":"https:\/\/mybambu.emattressoutlet.com\/product\/ice-cloud-cool-sync-mattress\/#primaryimage","url":"https:\/\/mybambu.emattressoutlet.com\/wp-content\/uploads\/2024\/04\/Ice-Cloud-Cool-Sync-Mattress-01.webp","contentUrl":"https:\/\/mybambu.emattressoutlet.com\/wp-content\/uploads\/2024\/04\/Ice-Cloud-Cool-Sync-Mattress-01.webp","width":1200,"height":600},{"@type":"BreadcrumbList","@id":"https:\/\/mybambu.emattressoutlet.com\/product\/ice-cloud-cool-sync-mattress\/#breadcrumb","itemListElement":[{"@type":"ListItem","position":1,"name":"Home","item":"https:\/\/mybambu.emattressoutlet.com\/"},{"@type":"ListItem","position":2,"name":"Shop","item":"https:\/\/mybambu.emattressoutlet.com\/shop\/"},{"@type":"ListItem","position":3,"name":"Ice Cloud Cool Sync Mattress"}]},{"@type":"WebSite","@id":"https:\/\/mybambu.emattressoutlet.com\/#website","url":"https:\/\/mybambu.emattressoutlet.com\/","name":"MyBambu.eMattressOutlet.com | Best Prices-Top Brands-Fast and Free Delivery","description":"MyBambu.eMattressOutlet.com has the best sales on mattresses, beds, adjustable bases, bedding and more from top brands.","publisher":{"@id":"https:\/\/mybambu.emattressoutlet.com\/#organization"},"potentialAction":[{"@type":"SearchAction","target":{"@type":"EntryPoint","urlTemplate":"https:\/\/mybambu.emattressoutlet.com\/?s={search_term_string}"},"query-input":{"@type":"PropertyValueSpecification","valueRequired":true,"valueName":"search_term_string"}}],"inLanguage":"es"},{"@type":"Organization","@id":"https:\/\/mybambu.emattressoutlet.com\/#organization","name":"MyBambu.eMattressOutlet.com | Best Prices-Top Brands-Fast and Free Delivery","url":"https:\/\/mybambu.emattressoutlet.com\/","logo":{"@type":"ImageObject","inLanguage":"es","@id":"https:\/\/mybambu.emattressoutlet.com\/#\/schema\/logo\/image\/","url":"https:\/\/mybambu.emattressoutlet.com\/wp-content\/uploads\/2024\/02\/Logo-eMatress-Blue.svg","contentUrl":"https:\/\/mybambu.emattressoutlet.com\/wp-content\/uploads\/2024\/02\/Logo-eMatress-Blue.svg","width":393,"height":169,"caption":"MyBambu.eMattressOutlet.com | Best Prices-Top Brands-Fast and Free Delivery"},"image":{"@id":"https:\/\/mybambu.emattressoutlet.com\/#\/schema\/logo\/image\/"},"sameAs":["https:\/\/www.facebook.com\/people\/Emattress-Outlet\/61559474578674\/","https:\/\/x.com\/eMattressOutlet","https:\/\/www.instagram.com\/emattressoutlet\/","https:\/\/www.linkedin.com\/company\/emattress-outlet\/"]}]}},"brands":[{"id":62,"name":"Malouf","slug":"malouf"}],"_links":{"self":[{"href":"https:\/\/mybambu.emattressoutlet.com\/es\/wp-json\/wp\/v2\/product\/6476","targetHints":{"allow":["GET"]}}],"collection":[{"href":"https:\/\/mybambu.emattressoutlet.com\/es\/wp-json\/wp\/v2\/product"}],"about":[{"href":"https:\/\/mybambu.emattressoutlet.com\/es\/wp-json\/wp\/v2\/types\/product"}],"replies":[{"embeddable":true,"href":"https:\/\/mybambu.emattressoutlet.com\/es\/wp-json\/wp\/v2\/comments?post=6476"}],"version-history":[{"count":3,"href":"https:\/\/mybambu.emattressoutlet.com\/es\/wp-json\/wp\/v2\/product\/6476\/revisions"}],"predecessor-version":[{"id":8065,"href":"https:\/\/mybambu.emattressoutlet.com\/es\/wp-json\/wp\/v2\/product\/6476\/revisions\/8065"}],"wp:featuredmedia":[{"embeddable":true,"href":"https:\/\/mybambu.emattressoutlet.com\/es\/wp-json\/wp\/v2\/media\/19441"}],"wp:attachment":[{"href":"https:\/\/mybambu.emattressoutlet.com\/es\/wp-json\/wp\/v2\/media?parent=6476"}],"wp:term":[{"taxonomy":"pwb-brand","embeddable":true,"href":"https:\/\/mybambu.emattressoutlet.com\/es\/wp-json\/wp\/v2\/pwb-brand?post=6476"},{"taxonomy":"product_brand","embeddable":true,"href":"https:\/\/mybambu.emattressoutlet.com\/es\/wp-json\/wp\/v2\/product_brand?post=6476"},{"taxonomy":"product_cat","embeddable":true,"href":"https:\/\/mybambu.emattressoutlet.com\/es\/wp-json\/wp\/v2\/product_cat?post=6476"},{"taxonomy":"product_tag","embeddable":true,"href":"https:\/\/mybambu.emattressoutlet.com\/es\/wp-json\/wp\/v2\/product_tag?post=6476"}],"curies":[{"name":"wp","href":"https:\/\/api.w.org\/{rel}","templated":true}]}}