{"id":21452,"date":"2025-01-14T05:05:38","date_gmt":"2025-01-14T11:05:38","guid":{"rendered":"https:\/\/www.emattressoutlet.com\/?post_type=product&#038;p=21452"},"modified":"2025-08-29T08:48:04","modified_gmt":"2025-08-29T13:48:04","slug":"mlily-fusion-supreme-11-5-hybrid-luxury-mattress","status":"publish","type":"product","link":"https:\/\/mybambu.emattressoutlet.com\/es\/producto\/mlily-fusion-supreme-11-5-hybrid-luxury-mattress\/","title":{"rendered":"MLILY Fusion Supreme 11.5&#8243; Hybrid Luxury Mattress"},"content":{"rendered":"<ul>\n<li>MyBambu SPECIAL OFFER.\u00a0 Major Liquidation sale offered to MyBambu customers!!\u00a0 Lowest price anywhere<\/li>\n<li style=\"text-align: justify;\">With a very soft-to-the-touch feel and the important ability to let air \ufb02ow easily, this fabric offers comfort, function, and durability.<\/li>\n<li>Its interlaced threads throughout the cover move with you to reduce bunching and create natural air gaps for breathability.<\/li>\n<li>Meet our best all-around &#8212; the adaptable\u202f mattress designed for the sleeping gymnast.<\/li>\n<li>Double Jacquard Fabric Cover<\/li>\n<\/ul>","protected":false},"excerpt":{"rendered":"<p>El Fusion Supreme ofrece una comodidad intermedia que se adapta a todo tipo de personas y posiciones al dormir, con una sensaci\u00f3n balanceada. La capa de espuma viscoel\u00e1stica con carb\u00f3n de bamb\u00fa ayuda a regular la temperatura y la humedad, mientras que la espuma viscoel\u00e1stica ventilada AeroFusion\u2122 favorece la circulaci\u00f3n del aire. Mantiene al durmiente fresco y c\u00f3modo gracias a su combinaci\u00f3n de espumas transpirables y refrescantes.<\/p>","protected":false},"featured_media":20405,"comment_status":"open","ping_status":"closed","template":"","meta":{"inline_featured_image":false,"iawp_total_views":455},"pwb-brand":[354],"product_brand":[],"product_cat":[32,23],"product_tag":[61,373,369],"class_list":{"0":"post-21452","1":"product","2":"type-product","3":"status-publish","4":"has-post-thumbnail","6":"pwb-brand-mlily","7":"product_cat-luxury","8":"product_cat-mattress","9":"product_tag-hot-deal","10":"product_tag-mybambu-special","11":"product_tag-up-to-500","13":"first","14":"instock","15":"sale","16":"taxable","17":"shipping-taxable","18":"purchasable","19":"product-type-variable","20":"has-default-attributes"},"supplier_id":null,"supplier_sku":"","barcode":null,"atum_controlled":true,"out_stock_date":null,"out_stock_threshold":null,"inheritable":true,"inbound_stock":0,"stock_on_hold":415,"sold_today":0,"sales_last_days":0,"reserved_stock":0,"customer_returns":0,"warehouse_damage":0,"lost_in_post":0,"other_logs":0,"out_stock_days":null,"lost_sales":0,"has_location":false,"update_date":"2026-03-25T21:21:25","atum_locations":[],"atum_stock_status":"instock","restock_status":false,"low_stock_amount":"","sales_update_date":"2025-04-01T15:34:31","calc_backorders":null,"yoast_head":"<!-- This site is optimized with the Yoast SEO plugin v26.1.1 - https:\/\/yoast.com\/wordpress\/plugins\/seo\/ -->\n<title>MLILY Fusion Supreme 11.5&quot; Hybrid Luxury Mattress - MyBambu.eMattressOutlet.com | Best Prices-Top Brands-Fast and Free Delivery<\/title>\n<meta name=\"robots\" content=\"noindex, follow, max-snippet:-1, max-image-preview:large, max-video-preview:-1\" \/>\n<meta property=\"og:locale\" content=\"es_MX\" \/>\n<meta property=\"og:type\" content=\"article\" \/>\n<meta property=\"og:title\" content=\"MLILY Fusion Supreme 11.5&quot; Hybrid Luxury Mattress - MyBambu.eMattressOutlet.com | Best Prices-Top Brands-Fast and Free Delivery\" \/>\n<meta property=\"og:description\" content=\"The Fusion Supreme is a comfortable middle ground that fits all sleepers and sleeping positions with a medium feel. The Bamboo Charcoal Memory Foam layer regulates temperature and moisture, while the Ventilated AeroFusion\u2122 Memory Foam layer promotes air circulation. It keeps the sleeper cool and comfortable with its combination of breathable and cooling foams.\" \/>\n<meta property=\"og:url\" content=\"https:\/\/mybambu.emattressoutlet.com\/es\/producto\/mlily-fusion-supreme-11-5-hybrid-luxury-mattress\/\" \/>\n<meta property=\"og:site_name\" content=\"MyBambu.eMattressOutlet.com | Best Prices-Top Brands-Fast and Free Delivery\" \/>\n<meta property=\"article:publisher\" content=\"https:\/\/www.facebook.com\/people\/Emattress-Outlet\/61559474578674\/\" \/>\n<meta property=\"article:modified_time\" content=\"2025-08-29T13:48:04+00:00\" \/>\n<meta property=\"og:image\" content=\"https:\/\/mybambu.emattressoutlet.com\/wp-content\/uploads\/2024\/12\/Mlyli-Fusion-Supreme-Mattress-01-1.webp\" \/>\n\t<meta property=\"og:image:width\" content=\"1200\" \/>\n\t<meta property=\"og:image:height\" content=\"600\" \/>\n\t<meta property=\"og:image:type\" content=\"image\/webp\" \/>\n<meta name=\"twitter:card\" content=\"summary_large_image\" \/>\n<meta name=\"twitter:site\" content=\"@eMattressOutlet\" \/>\n<script type=\"application\/ld+json\" class=\"yoast-schema-graph\">{\"@context\":\"https:\/\/schema.org\",\"@graph\":[{\"@type\":\"WebPage\",\"@id\":\"https:\/\/mybambu.emattressoutlet.com\/product\/mlily-fusion-supreme-11-5-hybrid-luxury-mattress\/\",\"url\":\"https:\/\/mybambu.emattressoutlet.com\/product\/mlily-fusion-supreme-11-5-hybrid-luxury-mattress\/\",\"name\":\"MLILY Fusion Supreme 11.5\\\" Hybrid Luxury Mattress - MyBambu.eMattressOutlet.com | Best Prices-Top Brands-Fast and Free Delivery\",\"isPartOf\":{\"@id\":\"https:\/\/mybambu.emattressoutlet.com\/#website\"},\"primaryImageOfPage\":{\"@id\":\"https:\/\/mybambu.emattressoutlet.com\/product\/mlily-fusion-supreme-11-5-hybrid-luxury-mattress\/#primaryimage\"},\"image\":{\"@id\":\"https:\/\/mybambu.emattressoutlet.com\/product\/mlily-fusion-supreme-11-5-hybrid-luxury-mattress\/#primaryimage\"},\"thumbnailUrl\":\"https:\/\/mybambu.emattressoutlet.com\/wp-content\/uploads\/2024\/12\/Mlyli-Fusion-Supreme-Mattress-01-1.webp\",\"datePublished\":\"2025-01-14T11:05:38+00:00\",\"dateModified\":\"2025-08-29T13:48:04+00:00\",\"breadcrumb\":{\"@id\":\"https:\/\/mybambu.emattressoutlet.com\/product\/mlily-fusion-supreme-11-5-hybrid-luxury-mattress\/#breadcrumb\"},\"inLanguage\":\"es\",\"potentialAction\":[{\"@type\":\"ReadAction\",\"target\":[\"https:\/\/mybambu.emattressoutlet.com\/product\/mlily-fusion-supreme-11-5-hybrid-luxury-mattress\/\"]}]},{\"@type\":\"ImageObject\",\"inLanguage\":\"es\",\"@id\":\"https:\/\/mybambu.emattressoutlet.com\/product\/mlily-fusion-supreme-11-5-hybrid-luxury-mattress\/#primaryimage\",\"url\":\"https:\/\/mybambu.emattressoutlet.com\/wp-content\/uploads\/2024\/12\/Mlyli-Fusion-Supreme-Mattress-01-1.webp\",\"contentUrl\":\"https:\/\/mybambu.emattressoutlet.com\/wp-content\/uploads\/2024\/12\/Mlyli-Fusion-Supreme-Mattress-01-1.webp\",\"width\":1200,\"height\":600},{\"@type\":\"BreadcrumbList\",\"@id\":\"https:\/\/mybambu.emattressoutlet.com\/product\/mlily-fusion-supreme-11-5-hybrid-luxury-mattress\/#breadcrumb\",\"itemListElement\":[{\"@type\":\"ListItem\",\"position\":1,\"name\":\"Home\",\"item\":\"https:\/\/mybambu.emattressoutlet.com\/\"},{\"@type\":\"ListItem\",\"position\":2,\"name\":\"Shop\",\"item\":\"https:\/\/mybambu.emattressoutlet.com\/shop\/\"},{\"@type\":\"ListItem\",\"position\":3,\"name\":\"MLILY Fusion Supreme 11.5&#8243; Hybrid Luxury Mattress\"}]},{\"@type\":\"WebSite\",\"@id\":\"https:\/\/mybambu.emattressoutlet.com\/#website\",\"url\":\"https:\/\/mybambu.emattressoutlet.com\/\",\"name\":\"MyBambu.eMattressOutlet.com | Best Prices-Top Brands-Fast and Free Delivery\",\"description\":\"MyBambu.eMattressOutlet.com has the best sales on mattresses, beds, adjustable bases, bedding and more from top brands.\",\"publisher\":{\"@id\":\"https:\/\/mybambu.emattressoutlet.com\/#organization\"},\"potentialAction\":[{\"@type\":\"SearchAction\",\"target\":{\"@type\":\"EntryPoint\",\"urlTemplate\":\"https:\/\/mybambu.emattressoutlet.com\/?s={search_term_string}\"},\"query-input\":{\"@type\":\"PropertyValueSpecification\",\"valueRequired\":true,\"valueName\":\"search_term_string\"}}],\"inLanguage\":\"es\"},{\"@type\":\"Organization\",\"@id\":\"https:\/\/mybambu.emattressoutlet.com\/#organization\",\"name\":\"MyBambu.eMattressOutlet.com | Best Prices-Top Brands-Fast and Free Delivery\",\"url\":\"https:\/\/mybambu.emattressoutlet.com\/\",\"logo\":{\"@type\":\"ImageObject\",\"inLanguage\":\"es\",\"@id\":\"https:\/\/mybambu.emattressoutlet.com\/#\/schema\/logo\/image\/\",\"url\":\"https:\/\/mybambu.emattressoutlet.com\/wp-content\/uploads\/2024\/02\/Logo-eMatress-Blue.svg\",\"contentUrl\":\"https:\/\/mybambu.emattressoutlet.com\/wp-content\/uploads\/2024\/02\/Logo-eMatress-Blue.svg\",\"width\":393,\"height\":169,\"caption\":\"MyBambu.eMattressOutlet.com | Best Prices-Top Brands-Fast and Free Delivery\"},\"image\":{\"@id\":\"https:\/\/mybambu.emattressoutlet.com\/#\/schema\/logo\/image\/\"},\"sameAs\":[\"https:\/\/www.facebook.com\/people\/Emattress-Outlet\/61559474578674\/\",\"https:\/\/x.com\/eMattressOutlet\",\"https:\/\/www.instagram.com\/emattressoutlet\/\",\"https:\/\/www.linkedin.com\/company\/emattress-outlet\/\"]}]}<\/script>\n<!-- \/ Yoast SEO plugin. -->","yoast_head_json":{"title":"MLILY Fusion Supreme 11.5\" Hybrid Luxury Mattress - MyBambu.eMattressOutlet.com | Best Prices-Top Brands-Fast and Free Delivery","robots":{"index":"noindex","follow":"follow","max-snippet":"max-snippet:-1","max-image-preview":"max-image-preview:large","max-video-preview":"max-video-preview:-1"},"og_locale":"es_MX","og_type":"article","og_title":"MLILY Fusion Supreme 11.5\" Hybrid Luxury Mattress - MyBambu.eMattressOutlet.com | Best Prices-Top Brands-Fast and Free Delivery","og_description":"The Fusion Supreme is a comfortable middle ground that fits all sleepers and sleeping positions with a medium feel. The Bamboo Charcoal Memory Foam layer regulates temperature and moisture, while the Ventilated AeroFusion\u2122 Memory Foam layer promotes air circulation. It keeps the sleeper cool and comfortable with its combination of breathable and cooling foams.","og_url":"https:\/\/mybambu.emattressoutlet.com\/es\/producto\/mlily-fusion-supreme-11-5-hybrid-luxury-mattress\/","og_site_name":"MyBambu.eMattressOutlet.com | Best Prices-Top Brands-Fast and Free Delivery","article_publisher":"https:\/\/www.facebook.com\/people\/Emattress-Outlet\/61559474578674\/","article_modified_time":"2025-08-29T13:48:04+00:00","og_image":[{"width":1200,"height":600,"url":"https:\/\/mybambu.emattressoutlet.com\/wp-content\/uploads\/2024\/12\/Mlyli-Fusion-Supreme-Mattress-01-1.webp","type":"image\/webp"}],"twitter_card":"summary_large_image","twitter_site":"@eMattressOutlet","schema":{"@context":"https:\/\/schema.org","@graph":[{"@type":"WebPage","@id":"https:\/\/mybambu.emattressoutlet.com\/product\/mlily-fusion-supreme-11-5-hybrid-luxury-mattress\/","url":"https:\/\/mybambu.emattressoutlet.com\/product\/mlily-fusion-supreme-11-5-hybrid-luxury-mattress\/","name":"MLILY Fusion Supreme 11.5\" Hybrid Luxury Mattress - MyBambu.eMattressOutlet.com | Best Prices-Top Brands-Fast and Free Delivery","isPartOf":{"@id":"https:\/\/mybambu.emattressoutlet.com\/#website"},"primaryImageOfPage":{"@id":"https:\/\/mybambu.emattressoutlet.com\/product\/mlily-fusion-supreme-11-5-hybrid-luxury-mattress\/#primaryimage"},"image":{"@id":"https:\/\/mybambu.emattressoutlet.com\/product\/mlily-fusion-supreme-11-5-hybrid-luxury-mattress\/#primaryimage"},"thumbnailUrl":"https:\/\/mybambu.emattressoutlet.com\/wp-content\/uploads\/2024\/12\/Mlyli-Fusion-Supreme-Mattress-01-1.webp","datePublished":"2025-01-14T11:05:38+00:00","dateModified":"2025-08-29T13:48:04+00:00","breadcrumb":{"@id":"https:\/\/mybambu.emattressoutlet.com\/product\/mlily-fusion-supreme-11-5-hybrid-luxury-mattress\/#breadcrumb"},"inLanguage":"es","potentialAction":[{"@type":"ReadAction","target":["https:\/\/mybambu.emattressoutlet.com\/product\/mlily-fusion-supreme-11-5-hybrid-luxury-mattress\/"]}]},{"@type":"ImageObject","inLanguage":"es","@id":"https:\/\/mybambu.emattressoutlet.com\/product\/mlily-fusion-supreme-11-5-hybrid-luxury-mattress\/#primaryimage","url":"https:\/\/mybambu.emattressoutlet.com\/wp-content\/uploads\/2024\/12\/Mlyli-Fusion-Supreme-Mattress-01-1.webp","contentUrl":"https:\/\/mybambu.emattressoutlet.com\/wp-content\/uploads\/2024\/12\/Mlyli-Fusion-Supreme-Mattress-01-1.webp","width":1200,"height":600},{"@type":"BreadcrumbList","@id":"https:\/\/mybambu.emattressoutlet.com\/product\/mlily-fusion-supreme-11-5-hybrid-luxury-mattress\/#breadcrumb","itemListElement":[{"@type":"ListItem","position":1,"name":"Home","item":"https:\/\/mybambu.emattressoutlet.com\/"},{"@type":"ListItem","position":2,"name":"Shop","item":"https:\/\/mybambu.emattressoutlet.com\/shop\/"},{"@type":"ListItem","position":3,"name":"MLILY Fusion Supreme 11.5&#8243; Hybrid Luxury Mattress"}]},{"@type":"WebSite","@id":"https:\/\/mybambu.emattressoutlet.com\/#website","url":"https:\/\/mybambu.emattressoutlet.com\/","name":"MyBambu.eMattressOutlet.com | Best Prices-Top Brands-Fast and Free Delivery","description":"MyBambu.eMattressOutlet.com has the best sales on mattresses, beds, adjustable bases, bedding and more from top brands.","publisher":{"@id":"https:\/\/mybambu.emattressoutlet.com\/#organization"},"potentialAction":[{"@type":"SearchAction","target":{"@type":"EntryPoint","urlTemplate":"https:\/\/mybambu.emattressoutlet.com\/?s={search_term_string}"},"query-input":{"@type":"PropertyValueSpecification","valueRequired":true,"valueName":"search_term_string"}}],"inLanguage":"es"},{"@type":"Organization","@id":"https:\/\/mybambu.emattressoutlet.com\/#organization","name":"MyBambu.eMattressOutlet.com | Best Prices-Top Brands-Fast and Free Delivery","url":"https:\/\/mybambu.emattressoutlet.com\/","logo":{"@type":"ImageObject","inLanguage":"es","@id":"https:\/\/mybambu.emattressoutlet.com\/#\/schema\/logo\/image\/","url":"https:\/\/mybambu.emattressoutlet.com\/wp-content\/uploads\/2024\/02\/Logo-eMatress-Blue.svg","contentUrl":"https:\/\/mybambu.emattressoutlet.com\/wp-content\/uploads\/2024\/02\/Logo-eMatress-Blue.svg","width":393,"height":169,"caption":"MyBambu.eMattressOutlet.com | Best Prices-Top Brands-Fast and Free Delivery"},"image":{"@id":"https:\/\/mybambu.emattressoutlet.com\/#\/schema\/logo\/image\/"},"sameAs":["https:\/\/www.facebook.com\/people\/Emattress-Outlet\/61559474578674\/","https:\/\/x.com\/eMattressOutlet","https:\/\/www.instagram.com\/emattressoutlet\/","https:\/\/www.linkedin.com\/company\/emattress-outlet\/"]}]}},"brands":[{"id":354,"name":"MLily","slug":"mlily"}],"_links":{"self":[{"href":"https:\/\/mybambu.emattressoutlet.com\/es\/wp-json\/wp\/v2\/product\/21452","targetHints":{"allow":["GET"]}}],"collection":[{"href":"https:\/\/mybambu.emattressoutlet.com\/es\/wp-json\/wp\/v2\/product"}],"about":[{"href":"https:\/\/mybambu.emattressoutlet.com\/es\/wp-json\/wp\/v2\/types\/product"}],"replies":[{"embeddable":true,"href":"https:\/\/mybambu.emattressoutlet.com\/es\/wp-json\/wp\/v2\/comments?post=21452"}],"version-history":[{"count":7,"href":"https:\/\/mybambu.emattressoutlet.com\/es\/wp-json\/wp\/v2\/product\/21452\/revisions"}],"predecessor-version":[{"id":31911,"href":"https:\/\/mybambu.emattressoutlet.com\/es\/wp-json\/wp\/v2\/product\/21452\/revisions\/31911"}],"wp:featuredmedia":[{"embeddable":true,"href":"https:\/\/mybambu.emattressoutlet.com\/es\/wp-json\/wp\/v2\/media\/20405"}],"wp:attachment":[{"href":"https:\/\/mybambu.emattressoutlet.com\/es\/wp-json\/wp\/v2\/media?parent=21452"}],"wp:term":[{"taxonomy":"pwb-brand","embeddable":true,"href":"https:\/\/mybambu.emattressoutlet.com\/es\/wp-json\/wp\/v2\/pwb-brand?post=21452"},{"taxonomy":"product_brand","embeddable":true,"href":"https:\/\/mybambu.emattressoutlet.com\/es\/wp-json\/wp\/v2\/product_brand?post=21452"},{"taxonomy":"product_cat","embeddable":true,"href":"https:\/\/mybambu.emattressoutlet.com\/es\/wp-json\/wp\/v2\/product_cat?post=21452"},{"taxonomy":"product_tag","embeddable":true,"href":"https:\/\/mybambu.emattressoutlet.com\/es\/wp-json\/wp\/v2\/product_tag?post=21452"}],"curies":[{"name":"wp","href":"https:\/\/api.w.org\/{rel}","templated":true}]}}