{"id":18931,"date":"2024-10-21T09:03:52","date_gmt":"2024-10-21T14:03:52","guid":{"rendered":"https:\/\/www.emattressoutlet.com\/?post_type=product&#038;p=18931"},"modified":"2025-09-03T04:19:19","modified_gmt":"2025-09-03T09:19:19","slug":"rizzo-u-shape-modern-sectional","status":"publish","type":"product","link":"https:\/\/mybambu.emattressoutlet.com\/es\/producto\/rizzo-u-shape-modern-sectional\/","title":{"rendered":"Rizzo U Shape Modern Sectional"},"content":{"rendered":"<ul>\n<li style=\"text-align: justify;\">Combinaci\u00f3n flexible: no se trata solo de un sof\u00e1 modular en forma de U, cada asiento se puede mover y volver a combinar. Para mayor comodidad y necesidad, tambi\u00e9n puede mover y volver a ensamblar el sof\u00e1 modular, este es el encanto del sof\u00e1 modular seccional.<\/li>\n<li>Coj\u00edn doble: proporciona una sensaci\u00f3n envolvente m\u00e1s suave y c\u00f3moda. El coj\u00edn superior est\u00e1 relleno con espuma pura de alta densidad para una sensaci\u00f3n m\u00e1s suave, el coj\u00edn inferior est\u00e1 relleno con resortes embolsados \u200b\u200bcon espuma de alta densidad para un mejor soporte.<\/li>\n<li>Alta calidad: el sof\u00e1 cuenta con un marco resistente de madera y hierro que puede soportar hasta 330 libras, lo que lo hace ideal para el uso diario. Tambi\u00e9n est\u00e1 equipado con patas de pl\u00e1stico, que son estables y duraderas, y no rayan f\u00e1cilmente el piso.<\/li>\n<li>Estilo elegante: la tapicer\u00eda y las l\u00edneas elegantes se combinan para hacer que este sof\u00e1 combinado sea hermoso y c\u00f3modo, perfecto para su apartamento, casa o sala de conferencias. Este sof\u00e1 modular en forma de U es adecuado para cualquier ambiente interior, \u00a1acoge a sus amigos y brinda una sensaci\u00f3n c\u00f3moda y acogedora!<\/li>\n<\/ul>","protected":false},"excerpt":{"rendered":"<p>No se trata de un simple sof\u00e1 modular en forma de U, sino que cada asiento se puede mover y volver a combinar. Para mayor comodidad y necesidad, tambi\u00e9n se puede mover y volver a montar el sof\u00e1 modular, este es el encanto del sof\u00e1 modular seccional.<\/p>\n<p>El embalaje del producto puede actualizarse en cualquier momento, consulte el producto real recibido. Todos los colores en nuestro sitio web son solo de referencia, los colores reales del producto pueden variar un poco, debido a las diferentes configuraciones de color de cada dispositivo de pantalla. Tenga en cuenta: la mayor\u00eda de nuestros sof\u00e1s se miden a mano, por lo tanto, las dimensiones son solo de referencia y pueden variar marginalmente.<\/p>","protected":false},"featured_media":32137,"comment_status":"open","ping_status":"closed","template":"","meta":{"inline_featured_image":false,"iawp_total_views":22},"pwb-brand":[340],"product_brand":[],"product_cat":[73,339],"product_tag":[171,348],"class_list":{"0":"post-18931","1":"product","2":"type-product","3":"status-publish","4":"has-post-thumbnail","6":"pwb-brand-general-sellers","7":"product_cat-furniture-and-more-2","8":"product_cat-sectionals","9":"product_tag-1-variation","10":"product_tag-black-friday-extra-30","12":"first","13":"instock","14":"taxable","15":"shipping-taxable","16":"purchasable","17":"product-type-variable","18":"has-default-attributes"},"supplier_id":null,"supplier_sku":"","barcode":null,"atum_controlled":true,"out_stock_date":null,"out_stock_threshold":null,"inheritable":true,"inbound_stock":0,"stock_on_hold":3,"sold_today":0,"sales_last_days":0,"reserved_stock":0,"customer_returns":0,"warehouse_damage":0,"lost_in_post":0,"other_logs":0,"out_stock_days":null,"lost_sales":0,"has_location":false,"update_date":"2025-09-03T09:19:22","atum_locations":[],"atum_stock_status":"instock","restock_status":false,"low_stock_amount":"","sales_update_date":"2025-04-01T15:34:31","calc_backorders":null,"yoast_head":"<!-- This site is optimized with the Yoast SEO plugin v26.1.1 - https:\/\/yoast.com\/wordpress\/plugins\/seo\/ -->\n<title>Rizzo U Shape Modern Sectional - MyBambu.eMattressOutlet.com | Best Prices-Top Brands-Fast and Free Delivery<\/title>\n<meta name=\"robots\" content=\"noindex, follow, max-snippet:-1, max-image-preview:large, max-video-preview:-1\" \/>\n<meta property=\"og:locale\" content=\"es_MX\" \/>\n<meta property=\"og:type\" content=\"article\" \/>\n<meta property=\"og:title\" content=\"Rizzo U Shape Modern Sectional - MyBambu.eMattressOutlet.com | Best Prices-Top Brands-Fast and Free Delivery\" \/>\n<meta property=\"og:description\" content=\"Not just a u-shaped modular sofa, the every seat can be moved and re-matched. For convenience and need you also can move and re-assemble the modular couch, this is the charm of the modular sectional sofa.  The packaging of the product package may be updated at any time, please refer to the actual product received. All colors on our website are for reference only, actual product colors may vary a little bit, due to different colour settings of every screen device. Please note: most of our sofas are hand-measured, therefore the dimensions are for reference only, and may marginally deviate.\" \/>\n<meta property=\"og:url\" content=\"https:\/\/mybambu.emattressoutlet.com\/es\/producto\/rizzo-u-shape-modern-sectional\/\" \/>\n<meta property=\"og:site_name\" content=\"MyBambu.eMattressOutlet.com | Best Prices-Top Brands-Fast and Free Delivery\" \/>\n<meta property=\"article:publisher\" content=\"https:\/\/www.facebook.com\/people\/Emattress-Outlet\/61559474578674\/\" \/>\n<meta property=\"article:modified_time\" content=\"2025-09-03T09:19:19+00:00\" \/>\n<meta property=\"og:image\" content=\"https:\/\/mybambu.emattressoutlet.com\/wp-content\/uploads\/2024\/10\/Rizzo-U-Shape-Modern-Sectional-01.webp\" \/>\n\t<meta property=\"og:image:width\" content=\"1200\" \/>\n\t<meta property=\"og:image:height\" content=\"600\" \/>\n\t<meta property=\"og:image:type\" content=\"image\/webp\" \/>\n<meta name=\"twitter:card\" content=\"summary_large_image\" \/>\n<meta name=\"twitter:site\" content=\"@eMattressOutlet\" \/>\n<meta name=\"twitter:label1\" content=\"Tiempo de lectura\" \/>\n\t<meta name=\"twitter:data1\" content=\"1 minuto\" \/>\n<script type=\"application\/ld+json\" class=\"yoast-schema-graph\">{\"@context\":\"https:\/\/schema.org\",\"@graph\":[{\"@type\":\"WebPage\",\"@id\":\"https:\/\/mybambu.emattressoutlet.com\/product\/rizzo-u-shape-modern-sectional\/\",\"url\":\"https:\/\/mybambu.emattressoutlet.com\/product\/rizzo-u-shape-modern-sectional\/\",\"name\":\"Rizzo U Shape Modern Sectional - MyBambu.eMattressOutlet.com | Best Prices-Top Brands-Fast and Free Delivery\",\"isPartOf\":{\"@id\":\"https:\/\/mybambu.emattressoutlet.com\/#website\"},\"primaryImageOfPage\":{\"@id\":\"https:\/\/mybambu.emattressoutlet.com\/product\/rizzo-u-shape-modern-sectional\/#primaryimage\"},\"image\":{\"@id\":\"https:\/\/mybambu.emattressoutlet.com\/product\/rizzo-u-shape-modern-sectional\/#primaryimage\"},\"thumbnailUrl\":\"https:\/\/mybambu.emattressoutlet.com\/wp-content\/uploads\/2024\/10\/Rizzo-U-Shape-Modern-Sectional-01.webp\",\"datePublished\":\"2024-10-21T14:03:52+00:00\",\"dateModified\":\"2025-09-03T09:19:19+00:00\",\"breadcrumb\":{\"@id\":\"https:\/\/mybambu.emattressoutlet.com\/product\/rizzo-u-shape-modern-sectional\/#breadcrumb\"},\"inLanguage\":\"es\",\"potentialAction\":[{\"@type\":\"ReadAction\",\"target\":[\"https:\/\/mybambu.emattressoutlet.com\/product\/rizzo-u-shape-modern-sectional\/\"]}]},{\"@type\":\"ImageObject\",\"inLanguage\":\"es\",\"@id\":\"https:\/\/mybambu.emattressoutlet.com\/product\/rizzo-u-shape-modern-sectional\/#primaryimage\",\"url\":\"https:\/\/mybambu.emattressoutlet.com\/wp-content\/uploads\/2024\/10\/Rizzo-U-Shape-Modern-Sectional-01.webp\",\"contentUrl\":\"https:\/\/mybambu.emattressoutlet.com\/wp-content\/uploads\/2024\/10\/Rizzo-U-Shape-Modern-Sectional-01.webp\",\"width\":1200,\"height\":600},{\"@type\":\"BreadcrumbList\",\"@id\":\"https:\/\/mybambu.emattressoutlet.com\/product\/rizzo-u-shape-modern-sectional\/#breadcrumb\",\"itemListElement\":[{\"@type\":\"ListItem\",\"position\":1,\"name\":\"Home\",\"item\":\"https:\/\/mybambu.emattressoutlet.com\/\"},{\"@type\":\"ListItem\",\"position\":2,\"name\":\"Shop\",\"item\":\"https:\/\/mybambu.emattressoutlet.com\/shop\/\"},{\"@type\":\"ListItem\",\"position\":3,\"name\":\"Rizzo U Shape Modern Sectional\"}]},{\"@type\":\"WebSite\",\"@id\":\"https:\/\/mybambu.emattressoutlet.com\/#website\",\"url\":\"https:\/\/mybambu.emattressoutlet.com\/\",\"name\":\"MyBambu.eMattressOutlet.com | Best Prices-Top Brands-Fast and Free Delivery\",\"description\":\"MyBambu.eMattressOutlet.com has the best sales on mattresses, beds, adjustable bases, bedding and more from top brands.\",\"publisher\":{\"@id\":\"https:\/\/mybambu.emattressoutlet.com\/#organization\"},\"potentialAction\":[{\"@type\":\"SearchAction\",\"target\":{\"@type\":\"EntryPoint\",\"urlTemplate\":\"https:\/\/mybambu.emattressoutlet.com\/?s={search_term_string}\"},\"query-input\":{\"@type\":\"PropertyValueSpecification\",\"valueRequired\":true,\"valueName\":\"search_term_string\"}}],\"inLanguage\":\"es\"},{\"@type\":\"Organization\",\"@id\":\"https:\/\/mybambu.emattressoutlet.com\/#organization\",\"name\":\"MyBambu.eMattressOutlet.com | Best Prices-Top Brands-Fast and Free Delivery\",\"url\":\"https:\/\/mybambu.emattressoutlet.com\/\",\"logo\":{\"@type\":\"ImageObject\",\"inLanguage\":\"es\",\"@id\":\"https:\/\/mybambu.emattressoutlet.com\/#\/schema\/logo\/image\/\",\"url\":\"https:\/\/mybambu.emattressoutlet.com\/wp-content\/uploads\/2024\/02\/Logo-eMatress-Blue.svg\",\"contentUrl\":\"https:\/\/mybambu.emattressoutlet.com\/wp-content\/uploads\/2024\/02\/Logo-eMatress-Blue.svg\",\"width\":393,\"height\":169,\"caption\":\"MyBambu.eMattressOutlet.com | Best Prices-Top Brands-Fast and Free Delivery\"},\"image\":{\"@id\":\"https:\/\/mybambu.emattressoutlet.com\/#\/schema\/logo\/image\/\"},\"sameAs\":[\"https:\/\/www.facebook.com\/people\/Emattress-Outlet\/61559474578674\/\",\"https:\/\/x.com\/eMattressOutlet\",\"https:\/\/www.instagram.com\/emattressoutlet\/\",\"https:\/\/www.linkedin.com\/company\/emattress-outlet\/\"]}]}<\/script>\n<!-- \/ Yoast SEO plugin. -->","yoast_head_json":{"title":"Rizzo U Shape Modern Sectional - MyBambu.eMattressOutlet.com | Best Prices-Top Brands-Fast and Free Delivery","robots":{"index":"noindex","follow":"follow","max-snippet":"max-snippet:-1","max-image-preview":"max-image-preview:large","max-video-preview":"max-video-preview:-1"},"og_locale":"es_MX","og_type":"article","og_title":"Rizzo U Shape Modern Sectional - MyBambu.eMattressOutlet.com | Best Prices-Top Brands-Fast and Free Delivery","og_description":"Not just a u-shaped modular sofa, the every seat can be moved and re-matched. For convenience and need you also can move and re-assemble the modular couch, this is the charm of the modular sectional sofa.  The packaging of the product package may be updated at any time, please refer to the actual product received. All colors on our website are for reference only, actual product colors may vary a little bit, due to different colour settings of every screen device. Please note: most of our sofas are hand-measured, therefore the dimensions are for reference only, and may marginally deviate.","og_url":"https:\/\/mybambu.emattressoutlet.com\/es\/producto\/rizzo-u-shape-modern-sectional\/","og_site_name":"MyBambu.eMattressOutlet.com | Best Prices-Top Brands-Fast and Free Delivery","article_publisher":"https:\/\/www.facebook.com\/people\/Emattress-Outlet\/61559474578674\/","article_modified_time":"2025-09-03T09:19:19+00:00","og_image":[{"width":1200,"height":600,"url":"https:\/\/mybambu.emattressoutlet.com\/wp-content\/uploads\/2024\/10\/Rizzo-U-Shape-Modern-Sectional-01.webp","type":"image\/webp"}],"twitter_card":"summary_large_image","twitter_site":"@eMattressOutlet","twitter_misc":{"Tiempo de lectura":"1 minuto"},"schema":{"@context":"https:\/\/schema.org","@graph":[{"@type":"WebPage","@id":"https:\/\/mybambu.emattressoutlet.com\/product\/rizzo-u-shape-modern-sectional\/","url":"https:\/\/mybambu.emattressoutlet.com\/product\/rizzo-u-shape-modern-sectional\/","name":"Rizzo U Shape Modern Sectional - MyBambu.eMattressOutlet.com | Best Prices-Top Brands-Fast and Free Delivery","isPartOf":{"@id":"https:\/\/mybambu.emattressoutlet.com\/#website"},"primaryImageOfPage":{"@id":"https:\/\/mybambu.emattressoutlet.com\/product\/rizzo-u-shape-modern-sectional\/#primaryimage"},"image":{"@id":"https:\/\/mybambu.emattressoutlet.com\/product\/rizzo-u-shape-modern-sectional\/#primaryimage"},"thumbnailUrl":"https:\/\/mybambu.emattressoutlet.com\/wp-content\/uploads\/2024\/10\/Rizzo-U-Shape-Modern-Sectional-01.webp","datePublished":"2024-10-21T14:03:52+00:00","dateModified":"2025-09-03T09:19:19+00:00","breadcrumb":{"@id":"https:\/\/mybambu.emattressoutlet.com\/product\/rizzo-u-shape-modern-sectional\/#breadcrumb"},"inLanguage":"es","potentialAction":[{"@type":"ReadAction","target":["https:\/\/mybambu.emattressoutlet.com\/product\/rizzo-u-shape-modern-sectional\/"]}]},{"@type":"ImageObject","inLanguage":"es","@id":"https:\/\/mybambu.emattressoutlet.com\/product\/rizzo-u-shape-modern-sectional\/#primaryimage","url":"https:\/\/mybambu.emattressoutlet.com\/wp-content\/uploads\/2024\/10\/Rizzo-U-Shape-Modern-Sectional-01.webp","contentUrl":"https:\/\/mybambu.emattressoutlet.com\/wp-content\/uploads\/2024\/10\/Rizzo-U-Shape-Modern-Sectional-01.webp","width":1200,"height":600},{"@type":"BreadcrumbList","@id":"https:\/\/mybambu.emattressoutlet.com\/product\/rizzo-u-shape-modern-sectional\/#breadcrumb","itemListElement":[{"@type":"ListItem","position":1,"name":"Home","item":"https:\/\/mybambu.emattressoutlet.com\/"},{"@type":"ListItem","position":2,"name":"Shop","item":"https:\/\/mybambu.emattressoutlet.com\/shop\/"},{"@type":"ListItem","position":3,"name":"Rizzo U Shape Modern Sectional"}]},{"@type":"WebSite","@id":"https:\/\/mybambu.emattressoutlet.com\/#website","url":"https:\/\/mybambu.emattressoutlet.com\/","name":"MyBambu.eMattressOutlet.com | Best Prices-Top Brands-Fast and Free Delivery","description":"MyBambu.eMattressOutlet.com has the best sales on mattresses, beds, adjustable bases, bedding and more from top brands.","publisher":{"@id":"https:\/\/mybambu.emattressoutlet.com\/#organization"},"potentialAction":[{"@type":"SearchAction","target":{"@type":"EntryPoint","urlTemplate":"https:\/\/mybambu.emattressoutlet.com\/?s={search_term_string}"},"query-input":{"@type":"PropertyValueSpecification","valueRequired":true,"valueName":"search_term_string"}}],"inLanguage":"es"},{"@type":"Organization","@id":"https:\/\/mybambu.emattressoutlet.com\/#organization","name":"MyBambu.eMattressOutlet.com | Best Prices-Top Brands-Fast and Free Delivery","url":"https:\/\/mybambu.emattressoutlet.com\/","logo":{"@type":"ImageObject","inLanguage":"es","@id":"https:\/\/mybambu.emattressoutlet.com\/#\/schema\/logo\/image\/","url":"https:\/\/mybambu.emattressoutlet.com\/wp-content\/uploads\/2024\/02\/Logo-eMatress-Blue.svg","contentUrl":"https:\/\/mybambu.emattressoutlet.com\/wp-content\/uploads\/2024\/02\/Logo-eMatress-Blue.svg","width":393,"height":169,"caption":"MyBambu.eMattressOutlet.com | Best Prices-Top Brands-Fast and Free Delivery"},"image":{"@id":"https:\/\/mybambu.emattressoutlet.com\/#\/schema\/logo\/image\/"},"sameAs":["https:\/\/www.facebook.com\/people\/Emattress-Outlet\/61559474578674\/","https:\/\/x.com\/eMattressOutlet","https:\/\/www.instagram.com\/emattressoutlet\/","https:\/\/www.linkedin.com\/company\/emattress-outlet\/"]}]}},"brands":[{"id":340,"name":"General Sellers","slug":"general-sellers"}],"_links":{"self":[{"href":"https:\/\/mybambu.emattressoutlet.com\/es\/wp-json\/wp\/v2\/product\/18931","targetHints":{"allow":["GET"]}}],"collection":[{"href":"https:\/\/mybambu.emattressoutlet.com\/es\/wp-json\/wp\/v2\/product"}],"about":[{"href":"https:\/\/mybambu.emattressoutlet.com\/es\/wp-json\/wp\/v2\/types\/product"}],"replies":[{"embeddable":true,"href":"https:\/\/mybambu.emattressoutlet.com\/es\/wp-json\/wp\/v2\/comments?post=18931"}],"version-history":[{"count":3,"href":"https:\/\/mybambu.emattressoutlet.com\/es\/wp-json\/wp\/v2\/product\/18931\/revisions"}],"predecessor-version":[{"id":19045,"href":"https:\/\/mybambu.emattressoutlet.com\/es\/wp-json\/wp\/v2\/product\/18931\/revisions\/19045"}],"wp:featuredmedia":[{"embeddable":true,"href":"https:\/\/mybambu.emattressoutlet.com\/es\/wp-json\/wp\/v2\/media\/32137"}],"wp:attachment":[{"href":"https:\/\/mybambu.emattressoutlet.com\/es\/wp-json\/wp\/v2\/media?parent=18931"}],"wp:term":[{"taxonomy":"pwb-brand","embeddable":true,"href":"https:\/\/mybambu.emattressoutlet.com\/es\/wp-json\/wp\/v2\/pwb-brand?post=18931"},{"taxonomy":"product_brand","embeddable":true,"href":"https:\/\/mybambu.emattressoutlet.com\/es\/wp-json\/wp\/v2\/product_brand?post=18931"},{"taxonomy":"product_cat","embeddable":true,"href":"https:\/\/mybambu.emattressoutlet.com\/es\/wp-json\/wp\/v2\/product_cat?post=18931"},{"taxonomy":"product_tag","embeddable":true,"href":"https:\/\/mybambu.emattressoutlet.com\/es\/wp-json\/wp\/v2\/product_tag?post=18931"}],"curies":[{"name":"wp","href":"https:\/\/api.w.org\/{rel}","templated":true}]}}