{"id":18002,"date":"2024-10-18T10:22:07","date_gmt":"2024-10-18T15:22:07","guid":{"rendered":"https:\/\/www.emattressoutlet.com\/?post_type=product&#038;p=18002"},"modified":"2024-12-27T05:35:34","modified_gmt":"2024-12-27T11:35:34","slug":"shaq-110-modern-u-shaped-sectional","status":"publish","type":"product","link":"https:\/\/mybambu.emattressoutlet.com\/es\/producto\/shaq-110-modern-u-shaped-sectional\/","title":{"rendered":"Shaq 110&#8243; Modern U Shaped Sectional"},"content":{"rendered":"<ul>\n<li style=\"text-align: justify;\">Flexible Combination: Not just a u-shaped modular sofa, the every seat can be moved and re-matched. For convenience and need you also can move and re-assemble the modular couch, this is the charm of the modular sectional sofa.<\/li>\n<li>Coj\u00edn de espuma pura: el sof\u00e1 est\u00e1 dise\u00f1ado con cojines de esponja pura para sentarse c\u00f3modamente y una sensaci\u00f3n de envoltura m\u00e1s fuerte.<\/li>\n<li>Muebles espaciosos: estructura de madera maciza resistente, rellena de esponja de alta densidad, que hace que este sof\u00e1 modular sea hermoso y c\u00f3modo, y se puede combinar perfectamente con su apartamento, casa o sala de conferencias. \u00a1El sof\u00e1 modular se adapta a cualquier interior y abraza a sus amigos con un ambiente acogedor!<\/li>\n<li>Sof\u00e1 de alta calidad: este sof\u00e1 modular cuenta con una moderna chenilla de primera calidad y un resistente marco de madera maciza; la espuma de alta densidad y los cojines de gran tama\u00f1o le brindan una comodidad mejorada, ya sea que est\u00e9 sentado o acostado para relajarse.<\/li>\n<li>Construcci\u00f3n robusta: el sof\u00e1 est\u00e1 construido con un marco de madera dura que es lo suficientemente resistente como para brindar un uso prolongado. Equipado con patas engrosadas para brindarle un soporte seguro y garantizar una excelente estabilidad. Tiene una estructura simple con conexiones de tornillos, lo que facilita el ensamblaje y mantiene la estabilidad.<\/li>\n<\/ul>","protected":false},"excerpt":{"rendered":"<p>Sof\u00e1 modular que ofrece infinitas posibilidades de personalizaci\u00f3n y flexibilidad. Puedes mezclar y combinar f\u00e1cilmente diferentes piezas para crear un sof\u00e1 que se adapte perfectamente a tu espacio y estilo. El sof\u00e1 est\u00e1 hecho de tela de alta calidad que es duradera y c\u00f3moda. Los cojines son suaves y brindan apoyo y el marco es resistente y duradero. Adem\u00e1s, este sof\u00e1 est\u00e1 disponible en 2 colores para que puedas elegir el estilo perfecto para tu hogar. Ya sea que quieras un rinc\u00f3n acogedor para leer, una amplia zona de estar para entretener o un sof\u00e1 modular que se pueda adaptar a tus necesidades cambiantes, es la elecci\u00f3n perfecta.<\/p>","protected":false},"featured_media":20721,"comment_status":"open","ping_status":"closed","template":"","meta":{"inline_featured_image":false,"iawp_total_views":75},"pwb-brand":[340],"product_brand":[],"product_cat":[73,339],"product_tag":[171,348],"class_list":{"0":"post-18002","1":"product","2":"type-product","3":"status-publish","4":"has-post-thumbnail","6":"pwb-brand-general-sellers","7":"product_cat-furniture-and-more-2","8":"product_cat-sectionals","9":"product_tag-1-variation","10":"product_tag-black-friday-extra-30","12":"first","13":"instock","14":"taxable","15":"shipping-taxable","16":"purchasable","17":"product-type-variable","18":"has-default-attributes"},"supplier_id":null,"supplier_sku":"","barcode":null,"atum_controlled":true,"out_stock_date":null,"out_stock_threshold":null,"inheritable":true,"inbound_stock":0,"stock_on_hold":3,"sold_today":0,"sales_last_days":0,"reserved_stock":0,"customer_returns":0,"warehouse_damage":0,"lost_in_post":0,"other_logs":0,"out_stock_days":null,"lost_sales":0,"has_location":false,"update_date":"2025-09-16T21:57:43","atum_locations":[],"atum_stock_status":"instock","restock_status":false,"low_stock_amount":"","sales_update_date":"2025-04-01T15:34:32","calc_backorders":null,"yoast_head":"<!-- This site is optimized with the Yoast SEO plugin v26.1.1 - https:\/\/yoast.com\/wordpress\/plugins\/seo\/ -->\n<title>Shaq 110&quot; Modern U Shaped Sectional - MyBambu.eMattressOutlet.com | Best Prices-Top Brands-Fast and Free Delivery<\/title>\n<meta name=\"robots\" content=\"noindex, follow, max-snippet:-1, max-image-preview:large, max-video-preview:-1\" \/>\n<meta property=\"og:locale\" content=\"es_MX\" \/>\n<meta property=\"og:type\" content=\"article\" \/>\n<meta property=\"og:title\" content=\"Shaq 110&quot; Modern U Shaped Sectional - MyBambu.eMattressOutlet.com | Best Prices-Top Brands-Fast and Free Delivery\" \/>\n<meta property=\"og:description\" content=\"Modular sofa that offers endless possibilities for customization and flexibility. you can easily mix and match different pieces to create a sofa that perfectly fits your space and style.The sofa is made of high quality fabric that are both durable and comfortable. The cushions are soft and supportive and the frame is sturdy and durable. In addition, this sofa is available in 2 colors so you can choose the perfect look for your home.Whether you want a cozy corner for reading, a spacious seating area for entertaining, or a modular sofa that can adapt to your changing needs, it is the perfect choice.\" \/>\n<meta property=\"og:url\" content=\"https:\/\/mybambu.emattressoutlet.com\/es\/producto\/shaq-110-modern-u-shaped-sectional\/\" \/>\n<meta property=\"og:site_name\" content=\"MyBambu.eMattressOutlet.com | Best Prices-Top Brands-Fast and Free Delivery\" \/>\n<meta property=\"article:publisher\" content=\"https:\/\/www.facebook.com\/people\/Emattress-Outlet\/61559474578674\/\" \/>\n<meta property=\"article:modified_time\" content=\"2024-12-27T11:35:34+00:00\" \/>\n<meta property=\"og:image\" content=\"https:\/\/mybambu.emattressoutlet.com\/wp-content\/uploads\/2024\/10\/Shaq-110-Modern-U-Shaped-Sectional-01-low.webp\" \/>\n\t<meta property=\"og:image:width\" content=\"1000\" \/>\n\t<meta property=\"og:image:height\" content=\"500\" \/>\n\t<meta property=\"og:image:type\" content=\"image\/webp\" \/>\n<meta name=\"twitter:card\" content=\"summary_large_image\" \/>\n<meta name=\"twitter:site\" content=\"@eMattressOutlet\" \/>\n<meta name=\"twitter:label1\" content=\"Tiempo de lectura\" \/>\n\t<meta name=\"twitter:data1\" content=\"1 minuto\" \/>\n<script type=\"application\/ld+json\" class=\"yoast-schema-graph\">{\"@context\":\"https:\/\/schema.org\",\"@graph\":[{\"@type\":\"WebPage\",\"@id\":\"https:\/\/mybambu.emattressoutlet.com\/product\/shaq-110-modern-u-shaped-sectional\/\",\"url\":\"https:\/\/mybambu.emattressoutlet.com\/product\/shaq-110-modern-u-shaped-sectional\/\",\"name\":\"Shaq 110\\\" Modern U Shaped Sectional - MyBambu.eMattressOutlet.com | Best Prices-Top Brands-Fast and Free Delivery\",\"isPartOf\":{\"@id\":\"https:\/\/mybambu.emattressoutlet.com\/#website\"},\"primaryImageOfPage\":{\"@id\":\"https:\/\/mybambu.emattressoutlet.com\/product\/shaq-110-modern-u-shaped-sectional\/#primaryimage\"},\"image\":{\"@id\":\"https:\/\/mybambu.emattressoutlet.com\/product\/shaq-110-modern-u-shaped-sectional\/#primaryimage\"},\"thumbnailUrl\":\"https:\/\/mybambu.emattressoutlet.com\/wp-content\/uploads\/2024\/10\/Shaq-110-Modern-U-Shaped-Sectional-01-low.webp\",\"datePublished\":\"2024-10-18T15:22:07+00:00\",\"dateModified\":\"2024-12-27T11:35:34+00:00\",\"breadcrumb\":{\"@id\":\"https:\/\/mybambu.emattressoutlet.com\/product\/shaq-110-modern-u-shaped-sectional\/#breadcrumb\"},\"inLanguage\":\"es\",\"potentialAction\":[{\"@type\":\"ReadAction\",\"target\":[\"https:\/\/mybambu.emattressoutlet.com\/product\/shaq-110-modern-u-shaped-sectional\/\"]}]},{\"@type\":\"ImageObject\",\"inLanguage\":\"es\",\"@id\":\"https:\/\/mybambu.emattressoutlet.com\/product\/shaq-110-modern-u-shaped-sectional\/#primaryimage\",\"url\":\"https:\/\/mybambu.emattressoutlet.com\/wp-content\/uploads\/2024\/10\/Shaq-110-Modern-U-Shaped-Sectional-01-low.webp\",\"contentUrl\":\"https:\/\/mybambu.emattressoutlet.com\/wp-content\/uploads\/2024\/10\/Shaq-110-Modern-U-Shaped-Sectional-01-low.webp\",\"width\":1000,\"height\":500},{\"@type\":\"BreadcrumbList\",\"@id\":\"https:\/\/mybambu.emattressoutlet.com\/product\/shaq-110-modern-u-shaped-sectional\/#breadcrumb\",\"itemListElement\":[{\"@type\":\"ListItem\",\"position\":1,\"name\":\"Home\",\"item\":\"https:\/\/mybambu.emattressoutlet.com\/\"},{\"@type\":\"ListItem\",\"position\":2,\"name\":\"Shop\",\"item\":\"https:\/\/mybambu.emattressoutlet.com\/shop\/\"},{\"@type\":\"ListItem\",\"position\":3,\"name\":\"Shaq 110&#8243; Modern U Shaped Sectional\"}]},{\"@type\":\"WebSite\",\"@id\":\"https:\/\/mybambu.emattressoutlet.com\/#website\",\"url\":\"https:\/\/mybambu.emattressoutlet.com\/\",\"name\":\"MyBambu.eMattressOutlet.com | Best Prices-Top Brands-Fast and Free Delivery\",\"description\":\"MyBambu.eMattressOutlet.com has the best sales on mattresses, beds, adjustable bases, bedding and more from top brands.\",\"publisher\":{\"@id\":\"https:\/\/mybambu.emattressoutlet.com\/#organization\"},\"potentialAction\":[{\"@type\":\"SearchAction\",\"target\":{\"@type\":\"EntryPoint\",\"urlTemplate\":\"https:\/\/mybambu.emattressoutlet.com\/?s={search_term_string}\"},\"query-input\":{\"@type\":\"PropertyValueSpecification\",\"valueRequired\":true,\"valueName\":\"search_term_string\"}}],\"inLanguage\":\"es\"},{\"@type\":\"Organization\",\"@id\":\"https:\/\/mybambu.emattressoutlet.com\/#organization\",\"name\":\"MyBambu.eMattressOutlet.com | Best Prices-Top Brands-Fast and Free Delivery\",\"url\":\"https:\/\/mybambu.emattressoutlet.com\/\",\"logo\":{\"@type\":\"ImageObject\",\"inLanguage\":\"es\",\"@id\":\"https:\/\/mybambu.emattressoutlet.com\/#\/schema\/logo\/image\/\",\"url\":\"https:\/\/mybambu.emattressoutlet.com\/wp-content\/uploads\/2024\/02\/Logo-eMatress-Blue.svg\",\"contentUrl\":\"https:\/\/mybambu.emattressoutlet.com\/wp-content\/uploads\/2024\/02\/Logo-eMatress-Blue.svg\",\"width\":393,\"height\":169,\"caption\":\"MyBambu.eMattressOutlet.com | Best Prices-Top Brands-Fast and Free Delivery\"},\"image\":{\"@id\":\"https:\/\/mybambu.emattressoutlet.com\/#\/schema\/logo\/image\/\"},\"sameAs\":[\"https:\/\/www.facebook.com\/people\/Emattress-Outlet\/61559474578674\/\",\"https:\/\/x.com\/eMattressOutlet\",\"https:\/\/www.instagram.com\/emattressoutlet\/\",\"https:\/\/www.linkedin.com\/company\/emattress-outlet\/\"]}]}<\/script>\n<!-- \/ Yoast SEO plugin. -->","yoast_head_json":{"title":"Shaq 110\" Modern U Shaped Sectional - MyBambu.eMattressOutlet.com | Best Prices-Top Brands-Fast and Free Delivery","robots":{"index":"noindex","follow":"follow","max-snippet":"max-snippet:-1","max-image-preview":"max-image-preview:large","max-video-preview":"max-video-preview:-1"},"og_locale":"es_MX","og_type":"article","og_title":"Shaq 110\" Modern U Shaped Sectional - MyBambu.eMattressOutlet.com | Best Prices-Top Brands-Fast and Free Delivery","og_description":"Modular sofa that offers endless possibilities for customization and flexibility. you can easily mix and match different pieces to create a sofa that perfectly fits your space and style.The sofa is made of high quality fabric that are both durable and comfortable. The cushions are soft and supportive and the frame is sturdy and durable. In addition, this sofa is available in 2 colors so you can choose the perfect look for your home.Whether you want a cozy corner for reading, a spacious seating area for entertaining, or a modular sofa that can adapt to your changing needs, it is the perfect choice.","og_url":"https:\/\/mybambu.emattressoutlet.com\/es\/producto\/shaq-110-modern-u-shaped-sectional\/","og_site_name":"MyBambu.eMattressOutlet.com | Best Prices-Top Brands-Fast and Free Delivery","article_publisher":"https:\/\/www.facebook.com\/people\/Emattress-Outlet\/61559474578674\/","article_modified_time":"2024-12-27T11:35:34+00:00","og_image":[{"width":1000,"height":500,"url":"https:\/\/mybambu.emattressoutlet.com\/wp-content\/uploads\/2024\/10\/Shaq-110-Modern-U-Shaped-Sectional-01-low.webp","type":"image\/webp"}],"twitter_card":"summary_large_image","twitter_site":"@eMattressOutlet","twitter_misc":{"Tiempo de lectura":"1 minuto"},"schema":{"@context":"https:\/\/schema.org","@graph":[{"@type":"WebPage","@id":"https:\/\/mybambu.emattressoutlet.com\/product\/shaq-110-modern-u-shaped-sectional\/","url":"https:\/\/mybambu.emattressoutlet.com\/product\/shaq-110-modern-u-shaped-sectional\/","name":"Shaq 110\" Modern U Shaped Sectional - MyBambu.eMattressOutlet.com | Best Prices-Top Brands-Fast and Free Delivery","isPartOf":{"@id":"https:\/\/mybambu.emattressoutlet.com\/#website"},"primaryImageOfPage":{"@id":"https:\/\/mybambu.emattressoutlet.com\/product\/shaq-110-modern-u-shaped-sectional\/#primaryimage"},"image":{"@id":"https:\/\/mybambu.emattressoutlet.com\/product\/shaq-110-modern-u-shaped-sectional\/#primaryimage"},"thumbnailUrl":"https:\/\/mybambu.emattressoutlet.com\/wp-content\/uploads\/2024\/10\/Shaq-110-Modern-U-Shaped-Sectional-01-low.webp","datePublished":"2024-10-18T15:22:07+00:00","dateModified":"2024-12-27T11:35:34+00:00","breadcrumb":{"@id":"https:\/\/mybambu.emattressoutlet.com\/product\/shaq-110-modern-u-shaped-sectional\/#breadcrumb"},"inLanguage":"es","potentialAction":[{"@type":"ReadAction","target":["https:\/\/mybambu.emattressoutlet.com\/product\/shaq-110-modern-u-shaped-sectional\/"]}]},{"@type":"ImageObject","inLanguage":"es","@id":"https:\/\/mybambu.emattressoutlet.com\/product\/shaq-110-modern-u-shaped-sectional\/#primaryimage","url":"https:\/\/mybambu.emattressoutlet.com\/wp-content\/uploads\/2024\/10\/Shaq-110-Modern-U-Shaped-Sectional-01-low.webp","contentUrl":"https:\/\/mybambu.emattressoutlet.com\/wp-content\/uploads\/2024\/10\/Shaq-110-Modern-U-Shaped-Sectional-01-low.webp","width":1000,"height":500},{"@type":"BreadcrumbList","@id":"https:\/\/mybambu.emattressoutlet.com\/product\/shaq-110-modern-u-shaped-sectional\/#breadcrumb","itemListElement":[{"@type":"ListItem","position":1,"name":"Home","item":"https:\/\/mybambu.emattressoutlet.com\/"},{"@type":"ListItem","position":2,"name":"Shop","item":"https:\/\/mybambu.emattressoutlet.com\/shop\/"},{"@type":"ListItem","position":3,"name":"Shaq 110&#8243; Modern U Shaped Sectional"}]},{"@type":"WebSite","@id":"https:\/\/mybambu.emattressoutlet.com\/#website","url":"https:\/\/mybambu.emattressoutlet.com\/","name":"MyBambu.eMattressOutlet.com | Best Prices-Top Brands-Fast and Free Delivery","description":"MyBambu.eMattressOutlet.com has the best sales on mattresses, beds, adjustable bases, bedding and more from top brands.","publisher":{"@id":"https:\/\/mybambu.emattressoutlet.com\/#organization"},"potentialAction":[{"@type":"SearchAction","target":{"@type":"EntryPoint","urlTemplate":"https:\/\/mybambu.emattressoutlet.com\/?s={search_term_string}"},"query-input":{"@type":"PropertyValueSpecification","valueRequired":true,"valueName":"search_term_string"}}],"inLanguage":"es"},{"@type":"Organization","@id":"https:\/\/mybambu.emattressoutlet.com\/#organization","name":"MyBambu.eMattressOutlet.com | Best Prices-Top Brands-Fast and Free Delivery","url":"https:\/\/mybambu.emattressoutlet.com\/","logo":{"@type":"ImageObject","inLanguage":"es","@id":"https:\/\/mybambu.emattressoutlet.com\/#\/schema\/logo\/image\/","url":"https:\/\/mybambu.emattressoutlet.com\/wp-content\/uploads\/2024\/02\/Logo-eMatress-Blue.svg","contentUrl":"https:\/\/mybambu.emattressoutlet.com\/wp-content\/uploads\/2024\/02\/Logo-eMatress-Blue.svg","width":393,"height":169,"caption":"MyBambu.eMattressOutlet.com | Best Prices-Top Brands-Fast and Free Delivery"},"image":{"@id":"https:\/\/mybambu.emattressoutlet.com\/#\/schema\/logo\/image\/"},"sameAs":["https:\/\/www.facebook.com\/people\/Emattress-Outlet\/61559474578674\/","https:\/\/x.com\/eMattressOutlet","https:\/\/www.instagram.com\/emattressoutlet\/","https:\/\/www.linkedin.com\/company\/emattress-outlet\/"]}]}},"brands":[{"id":340,"name":"General Sellers","slug":"general-sellers"}],"_links":{"self":[{"href":"https:\/\/mybambu.emattressoutlet.com\/es\/wp-json\/wp\/v2\/product\/18002","targetHints":{"allow":["GET"]}}],"collection":[{"href":"https:\/\/mybambu.emattressoutlet.com\/es\/wp-json\/wp\/v2\/product"}],"about":[{"href":"https:\/\/mybambu.emattressoutlet.com\/es\/wp-json\/wp\/v2\/types\/product"}],"replies":[{"embeddable":true,"href":"https:\/\/mybambu.emattressoutlet.com\/es\/wp-json\/wp\/v2\/comments?post=18002"}],"version-history":[{"count":2,"href":"https:\/\/mybambu.emattressoutlet.com\/es\/wp-json\/wp\/v2\/product\/18002\/revisions"}],"predecessor-version":[{"id":18531,"href":"https:\/\/mybambu.emattressoutlet.com\/es\/wp-json\/wp\/v2\/product\/18002\/revisions\/18531"}],"wp:featuredmedia":[{"embeddable":true,"href":"https:\/\/mybambu.emattressoutlet.com\/es\/wp-json\/wp\/v2\/media\/20721"}],"wp:attachment":[{"href":"https:\/\/mybambu.emattressoutlet.com\/es\/wp-json\/wp\/v2\/media?parent=18002"}],"wp:term":[{"taxonomy":"pwb-brand","embeddable":true,"href":"https:\/\/mybambu.emattressoutlet.com\/es\/wp-json\/wp\/v2\/pwb-brand?post=18002"},{"taxonomy":"product_brand","embeddable":true,"href":"https:\/\/mybambu.emattressoutlet.com\/es\/wp-json\/wp\/v2\/product_brand?post=18002"},{"taxonomy":"product_cat","embeddable":true,"href":"https:\/\/mybambu.emattressoutlet.com\/es\/wp-json\/wp\/v2\/product_cat?post=18002"},{"taxonomy":"product_tag","embeddable":true,"href":"https:\/\/mybambu.emattressoutlet.com\/es\/wp-json\/wp\/v2\/product_tag?post=18002"}],"curies":[{"name":"wp","href":"https:\/\/api.w.org\/{rel}","templated":true}]}}