{"id":14336,"date":"2024-09-20T13:02:14","date_gmt":"2024-09-20T18:02:14","guid":{"rendered":"https:\/\/www.emattressoutlet.com\/?post_type=product&#038;p=14336"},"modified":"2025-04-08T11:25:49","modified_gmt":"2025-04-08T16:25:49","slug":"vireo-upholstered-platform-bed","status":"publish","type":"product","link":"https:\/\/mybambu.emattressoutlet.com\/es\/producto\/vireo-upholstered-platform-bed\/","title":{"rendered":"Cama Tapizada Plataforma Vireo"},"content":{"rendered":"<ul>\n<li style=\"text-align: justify;\">Estructura de plataforma elaborada con materiales robustos y duraderos, garantizando longevidad y estabilidad.<\/li>\n<li>Correas de velcro dise\u00f1adas para minimizar el ruido y mejorar la estabilidad.<\/li>\n<li>Capacidad de peso: 800 libras<\/li>\n<li>Correas de velcro para reducci\u00f3n de ruido y estabilidad<\/li>\n<li>Dise\u00f1o contempor\u00e1neo con tejido Boucle<\/li>\n<li>Cumple con la norma CA TB117-2013<\/li>\n<li>El colch\u00f3n no est\u00e1 incluido.<\/li>\n<\/ul>","protected":false},"excerpt":{"rendered":"<p>Cama con plataforma tapizada Vireo \u2013 Blanco perla \u2013 Queen<\/p>\n<p>Mejore su estilo de vida con nuestra cama contempor\u00e1nea con plataforma tapizada Boucle. Esta pieza, confeccionada con un tablero de madera maciza acolchado y lujoso, combina la simplicidad del dise\u00f1o moderno con la comodidad. Los bordes ribeteados y las patas de madera maciza a\u00f1aden detalles sutiles pero elegantes. Eleve su dormitorio con esta combinaci\u00f3n de sofisticaci\u00f3n y relajaci\u00f3n, creando un refugio elegante y acogedor para un estilo de vida moderno.<\/p>\n<p>Reducci\u00f3n de ruido y estabilidad<\/p>\n<p>Correas de velcro dise\u00f1adas para minimizar el ruido y mejorar la estabilidad.<\/p>\n<p>Cabecero Tapizado<\/p>\n<p>La cabecera acolchada de felpa presenta bordes ribeteados para un acabado c\u00f3nico.<\/p>\n<p>Presentamos Boucle Sensation<\/p>\n<p>El tejido boucl\u00e9 combina materialidad y confort t\u00e1ctil, ofreciendo una sensaci\u00f3n acogedora, c\u00e1lida y suave.<\/p>","protected":false},"featured_media":16773,"comment_status":"open","ping_status":"closed","template":"","meta":{"inline_featured_image":false,"iawp_total_views":6},"pwb-brand":[189],"product_brand":[],"product_cat":[74,168],"product_tag":[171,371],"class_list":{"0":"post-14336","1":"product","2":"type-product","3":"status-publish","4":"has-post-thumbnail","6":"pwb-brand-normsman","7":"product_cat-beds","8":"product_cat-upholstered","9":"product_tag-1-variation","10":"product_tag-up-to-1500","12":"first","13":"instock","14":"taxable","15":"shipping-taxable","16":"purchasable","17":"product-type-variable","18":"has-default-attributes"},"supplier_id":null,"supplier_sku":"","barcode":null,"atum_controlled":true,"out_stock_date":null,"out_stock_threshold":null,"inheritable":true,"inbound_stock":0,"stock_on_hold":1,"sold_today":0,"sales_last_days":0,"reserved_stock":0,"customer_returns":0,"warehouse_damage":0,"lost_in_post":0,"other_logs":0,"out_stock_days":null,"lost_sales":0,"has_location":false,"update_date":"2025-11-13T23:28:36","atum_locations":[],"atum_stock_status":"instock","restock_status":false,"low_stock_amount":"","sales_update_date":"2025-04-01T15:34:37","calc_backorders":null,"yoast_head":"<!-- This site is optimized with the Yoast SEO plugin v26.1.1 - https:\/\/yoast.com\/wordpress\/plugins\/seo\/ -->\n<title>Vireo Upholstered Platform Bed - MyBambu.eMattressOutlet.com | Best Prices-Top Brands-Fast and Free Delivery<\/title>\n<meta name=\"robots\" content=\"noindex, follow, max-snippet:-1, max-image-preview:large, max-video-preview:-1\" \/>\n<meta property=\"og:locale\" content=\"es_MX\" \/>\n<meta property=\"og:type\" content=\"article\" \/>\n<meta property=\"og:title\" content=\"Vireo Upholstered Platform Bed - MyBambu.eMattressOutlet.com | Best Prices-Top Brands-Fast and Free Delivery\" \/>\n<meta property=\"og:description\" content=\"Vireo Upholstered Platform Bed - Pearl White - Queen  Upgrade your lifestyle with our Contemporary Boucle Upholstered Platform Bed. Crafted with a plush, puffy cushioned hardboard, this piece combines modern design simplicity with comfort. The welted edge tapers and solid wood legs add subtle yet stylish details. Elevate your bedroom with this blend of sophistication and relaxation, creating a chic and cozy retreat for a modern lifestyle.  Noise Reduction &amp; Stability  Velcro straps designed to minimize noise and enhance stability.  Upholstered Headboard  The plush cushioned headboard features welted edges for a tapered finish.  Introducing Boucle Sensation  Boucle fabric combines materiality and tactile comfort, offering a cozy, warm, and soft sensation.\" \/>\n<meta property=\"og:url\" content=\"https:\/\/mybambu.emattressoutlet.com\/es\/producto\/vireo-upholstered-platform-bed\/\" \/>\n<meta property=\"og:site_name\" content=\"MyBambu.eMattressOutlet.com | Best Prices-Top Brands-Fast and Free Delivery\" \/>\n<meta property=\"article:publisher\" content=\"https:\/\/www.facebook.com\/people\/Emattress-Outlet\/61559474578674\/\" \/>\n<meta property=\"article:modified_time\" content=\"2025-04-08T16:25:49+00:00\" \/>\n<meta property=\"og:image\" content=\"https:\/\/mybambu.emattressoutlet.com\/wp-content\/uploads\/2024\/09\/Vireo-Upholstered-Platform-Bed-01.webp\" \/>\n\t<meta property=\"og:image:width\" content=\"2000\" \/>\n\t<meta property=\"og:image:height\" content=\"1000\" \/>\n\t<meta property=\"og:image:type\" content=\"image\/webp\" \/>\n<meta name=\"twitter:card\" content=\"summary_large_image\" \/>\n<meta name=\"twitter:site\" content=\"@eMattressOutlet\" \/>\n<script type=\"application\/ld+json\" class=\"yoast-schema-graph\">{\"@context\":\"https:\/\/schema.org\",\"@graph\":[{\"@type\":\"WebPage\",\"@id\":\"https:\/\/mybambu.emattressoutlet.com\/product\/vireo-upholstered-platform-bed\/\",\"url\":\"https:\/\/mybambu.emattressoutlet.com\/product\/vireo-upholstered-platform-bed\/\",\"name\":\"Vireo Upholstered Platform Bed - MyBambu.eMattressOutlet.com | Best Prices-Top Brands-Fast and Free Delivery\",\"isPartOf\":{\"@id\":\"https:\/\/mybambu.emattressoutlet.com\/#website\"},\"primaryImageOfPage\":{\"@id\":\"https:\/\/mybambu.emattressoutlet.com\/product\/vireo-upholstered-platform-bed\/#primaryimage\"},\"image\":{\"@id\":\"https:\/\/mybambu.emattressoutlet.com\/product\/vireo-upholstered-platform-bed\/#primaryimage\"},\"thumbnailUrl\":\"https:\/\/mybambu.emattressoutlet.com\/wp-content\/uploads\/2024\/09\/Vireo-Upholstered-Platform-Bed-01.webp\",\"datePublished\":\"2024-09-20T18:02:14+00:00\",\"dateModified\":\"2025-04-08T16:25:49+00:00\",\"breadcrumb\":{\"@id\":\"https:\/\/mybambu.emattressoutlet.com\/product\/vireo-upholstered-platform-bed\/#breadcrumb\"},\"inLanguage\":\"es\",\"potentialAction\":[{\"@type\":\"ReadAction\",\"target\":[\"https:\/\/mybambu.emattressoutlet.com\/product\/vireo-upholstered-platform-bed\/\"]}]},{\"@type\":\"ImageObject\",\"inLanguage\":\"es\",\"@id\":\"https:\/\/mybambu.emattressoutlet.com\/product\/vireo-upholstered-platform-bed\/#primaryimage\",\"url\":\"https:\/\/mybambu.emattressoutlet.com\/wp-content\/uploads\/2024\/09\/Vireo-Upholstered-Platform-Bed-01.webp\",\"contentUrl\":\"https:\/\/mybambu.emattressoutlet.com\/wp-content\/uploads\/2024\/09\/Vireo-Upholstered-Platform-Bed-01.webp\",\"width\":2000,\"height\":1000},{\"@type\":\"BreadcrumbList\",\"@id\":\"https:\/\/mybambu.emattressoutlet.com\/product\/vireo-upholstered-platform-bed\/#breadcrumb\",\"itemListElement\":[{\"@type\":\"ListItem\",\"position\":1,\"name\":\"Home\",\"item\":\"https:\/\/mybambu.emattressoutlet.com\/\"},{\"@type\":\"ListItem\",\"position\":2,\"name\":\"Shop\",\"item\":\"https:\/\/mybambu.emattressoutlet.com\/shop\/\"},{\"@type\":\"ListItem\",\"position\":3,\"name\":\"Vireo Upholstered Platform Bed\"}]},{\"@type\":\"WebSite\",\"@id\":\"https:\/\/mybambu.emattressoutlet.com\/#website\",\"url\":\"https:\/\/mybambu.emattressoutlet.com\/\",\"name\":\"MyBambu.eMattressOutlet.com | Best Prices-Top Brands-Fast and Free Delivery\",\"description\":\"MyBambu.eMattressOutlet.com has the best sales on mattresses, beds, adjustable bases, bedding and more from top brands.\",\"publisher\":{\"@id\":\"https:\/\/mybambu.emattressoutlet.com\/#organization\"},\"potentialAction\":[{\"@type\":\"SearchAction\",\"target\":{\"@type\":\"EntryPoint\",\"urlTemplate\":\"https:\/\/mybambu.emattressoutlet.com\/?s={search_term_string}\"},\"query-input\":{\"@type\":\"PropertyValueSpecification\",\"valueRequired\":true,\"valueName\":\"search_term_string\"}}],\"inLanguage\":\"es\"},{\"@type\":\"Organization\",\"@id\":\"https:\/\/mybambu.emattressoutlet.com\/#organization\",\"name\":\"MyBambu.eMattressOutlet.com | Best Prices-Top Brands-Fast and Free Delivery\",\"url\":\"https:\/\/mybambu.emattressoutlet.com\/\",\"logo\":{\"@type\":\"ImageObject\",\"inLanguage\":\"es\",\"@id\":\"https:\/\/mybambu.emattressoutlet.com\/#\/schema\/logo\/image\/\",\"url\":\"https:\/\/mybambu.emattressoutlet.com\/wp-content\/uploads\/2024\/02\/Logo-eMatress-Blue.svg\",\"contentUrl\":\"https:\/\/mybambu.emattressoutlet.com\/wp-content\/uploads\/2024\/02\/Logo-eMatress-Blue.svg\",\"width\":393,\"height\":169,\"caption\":\"MyBambu.eMattressOutlet.com | Best Prices-Top Brands-Fast and Free Delivery\"},\"image\":{\"@id\":\"https:\/\/mybambu.emattressoutlet.com\/#\/schema\/logo\/image\/\"},\"sameAs\":[\"https:\/\/www.facebook.com\/people\/Emattress-Outlet\/61559474578674\/\",\"https:\/\/x.com\/eMattressOutlet\",\"https:\/\/www.instagram.com\/emattressoutlet\/\",\"https:\/\/www.linkedin.com\/company\/emattress-outlet\/\"]}]}<\/script>\n<!-- \/ Yoast SEO plugin. -->","yoast_head_json":{"title":"Vireo Upholstered Platform Bed - MyBambu.eMattressOutlet.com | Best Prices-Top Brands-Fast and Free Delivery","robots":{"index":"noindex","follow":"follow","max-snippet":"max-snippet:-1","max-image-preview":"max-image-preview:large","max-video-preview":"max-video-preview:-1"},"og_locale":"es_MX","og_type":"article","og_title":"Vireo Upholstered Platform Bed - MyBambu.eMattressOutlet.com | Best Prices-Top Brands-Fast and Free Delivery","og_description":"Vireo Upholstered Platform Bed - Pearl White - Queen  Upgrade your lifestyle with our Contemporary Boucle Upholstered Platform Bed. Crafted with a plush, puffy cushioned hardboard, this piece combines modern design simplicity with comfort. The welted edge tapers and solid wood legs add subtle yet stylish details. Elevate your bedroom with this blend of sophistication and relaxation, creating a chic and cozy retreat for a modern lifestyle.  Noise Reduction &amp; Stability  Velcro straps designed to minimize noise and enhance stability.  Upholstered Headboard  The plush cushioned headboard features welted edges for a tapered finish.  Introducing Boucle Sensation  Boucle fabric combines materiality and tactile comfort, offering a cozy, warm, and soft sensation.","og_url":"https:\/\/mybambu.emattressoutlet.com\/es\/producto\/vireo-upholstered-platform-bed\/","og_site_name":"MyBambu.eMattressOutlet.com | Best Prices-Top Brands-Fast and Free Delivery","article_publisher":"https:\/\/www.facebook.com\/people\/Emattress-Outlet\/61559474578674\/","article_modified_time":"2025-04-08T16:25:49+00:00","og_image":[{"width":2000,"height":1000,"url":"https:\/\/mybambu.emattressoutlet.com\/wp-content\/uploads\/2024\/09\/Vireo-Upholstered-Platform-Bed-01.webp","type":"image\/webp"}],"twitter_card":"summary_large_image","twitter_site":"@eMattressOutlet","schema":{"@context":"https:\/\/schema.org","@graph":[{"@type":"WebPage","@id":"https:\/\/mybambu.emattressoutlet.com\/product\/vireo-upholstered-platform-bed\/","url":"https:\/\/mybambu.emattressoutlet.com\/product\/vireo-upholstered-platform-bed\/","name":"Vireo Upholstered Platform Bed - MyBambu.eMattressOutlet.com | Best Prices-Top Brands-Fast and Free Delivery","isPartOf":{"@id":"https:\/\/mybambu.emattressoutlet.com\/#website"},"primaryImageOfPage":{"@id":"https:\/\/mybambu.emattressoutlet.com\/product\/vireo-upholstered-platform-bed\/#primaryimage"},"image":{"@id":"https:\/\/mybambu.emattressoutlet.com\/product\/vireo-upholstered-platform-bed\/#primaryimage"},"thumbnailUrl":"https:\/\/mybambu.emattressoutlet.com\/wp-content\/uploads\/2024\/09\/Vireo-Upholstered-Platform-Bed-01.webp","datePublished":"2024-09-20T18:02:14+00:00","dateModified":"2025-04-08T16:25:49+00:00","breadcrumb":{"@id":"https:\/\/mybambu.emattressoutlet.com\/product\/vireo-upholstered-platform-bed\/#breadcrumb"},"inLanguage":"es","potentialAction":[{"@type":"ReadAction","target":["https:\/\/mybambu.emattressoutlet.com\/product\/vireo-upholstered-platform-bed\/"]}]},{"@type":"ImageObject","inLanguage":"es","@id":"https:\/\/mybambu.emattressoutlet.com\/product\/vireo-upholstered-platform-bed\/#primaryimage","url":"https:\/\/mybambu.emattressoutlet.com\/wp-content\/uploads\/2024\/09\/Vireo-Upholstered-Platform-Bed-01.webp","contentUrl":"https:\/\/mybambu.emattressoutlet.com\/wp-content\/uploads\/2024\/09\/Vireo-Upholstered-Platform-Bed-01.webp","width":2000,"height":1000},{"@type":"BreadcrumbList","@id":"https:\/\/mybambu.emattressoutlet.com\/product\/vireo-upholstered-platform-bed\/#breadcrumb","itemListElement":[{"@type":"ListItem","position":1,"name":"Home","item":"https:\/\/mybambu.emattressoutlet.com\/"},{"@type":"ListItem","position":2,"name":"Shop","item":"https:\/\/mybambu.emattressoutlet.com\/shop\/"},{"@type":"ListItem","position":3,"name":"Vireo Upholstered Platform Bed"}]},{"@type":"WebSite","@id":"https:\/\/mybambu.emattressoutlet.com\/#website","url":"https:\/\/mybambu.emattressoutlet.com\/","name":"MyBambu.eMattressOutlet.com | Best Prices-Top Brands-Fast and Free Delivery","description":"MyBambu.eMattressOutlet.com has the best sales on mattresses, beds, adjustable bases, bedding and more from top brands.","publisher":{"@id":"https:\/\/mybambu.emattressoutlet.com\/#organization"},"potentialAction":[{"@type":"SearchAction","target":{"@type":"EntryPoint","urlTemplate":"https:\/\/mybambu.emattressoutlet.com\/?s={search_term_string}"},"query-input":{"@type":"PropertyValueSpecification","valueRequired":true,"valueName":"search_term_string"}}],"inLanguage":"es"},{"@type":"Organization","@id":"https:\/\/mybambu.emattressoutlet.com\/#organization","name":"MyBambu.eMattressOutlet.com | Best Prices-Top Brands-Fast and Free Delivery","url":"https:\/\/mybambu.emattressoutlet.com\/","logo":{"@type":"ImageObject","inLanguage":"es","@id":"https:\/\/mybambu.emattressoutlet.com\/#\/schema\/logo\/image\/","url":"https:\/\/mybambu.emattressoutlet.com\/wp-content\/uploads\/2024\/02\/Logo-eMatress-Blue.svg","contentUrl":"https:\/\/mybambu.emattressoutlet.com\/wp-content\/uploads\/2024\/02\/Logo-eMatress-Blue.svg","width":393,"height":169,"caption":"MyBambu.eMattressOutlet.com | Best Prices-Top Brands-Fast and Free Delivery"},"image":{"@id":"https:\/\/mybambu.emattressoutlet.com\/#\/schema\/logo\/image\/"},"sameAs":["https:\/\/www.facebook.com\/people\/Emattress-Outlet\/61559474578674\/","https:\/\/x.com\/eMattressOutlet","https:\/\/www.instagram.com\/emattressoutlet\/","https:\/\/www.linkedin.com\/company\/emattress-outlet\/"]}]}},"brands":[{"id":189,"name":"Normsman","slug":"normsman"}],"_links":{"self":[{"href":"https:\/\/mybambu.emattressoutlet.com\/es\/wp-json\/wp\/v2\/product\/14336","targetHints":{"allow":["GET"]}}],"collection":[{"href":"https:\/\/mybambu.emattressoutlet.com\/es\/wp-json\/wp\/v2\/product"}],"about":[{"href":"https:\/\/mybambu.emattressoutlet.com\/es\/wp-json\/wp\/v2\/types\/product"}],"replies":[{"embeddable":true,"href":"https:\/\/mybambu.emattressoutlet.com\/es\/wp-json\/wp\/v2\/comments?post=14336"}],"version-history":[{"count":2,"href":"https:\/\/mybambu.emattressoutlet.com\/es\/wp-json\/wp\/v2\/product\/14336\/revisions"}],"predecessor-version":[{"id":14372,"href":"https:\/\/mybambu.emattressoutlet.com\/es\/wp-json\/wp\/v2\/product\/14336\/revisions\/14372"}],"wp:featuredmedia":[{"embeddable":true,"href":"https:\/\/mybambu.emattressoutlet.com\/es\/wp-json\/wp\/v2\/media\/16773"}],"wp:attachment":[{"href":"https:\/\/mybambu.emattressoutlet.com\/es\/wp-json\/wp\/v2\/media?parent=14336"}],"wp:term":[{"taxonomy":"pwb-brand","embeddable":true,"href":"https:\/\/mybambu.emattressoutlet.com\/es\/wp-json\/wp\/v2\/pwb-brand?post=14336"},{"taxonomy":"product_brand","embeddable":true,"href":"https:\/\/mybambu.emattressoutlet.com\/es\/wp-json\/wp\/v2\/product_brand?post=14336"},{"taxonomy":"product_cat","embeddable":true,"href":"https:\/\/mybambu.emattressoutlet.com\/es\/wp-json\/wp\/v2\/product_cat?post=14336"},{"taxonomy":"product_tag","embeddable":true,"href":"https:\/\/mybambu.emattressoutlet.com\/es\/wp-json\/wp\/v2\/product_tag?post=14336"}],"curies":[{"name":"wp","href":"https:\/\/api.w.org\/{rel}","templated":true}]}}