{"id":14328,"date":"2024-09-20T13:02:04","date_gmt":"2024-09-20T18:02:04","guid":{"rendered":"https:\/\/www.emattressoutlet.com\/?post_type=product&#038;p=14328"},"modified":"2024-10-16T05:37:13","modified_gmt":"2024-10-16T10:37:13","slug":"kara-vanity-desk-with-led-lighted-mirror","status":"publish","type":"product","link":"https:\/\/mybambu.emattressoutlet.com\/es\/producto\/kara-vanity-desk-with-led-lighted-mirror\/","title":{"rendered":"Tocador Kara con Espejo Iluminado LED"},"content":{"rendered":"<ul>\n<li style=\"text-align: justify;\">Escritorio de tocador de gran tama\u00f1o con 11 cajones, 10 bombillas y 6 casilleros.<\/li>\n<li>Iluminaci\u00f3n personalizable: 10 bombillas, ilumina tu belleza.<\/li>\n<li>Maquillaje de estilo de moda: Ilumina tu belleza<\/li>\n<li>F\u00c1CIL DE MONTAR: puede instalarlo seg\u00fan la instalaci\u00f3n.<\/li>\n<\/ul>","protected":false},"excerpt":{"rendered":"<p>1. Espacio de gran capacidad: el tocador con 11 cajones e iluminaci\u00f3n de 3 colores te permite organizar f\u00e1cilmente tu maquillaje, joyas y otros accesorios. La mesa del tocador tambi\u00e9n tiene mucho espacio para tu computadora u otros suministros de oficina. Ahorra dinero y espacio, haz que tu rutina diaria sea m\u00e1s perfecta.<\/p>\n<p>2. Dise\u00f1o sencillo y elegante: el tocador con exterior blanco y tirador dorado es adecuado para cualquier estilo de hogar y complementa perfectamente todo tipo de muebles. Esta c\u00f3moda con espejo ser\u00e1 un regalo perfecto para tu novia, esposa, hija, tambi\u00e9n un gran regalo para el D\u00eda de San Valent\u00edn, el D\u00eda de la Madre o Navidad.<\/p>\n<p>3. Espejo extra grande: el espejo grande puede proporcionar un campo de visi\u00f3n ultra completo, mostrando todos los \u00e1ngulos perfectamente.<\/p>\n<p>4. F\u00e1cil montaje: el juego de tocador viene con instrucciones detalladas en papel, y todo el hardware y las piezas est\u00e1n perfectamente etiquetados. Se recomienda colocar todas las piezas de acuerdo con el n\u00famero antes de juntarlas.<\/p>","protected":false},"featured_media":16764,"comment_status":"open","ping_status":"closed","template":"","meta":{"inline_featured_image":false,"iawp_total_views":139},"pwb-brand":[188],"product_brand":[],"product_cat":[73,76],"product_tag":[171],"class_list":{"0":"post-14328","1":"product","2":"type-product","3":"status-publish","4":"has-post-thumbnail","6":"pwb-brand-montary","7":"product_cat-furniture-and-more-2","8":"product_cat-vanities-furniture-and-more-2","9":"product_tag-1-variation","11":"first","12":"instock","13":"taxable","14":"shipping-taxable","15":"purchasable","16":"product-type-variable","17":"has-default-attributes"},"supplier_id":null,"supplier_sku":"","barcode":null,"atum_controlled":true,"out_stock_date":null,"out_stock_threshold":null,"inheritable":true,"inbound_stock":0,"stock_on_hold":75,"sold_today":0,"sales_last_days":0,"reserved_stock":0,"customer_returns":0,"warehouse_damage":0,"lost_in_post":0,"other_logs":0,"out_stock_days":0,"lost_sales":0,"has_location":false,"update_date":"2026-03-25T21:21:21","atum_locations":[],"atum_stock_status":"instock","restock_status":false,"low_stock_amount":"","sales_update_date":"2026-03-25T21:21:20","calc_backorders":null,"yoast_head":"<!-- This site is optimized with the Yoast SEO plugin v26.1.1 - https:\/\/yoast.com\/wordpress\/plugins\/seo\/ -->\n<title>Kara Vanity Desk with LED Lighted Mirror - MyBambu.eMattressOutlet.com | Best Prices-Top Brands-Fast and Free Delivery<\/title>\n<meta name=\"robots\" content=\"noindex, follow, max-snippet:-1, max-image-preview:large, max-video-preview:-1\" \/>\n<meta property=\"og:locale\" content=\"es_MX\" \/>\n<meta property=\"og:type\" content=\"article\" \/>\n<meta property=\"og:title\" content=\"Kara Vanity Desk with LED Lighted Mirror - MyBambu.eMattressOutlet.com | Best Prices-Top Brands-Fast and Free Delivery\" \/>\n<meta property=\"og:description\" content=\"1. Extra large Capacity Space: The vanity desk with 11 drawers ,3 Color Lighting\uff0ceasily organize your makeup, jewelry and other accessories. The dresser table top also has plenty of space for your computer or other office supplies. Save money and space, make your daily routine more perfer.  2. Simple and Stylish Design:The Vanity with white exterior and golden handle is suitable for every home style and perfectly complements all kinds of furniture. This dresser with mirror will be an perfect gift for your girlfriend, wife, daughter, also a great gift for Valentine&#039;s Day, Mother&#039;s Day or Christmas.  3.Extra large mirror: big mirror can provide an ultra-comprehensive field of vision, showing all angles perfectly.  4.Easy Assembly:Vanity set comes with detailed paper instructions, and all of the hardware and pieces were labeled perfectly.Recommend lay out all the pieces according to the number before putting them together.\" \/>\n<meta property=\"og:url\" content=\"https:\/\/mybambu.emattressoutlet.com\/es\/producto\/kara-vanity-desk-with-led-lighted-mirror\/\" \/>\n<meta property=\"og:site_name\" content=\"MyBambu.eMattressOutlet.com | Best Prices-Top Brands-Fast and Free Delivery\" \/>\n<meta property=\"article:publisher\" content=\"https:\/\/www.facebook.com\/people\/Emattress-Outlet\/61559474578674\/\" \/>\n<meta property=\"article:modified_time\" content=\"2024-10-16T10:37:13+00:00\" \/>\n<meta property=\"og:image\" content=\"https:\/\/mybambu.emattressoutlet.com\/wp-content\/uploads\/2024\/09\/Kara-Vanity-Desk-with-LED-Lighted-Mirror-01.webp\" \/>\n\t<meta property=\"og:image:width\" content=\"2000\" \/>\n\t<meta property=\"og:image:height\" content=\"1000\" \/>\n\t<meta property=\"og:image:type\" content=\"image\/webp\" \/>\n<meta name=\"twitter:card\" content=\"summary_large_image\" \/>\n<meta name=\"twitter:site\" content=\"@eMattressOutlet\" \/>\n<script type=\"application\/ld+json\" class=\"yoast-schema-graph\">{\"@context\":\"https:\/\/schema.org\",\"@graph\":[{\"@type\":\"WebPage\",\"@id\":\"https:\/\/mybambu.emattressoutlet.com\/product\/kara-vanity-desk-with-led-lighted-mirror\/\",\"url\":\"https:\/\/mybambu.emattressoutlet.com\/product\/kara-vanity-desk-with-led-lighted-mirror\/\",\"name\":\"Kara Vanity Desk with LED Lighted Mirror - MyBambu.eMattressOutlet.com | Best Prices-Top Brands-Fast and Free Delivery\",\"isPartOf\":{\"@id\":\"https:\/\/mybambu.emattressoutlet.com\/#website\"},\"primaryImageOfPage\":{\"@id\":\"https:\/\/mybambu.emattressoutlet.com\/product\/kara-vanity-desk-with-led-lighted-mirror\/#primaryimage\"},\"image\":{\"@id\":\"https:\/\/mybambu.emattressoutlet.com\/product\/kara-vanity-desk-with-led-lighted-mirror\/#primaryimage\"},\"thumbnailUrl\":\"https:\/\/mybambu.emattressoutlet.com\/wp-content\/uploads\/2024\/09\/Kara-Vanity-Desk-with-LED-Lighted-Mirror-01.webp\",\"datePublished\":\"2024-09-20T18:02:04+00:00\",\"dateModified\":\"2024-10-16T10:37:13+00:00\",\"breadcrumb\":{\"@id\":\"https:\/\/mybambu.emattressoutlet.com\/product\/kara-vanity-desk-with-led-lighted-mirror\/#breadcrumb\"},\"inLanguage\":\"es\",\"potentialAction\":[{\"@type\":\"ReadAction\",\"target\":[\"https:\/\/mybambu.emattressoutlet.com\/product\/kara-vanity-desk-with-led-lighted-mirror\/\"]}]},{\"@type\":\"ImageObject\",\"inLanguage\":\"es\",\"@id\":\"https:\/\/mybambu.emattressoutlet.com\/product\/kara-vanity-desk-with-led-lighted-mirror\/#primaryimage\",\"url\":\"https:\/\/mybambu.emattressoutlet.com\/wp-content\/uploads\/2024\/09\/Kara-Vanity-Desk-with-LED-Lighted-Mirror-01.webp\",\"contentUrl\":\"https:\/\/mybambu.emattressoutlet.com\/wp-content\/uploads\/2024\/09\/Kara-Vanity-Desk-with-LED-Lighted-Mirror-01.webp\",\"width\":2000,\"height\":1000},{\"@type\":\"BreadcrumbList\",\"@id\":\"https:\/\/mybambu.emattressoutlet.com\/product\/kara-vanity-desk-with-led-lighted-mirror\/#breadcrumb\",\"itemListElement\":[{\"@type\":\"ListItem\",\"position\":1,\"name\":\"Home\",\"item\":\"https:\/\/mybambu.emattressoutlet.com\/\"},{\"@type\":\"ListItem\",\"position\":2,\"name\":\"Shop\",\"item\":\"https:\/\/mybambu.emattressoutlet.com\/shop\/\"},{\"@type\":\"ListItem\",\"position\":3,\"name\":\"Kara Vanity Desk with LED Lighted Mirror\"}]},{\"@type\":\"WebSite\",\"@id\":\"https:\/\/mybambu.emattressoutlet.com\/#website\",\"url\":\"https:\/\/mybambu.emattressoutlet.com\/\",\"name\":\"MyBambu.eMattressOutlet.com | Best Prices-Top Brands-Fast and Free Delivery\",\"description\":\"MyBambu.eMattressOutlet.com has the best sales on mattresses, beds, adjustable bases, bedding and more from top brands.\",\"publisher\":{\"@id\":\"https:\/\/mybambu.emattressoutlet.com\/#organization\"},\"potentialAction\":[{\"@type\":\"SearchAction\",\"target\":{\"@type\":\"EntryPoint\",\"urlTemplate\":\"https:\/\/mybambu.emattressoutlet.com\/?s={search_term_string}\"},\"query-input\":{\"@type\":\"PropertyValueSpecification\",\"valueRequired\":true,\"valueName\":\"search_term_string\"}}],\"inLanguage\":\"es\"},{\"@type\":\"Organization\",\"@id\":\"https:\/\/mybambu.emattressoutlet.com\/#organization\",\"name\":\"MyBambu.eMattressOutlet.com | Best Prices-Top Brands-Fast and Free Delivery\",\"url\":\"https:\/\/mybambu.emattressoutlet.com\/\",\"logo\":{\"@type\":\"ImageObject\",\"inLanguage\":\"es\",\"@id\":\"https:\/\/mybambu.emattressoutlet.com\/#\/schema\/logo\/image\/\",\"url\":\"https:\/\/mybambu.emattressoutlet.com\/wp-content\/uploads\/2024\/02\/Logo-eMatress-Blue.svg\",\"contentUrl\":\"https:\/\/mybambu.emattressoutlet.com\/wp-content\/uploads\/2024\/02\/Logo-eMatress-Blue.svg\",\"width\":393,\"height\":169,\"caption\":\"MyBambu.eMattressOutlet.com | Best Prices-Top Brands-Fast and Free Delivery\"},\"image\":{\"@id\":\"https:\/\/mybambu.emattressoutlet.com\/#\/schema\/logo\/image\/\"},\"sameAs\":[\"https:\/\/www.facebook.com\/people\/Emattress-Outlet\/61559474578674\/\",\"https:\/\/x.com\/eMattressOutlet\",\"https:\/\/www.instagram.com\/emattressoutlet\/\",\"https:\/\/www.linkedin.com\/company\/emattress-outlet\/\"]}]}<\/script>\n<!-- \/ Yoast SEO plugin. -->","yoast_head_json":{"title":"Kara Vanity Desk with LED Lighted Mirror - MyBambu.eMattressOutlet.com | Best Prices-Top Brands-Fast and Free Delivery","robots":{"index":"noindex","follow":"follow","max-snippet":"max-snippet:-1","max-image-preview":"max-image-preview:large","max-video-preview":"max-video-preview:-1"},"og_locale":"es_MX","og_type":"article","og_title":"Kara Vanity Desk with LED Lighted Mirror - MyBambu.eMattressOutlet.com | Best Prices-Top Brands-Fast and Free Delivery","og_description":"1. Extra large Capacity Space: The vanity desk with 11 drawers ,3 Color Lighting\uff0ceasily organize your makeup, jewelry and other accessories. The dresser table top also has plenty of space for your computer or other office supplies. Save money and space, make your daily routine more perfer.  2. Simple and Stylish Design:The Vanity with white exterior and golden handle is suitable for every home style and perfectly complements all kinds of furniture. This dresser with mirror will be an perfect gift for your girlfriend, wife, daughter, also a great gift for Valentine's Day, Mother's Day or Christmas.  3.Extra large mirror: big mirror can provide an ultra-comprehensive field of vision, showing all angles perfectly.  4.Easy Assembly:Vanity set comes with detailed paper instructions, and all of the hardware and pieces were labeled perfectly.Recommend lay out all the pieces according to the number before putting them together.","og_url":"https:\/\/mybambu.emattressoutlet.com\/es\/producto\/kara-vanity-desk-with-led-lighted-mirror\/","og_site_name":"MyBambu.eMattressOutlet.com | Best Prices-Top Brands-Fast and Free Delivery","article_publisher":"https:\/\/www.facebook.com\/people\/Emattress-Outlet\/61559474578674\/","article_modified_time":"2024-10-16T10:37:13+00:00","og_image":[{"width":2000,"height":1000,"url":"https:\/\/mybambu.emattressoutlet.com\/wp-content\/uploads\/2024\/09\/Kara-Vanity-Desk-with-LED-Lighted-Mirror-01.webp","type":"image\/webp"}],"twitter_card":"summary_large_image","twitter_site":"@eMattressOutlet","schema":{"@context":"https:\/\/schema.org","@graph":[{"@type":"WebPage","@id":"https:\/\/mybambu.emattressoutlet.com\/product\/kara-vanity-desk-with-led-lighted-mirror\/","url":"https:\/\/mybambu.emattressoutlet.com\/product\/kara-vanity-desk-with-led-lighted-mirror\/","name":"Kara Vanity Desk with LED Lighted Mirror - MyBambu.eMattressOutlet.com | Best Prices-Top Brands-Fast and Free Delivery","isPartOf":{"@id":"https:\/\/mybambu.emattressoutlet.com\/#website"},"primaryImageOfPage":{"@id":"https:\/\/mybambu.emattressoutlet.com\/product\/kara-vanity-desk-with-led-lighted-mirror\/#primaryimage"},"image":{"@id":"https:\/\/mybambu.emattressoutlet.com\/product\/kara-vanity-desk-with-led-lighted-mirror\/#primaryimage"},"thumbnailUrl":"https:\/\/mybambu.emattressoutlet.com\/wp-content\/uploads\/2024\/09\/Kara-Vanity-Desk-with-LED-Lighted-Mirror-01.webp","datePublished":"2024-09-20T18:02:04+00:00","dateModified":"2024-10-16T10:37:13+00:00","breadcrumb":{"@id":"https:\/\/mybambu.emattressoutlet.com\/product\/kara-vanity-desk-with-led-lighted-mirror\/#breadcrumb"},"inLanguage":"es","potentialAction":[{"@type":"ReadAction","target":["https:\/\/mybambu.emattressoutlet.com\/product\/kara-vanity-desk-with-led-lighted-mirror\/"]}]},{"@type":"ImageObject","inLanguage":"es","@id":"https:\/\/mybambu.emattressoutlet.com\/product\/kara-vanity-desk-with-led-lighted-mirror\/#primaryimage","url":"https:\/\/mybambu.emattressoutlet.com\/wp-content\/uploads\/2024\/09\/Kara-Vanity-Desk-with-LED-Lighted-Mirror-01.webp","contentUrl":"https:\/\/mybambu.emattressoutlet.com\/wp-content\/uploads\/2024\/09\/Kara-Vanity-Desk-with-LED-Lighted-Mirror-01.webp","width":2000,"height":1000},{"@type":"BreadcrumbList","@id":"https:\/\/mybambu.emattressoutlet.com\/product\/kara-vanity-desk-with-led-lighted-mirror\/#breadcrumb","itemListElement":[{"@type":"ListItem","position":1,"name":"Home","item":"https:\/\/mybambu.emattressoutlet.com\/"},{"@type":"ListItem","position":2,"name":"Shop","item":"https:\/\/mybambu.emattressoutlet.com\/shop\/"},{"@type":"ListItem","position":3,"name":"Kara Vanity Desk with LED Lighted Mirror"}]},{"@type":"WebSite","@id":"https:\/\/mybambu.emattressoutlet.com\/#website","url":"https:\/\/mybambu.emattressoutlet.com\/","name":"MyBambu.eMattressOutlet.com | Best Prices-Top Brands-Fast and Free Delivery","description":"MyBambu.eMattressOutlet.com has the best sales on mattresses, beds, adjustable bases, bedding and more from top brands.","publisher":{"@id":"https:\/\/mybambu.emattressoutlet.com\/#organization"},"potentialAction":[{"@type":"SearchAction","target":{"@type":"EntryPoint","urlTemplate":"https:\/\/mybambu.emattressoutlet.com\/?s={search_term_string}"},"query-input":{"@type":"PropertyValueSpecification","valueRequired":true,"valueName":"search_term_string"}}],"inLanguage":"es"},{"@type":"Organization","@id":"https:\/\/mybambu.emattressoutlet.com\/#organization","name":"MyBambu.eMattressOutlet.com | Best Prices-Top Brands-Fast and Free Delivery","url":"https:\/\/mybambu.emattressoutlet.com\/","logo":{"@type":"ImageObject","inLanguage":"es","@id":"https:\/\/mybambu.emattressoutlet.com\/#\/schema\/logo\/image\/","url":"https:\/\/mybambu.emattressoutlet.com\/wp-content\/uploads\/2024\/02\/Logo-eMatress-Blue.svg","contentUrl":"https:\/\/mybambu.emattressoutlet.com\/wp-content\/uploads\/2024\/02\/Logo-eMatress-Blue.svg","width":393,"height":169,"caption":"MyBambu.eMattressOutlet.com | Best Prices-Top Brands-Fast and Free Delivery"},"image":{"@id":"https:\/\/mybambu.emattressoutlet.com\/#\/schema\/logo\/image\/"},"sameAs":["https:\/\/www.facebook.com\/people\/Emattress-Outlet\/61559474578674\/","https:\/\/x.com\/eMattressOutlet","https:\/\/www.instagram.com\/emattressoutlet\/","https:\/\/www.linkedin.com\/company\/emattress-outlet\/"]}]}},"brands":[{"id":188,"name":"MONTARY","slug":"montary"}],"_links":{"self":[{"href":"https:\/\/mybambu.emattressoutlet.com\/es\/wp-json\/wp\/v2\/product\/14328","targetHints":{"allow":["GET"]}}],"collection":[{"href":"https:\/\/mybambu.emattressoutlet.com\/es\/wp-json\/wp\/v2\/product"}],"about":[{"href":"https:\/\/mybambu.emattressoutlet.com\/es\/wp-json\/wp\/v2\/types\/product"}],"replies":[{"embeddable":true,"href":"https:\/\/mybambu.emattressoutlet.com\/es\/wp-json\/wp\/v2\/comments?post=14328"}],"version-history":[{"count":3,"href":"https:\/\/mybambu.emattressoutlet.com\/es\/wp-json\/wp\/v2\/product\/14328\/revisions"}],"predecessor-version":[{"id":14374,"href":"https:\/\/mybambu.emattressoutlet.com\/es\/wp-json\/wp\/v2\/product\/14328\/revisions\/14374"}],"wp:featuredmedia":[{"embeddable":true,"href":"https:\/\/mybambu.emattressoutlet.com\/es\/wp-json\/wp\/v2\/media\/16764"}],"wp:attachment":[{"href":"https:\/\/mybambu.emattressoutlet.com\/es\/wp-json\/wp\/v2\/media?parent=14328"}],"wp:term":[{"taxonomy":"pwb-brand","embeddable":true,"href":"https:\/\/mybambu.emattressoutlet.com\/es\/wp-json\/wp\/v2\/pwb-brand?post=14328"},{"taxonomy":"product_brand","embeddable":true,"href":"https:\/\/mybambu.emattressoutlet.com\/es\/wp-json\/wp\/v2\/product_brand?post=14328"},{"taxonomy":"product_cat","embeddable":true,"href":"https:\/\/mybambu.emattressoutlet.com\/es\/wp-json\/wp\/v2\/product_cat?post=14328"},{"taxonomy":"product_tag","embeddable":true,"href":"https:\/\/mybambu.emattressoutlet.com\/es\/wp-json\/wp\/v2\/product_tag?post=14328"}],"curies":[{"name":"wp","href":"https:\/\/api.w.org\/{rel}","templated":true}]}}