{"id":14277,"date":"2024-09-20T13:00:40","date_gmt":"2024-09-20T18:00:40","guid":{"rendered":"https:\/\/www.emattressoutlet.com\/?post_type=product&#038;p=14277"},"modified":"2025-04-08T11:18:33","modified_gmt":"2025-04-08T16:18:33","slug":"cardi-upholsted-platform-bed-with-sensor-lights","status":"publish","type":"product","link":"https:\/\/mybambu.emattressoutlet.com\/es\/producto\/cardi-upholsted-platform-bed-with-sensor-lights\/","title":{"rendered":"Cama Plataforma Tapizada Cardi con Luces con Sensor"},"content":{"rendered":"<ul>\n<li style=\"text-align: justify;\">[Dise\u00f1o de luz con sensor] Nuestra luz con sensor de movimiento tiene sus propios sensores y puede encenderse o apagarse autom\u00e1ticamente cuando alguien se mueve. Es una opci\u00f3n perfecta para ahorrar energ\u00eda.<\/li>\n<li>[Dise\u00f1o flotante \u00fanico] Esta cama de plataforma de terciopelo tapizada adopta un dise\u00f1o de cama \u00fanico que hace que su cama parezca que est\u00e1 flotando. Esta cama imaginativa ser\u00e1 el foco de atenci\u00f3n en el dormitorio.<\/li>\n<li>[Multifunci\u00f3n] Hay 2 juegos de puertos USB y enchufes en cada pata trasera de la cama, que proporcionan electricidad para la luz junto a la cama o para cargar sus tel\u00e9fonos.<\/li>\n<li>[F\u00e1cil montaje] Esta cama de plataforma tapizada se entrega en dos paquetes, junto con el manual de instalaci\u00f3n y el conjunto completo de hardware necesario para guiarlo a trav\u00e9s del proceso de montaje. Nota: primero coloque el colch\u00f3n de 10 pulgadas y luego instale el respaldo.<\/li>\n<li>[Dimensiones generales] Dimensiones generales del producto: 82\u2033 de largo x 63\u2033 de ancho x 38,2\u2033 de alto. Colch\u00f3n no incluido. Se requiere un poco de ensamblaje, aunque hemos proporcionado instrucciones y herramientas claras.<\/li>\n<\/ul>","protected":false},"excerpt":{"rendered":"<p>Esta elegante cama con plataforma tapizada presenta el \u00faltimo dise\u00f1o de luz con sensor que agrega un aspecto elegante y contempor\u00e1neo a su dormitorio. Nuestra luz con sensor de movimiento tiene sus propios sensores y puede encenderse o apagarse autom\u00e1ticamente cuando alguien se mueve. Es una opci\u00f3n perfecta para ahorrar energ\u00eda. El dise\u00f1o \u00fanico de la cama hace que parezca que est\u00e1 flotando. La robusta estructura de madera agrega estabilidad y seguridad adicionales. Hay 2 juegos de puertos USB y tomas de corriente en cada pata trasera de la cama, que proporcionan electricidad para la luz que se encuentra junto a la cama o para cargar sus tel\u00e9fonos. A pesar de su tama\u00f1o y solidez, esta pieza viene con hardware e instrucciones incluidas y puede ensamblarla sin ning\u00fan problema.<\/p>\n<p>Todas las im\u00e1genes son tomadas de muestras reales, puede ocurrir una ligera aberraci\u00f3n crom\u00e1tica debido a la iluminaci\u00f3n o la pantalla.<\/p>","protected":false},"featured_media":16735,"comment_status":"open","ping_status":"closed","template":"","meta":{"inline_featured_image":false,"iawp_total_views":317},"pwb-brand":[186],"product_brand":[],"product_cat":[74,168],"product_tag":[171,370],"class_list":{"0":"post-14277","1":"product","2":"type-product","3":"status-publish","4":"has-post-thumbnail","6":"pwb-brand-lucky-world","7":"product_cat-beds","8":"product_cat-upholstered","9":"product_tag-1-variation","10":"product_tag-up-to-750","12":"first","13":"instock","14":"taxable","15":"shipping-taxable","16":"purchasable","17":"product-type-variable","18":"has-default-attributes"},"supplier_id":null,"supplier_sku":"","barcode":null,"atum_controlled":true,"out_stock_date":null,"out_stock_threshold":null,"inheritable":true,"inbound_stock":0,"stock_on_hold":61,"sold_today":0,"sales_last_days":0,"reserved_stock":0,"customer_returns":0,"warehouse_damage":0,"lost_in_post":0,"other_logs":0,"out_stock_days":0,"lost_sales":0,"has_location":false,"update_date":"2026-03-25T21:21:25","atum_locations":[],"atum_stock_status":"instock","restock_status":false,"low_stock_amount":"","sales_update_date":"2026-03-25T21:21:25","calc_backorders":null,"yoast_head":"<!-- This site is optimized with the Yoast SEO plugin v26.1.1 - https:\/\/yoast.com\/wordpress\/plugins\/seo\/ -->\n<title>Cardi Upholsted Platform Bed with Sensor Lights - MyBambu.eMattressOutlet.com | Best Prices-Top Brands-Fast and Free Delivery<\/title>\n<meta name=\"robots\" content=\"noindex, follow, max-snippet:-1, max-image-preview:large, max-video-preview:-1\" \/>\n<meta property=\"og:locale\" content=\"es_MX\" \/>\n<meta property=\"og:type\" content=\"article\" \/>\n<meta property=\"og:title\" content=\"Cardi Upholsted Platform Bed with Sensor Lights - MyBambu.eMattressOutlet.com | Best Prices-Top Brands-Fast and Free Delivery\" \/>\n<meta property=\"og:description\" content=\"This stylish Upholstered Platform Bed features the latest Sensor Light design that adds a contemporary chic look to your bedroom.Our motion sensor light with its own sensors, the motion sensor light can automatically turn on or off as someone move around.It is a perfect choice for saving power.The unique bed design makes your bed look as if it is floating.The sturdy wood frame construction adds extra stability and safety. There are 2 sets of USB ports and socket on each rear bed leg, providing electricity for the light alongside the bed, or charge your phones. Despite its size and solidity, this piece comes with hardware and instructions included and you can assemble it without any problem.  All the pictures are taken by actual samples, slight chromatic aberration may occur due to lighting or display.\" \/>\n<meta property=\"og:url\" content=\"https:\/\/mybambu.emattressoutlet.com\/es\/producto\/cardi-upholsted-platform-bed-with-sensor-lights\/\" \/>\n<meta property=\"og:site_name\" content=\"MyBambu.eMattressOutlet.com | Best Prices-Top Brands-Fast and Free Delivery\" \/>\n<meta property=\"article:publisher\" content=\"https:\/\/www.facebook.com\/people\/Emattress-Outlet\/61559474578674\/\" \/>\n<meta property=\"article:modified_time\" content=\"2025-04-08T16:18:33+00:00\" \/>\n<meta property=\"og:image\" content=\"https:\/\/mybambu.emattressoutlet.com\/wp-content\/uploads\/2024\/09\/Cardi-Upholsted-Platform-Bed-with-Sensor-Lights-01.webp\" \/>\n\t<meta property=\"og:image:width\" content=\"2000\" \/>\n\t<meta property=\"og:image:height\" content=\"1000\" \/>\n\t<meta property=\"og:image:type\" content=\"image\/webp\" \/>\n<meta name=\"twitter:card\" content=\"summary_large_image\" \/>\n<meta name=\"twitter:site\" content=\"@eMattressOutlet\" \/>\n<meta name=\"twitter:label1\" content=\"Tiempo de lectura\" \/>\n\t<meta name=\"twitter:data1\" content=\"1 minuto\" \/>\n<script type=\"application\/ld+json\" class=\"yoast-schema-graph\">{\"@context\":\"https:\/\/schema.org\",\"@graph\":[{\"@type\":\"WebPage\",\"@id\":\"https:\/\/mybambu.emattressoutlet.com\/product\/cardi-upholsted-platform-bed-with-sensor-lights\/\",\"url\":\"https:\/\/mybambu.emattressoutlet.com\/product\/cardi-upholsted-platform-bed-with-sensor-lights\/\",\"name\":\"Cardi Upholsted Platform Bed with Sensor Lights - MyBambu.eMattressOutlet.com | Best Prices-Top Brands-Fast and Free Delivery\",\"isPartOf\":{\"@id\":\"https:\/\/mybambu.emattressoutlet.com\/#website\"},\"primaryImageOfPage\":{\"@id\":\"https:\/\/mybambu.emattressoutlet.com\/product\/cardi-upholsted-platform-bed-with-sensor-lights\/#primaryimage\"},\"image\":{\"@id\":\"https:\/\/mybambu.emattressoutlet.com\/product\/cardi-upholsted-platform-bed-with-sensor-lights\/#primaryimage\"},\"thumbnailUrl\":\"https:\/\/mybambu.emattressoutlet.com\/wp-content\/uploads\/2024\/09\/Cardi-Upholsted-Platform-Bed-with-Sensor-Lights-01.webp\",\"datePublished\":\"2024-09-20T18:00:40+00:00\",\"dateModified\":\"2025-04-08T16:18:33+00:00\",\"breadcrumb\":{\"@id\":\"https:\/\/mybambu.emattressoutlet.com\/product\/cardi-upholsted-platform-bed-with-sensor-lights\/#breadcrumb\"},\"inLanguage\":\"es\",\"potentialAction\":[{\"@type\":\"ReadAction\",\"target\":[\"https:\/\/mybambu.emattressoutlet.com\/product\/cardi-upholsted-platform-bed-with-sensor-lights\/\"]}]},{\"@type\":\"ImageObject\",\"inLanguage\":\"es\",\"@id\":\"https:\/\/mybambu.emattressoutlet.com\/product\/cardi-upholsted-platform-bed-with-sensor-lights\/#primaryimage\",\"url\":\"https:\/\/mybambu.emattressoutlet.com\/wp-content\/uploads\/2024\/09\/Cardi-Upholsted-Platform-Bed-with-Sensor-Lights-01.webp\",\"contentUrl\":\"https:\/\/mybambu.emattressoutlet.com\/wp-content\/uploads\/2024\/09\/Cardi-Upholsted-Platform-Bed-with-Sensor-Lights-01.webp\",\"width\":2000,\"height\":1000},{\"@type\":\"BreadcrumbList\",\"@id\":\"https:\/\/mybambu.emattressoutlet.com\/product\/cardi-upholsted-platform-bed-with-sensor-lights\/#breadcrumb\",\"itemListElement\":[{\"@type\":\"ListItem\",\"position\":1,\"name\":\"Home\",\"item\":\"https:\/\/mybambu.emattressoutlet.com\/\"},{\"@type\":\"ListItem\",\"position\":2,\"name\":\"Shop\",\"item\":\"https:\/\/mybambu.emattressoutlet.com\/shop\/\"},{\"@type\":\"ListItem\",\"position\":3,\"name\":\"Cardi Upholsted Platform Bed with Sensor Lights\"}]},{\"@type\":\"WebSite\",\"@id\":\"https:\/\/mybambu.emattressoutlet.com\/#website\",\"url\":\"https:\/\/mybambu.emattressoutlet.com\/\",\"name\":\"MyBambu.eMattressOutlet.com | Best Prices-Top Brands-Fast and Free Delivery\",\"description\":\"MyBambu.eMattressOutlet.com has the best sales on mattresses, beds, adjustable bases, bedding and more from top brands.\",\"publisher\":{\"@id\":\"https:\/\/mybambu.emattressoutlet.com\/#organization\"},\"potentialAction\":[{\"@type\":\"SearchAction\",\"target\":{\"@type\":\"EntryPoint\",\"urlTemplate\":\"https:\/\/mybambu.emattressoutlet.com\/?s={search_term_string}\"},\"query-input\":{\"@type\":\"PropertyValueSpecification\",\"valueRequired\":true,\"valueName\":\"search_term_string\"}}],\"inLanguage\":\"es\"},{\"@type\":\"Organization\",\"@id\":\"https:\/\/mybambu.emattressoutlet.com\/#organization\",\"name\":\"MyBambu.eMattressOutlet.com | Best Prices-Top Brands-Fast and Free Delivery\",\"url\":\"https:\/\/mybambu.emattressoutlet.com\/\",\"logo\":{\"@type\":\"ImageObject\",\"inLanguage\":\"es\",\"@id\":\"https:\/\/mybambu.emattressoutlet.com\/#\/schema\/logo\/image\/\",\"url\":\"https:\/\/mybambu.emattressoutlet.com\/wp-content\/uploads\/2024\/02\/Logo-eMatress-Blue.svg\",\"contentUrl\":\"https:\/\/mybambu.emattressoutlet.com\/wp-content\/uploads\/2024\/02\/Logo-eMatress-Blue.svg\",\"width\":393,\"height\":169,\"caption\":\"MyBambu.eMattressOutlet.com | Best Prices-Top Brands-Fast and Free Delivery\"},\"image\":{\"@id\":\"https:\/\/mybambu.emattressoutlet.com\/#\/schema\/logo\/image\/\"},\"sameAs\":[\"https:\/\/www.facebook.com\/people\/Emattress-Outlet\/61559474578674\/\",\"https:\/\/x.com\/eMattressOutlet\",\"https:\/\/www.instagram.com\/emattressoutlet\/\",\"https:\/\/www.linkedin.com\/company\/emattress-outlet\/\"]}]}<\/script>\n<!-- \/ Yoast SEO plugin. -->","yoast_head_json":{"title":"Cardi Upholsted Platform Bed with Sensor Lights - MyBambu.eMattressOutlet.com | Best Prices-Top Brands-Fast and Free Delivery","robots":{"index":"noindex","follow":"follow","max-snippet":"max-snippet:-1","max-image-preview":"max-image-preview:large","max-video-preview":"max-video-preview:-1"},"og_locale":"es_MX","og_type":"article","og_title":"Cardi Upholsted Platform Bed with Sensor Lights - MyBambu.eMattressOutlet.com | Best Prices-Top Brands-Fast and Free Delivery","og_description":"This stylish Upholstered Platform Bed features the latest Sensor Light design that adds a contemporary chic look to your bedroom.Our motion sensor light with its own sensors, the motion sensor light can automatically turn on or off as someone move around.It is a perfect choice for saving power.The unique bed design makes your bed look as if it is floating.The sturdy wood frame construction adds extra stability and safety. There are 2 sets of USB ports and socket on each rear bed leg, providing electricity for the light alongside the bed, or charge your phones. Despite its size and solidity, this piece comes with hardware and instructions included and you can assemble it without any problem.  All the pictures are taken by actual samples, slight chromatic aberration may occur due to lighting or display.","og_url":"https:\/\/mybambu.emattressoutlet.com\/es\/producto\/cardi-upholsted-platform-bed-with-sensor-lights\/","og_site_name":"MyBambu.eMattressOutlet.com | Best Prices-Top Brands-Fast and Free Delivery","article_publisher":"https:\/\/www.facebook.com\/people\/Emattress-Outlet\/61559474578674\/","article_modified_time":"2025-04-08T16:18:33+00:00","og_image":[{"width":2000,"height":1000,"url":"https:\/\/mybambu.emattressoutlet.com\/wp-content\/uploads\/2024\/09\/Cardi-Upholsted-Platform-Bed-with-Sensor-Lights-01.webp","type":"image\/webp"}],"twitter_card":"summary_large_image","twitter_site":"@eMattressOutlet","twitter_misc":{"Tiempo de lectura":"1 minuto"},"schema":{"@context":"https:\/\/schema.org","@graph":[{"@type":"WebPage","@id":"https:\/\/mybambu.emattressoutlet.com\/product\/cardi-upholsted-platform-bed-with-sensor-lights\/","url":"https:\/\/mybambu.emattressoutlet.com\/product\/cardi-upholsted-platform-bed-with-sensor-lights\/","name":"Cardi Upholsted Platform Bed with Sensor Lights - MyBambu.eMattressOutlet.com | Best Prices-Top Brands-Fast and Free Delivery","isPartOf":{"@id":"https:\/\/mybambu.emattressoutlet.com\/#website"},"primaryImageOfPage":{"@id":"https:\/\/mybambu.emattressoutlet.com\/product\/cardi-upholsted-platform-bed-with-sensor-lights\/#primaryimage"},"image":{"@id":"https:\/\/mybambu.emattressoutlet.com\/product\/cardi-upholsted-platform-bed-with-sensor-lights\/#primaryimage"},"thumbnailUrl":"https:\/\/mybambu.emattressoutlet.com\/wp-content\/uploads\/2024\/09\/Cardi-Upholsted-Platform-Bed-with-Sensor-Lights-01.webp","datePublished":"2024-09-20T18:00:40+00:00","dateModified":"2025-04-08T16:18:33+00:00","breadcrumb":{"@id":"https:\/\/mybambu.emattressoutlet.com\/product\/cardi-upholsted-platform-bed-with-sensor-lights\/#breadcrumb"},"inLanguage":"es","potentialAction":[{"@type":"ReadAction","target":["https:\/\/mybambu.emattressoutlet.com\/product\/cardi-upholsted-platform-bed-with-sensor-lights\/"]}]},{"@type":"ImageObject","inLanguage":"es","@id":"https:\/\/mybambu.emattressoutlet.com\/product\/cardi-upholsted-platform-bed-with-sensor-lights\/#primaryimage","url":"https:\/\/mybambu.emattressoutlet.com\/wp-content\/uploads\/2024\/09\/Cardi-Upholsted-Platform-Bed-with-Sensor-Lights-01.webp","contentUrl":"https:\/\/mybambu.emattressoutlet.com\/wp-content\/uploads\/2024\/09\/Cardi-Upholsted-Platform-Bed-with-Sensor-Lights-01.webp","width":2000,"height":1000},{"@type":"BreadcrumbList","@id":"https:\/\/mybambu.emattressoutlet.com\/product\/cardi-upholsted-platform-bed-with-sensor-lights\/#breadcrumb","itemListElement":[{"@type":"ListItem","position":1,"name":"Home","item":"https:\/\/mybambu.emattressoutlet.com\/"},{"@type":"ListItem","position":2,"name":"Shop","item":"https:\/\/mybambu.emattressoutlet.com\/shop\/"},{"@type":"ListItem","position":3,"name":"Cardi Upholsted Platform Bed with Sensor Lights"}]},{"@type":"WebSite","@id":"https:\/\/mybambu.emattressoutlet.com\/#website","url":"https:\/\/mybambu.emattressoutlet.com\/","name":"MyBambu.eMattressOutlet.com | Best Prices-Top Brands-Fast and Free Delivery","description":"MyBambu.eMattressOutlet.com has the best sales on mattresses, beds, adjustable bases, bedding and more from top brands.","publisher":{"@id":"https:\/\/mybambu.emattressoutlet.com\/#organization"},"potentialAction":[{"@type":"SearchAction","target":{"@type":"EntryPoint","urlTemplate":"https:\/\/mybambu.emattressoutlet.com\/?s={search_term_string}"},"query-input":{"@type":"PropertyValueSpecification","valueRequired":true,"valueName":"search_term_string"}}],"inLanguage":"es"},{"@type":"Organization","@id":"https:\/\/mybambu.emattressoutlet.com\/#organization","name":"MyBambu.eMattressOutlet.com | Best Prices-Top Brands-Fast and Free Delivery","url":"https:\/\/mybambu.emattressoutlet.com\/","logo":{"@type":"ImageObject","inLanguage":"es","@id":"https:\/\/mybambu.emattressoutlet.com\/#\/schema\/logo\/image\/","url":"https:\/\/mybambu.emattressoutlet.com\/wp-content\/uploads\/2024\/02\/Logo-eMatress-Blue.svg","contentUrl":"https:\/\/mybambu.emattressoutlet.com\/wp-content\/uploads\/2024\/02\/Logo-eMatress-Blue.svg","width":393,"height":169,"caption":"MyBambu.eMattressOutlet.com | Best Prices-Top Brands-Fast and Free Delivery"},"image":{"@id":"https:\/\/mybambu.emattressoutlet.com\/#\/schema\/logo\/image\/"},"sameAs":["https:\/\/www.facebook.com\/people\/Emattress-Outlet\/61559474578674\/","https:\/\/x.com\/eMattressOutlet","https:\/\/www.instagram.com\/emattressoutlet\/","https:\/\/www.linkedin.com\/company\/emattress-outlet\/"]}]}},"brands":[{"id":186,"name":"Lucky World","slug":"lucky-world"}],"_links":{"self":[{"href":"https:\/\/mybambu.emattressoutlet.com\/es\/wp-json\/wp\/v2\/product\/14277","targetHints":{"allow":["GET"]}}],"collection":[{"href":"https:\/\/mybambu.emattressoutlet.com\/es\/wp-json\/wp\/v2\/product"}],"about":[{"href":"https:\/\/mybambu.emattressoutlet.com\/es\/wp-json\/wp\/v2\/types\/product"}],"replies":[{"embeddable":true,"href":"https:\/\/mybambu.emattressoutlet.com\/es\/wp-json\/wp\/v2\/comments?post=14277"}],"version-history":[{"count":6,"href":"https:\/\/mybambu.emattressoutlet.com\/es\/wp-json\/wp\/v2\/product\/14277\/revisions"}],"predecessor-version":[{"id":34266,"href":"https:\/\/mybambu.emattressoutlet.com\/es\/wp-json\/wp\/v2\/product\/14277\/revisions\/34266"}],"wp:featuredmedia":[{"embeddable":true,"href":"https:\/\/mybambu.emattressoutlet.com\/es\/wp-json\/wp\/v2\/media\/16735"}],"wp:attachment":[{"href":"https:\/\/mybambu.emattressoutlet.com\/es\/wp-json\/wp\/v2\/media?parent=14277"}],"wp:term":[{"taxonomy":"pwb-brand","embeddable":true,"href":"https:\/\/mybambu.emattressoutlet.com\/es\/wp-json\/wp\/v2\/pwb-brand?post=14277"},{"taxonomy":"product_brand","embeddable":true,"href":"https:\/\/mybambu.emattressoutlet.com\/es\/wp-json\/wp\/v2\/product_brand?post=14277"},{"taxonomy":"product_cat","embeddable":true,"href":"https:\/\/mybambu.emattressoutlet.com\/es\/wp-json\/wp\/v2\/product_cat?post=14277"},{"taxonomy":"product_tag","embeddable":true,"href":"https:\/\/mybambu.emattressoutlet.com\/es\/wp-json\/wp\/v2\/product_tag?post=14277"}],"curies":[{"name":"wp","href":"https:\/\/api.w.org\/{rel}","templated":true}]}}