{"id":14226,"date":"2024-09-20T12:59:15","date_gmt":"2024-09-20T17:59:15","guid":{"rendered":"https:\/\/www.emattressoutlet.com\/?post_type=product&#038;p=14226"},"modified":"2025-04-08T11:27:51","modified_gmt":"2025-04-08T16:27:51","slug":"cersi-upholstered-platform-bed","status":"publish","type":"product","link":"https:\/\/mybambu.emattressoutlet.com\/es\/producto\/cersi-upholstered-platform-bed\/","title":{"rendered":"Cama Tapizada Plataforma Cersi"},"content":{"rendered":"<ul>\n<li style=\"text-align: justify;\">[Dise\u00f1o elegante] Tapizada en tela de terciopelo cuidadosamente seleccionada y con detalles decorativos, esta cama con plataforma no solo se adapta a cualquier decoraci\u00f3n del hogar, sino que tambi\u00e9n tiene un dise\u00f1o atemporal. El cabecero Wingback crea comodidad, mientras que el dise\u00f1o de un solo color crea versatilidad.<\/li>\n<li>[S\u00f3lido y resistente] El marco de la cama est\u00e1 hecho de tableros de fibra de densidad media y aglomerado, lo que proporciona un soporte denso y fuerte para hasta 650 libras. La construcci\u00f3n garantiza una vida \u00fatil y un marco de cama resistente con un cabecero que no se tambalea.<\/li>\n<li>[No requiere somier] Con 10 l\u00e1minas reforzadas, el colch\u00f3n (no incluido) tendr\u00e1 un buen soporte y el peso de su cuerpo se distribuir\u00e1 de manera uniforme para una excelente experiencia de sue\u00f1o. Disfrute de la comodidad y la facilidad de uso incomparable que brinda esta cama tama\u00f1o queen con plataforma de madera. La cabecera se incluye como un c\u00f3modo respaldo de tela de terciopelo que le brinda a usted y a su pareja una sensaci\u00f3n acogedora.<\/li>\n<li>[Almacenamiento] El ingenio de esta cama es que hay un gran caj\u00f3n de almacenamiento en la parte inferior y hay dos taburetes de almacenamiento semicirculares a ambos lados, que no solo pueden aumentar el \u00e1rea utilizable de la cama, sino que tambi\u00e9n tienen la funci\u00f3n de almacenamiento. Hermoso y pr\u00e1ctico.<\/li>\n<li>[Dimensiones] Dimensiones generales: 85 x 88,2 x 40,5 pulgadas (largo x ancho x alto). Adecuado para colchones tama\u00f1o Queen (colch\u00f3n no incluido). Montaje f\u00e1cil de usar que se puede completar en muy poco tiempo. Con una gu\u00eda de instrucciones paso a paso y todas las herramientas necesarias incluidas.<\/li>\n<\/ul>","protected":false},"excerpt":{"rendered":"<p>Cama tama\u00f1o queen con plataforma tapizada, espacio de almacenaje, cabecero con respaldo alto y 1 caj\u00f3n grande<\/p>\n<p>Esta hermosa cama tapizada cuenta con dos taburetes de almacenamiento semicirculares a la izquierda y a la derecha, una cabecera con plumas y un gran caj\u00f3n de almacenamiento en la parte trasera, que es a la vez funcional y hermoso para su dormitorio. La construcci\u00f3n robusta del marco de madera y el sistema de listones de madera agregan estabilidad y seguridad adicionales. Con un dise\u00f1o tan resistente y moderno, puede tener una experiencia de compra \u00fanica y sorprendente. Esperamos que una cama bien dise\u00f1ada se adapte a las necesidades de todos, nuestras camas vienen en cuatro colores que se adaptar\u00e1n a cualquier decoraci\u00f3n de su dormitorio.<\/p>\n<p>Todas las im\u00e1genes son tomadas de muestras reales, puede ocurrir una ligera aberraci\u00f3n crom\u00e1tica debido a la iluminaci\u00f3n o la pantalla.<\/p>","protected":false},"featured_media":16679,"comment_status":"open","ping_status":"closed","template":"","meta":{"inline_featured_image":false,"iawp_total_views":80},"pwb-brand":[185],"product_brand":[],"product_cat":[74,168],"product_tag":[171,371],"class_list":{"0":"post-14226","1":"product","2":"type-product","3":"status-publish","4":"has-post-thumbnail","6":"pwb-brand-lucky-furniture","7":"product_cat-beds","8":"product_cat-upholstered","9":"product_tag-1-variation","10":"product_tag-up-to-1500","12":"first","13":"instock","14":"taxable","15":"shipping-taxable","16":"purchasable","17":"product-type-variable","18":"has-default-attributes"},"supplier_id":null,"supplier_sku":"","barcode":null,"atum_controlled":true,"out_stock_date":null,"out_stock_threshold":null,"inheritable":true,"inbound_stock":0,"stock_on_hold":15,"sold_today":0,"sales_last_days":0,"reserved_stock":0,"customer_returns":0,"warehouse_damage":0,"lost_in_post":0,"other_logs":0,"out_stock_days":null,"lost_sales":0,"has_location":false,"update_date":"2025-12-12T05:49:39","atum_locations":[],"atum_stock_status":"instock","restock_status":false,"low_stock_amount":"","sales_update_date":"2025-04-01T15:34:38","calc_backorders":null,"yoast_head":"<!-- This site is optimized with the Yoast SEO plugin v26.1.1 - https:\/\/yoast.com\/wordpress\/plugins\/seo\/ -->\n<title>Cersi Upholstered Platform Bed - MyBambu.eMattressOutlet.com | Best Prices-Top Brands-Fast and Free Delivery<\/title>\n<meta name=\"robots\" content=\"noindex, follow, max-snippet:-1, max-image-preview:large, max-video-preview:-1\" \/>\n<meta property=\"og:locale\" content=\"es_MX\" \/>\n<meta property=\"og:type\" content=\"article\" \/>\n<meta property=\"og:title\" content=\"Cersi Upholstered Platform Bed - MyBambu.eMattressOutlet.com | Best Prices-Top Brands-Fast and Free Delivery\" \/>\n<meta property=\"og:description\" content=\"Upholstered Platform Bed Queen Size Storage Velvet Bed with Wingback Headboard and 1 Big Drawer  This beautiful upholstered bed features two semi-circular storage stools on the left and right, a feathered headboard and a large storage drawer at the rear, which is both functional and beautiful for you The bedroom adds splendor. Sturdy wood frame construction and wood slat system add extra stability and safety. With such a sturdy, on-trend design, you can have a unique and surprising shopping experience. We expect a well designed bed to suit anyone&#039;s needs, our beds come in four colors that will suit any of your different bedroom decor  All the pictures are taken by actual samples, slight chromatic aberration may occur due to lighting or display.\" \/>\n<meta property=\"og:url\" content=\"https:\/\/mybambu.emattressoutlet.com\/es\/producto\/cersi-upholstered-platform-bed\/\" \/>\n<meta property=\"og:site_name\" content=\"MyBambu.eMattressOutlet.com | Best Prices-Top Brands-Fast and Free Delivery\" \/>\n<meta property=\"article:publisher\" content=\"https:\/\/www.facebook.com\/people\/Emattress-Outlet\/61559474578674\/\" \/>\n<meta property=\"article:modified_time\" content=\"2025-04-08T16:27:51+00:00\" \/>\n<meta property=\"og:image\" content=\"https:\/\/mybambu.emattressoutlet.com\/wp-content\/uploads\/2024\/09\/Cersi-Upholstered-Platform-Bed-01.webp\" \/>\n\t<meta property=\"og:image:width\" content=\"2000\" \/>\n\t<meta property=\"og:image:height\" content=\"1000\" \/>\n\t<meta property=\"og:image:type\" content=\"image\/webp\" \/>\n<meta name=\"twitter:card\" content=\"summary_large_image\" \/>\n<meta name=\"twitter:site\" content=\"@eMattressOutlet\" \/>\n<meta name=\"twitter:label1\" content=\"Tiempo de lectura\" \/>\n\t<meta name=\"twitter:data1\" content=\"1 minuto\" \/>\n<script type=\"application\/ld+json\" class=\"yoast-schema-graph\">{\"@context\":\"https:\/\/schema.org\",\"@graph\":[{\"@type\":\"WebPage\",\"@id\":\"https:\/\/mybambu.emattressoutlet.com\/product\/cersi-upholstered-platform-bed\/\",\"url\":\"https:\/\/mybambu.emattressoutlet.com\/product\/cersi-upholstered-platform-bed\/\",\"name\":\"Cersi Upholstered Platform Bed - MyBambu.eMattressOutlet.com | Best Prices-Top Brands-Fast and Free Delivery\",\"isPartOf\":{\"@id\":\"https:\/\/mybambu.emattressoutlet.com\/#website\"},\"primaryImageOfPage\":{\"@id\":\"https:\/\/mybambu.emattressoutlet.com\/product\/cersi-upholstered-platform-bed\/#primaryimage\"},\"image\":{\"@id\":\"https:\/\/mybambu.emattressoutlet.com\/product\/cersi-upholstered-platform-bed\/#primaryimage\"},\"thumbnailUrl\":\"https:\/\/mybambu.emattressoutlet.com\/wp-content\/uploads\/2024\/09\/Cersi-Upholstered-Platform-Bed-01.webp\",\"datePublished\":\"2024-09-20T17:59:15+00:00\",\"dateModified\":\"2025-04-08T16:27:51+00:00\",\"breadcrumb\":{\"@id\":\"https:\/\/mybambu.emattressoutlet.com\/product\/cersi-upholstered-platform-bed\/#breadcrumb\"},\"inLanguage\":\"es\",\"potentialAction\":[{\"@type\":\"ReadAction\",\"target\":[\"https:\/\/mybambu.emattressoutlet.com\/product\/cersi-upholstered-platform-bed\/\"]}]},{\"@type\":\"ImageObject\",\"inLanguage\":\"es\",\"@id\":\"https:\/\/mybambu.emattressoutlet.com\/product\/cersi-upholstered-platform-bed\/#primaryimage\",\"url\":\"https:\/\/mybambu.emattressoutlet.com\/wp-content\/uploads\/2024\/09\/Cersi-Upholstered-Platform-Bed-01.webp\",\"contentUrl\":\"https:\/\/mybambu.emattressoutlet.com\/wp-content\/uploads\/2024\/09\/Cersi-Upholstered-Platform-Bed-01.webp\",\"width\":2000,\"height\":1000},{\"@type\":\"BreadcrumbList\",\"@id\":\"https:\/\/mybambu.emattressoutlet.com\/product\/cersi-upholstered-platform-bed\/#breadcrumb\",\"itemListElement\":[{\"@type\":\"ListItem\",\"position\":1,\"name\":\"Home\",\"item\":\"https:\/\/mybambu.emattressoutlet.com\/\"},{\"@type\":\"ListItem\",\"position\":2,\"name\":\"Shop\",\"item\":\"https:\/\/mybambu.emattressoutlet.com\/shop\/\"},{\"@type\":\"ListItem\",\"position\":3,\"name\":\"Cersi Upholstered Platform Bed\"}]},{\"@type\":\"WebSite\",\"@id\":\"https:\/\/mybambu.emattressoutlet.com\/#website\",\"url\":\"https:\/\/mybambu.emattressoutlet.com\/\",\"name\":\"MyBambu.eMattressOutlet.com | Best Prices-Top Brands-Fast and Free Delivery\",\"description\":\"MyBambu.eMattressOutlet.com has the best sales on mattresses, beds, adjustable bases, bedding and more from top brands.\",\"publisher\":{\"@id\":\"https:\/\/mybambu.emattressoutlet.com\/#organization\"},\"potentialAction\":[{\"@type\":\"SearchAction\",\"target\":{\"@type\":\"EntryPoint\",\"urlTemplate\":\"https:\/\/mybambu.emattressoutlet.com\/?s={search_term_string}\"},\"query-input\":{\"@type\":\"PropertyValueSpecification\",\"valueRequired\":true,\"valueName\":\"search_term_string\"}}],\"inLanguage\":\"es\"},{\"@type\":\"Organization\",\"@id\":\"https:\/\/mybambu.emattressoutlet.com\/#organization\",\"name\":\"MyBambu.eMattressOutlet.com | Best Prices-Top Brands-Fast and Free Delivery\",\"url\":\"https:\/\/mybambu.emattressoutlet.com\/\",\"logo\":{\"@type\":\"ImageObject\",\"inLanguage\":\"es\",\"@id\":\"https:\/\/mybambu.emattressoutlet.com\/#\/schema\/logo\/image\/\",\"url\":\"https:\/\/mybambu.emattressoutlet.com\/wp-content\/uploads\/2024\/02\/Logo-eMatress-Blue.svg\",\"contentUrl\":\"https:\/\/mybambu.emattressoutlet.com\/wp-content\/uploads\/2024\/02\/Logo-eMatress-Blue.svg\",\"width\":393,\"height\":169,\"caption\":\"MyBambu.eMattressOutlet.com | Best Prices-Top Brands-Fast and Free Delivery\"},\"image\":{\"@id\":\"https:\/\/mybambu.emattressoutlet.com\/#\/schema\/logo\/image\/\"},\"sameAs\":[\"https:\/\/www.facebook.com\/people\/Emattress-Outlet\/61559474578674\/\",\"https:\/\/x.com\/eMattressOutlet\",\"https:\/\/www.instagram.com\/emattressoutlet\/\",\"https:\/\/www.linkedin.com\/company\/emattress-outlet\/\"]}]}<\/script>\n<!-- \/ Yoast SEO plugin. -->","yoast_head_json":{"title":"Cersi Upholstered Platform Bed - MyBambu.eMattressOutlet.com | Best Prices-Top Brands-Fast and Free Delivery","robots":{"index":"noindex","follow":"follow","max-snippet":"max-snippet:-1","max-image-preview":"max-image-preview:large","max-video-preview":"max-video-preview:-1"},"og_locale":"es_MX","og_type":"article","og_title":"Cersi Upholstered Platform Bed - MyBambu.eMattressOutlet.com | Best Prices-Top Brands-Fast and Free Delivery","og_description":"Upholstered Platform Bed Queen Size Storage Velvet Bed with Wingback Headboard and 1 Big Drawer  This beautiful upholstered bed features two semi-circular storage stools on the left and right, a feathered headboard and a large storage drawer at the rear, which is both functional and beautiful for you The bedroom adds splendor. Sturdy wood frame construction and wood slat system add extra stability and safety. With such a sturdy, on-trend design, you can have a unique and surprising shopping experience. We expect a well designed bed to suit anyone's needs, our beds come in four colors that will suit any of your different bedroom decor  All the pictures are taken by actual samples, slight chromatic aberration may occur due to lighting or display.","og_url":"https:\/\/mybambu.emattressoutlet.com\/es\/producto\/cersi-upholstered-platform-bed\/","og_site_name":"MyBambu.eMattressOutlet.com | Best Prices-Top Brands-Fast and Free Delivery","article_publisher":"https:\/\/www.facebook.com\/people\/Emattress-Outlet\/61559474578674\/","article_modified_time":"2025-04-08T16:27:51+00:00","og_image":[{"width":2000,"height":1000,"url":"https:\/\/mybambu.emattressoutlet.com\/wp-content\/uploads\/2024\/09\/Cersi-Upholstered-Platform-Bed-01.webp","type":"image\/webp"}],"twitter_card":"summary_large_image","twitter_site":"@eMattressOutlet","twitter_misc":{"Tiempo de lectura":"1 minuto"},"schema":{"@context":"https:\/\/schema.org","@graph":[{"@type":"WebPage","@id":"https:\/\/mybambu.emattressoutlet.com\/product\/cersi-upholstered-platform-bed\/","url":"https:\/\/mybambu.emattressoutlet.com\/product\/cersi-upholstered-platform-bed\/","name":"Cersi Upholstered Platform Bed - MyBambu.eMattressOutlet.com | Best Prices-Top Brands-Fast and Free Delivery","isPartOf":{"@id":"https:\/\/mybambu.emattressoutlet.com\/#website"},"primaryImageOfPage":{"@id":"https:\/\/mybambu.emattressoutlet.com\/product\/cersi-upholstered-platform-bed\/#primaryimage"},"image":{"@id":"https:\/\/mybambu.emattressoutlet.com\/product\/cersi-upholstered-platform-bed\/#primaryimage"},"thumbnailUrl":"https:\/\/mybambu.emattressoutlet.com\/wp-content\/uploads\/2024\/09\/Cersi-Upholstered-Platform-Bed-01.webp","datePublished":"2024-09-20T17:59:15+00:00","dateModified":"2025-04-08T16:27:51+00:00","breadcrumb":{"@id":"https:\/\/mybambu.emattressoutlet.com\/product\/cersi-upholstered-platform-bed\/#breadcrumb"},"inLanguage":"es","potentialAction":[{"@type":"ReadAction","target":["https:\/\/mybambu.emattressoutlet.com\/product\/cersi-upholstered-platform-bed\/"]}]},{"@type":"ImageObject","inLanguage":"es","@id":"https:\/\/mybambu.emattressoutlet.com\/product\/cersi-upholstered-platform-bed\/#primaryimage","url":"https:\/\/mybambu.emattressoutlet.com\/wp-content\/uploads\/2024\/09\/Cersi-Upholstered-Platform-Bed-01.webp","contentUrl":"https:\/\/mybambu.emattressoutlet.com\/wp-content\/uploads\/2024\/09\/Cersi-Upholstered-Platform-Bed-01.webp","width":2000,"height":1000},{"@type":"BreadcrumbList","@id":"https:\/\/mybambu.emattressoutlet.com\/product\/cersi-upholstered-platform-bed\/#breadcrumb","itemListElement":[{"@type":"ListItem","position":1,"name":"Home","item":"https:\/\/mybambu.emattressoutlet.com\/"},{"@type":"ListItem","position":2,"name":"Shop","item":"https:\/\/mybambu.emattressoutlet.com\/shop\/"},{"@type":"ListItem","position":3,"name":"Cersi Upholstered Platform Bed"}]},{"@type":"WebSite","@id":"https:\/\/mybambu.emattressoutlet.com\/#website","url":"https:\/\/mybambu.emattressoutlet.com\/","name":"MyBambu.eMattressOutlet.com | Best Prices-Top Brands-Fast and Free Delivery","description":"MyBambu.eMattressOutlet.com has the best sales on mattresses, beds, adjustable bases, bedding and more from top brands.","publisher":{"@id":"https:\/\/mybambu.emattressoutlet.com\/#organization"},"potentialAction":[{"@type":"SearchAction","target":{"@type":"EntryPoint","urlTemplate":"https:\/\/mybambu.emattressoutlet.com\/?s={search_term_string}"},"query-input":{"@type":"PropertyValueSpecification","valueRequired":true,"valueName":"search_term_string"}}],"inLanguage":"es"},{"@type":"Organization","@id":"https:\/\/mybambu.emattressoutlet.com\/#organization","name":"MyBambu.eMattressOutlet.com | Best Prices-Top Brands-Fast and Free Delivery","url":"https:\/\/mybambu.emattressoutlet.com\/","logo":{"@type":"ImageObject","inLanguage":"es","@id":"https:\/\/mybambu.emattressoutlet.com\/#\/schema\/logo\/image\/","url":"https:\/\/mybambu.emattressoutlet.com\/wp-content\/uploads\/2024\/02\/Logo-eMatress-Blue.svg","contentUrl":"https:\/\/mybambu.emattressoutlet.com\/wp-content\/uploads\/2024\/02\/Logo-eMatress-Blue.svg","width":393,"height":169,"caption":"MyBambu.eMattressOutlet.com | Best Prices-Top Brands-Fast and Free Delivery"},"image":{"@id":"https:\/\/mybambu.emattressoutlet.com\/#\/schema\/logo\/image\/"},"sameAs":["https:\/\/www.facebook.com\/people\/Emattress-Outlet\/61559474578674\/","https:\/\/x.com\/eMattressOutlet","https:\/\/www.instagram.com\/emattressoutlet\/","https:\/\/www.linkedin.com\/company\/emattress-outlet\/"]}]}},"brands":[{"id":185,"name":"Lucky Furniture","slug":"lucky-furniture"}],"_links":{"self":[{"href":"https:\/\/mybambu.emattressoutlet.com\/es\/wp-json\/wp\/v2\/product\/14226","targetHints":{"allow":["GET"]}}],"collection":[{"href":"https:\/\/mybambu.emattressoutlet.com\/es\/wp-json\/wp\/v2\/product"}],"about":[{"href":"https:\/\/mybambu.emattressoutlet.com\/es\/wp-json\/wp\/v2\/types\/product"}],"replies":[{"embeddable":true,"href":"https:\/\/mybambu.emattressoutlet.com\/es\/wp-json\/wp\/v2\/comments?post=14226"}],"version-history":[{"count":3,"href":"https:\/\/mybambu.emattressoutlet.com\/es\/wp-json\/wp\/v2\/product\/14226\/revisions"}],"predecessor-version":[{"id":16695,"href":"https:\/\/mybambu.emattressoutlet.com\/es\/wp-json\/wp\/v2\/product\/14226\/revisions\/16695"}],"wp:featuredmedia":[{"embeddable":true,"href":"https:\/\/mybambu.emattressoutlet.com\/es\/wp-json\/wp\/v2\/media\/16679"}],"wp:attachment":[{"href":"https:\/\/mybambu.emattressoutlet.com\/es\/wp-json\/wp\/v2\/media?parent=14226"}],"wp:term":[{"taxonomy":"pwb-brand","embeddable":true,"href":"https:\/\/mybambu.emattressoutlet.com\/es\/wp-json\/wp\/v2\/pwb-brand?post=14226"},{"taxonomy":"product_brand","embeddable":true,"href":"https:\/\/mybambu.emattressoutlet.com\/es\/wp-json\/wp\/v2\/product_brand?post=14226"},{"taxonomy":"product_cat","embeddable":true,"href":"https:\/\/mybambu.emattressoutlet.com\/es\/wp-json\/wp\/v2\/product_cat?post=14226"},{"taxonomy":"product_tag","embeddable":true,"href":"https:\/\/mybambu.emattressoutlet.com\/es\/wp-json\/wp\/v2\/product_tag?post=14226"}],"curies":[{"name":"wp","href":"https:\/\/api.w.org\/{rel}","templated":true}]}}