{"id":10659,"date":"2024-07-04T05:21:14","date_gmt":"2024-07-04T10:21:14","guid":{"rendered":"https:\/\/www.emattressoutlet.com\/?post_type=product&#038;p=10659"},"modified":"2025-04-08T11:17:22","modified_gmt":"2025-04-08T16:17:22","slug":"peyton-upholstered-platform-bed-54-high-headboard","status":"publish","type":"product","link":"https:\/\/mybambu.emattressoutlet.com\/es\/producto\/peyton-upholstered-platform-bed-54-high-headboard\/","title":{"rendered":"Peyton Upholstered Platform Bed 54&#8243; High Headboard"},"content":{"rendered":"<ul>\n<li style=\"text-align: justify;\">Crea el dormitorio de tus sue\u00f1os con este marco de cama elegante y atemporal.<\/li>\n<li>Su cabecera de 54\u2033 de alto crea un estilo llamativo en cualquier dormitorio.<\/li>\n<li>Adopte un estilo hermoso y elegante, con un respaldo con alas con detalles de tachuelas y capiton\u00e9 tradicional abotonado a mano.<\/li>\n<li>Hermosos pies de madera maciza con acabado en nogal completan el aspecto exclusivo.<\/li>\n<li>Un marco de metal seguro y fuerte sostiene la cama y la cabecera, proporcion\u00e1ndole una noche de sue\u00f1o tranquilo y c\u00f3modo y a\u00f1os de uso.<\/li>\n<li>No se necesita somier. Los listones de madera sobre la base de metal brindan un soporte total al colch\u00f3n y forman una base duradera y resistente probada para soportar hasta 1000 libras.<\/li>\n<li>F\u00e1cil montaje con instrucciones claras: todos los herrajes y herramientas, incluida una llave de trinquete para acelerar el montaje. El tiempo estimado de montaje para dos adultos es de solo 30 minutos. Hay disponible un video de montaje para guiarlo a trav\u00e9s del proceso.<\/li>\n<li>Dise\u00f1o de caja todo en uno. Esta cama se env\u00eda c\u00f3modamente en una sola caja, embalada para proteger todos los componentes contra da\u00f1os durante el transporte.<\/li>\n<\/ul>","protected":false},"excerpt":{"rendered":"<p>Crea el dormitorio de tus sue\u00f1os con un marco de cama de dise\u00f1o elegante y atemporal.<\/p>\n<p>Su altura de 54\u2033 crea un punto focal acogedor para cualquier dormitorio, y se siente tan premium como se ve. Tela de terciopelo de primera calidad y hermosa: el lugar perfecto para quedarse dormido y so\u00f1ar. Adopte un estilo hermoso y elegante, con respaldos de ala con ribetes de cabeza de clavo y capiton\u00e9 tradicional abotonado a mano. Como siempre, su comodidad y apoyo son nuestras principales prioridades, con una base de listones de madera resistente y un marco de rieles laterales de metal. Cuenta con hermosas patas de madera maciza en efecto nogal, para el acabado perfecto de su dise\u00f1o elegante y cl\u00e1sico.<\/p>\n<p>Estilo europeo cl\u00e1sico y elegante<\/p>\n<p>Adopte un estilo hermoso y elegante, con un respaldo con alas con detalles de tachuelas y capiton\u00e9 tradicional abotonado a mano.<\/p>\n<p>Patas de madera maciza de nogal<\/p>\n<p>Cuenta con hermosos pies de madera maciza en efecto nogal, para el acabado perfecto a su dise\u00f1o elegante y cl\u00e1sico.<\/p>\n<p>Construcci\u00f3n confiable<\/p>\n<p>Como siempre, su comodidad y apoyo son nuestras principales prioridades, con una base de listones de madera resistentes y un marco de barandillas laterales de metal.<\/p>\n<p>Montaje r\u00e1pido y sencillo<\/p>\n<p>El tiempo estimado de montaje para dos adultos es de s\u00f3lo 30 minutos.<\/p>","protected":false},"featured_media":16559,"comment_status":"open","ping_status":"closed","template":"","meta":{"inline_featured_image":false,"iawp_total_views":34},"pwb-brand":[167],"product_brand":[],"product_cat":[74,73,168],"product_tag":[177,370],"class_list":{"0":"post-10659","1":"product","2":"type-product","3":"status-publish","4":"has-post-thumbnail","6":"pwb-brand-house-home-furniture","7":"product_cat-beds","8":"product_cat-furniture-and-more-2","9":"product_cat-upholstered","10":"product_tag-small-parcel","11":"product_tag-up-to-750","12":"product_shipping_class-gigacloud","14":"first","15":"instock","16":"taxable","17":"shipping-taxable","18":"purchasable","19":"product-type-variable","20":"has-default-attributes"},"supplier_id":null,"supplier_sku":"","barcode":null,"atum_controlled":true,"out_stock_date":null,"out_stock_threshold":null,"inheritable":true,"inbound_stock":0,"stock_on_hold":14,"sold_today":0,"sales_last_days":0,"reserved_stock":0,"customer_returns":0,"warehouse_damage":0,"lost_in_post":0,"other_logs":0,"out_stock_days":null,"lost_sales":0,"has_location":false,"update_date":"2025-12-19T05:51:16","atum_locations":[],"atum_stock_status":"instock","restock_status":false,"low_stock_amount":"","sales_update_date":"2024-09-26T15:56:07","calc_backorders":null,"yoast_head":"<!-- This site is optimized with the Yoast SEO plugin v26.1.1 - https:\/\/yoast.com\/wordpress\/plugins\/seo\/ -->\n<title>Peyton Upholstered Platform Bed 54&quot; High Headboard - MyBambu.eMattressOutlet.com | Best Prices-Top Brands-Fast and Free Delivery<\/title>\n<meta name=\"robots\" content=\"noindex, follow, max-snippet:-1, max-image-preview:large, max-video-preview:-1\" \/>\n<meta property=\"og:locale\" content=\"es_MX\" \/>\n<meta property=\"og:type\" content=\"article\" \/>\n<meta property=\"og:title\" content=\"Peyton Upholstered Platform Bed 54&quot; High Headboard - MyBambu.eMattressOutlet.com | Best Prices-Top Brands-Fast and Free Delivery\" \/>\n<meta property=\"og:description\" content=\"Create the bedroom of your dreams with timeless, elegant designed bed frame  Its 54&quot; height creates a welcoming focal point for any bedroom, feels just as premium as it looks. Premium and beautifully velvet fabric - the perfect place to drift off and dream. Embrace gorgeous and elegant style, featuring a nail-head trim wingbacks and traditional hand buttoned tufting. As always, your comfort and support are high priorities at us, with a sturdy wooden-slats base and metal side rails frame. Boasts beautiful solid wood feet in walnut effect, for the perfect finish to its elegant and classical design.  Classic &amp; Elegant European Style  Embrace gorgeous and elegant style, featuring a nail-head trim wingback and traditional hand buttoned tufting.  Solid Walnut Wood Feet  Boasts beautiful solid wood feet in walnut effect, for the perfect finish to its elegant and classical design.  Reliable Construction  As always, your comfort and support are high priorities at us, with a sturdy wooden-slats base and metal side rails frame.  Quick &amp; Easy Assembly  Estimated assembly time for two adults is only 30 minutes.\" \/>\n<meta property=\"og:url\" content=\"https:\/\/mybambu.emattressoutlet.com\/es\/producto\/peyton-upholstered-platform-bed-54-high-headboard\/\" \/>\n<meta property=\"og:site_name\" content=\"MyBambu.eMattressOutlet.com | Best Prices-Top Brands-Fast and Free Delivery\" \/>\n<meta property=\"article:publisher\" content=\"https:\/\/www.facebook.com\/people\/Emattress-Outlet\/61559474578674\/\" \/>\n<meta property=\"article:modified_time\" content=\"2025-04-08T16:17:22+00:00\" \/>\n<meta property=\"og:image\" content=\"https:\/\/mybambu.emattressoutlet.com\/wp-content\/uploads\/2024\/07\/Peyton-Upholstered-Platform-Bed-High-Headboard-01.webp\" \/>\n\t<meta property=\"og:image:width\" content=\"2000\" \/>\n\t<meta property=\"og:image:height\" content=\"1000\" \/>\n\t<meta property=\"og:image:type\" content=\"image\/webp\" \/>\n<meta name=\"twitter:card\" content=\"summary_large_image\" \/>\n<meta name=\"twitter:site\" content=\"@eMattressOutlet\" \/>\n<meta name=\"twitter:label1\" content=\"Tiempo de lectura\" \/>\n\t<meta name=\"twitter:data1\" content=\"1 minuto\" \/>\n<script type=\"application\/ld+json\" class=\"yoast-schema-graph\">{\"@context\":\"https:\/\/schema.org\",\"@graph\":[{\"@type\":\"WebPage\",\"@id\":\"https:\/\/mybambu.emattressoutlet.com\/product\/peyton-upholstered-platform-bed-54-high-headboard\/\",\"url\":\"https:\/\/mybambu.emattressoutlet.com\/product\/peyton-upholstered-platform-bed-54-high-headboard\/\",\"name\":\"Peyton Upholstered Platform Bed 54\\\" High Headboard - MyBambu.eMattressOutlet.com | Best Prices-Top Brands-Fast and Free Delivery\",\"isPartOf\":{\"@id\":\"https:\/\/mybambu.emattressoutlet.com\/#website\"},\"primaryImageOfPage\":{\"@id\":\"https:\/\/mybambu.emattressoutlet.com\/product\/peyton-upholstered-platform-bed-54-high-headboard\/#primaryimage\"},\"image\":{\"@id\":\"https:\/\/mybambu.emattressoutlet.com\/product\/peyton-upholstered-platform-bed-54-high-headboard\/#primaryimage\"},\"thumbnailUrl\":\"https:\/\/mybambu.emattressoutlet.com\/wp-content\/uploads\/2024\/07\/Peyton-Upholstered-Platform-Bed-High-Headboard-01.webp\",\"datePublished\":\"2024-07-04T10:21:14+00:00\",\"dateModified\":\"2025-04-08T16:17:22+00:00\",\"breadcrumb\":{\"@id\":\"https:\/\/mybambu.emattressoutlet.com\/product\/peyton-upholstered-platform-bed-54-high-headboard\/#breadcrumb\"},\"inLanguage\":\"es\",\"potentialAction\":[{\"@type\":\"ReadAction\",\"target\":[\"https:\/\/mybambu.emattressoutlet.com\/product\/peyton-upholstered-platform-bed-54-high-headboard\/\"]}]},{\"@type\":\"ImageObject\",\"inLanguage\":\"es\",\"@id\":\"https:\/\/mybambu.emattressoutlet.com\/product\/peyton-upholstered-platform-bed-54-high-headboard\/#primaryimage\",\"url\":\"https:\/\/mybambu.emattressoutlet.com\/wp-content\/uploads\/2024\/07\/Peyton-Upholstered-Platform-Bed-High-Headboard-01.webp\",\"contentUrl\":\"https:\/\/mybambu.emattressoutlet.com\/wp-content\/uploads\/2024\/07\/Peyton-Upholstered-Platform-Bed-High-Headboard-01.webp\",\"width\":2000,\"height\":1000},{\"@type\":\"BreadcrumbList\",\"@id\":\"https:\/\/mybambu.emattressoutlet.com\/product\/peyton-upholstered-platform-bed-54-high-headboard\/#breadcrumb\",\"itemListElement\":[{\"@type\":\"ListItem\",\"position\":1,\"name\":\"Home\",\"item\":\"https:\/\/mybambu.emattressoutlet.com\/\"},{\"@type\":\"ListItem\",\"position\":2,\"name\":\"Shop\",\"item\":\"https:\/\/mybambu.emattressoutlet.com\/shop\/\"},{\"@type\":\"ListItem\",\"position\":3,\"name\":\"Peyton Upholstered Platform Bed 54&#8243; High Headboard\"}]},{\"@type\":\"WebSite\",\"@id\":\"https:\/\/mybambu.emattressoutlet.com\/#website\",\"url\":\"https:\/\/mybambu.emattressoutlet.com\/\",\"name\":\"MyBambu.eMattressOutlet.com | Best Prices-Top Brands-Fast and Free Delivery\",\"description\":\"MyBambu.eMattressOutlet.com has the best sales on mattresses, beds, adjustable bases, bedding and more from top brands.\",\"publisher\":{\"@id\":\"https:\/\/mybambu.emattressoutlet.com\/#organization\"},\"potentialAction\":[{\"@type\":\"SearchAction\",\"target\":{\"@type\":\"EntryPoint\",\"urlTemplate\":\"https:\/\/mybambu.emattressoutlet.com\/?s={search_term_string}\"},\"query-input\":{\"@type\":\"PropertyValueSpecification\",\"valueRequired\":true,\"valueName\":\"search_term_string\"}}],\"inLanguage\":\"es\"},{\"@type\":\"Organization\",\"@id\":\"https:\/\/mybambu.emattressoutlet.com\/#organization\",\"name\":\"MyBambu.eMattressOutlet.com | Best Prices-Top Brands-Fast and Free Delivery\",\"url\":\"https:\/\/mybambu.emattressoutlet.com\/\",\"logo\":{\"@type\":\"ImageObject\",\"inLanguage\":\"es\",\"@id\":\"https:\/\/mybambu.emattressoutlet.com\/#\/schema\/logo\/image\/\",\"url\":\"https:\/\/mybambu.emattressoutlet.com\/wp-content\/uploads\/2024\/02\/Logo-eMatress-Blue.svg\",\"contentUrl\":\"https:\/\/mybambu.emattressoutlet.com\/wp-content\/uploads\/2024\/02\/Logo-eMatress-Blue.svg\",\"width\":393,\"height\":169,\"caption\":\"MyBambu.eMattressOutlet.com | Best Prices-Top Brands-Fast and Free Delivery\"},\"image\":{\"@id\":\"https:\/\/mybambu.emattressoutlet.com\/#\/schema\/logo\/image\/\"},\"sameAs\":[\"https:\/\/www.facebook.com\/people\/Emattress-Outlet\/61559474578674\/\",\"https:\/\/x.com\/eMattressOutlet\",\"https:\/\/www.instagram.com\/emattressoutlet\/\",\"https:\/\/www.linkedin.com\/company\/emattress-outlet\/\"]}]}<\/script>\n<!-- \/ Yoast SEO plugin. -->","yoast_head_json":{"title":"Peyton Upholstered Platform Bed 54\" High Headboard - MyBambu.eMattressOutlet.com | Best Prices-Top Brands-Fast and Free Delivery","robots":{"index":"noindex","follow":"follow","max-snippet":"max-snippet:-1","max-image-preview":"max-image-preview:large","max-video-preview":"max-video-preview:-1"},"og_locale":"es_MX","og_type":"article","og_title":"Peyton Upholstered Platform Bed 54\" High Headboard - MyBambu.eMattressOutlet.com | Best Prices-Top Brands-Fast and Free Delivery","og_description":"Create the bedroom of your dreams with timeless, elegant designed bed frame  Its 54\" height creates a welcoming focal point for any bedroom, feels just as premium as it looks. Premium and beautifully velvet fabric - the perfect place to drift off and dream. Embrace gorgeous and elegant style, featuring a nail-head trim wingbacks and traditional hand buttoned tufting. As always, your comfort and support are high priorities at us, with a sturdy wooden-slats base and metal side rails frame. Boasts beautiful solid wood feet in walnut effect, for the perfect finish to its elegant and classical design.  Classic &amp; Elegant European Style  Embrace gorgeous and elegant style, featuring a nail-head trim wingback and traditional hand buttoned tufting.  Solid Walnut Wood Feet  Boasts beautiful solid wood feet in walnut effect, for the perfect finish to its elegant and classical design.  Reliable Construction  As always, your comfort and support are high priorities at us, with a sturdy wooden-slats base and metal side rails frame.  Quick &amp; Easy Assembly  Estimated assembly time for two adults is only 30 minutes.","og_url":"https:\/\/mybambu.emattressoutlet.com\/es\/producto\/peyton-upholstered-platform-bed-54-high-headboard\/","og_site_name":"MyBambu.eMattressOutlet.com | Best Prices-Top Brands-Fast and Free Delivery","article_publisher":"https:\/\/www.facebook.com\/people\/Emattress-Outlet\/61559474578674\/","article_modified_time":"2025-04-08T16:17:22+00:00","og_image":[{"width":2000,"height":1000,"url":"https:\/\/mybambu.emattressoutlet.com\/wp-content\/uploads\/2024\/07\/Peyton-Upholstered-Platform-Bed-High-Headboard-01.webp","type":"image\/webp"}],"twitter_card":"summary_large_image","twitter_site":"@eMattressOutlet","twitter_misc":{"Tiempo de lectura":"1 minuto"},"schema":{"@context":"https:\/\/schema.org","@graph":[{"@type":"WebPage","@id":"https:\/\/mybambu.emattressoutlet.com\/product\/peyton-upholstered-platform-bed-54-high-headboard\/","url":"https:\/\/mybambu.emattressoutlet.com\/product\/peyton-upholstered-platform-bed-54-high-headboard\/","name":"Peyton Upholstered Platform Bed 54\" High Headboard - MyBambu.eMattressOutlet.com | Best Prices-Top Brands-Fast and Free Delivery","isPartOf":{"@id":"https:\/\/mybambu.emattressoutlet.com\/#website"},"primaryImageOfPage":{"@id":"https:\/\/mybambu.emattressoutlet.com\/product\/peyton-upholstered-platform-bed-54-high-headboard\/#primaryimage"},"image":{"@id":"https:\/\/mybambu.emattressoutlet.com\/product\/peyton-upholstered-platform-bed-54-high-headboard\/#primaryimage"},"thumbnailUrl":"https:\/\/mybambu.emattressoutlet.com\/wp-content\/uploads\/2024\/07\/Peyton-Upholstered-Platform-Bed-High-Headboard-01.webp","datePublished":"2024-07-04T10:21:14+00:00","dateModified":"2025-04-08T16:17:22+00:00","breadcrumb":{"@id":"https:\/\/mybambu.emattressoutlet.com\/product\/peyton-upholstered-platform-bed-54-high-headboard\/#breadcrumb"},"inLanguage":"es","potentialAction":[{"@type":"ReadAction","target":["https:\/\/mybambu.emattressoutlet.com\/product\/peyton-upholstered-platform-bed-54-high-headboard\/"]}]},{"@type":"ImageObject","inLanguage":"es","@id":"https:\/\/mybambu.emattressoutlet.com\/product\/peyton-upholstered-platform-bed-54-high-headboard\/#primaryimage","url":"https:\/\/mybambu.emattressoutlet.com\/wp-content\/uploads\/2024\/07\/Peyton-Upholstered-Platform-Bed-High-Headboard-01.webp","contentUrl":"https:\/\/mybambu.emattressoutlet.com\/wp-content\/uploads\/2024\/07\/Peyton-Upholstered-Platform-Bed-High-Headboard-01.webp","width":2000,"height":1000},{"@type":"BreadcrumbList","@id":"https:\/\/mybambu.emattressoutlet.com\/product\/peyton-upholstered-platform-bed-54-high-headboard\/#breadcrumb","itemListElement":[{"@type":"ListItem","position":1,"name":"Home","item":"https:\/\/mybambu.emattressoutlet.com\/"},{"@type":"ListItem","position":2,"name":"Shop","item":"https:\/\/mybambu.emattressoutlet.com\/shop\/"},{"@type":"ListItem","position":3,"name":"Peyton Upholstered Platform Bed 54&#8243; High Headboard"}]},{"@type":"WebSite","@id":"https:\/\/mybambu.emattressoutlet.com\/#website","url":"https:\/\/mybambu.emattressoutlet.com\/","name":"MyBambu.eMattressOutlet.com | Best Prices-Top Brands-Fast and Free Delivery","description":"MyBambu.eMattressOutlet.com has the best sales on mattresses, beds, adjustable bases, bedding and more from top brands.","publisher":{"@id":"https:\/\/mybambu.emattressoutlet.com\/#organization"},"potentialAction":[{"@type":"SearchAction","target":{"@type":"EntryPoint","urlTemplate":"https:\/\/mybambu.emattressoutlet.com\/?s={search_term_string}"},"query-input":{"@type":"PropertyValueSpecification","valueRequired":true,"valueName":"search_term_string"}}],"inLanguage":"es"},{"@type":"Organization","@id":"https:\/\/mybambu.emattressoutlet.com\/#organization","name":"MyBambu.eMattressOutlet.com | Best Prices-Top Brands-Fast and Free Delivery","url":"https:\/\/mybambu.emattressoutlet.com\/","logo":{"@type":"ImageObject","inLanguage":"es","@id":"https:\/\/mybambu.emattressoutlet.com\/#\/schema\/logo\/image\/","url":"https:\/\/mybambu.emattressoutlet.com\/wp-content\/uploads\/2024\/02\/Logo-eMatress-Blue.svg","contentUrl":"https:\/\/mybambu.emattressoutlet.com\/wp-content\/uploads\/2024\/02\/Logo-eMatress-Blue.svg","width":393,"height":169,"caption":"MyBambu.eMattressOutlet.com | Best Prices-Top Brands-Fast and Free Delivery"},"image":{"@id":"https:\/\/mybambu.emattressoutlet.com\/#\/schema\/logo\/image\/"},"sameAs":["https:\/\/www.facebook.com\/people\/Emattress-Outlet\/61559474578674\/","https:\/\/x.com\/eMattressOutlet","https:\/\/www.instagram.com\/emattressoutlet\/","https:\/\/www.linkedin.com\/company\/emattress-outlet\/"]}]}},"brands":[{"id":167,"name":"House &amp; Home Furniture","slug":"house-home-furniture"}],"_links":{"self":[{"href":"https:\/\/mybambu.emattressoutlet.com\/es\/wp-json\/wp\/v2\/product\/10659","targetHints":{"allow":["GET"]}}],"collection":[{"href":"https:\/\/mybambu.emattressoutlet.com\/es\/wp-json\/wp\/v2\/product"}],"about":[{"href":"https:\/\/mybambu.emattressoutlet.com\/es\/wp-json\/wp\/v2\/types\/product"}],"replies":[{"embeddable":true,"href":"https:\/\/mybambu.emattressoutlet.com\/es\/wp-json\/wp\/v2\/comments?post=10659"}],"version-history":[{"count":5,"href":"https:\/\/mybambu.emattressoutlet.com\/es\/wp-json\/wp\/v2\/product\/10659\/revisions"}],"predecessor-version":[{"id":20271,"href":"https:\/\/mybambu.emattressoutlet.com\/es\/wp-json\/wp\/v2\/product\/10659\/revisions\/20271"}],"wp:featuredmedia":[{"embeddable":true,"href":"https:\/\/mybambu.emattressoutlet.com\/es\/wp-json\/wp\/v2\/media\/16559"}],"wp:attachment":[{"href":"https:\/\/mybambu.emattressoutlet.com\/es\/wp-json\/wp\/v2\/media?parent=10659"}],"wp:term":[{"taxonomy":"pwb-brand","embeddable":true,"href":"https:\/\/mybambu.emattressoutlet.com\/es\/wp-json\/wp\/v2\/pwb-brand?post=10659"},{"taxonomy":"product_brand","embeddable":true,"href":"https:\/\/mybambu.emattressoutlet.com\/es\/wp-json\/wp\/v2\/product_brand?post=10659"},{"taxonomy":"product_cat","embeddable":true,"href":"https:\/\/mybambu.emattressoutlet.com\/es\/wp-json\/wp\/v2\/product_cat?post=10659"},{"taxonomy":"product_tag","embeddable":true,"href":"https:\/\/mybambu.emattressoutlet.com\/es\/wp-json\/wp\/v2\/product_tag?post=10659"}],"curies":[{"name":"wp","href":"https:\/\/api.w.org\/{rel}","templated":true}]}}