{"id":1639,"date":"2024-03-13T09:12:10","date_gmt":"2024-03-13T14:12:10","guid":{"rendered":"https:\/\/www.emattressoutlet.com\/?page_id=1639"},"modified":"2025-05-15T05:04:00","modified_gmt":"2025-05-15T10:04:00","slug":"warranty","status":"publish","type":"page","link":"https:\/\/mybambu.emattressoutlet.com\/es\/warranty\/","title":{"rendered":"Garant\u00eda"},"content":{"rendered":"<div data-elementor-type=\"wp-page\" data-elementor-id=\"1639\" class=\"elementor elementor-1639\" data-elementor-post-type=\"page\">\n\t\t\t\t<div class=\"elementor-element elementor-element-a879c8a e-con-full e-flex e-con e-parent\" data-id=\"a879c8a\" data-element_type=\"container\" data-settings=\"{&quot;background_background&quot;:&quot;classic&quot;}\">\n\t\t<div class=\"elementor-element elementor-element-578ac23 e-con-full e-flex e-con e-child\" data-id=\"578ac23\" data-element_type=\"container\">\n\t\t\t\t<div class=\"elementor-element elementor-element-9450f24 elementor-widget elementor-widget-heading\" data-id=\"9450f24\" data-element_type=\"widget\" data-widget_type=\"heading.default\">\n\t\t\t\t<div class=\"elementor-widget-container\">\n\t\t\t\t\t<h2 class=\"elementor-heading-title elementor-size-default\">Garant\u00eda<\/h2>\t\t\t\t<\/div>\n\t\t\t\t<\/div>\n\t\t\t\t<\/div>\n\t\t<div class=\"elementor-element elementor-element-0e6d9a6 e-con-full e-flex e-con e-child\" data-id=\"0e6d9a6\" data-element_type=\"container\">\n\t\t<div class=\"elementor-element elementor-element-83c5284 e-con-full e-flex e-con e-child\" data-id=\"83c5284\" data-element_type=\"container\">\n\t\t\t\t<div class=\"elementor-element elementor-element-8e92b00 elementor-widget elementor-widget-heading\" data-id=\"8e92b00\" data-element_type=\"widget\" data-widget_type=\"heading.default\">\n\t\t\t\t<div class=\"elementor-widget-container\">\n\t\t\t\t\t<h2 class=\"elementor-heading-title elementor-size-default\">Cobertura de la Garant\u00eda<\/h2>\t\t\t\t<\/div>\n\t\t\t\t<\/div>\n\t\t<div class=\"elementor-element elementor-element-ce5fa6f e-con-full e-flex e-con e-child\" data-id=\"ce5fa6f\" data-element_type=\"container\">\n\t\t\t\t<div class=\"elementor-element elementor-element-5fbca42 elementor-widget elementor-widget-heading\" data-id=\"5fbca42\" data-element_type=\"widget\" data-widget_type=\"heading.default\">\n\t\t\t\t<div class=\"elementor-widget-container\">\n\t\t\t\t\t<h2 class=\"elementor-heading-title elementor-size-default\">Su garant\u00eda cubre lo siguiente:<\/h2>\t\t\t\t<\/div>\n\t\t\t\t<\/div>\n\t\t\t\t<div class=\"elementor-element elementor-element-332217e elementor-widget elementor-widget-text-editor\" data-id=\"332217e\" data-element_type=\"widget\" data-widget_type=\"text-editor.default\">\n\t\t\t\t<div class=\"elementor-widget-container\">\n\t\t\t\t\t\t\t\t\t<ul><li style=\"text-align: left;\">Asas rotas, costuras arrancadas de las asas cosidas al colch\u00f3n o rasgaduras en la tela del colch\u00f3n donde est\u00e1n unidas las asas.<\/li><li>Bobinas o cables sueltos o rotos.<\/li><li>Bobinas o alambres que sobresalen o rasgan la tela.<\/li><li>Hendiduras en el cuerpo de 2\u2033 o m\u00e1s.<\/li><li>Excesivamente grumoso.<\/li><li>Hundimiento: el colch\u00f3n debe estar sostenido de manera continua por una base de tama\u00f1o adecuado, o equivalente, con un marco adecuado. El marco debe incluir un soporte central con al menos 5 patas o 5 listones de madera maciza cruzados para los juegos tama\u00f1o queen y king.<\/li><\/ul>\t\t\t\t\t\t\t\t<\/div>\n\t\t\t\t<\/div>\n\t\t\t\t<\/div>\n\t\t<div class=\"elementor-element elementor-element-71f6170 e-con-full e-flex e-con e-child\" data-id=\"71f6170\" data-element_type=\"container\">\n\t\t\t\t<div class=\"elementor-element elementor-element-e1986ad elementor-widget elementor-widget-heading\" data-id=\"e1986ad\" data-element_type=\"widget\" data-widget_type=\"heading.default\">\n\t\t\t\t<div class=\"elementor-widget-container\">\n\t\t\t\t\t<h2 class=\"elementor-heading-title elementor-size-default\">Su garant\u00eda NO cubre lo siguiente:<\/h2>\t\t\t\t<\/div>\n\t\t\t\t<\/div>\n\t\t\t\t<div class=\"elementor-element elementor-element-1c62891 elementor-widget elementor-widget-text-editor\" data-id=\"1c62891\" data-element_type=\"widget\" data-widget_type=\"text-editor.default\">\n\t\t\t\t<div class=\"elementor-widget-container\">\n\t\t\t\t\t\t\t\t\t<ul>\n<li>Tejido del colch\u00f3n (incluidas manchas, suciedad o quemaduras),<\/li>\n<li>Da\u00f1os por usar un marco de cama inadecuado. Un marco de cama Queen o King debe tener una barra de puente r\u00edgida con al menos 5 patas de apoyo, o 5 listones de madera dura cruzados espaciados de manera uniforme con una pata central de apoyo. Los listones cruzados deben tener al menos 3 pulgadas de ancho y no m\u00e1s de 4 pulgadas de distancia entre s\u00ed;<\/li>\n<li>Modelos de piso y ropa de cama en liquidaci\u00f3n vendidos \"tal como est\u00e1n\";<\/li>\n<li>Altura de la cama;<\/li>\n<li>Preferencia de comodidad;<\/li>\n<li>Hendiduras o flacidez normales de menos de 2\u2033;<\/li>\n<li>Da\u00f1o en el colch\u00f3n debido a una base inadecuada. Este colch\u00f3n de primera l\u00ednea est\u00e1 dise\u00f1ado para ofrecer un rendimiento \u00f3ptimo solo cuando se combina con la base adecuada como parte de un conjunto completo para dormir;<\/li>\n<li>Ajuste de hoja;<\/li>\n<li>Reemplazo de otra pieza del conjunto de sue\u00f1o, a menos que la otra pieza tambi\u00e9n est\u00e9 defectuosa;<\/li>\n<li>Da\u00f1os en el colch\u00f3n o base debido al mal uso;<\/li>\n<li>Costos de transporte;<\/li><li>Las bases de colch\u00f3n ajustables vienen con una garant\u00eda de colch\u00f3n separada, cont\u00e1ctenos para obtener m\u00e1s detalles;<\/li><li>Olores.<\/li>\n<\/ul>\t\t\t\t\t\t\t\t<\/div>\n\t\t\t\t<\/div>\n\t\t\t\t<\/div>\n\t\t<div class=\"elementor-element elementor-element-13f0ba2 e-con-full e-flex e-con e-child\" data-id=\"13f0ba2\" data-element_type=\"container\">\n\t\t\t\t<div class=\"elementor-element elementor-element-b77e935 elementor-widget elementor-widget-heading\" data-id=\"b77e935\" data-element_type=\"widget\" data-widget_type=\"heading.default\">\n\t\t\t\t<div class=\"elementor-widget-container\">\n\t\t\t\t\t<h2 class=\"elementor-heading-title elementor-size-default\">Art\u00edculos que anulan la garant\u00eda:<\/h2>\t\t\t\t<\/div>\n\t\t\t\t<\/div>\n\t\t\t\t<div class=\"elementor-element elementor-element-2876c51 elementor-widget elementor-widget-text-editor\" data-id=\"2876c51\" data-element_type=\"widget\" data-widget_type=\"text-editor.default\">\n\t\t\t\t<div class=\"elementor-widget-container\">\n\t\t\t\t\t\t\t\t\t<ul><li>Quemaduras;<\/li><li>Manchas de cualquier tipo, por ejemplo: sangre, orina, moho, hongos, vino, refrescos, productos qu\u00edmicos, etc. (sin importar el origen);<\/li><li>Da\u00f1os debidos a un uso inadecuado, instalaci\u00f3n o abuso del colch\u00f3n o somier\/base;<\/li><li>Uso de l\u00edquidos\/qu\u00edmicos que puedan da\u00f1ar los materiales;<\/li><li>*Despu\u00e9s de la inspecci\u00f3n, cualquier art\u00edculo que se encuentre en condiciones insalubres no ser\u00e1 reparado ni reemplazado y la garant\u00eda quedar\u00e1 nula.<\/li><\/ul>\t\t\t\t\t\t\t\t<\/div>\n\t\t\t\t<\/div>\n\t\t\t\t<div class=\"elementor-element elementor-element-24284ea elementor-widget elementor-widget-shortcode\" data-id=\"24284ea\" data-element_type=\"widget\" data-widget_type=\"shortcode.default\">\n\t\t\t\t<div class=\"elementor-widget-container\">\n\t\t\t\t\t\t\t<div class=\"elementor-shortcode\">IP del usuario: <b>[show_ip]<\/b><\/div>\n\t\t\t\t\t\t<\/div>\n\t\t\t\t<\/div>\n\t\t\t\t<\/div>\n\t\t\t\t<\/div>\n\t\t\t\t<\/div>\n\t\t\t\t<\/div>\n\t\t<div class=\"elementor-element elementor-element-721626b e-flex e-con-boxed e-con e-parent\" data-id=\"721626b\" data-element_type=\"container\">\n\t\t\t\t\t<div class=\"e-con-inner\">\n\t\t\t\t\t<\/div>\n\t\t\t\t<\/div>\n\t\t\t\t<\/div>","protected":false},"excerpt":{"rendered":"<p>Warranty Warranty Coverage Your warranty covers the following: Torn handles, stitches pulled out of the handle were sewn to themattress, or tears in the mattress fabric where the handles are attached. Coils or wires that are loose or broken. Coils or wires that protrude or rip through the fabric. Body indentations of 2&#8243; or greater. [&hellip;]<\/p>","protected":false},"author":26212,"featured_media":0,"parent":0,"menu_order":0,"comment_status":"closed","ping_status":"closed","template":"elementor_header_footer","meta":{"inline_featured_image":false,"iawp_total_views":2,"footnotes":""},"class_list":["post-1639","page","type-page","status-publish","hentry"],"yoast_head":"<!-- This site is optimized with the Yoast SEO plugin v26.1.1 - https:\/\/yoast.com\/wordpress\/plugins\/seo\/ -->\n<title>Warranty - MyBambu.eMattressOutlet.com | Best Prices-Top Brands-Fast and Free Delivery<\/title>\n<meta name=\"robots\" content=\"noindex, follow, max-snippet:-1, max-image-preview:large, max-video-preview:-1\" \/>\n<meta property=\"og:locale\" content=\"es_MX\" \/>\n<meta property=\"og:type\" content=\"article\" \/>\n<meta property=\"og:title\" content=\"Warranty - MyBambu.eMattressOutlet.com | Best Prices-Top Brands-Fast and Free Delivery\" \/>\n<meta property=\"og:description\" content=\"Warranty Warranty Coverage Your warranty covers the following: Torn handles, stitches pulled out of the handle were sewn to themattress, or tears in the mattress fabric where the handles are attached. Coils or wires that are loose or broken. Coils or wires that protrude or rip through the fabric. Body indentations of 2&#8243; or greater. [&hellip;]\" \/>\n<meta property=\"og:url\" content=\"https:\/\/mybambu.emattressoutlet.com\/es\/warranty\/\" \/>\n<meta property=\"og:site_name\" content=\"MyBambu.eMattressOutlet.com | Best Prices-Top Brands-Fast and Free Delivery\" \/>\n<meta property=\"article:publisher\" content=\"https:\/\/www.facebook.com\/people\/Emattress-Outlet\/61559474578674\/\" \/>\n<meta property=\"article:modified_time\" content=\"2025-05-15T10:04:00+00:00\" \/>\n<meta name=\"twitter:card\" content=\"summary_large_image\" \/>\n<meta name=\"twitter:site\" content=\"@eMattressOutlet\" \/>\n<meta name=\"twitter:label1\" content=\"Tiempo de lectura\" \/>\n\t<meta name=\"twitter:data1\" content=\"2 minutos\" \/>\n<script type=\"application\/ld+json\" class=\"yoast-schema-graph\">{\"@context\":\"https:\/\/schema.org\",\"@graph\":[{\"@type\":\"WebPage\",\"@id\":\"https:\/\/mybambu.emattressoutlet.com\/warranty\/\",\"url\":\"https:\/\/mybambu.emattressoutlet.com\/warranty\/\",\"name\":\"Warranty - MyBambu.eMattressOutlet.com | Best Prices-Top Brands-Fast and Free Delivery\",\"isPartOf\":{\"@id\":\"https:\/\/mybambu.emattressoutlet.com\/#website\"},\"datePublished\":\"2024-03-13T14:12:10+00:00\",\"dateModified\":\"2025-05-15T10:04:00+00:00\",\"breadcrumb\":{\"@id\":\"https:\/\/mybambu.emattressoutlet.com\/warranty\/#breadcrumb\"},\"inLanguage\":\"es\",\"potentialAction\":[{\"@type\":\"ReadAction\",\"target\":[\"https:\/\/mybambu.emattressoutlet.com\/warranty\/\"]}]},{\"@type\":\"BreadcrumbList\",\"@id\":\"https:\/\/mybambu.emattressoutlet.com\/warranty\/#breadcrumb\",\"itemListElement\":[{\"@type\":\"ListItem\",\"position\":1,\"name\":\"Home\",\"item\":\"https:\/\/mybambu.emattressoutlet.com\/\"},{\"@type\":\"ListItem\",\"position\":2,\"name\":\"Warranty\"}]},{\"@type\":\"WebSite\",\"@id\":\"https:\/\/mybambu.emattressoutlet.com\/#website\",\"url\":\"https:\/\/mybambu.emattressoutlet.com\/\",\"name\":\"MyBambu.eMattressOutlet.com | Best Prices-Top Brands-Fast and Free Delivery\",\"description\":\"MyBambu.eMattressOutlet.com has the best sales on mattresses, beds, adjustable bases, bedding and more from top brands.\",\"publisher\":{\"@id\":\"https:\/\/mybambu.emattressoutlet.com\/#organization\"},\"potentialAction\":[{\"@type\":\"SearchAction\",\"target\":{\"@type\":\"EntryPoint\",\"urlTemplate\":\"https:\/\/mybambu.emattressoutlet.com\/?s={search_term_string}\"},\"query-input\":{\"@type\":\"PropertyValueSpecification\",\"valueRequired\":true,\"valueName\":\"search_term_string\"}}],\"inLanguage\":\"es\"},{\"@type\":\"Organization\",\"@id\":\"https:\/\/mybambu.emattressoutlet.com\/#organization\",\"name\":\"MyBambu.eMattressOutlet.com | Best Prices-Top Brands-Fast and Free Delivery\",\"url\":\"https:\/\/mybambu.emattressoutlet.com\/\",\"logo\":{\"@type\":\"ImageObject\",\"inLanguage\":\"es\",\"@id\":\"https:\/\/mybambu.emattressoutlet.com\/#\/schema\/logo\/image\/\",\"url\":\"https:\/\/mybambu.emattressoutlet.com\/wp-content\/uploads\/2024\/02\/Logo-eMatress-Blue.svg\",\"contentUrl\":\"https:\/\/mybambu.emattressoutlet.com\/wp-content\/uploads\/2024\/02\/Logo-eMatress-Blue.svg\",\"width\":393,\"height\":169,\"caption\":\"MyBambu.eMattressOutlet.com | Best Prices-Top Brands-Fast and Free Delivery\"},\"image\":{\"@id\":\"https:\/\/mybambu.emattressoutlet.com\/#\/schema\/logo\/image\/\"},\"sameAs\":[\"https:\/\/www.facebook.com\/people\/Emattress-Outlet\/61559474578674\/\",\"https:\/\/x.com\/eMattressOutlet\",\"https:\/\/www.instagram.com\/emattressoutlet\/\",\"https:\/\/www.linkedin.com\/company\/emattress-outlet\/\"]}]}<\/script>\n<!-- \/ Yoast SEO plugin. -->","yoast_head_json":{"title":"Warranty - MyBambu.eMattressOutlet.com | Best Prices-Top Brands-Fast and Free Delivery","robots":{"index":"noindex","follow":"follow","max-snippet":"max-snippet:-1","max-image-preview":"max-image-preview:large","max-video-preview":"max-video-preview:-1"},"og_locale":"es_MX","og_type":"article","og_title":"Warranty - MyBambu.eMattressOutlet.com | Best Prices-Top Brands-Fast and Free Delivery","og_description":"Warranty Warranty Coverage Your warranty covers the following: Torn handles, stitches pulled out of the handle were sewn to themattress, or tears in the mattress fabric where the handles are attached. Coils or wires that are loose or broken. Coils or wires that protrude or rip through the fabric. Body indentations of 2&#8243; or greater. [&hellip;]","og_url":"https:\/\/mybambu.emattressoutlet.com\/es\/warranty\/","og_site_name":"MyBambu.eMattressOutlet.com | Best Prices-Top Brands-Fast and Free Delivery","article_publisher":"https:\/\/www.facebook.com\/people\/Emattress-Outlet\/61559474578674\/","article_modified_time":"2025-05-15T10:04:00+00:00","twitter_card":"summary_large_image","twitter_site":"@eMattressOutlet","twitter_misc":{"Tiempo de lectura":"2 minutos"},"schema":{"@context":"https:\/\/schema.org","@graph":[{"@type":"WebPage","@id":"https:\/\/mybambu.emattressoutlet.com\/warranty\/","url":"https:\/\/mybambu.emattressoutlet.com\/warranty\/","name":"Warranty - MyBambu.eMattressOutlet.com | Best Prices-Top Brands-Fast and Free Delivery","isPartOf":{"@id":"https:\/\/mybambu.emattressoutlet.com\/#website"},"datePublished":"2024-03-13T14:12:10+00:00","dateModified":"2025-05-15T10:04:00+00:00","breadcrumb":{"@id":"https:\/\/mybambu.emattressoutlet.com\/warranty\/#breadcrumb"},"inLanguage":"es","potentialAction":[{"@type":"ReadAction","target":["https:\/\/mybambu.emattressoutlet.com\/warranty\/"]}]},{"@type":"BreadcrumbList","@id":"https:\/\/mybambu.emattressoutlet.com\/warranty\/#breadcrumb","itemListElement":[{"@type":"ListItem","position":1,"name":"Home","item":"https:\/\/mybambu.emattressoutlet.com\/"},{"@type":"ListItem","position":2,"name":"Warranty"}]},{"@type":"WebSite","@id":"https:\/\/mybambu.emattressoutlet.com\/#website","url":"https:\/\/mybambu.emattressoutlet.com\/","name":"MyBambu.eMattressOutlet.com | Best Prices-Top Brands-Fast and Free Delivery","description":"MyBambu.eMattressOutlet.com has the best sales on mattresses, beds, adjustable bases, bedding and more from top brands.","publisher":{"@id":"https:\/\/mybambu.emattressoutlet.com\/#organization"},"potentialAction":[{"@type":"SearchAction","target":{"@type":"EntryPoint","urlTemplate":"https:\/\/mybambu.emattressoutlet.com\/?s={search_term_string}"},"query-input":{"@type":"PropertyValueSpecification","valueRequired":true,"valueName":"search_term_string"}}],"inLanguage":"es"},{"@type":"Organization","@id":"https:\/\/mybambu.emattressoutlet.com\/#organization","name":"MyBambu.eMattressOutlet.com | Best Prices-Top Brands-Fast and Free Delivery","url":"https:\/\/mybambu.emattressoutlet.com\/","logo":{"@type":"ImageObject","inLanguage":"es","@id":"https:\/\/mybambu.emattressoutlet.com\/#\/schema\/logo\/image\/","url":"https:\/\/mybambu.emattressoutlet.com\/wp-content\/uploads\/2024\/02\/Logo-eMatress-Blue.svg","contentUrl":"https:\/\/mybambu.emattressoutlet.com\/wp-content\/uploads\/2024\/02\/Logo-eMatress-Blue.svg","width":393,"height":169,"caption":"MyBambu.eMattressOutlet.com | Best Prices-Top Brands-Fast and Free Delivery"},"image":{"@id":"https:\/\/mybambu.emattressoutlet.com\/#\/schema\/logo\/image\/"},"sameAs":["https:\/\/www.facebook.com\/people\/Emattress-Outlet\/61559474578674\/","https:\/\/x.com\/eMattressOutlet","https:\/\/www.instagram.com\/emattressoutlet\/","https:\/\/www.linkedin.com\/company\/emattress-outlet\/"]}]}},"_links":{"self":[{"href":"https:\/\/mybambu.emattressoutlet.com\/es\/wp-json\/wp\/v2\/pages\/1639","targetHints":{"allow":["GET"]}}],"collection":[{"href":"https:\/\/mybambu.emattressoutlet.com\/es\/wp-json\/wp\/v2\/pages"}],"about":[{"href":"https:\/\/mybambu.emattressoutlet.com\/es\/wp-json\/wp\/v2\/types\/page"}],"author":[{"embeddable":true,"href":"https:\/\/mybambu.emattressoutlet.com\/es\/wp-json\/wp\/v2\/users\/26212"}],"replies":[{"embeddable":true,"href":"https:\/\/mybambu.emattressoutlet.com\/es\/wp-json\/wp\/v2\/comments?post=1639"}],"version-history":[{"count":23,"href":"https:\/\/mybambu.emattressoutlet.com\/es\/wp-json\/wp\/v2\/pages\/1639\/revisions"}],"predecessor-version":[{"id":24271,"href":"https:\/\/mybambu.emattressoutlet.com\/es\/wp-json\/wp\/v2\/pages\/1639\/revisions\/24271"}],"wp:attachment":[{"href":"https:\/\/mybambu.emattressoutlet.com\/es\/wp-json\/wp\/v2\/media?parent=1639"}],"curies":[{"name":"wp","href":"https:\/\/api.w.org\/{rel}","templated":true}]}}